{"id":4287,"date":"2017-02-06T21:35:18","date_gmt":"2017-02-07T02:35:18","guid":{"rendered":"https:\/\/uninavarra.edu.co\/?page_id=4287"},"modified":"2021-08-09T11:43:42","modified_gmt":"2021-08-09T16:43:42","slug":"identificacion-del-programa","status":"publish","type":"page","link":"https:\/\/uninavarra.edu.co\/en\/identificacion-del-programa\/","title":{"rendered":"Program Identification"},"content":{"rendered":"<h2>Program Identification<\/h2>\n<table>\n<tbody>\n<tr>\n<td><strong>NAME OF THE INSTITUTION<\/strong><\/td>\n<td>University Foundation of Navarra - UNINAVARRA<\/td>\n<\/tr>\n<tr>\n<td><strong>ADDRESS<\/strong><\/td>\n<td>Neiva, Huila. Street 10 # 6-41. Telephone: 8740089- 8722049.<\/td>\n<\/tr>\n<tr>\n<td><strong>DENOMINATION<\/strong> <strong>OF THE PROGRAM<\/strong><\/td>\n<td>Specialization in Constitutional Law and Inter-American Human Rights System<\/td>\n<\/tr>\n<tr>\n<td><strong>PROGRAM STATUS<\/strong><\/td>\n<td>New<\/td>\n<\/tr>\n<tr>\n<td><strong>PLACE OF OPERATION<\/strong><\/td>\n<td>Neiva<\/td>\n<\/tr>\n<tr>\n<td><strong>TITLE TO BE ISSUED<\/strong><\/td>\n<td>Specialist in Constitutional Law and Inter-American Human Rights System<\/td>\n<\/tr>\n<tr>\n<td><strong>DIRECT TO<\/strong><\/td>\n<td>Lawyers whose personal, work or professional activity is related to public administration or the exercise of the public function, teaching, litigation or consulting in the areas of constitutional and\/or human rights; as well as professionals in any area who are interested in the subject of the specialization or are engaged in the practice, study or defense of constitutional law, human rights and the Inter-American Human Rights System.<\/td>\n<\/tr>\n<tr>\n<td><strong>DURATION<\/strong><\/td>\n<td>Two (2) semesters<\/td>\n<\/tr>\n<tr>\n<td><strong>NUMBER OF ACADEMIC CREDITS <\/strong><\/td>\n<td>24<\/td>\n<\/tr>\n<tr>\n<td><strong>ADSCRIPTION<\/strong><\/td>\n<td>Faculty of Humanities and Social Sciences<\/td>\n<\/tr>\n<tr>\n<td><strong>METHODOLOGY<\/strong><\/td>\n<td>Semiannual<\/td>\n<\/tr>\n<tr>\n<td><strong>DAY<\/strong><\/td>\n<td>Face to face - Friday 2pm to 10pm and Saturday 8am to 12m and 2pm to 6pm<\/td>\n<\/tr>\n<tr>\n<td><strong>E-MAIL<\/strong><\/td>\n<td><a href=\"mailto:apoyoespecializacion@uninavarra.edu.co\">apoyoespecializacion@uninavarra.edu.co<\/a><\/td>\n<\/tr>\n<\/tbody>\n<\/table>","protected":false},"excerpt":{"rendered":"<p>Identificaci\u00f3n del Programa NOMBRE DE LA INSTITUCION Fundaci\u00f3n Universitaria Navarra \u2013 UNINAVARRA DOMICILIO Neiva, Huila. Calle 10 # 6-41. Tel\u00e9fono: 8740089- 8722049. DENOMINACI\u00d3N DEL PROGRAMA Especializaci\u00f3n en Derecho Constitucional y [&hellip;]<\/p>\n","protected":false},"author":3,"featured_media":0,"parent":0,"menu_order":0,"comment_status":"closed","ping_status":"closed","template":"","meta":{"footnotes":""},"categories":[1],"tags":[],"class_list":["post-4287","page","type-page","status-publish","hentry","category-uncategorized"],"yoast_head":"<!-- This site is optimized with the Yoast SEO plugin v27.4 - https:\/\/yoast.com\/product\/yoast-seo-wordpress\/ -->\n<title>Identificaci\u00f3n del Programa - Uninavarra<\/title>\n<meta name=\"robots\" content=\"index, follow, max-snippet:-1, max-image-preview:large, max-video-preview:-1\" \/>\n<link rel=\"canonical\" href=\"https:\/\/uninavarra.edu.co\/en\/identificacion-del-programa\/\" \/>\n<meta property=\"og:locale\" content=\"en_US\" \/>\n<meta property=\"og:type\" content=\"article\" \/>\n<meta property=\"og:title\" content=\"Identificaci\u00f3n del Programa - Uninavarra\" \/>\n<meta property=\"og:description\" content=\"Identificaci\u00f3n del Programa NOMBRE DE LA INSTITUCION Fundaci\u00f3n Universitaria Navarra \u2013 UNINAVARRA DOMICILIO Neiva, Huila. Calle 10 # 6-41. Tel\u00e9fono: 8740089- 8722049. DENOMINACI\u00d3N DEL PROGRAMA Especializaci\u00f3n en Derecho Constitucional y [&hellip;]\" \/>\n<meta property=\"og:url\" content=\"https:\/\/uninavarra.edu.co\/en\/identificacion-del-programa\/\" \/>\n<meta property=\"og:site_name\" content=\"Uninavarra\" \/>\n<meta property=\"article:publisher\" content=\"https:\/\/www.facebook.com\/UninavarraEduca\" \/>\n<meta property=\"article:modified_time\" content=\"2021-08-09T16:43:42+00:00\" \/>\n<meta name=\"twitter:card\" content=\"summary_large_image\" \/>\n<meta name=\"twitter:site\" content=\"@uninavarraeduca\" \/>\n<meta name=\"twitter:label1\" content=\"Est. reading time\" \/>\n\t<meta name=\"twitter:data1\" content=\"1 minute\" \/>\n<script type=\"application\/ld+json\" class=\"yoast-schema-graph\">{\"@context\":\"https:\\\/\\\/schema.org\",\"@graph\":[{\"@type\":\"WebPage\",\"@id\":\"https:\\\/\\\/uninavarra.edu.co\\\/identificacion-del-programa\\\/\",\"url\":\"https:\\\/\\\/uninavarra.edu.co\\\/identificacion-del-programa\\\/\",\"name\":\"Identificaci\u00f3n del Programa - Uninavarra\",\"isPartOf\":{\"@id\":\"https:\\\/\\\/uninavarra.edu.co\\\/#website\"},\"datePublished\":\"2017-02-07T02:35:18+00:00\",\"dateModified\":\"2021-08-09T16:43:42+00:00\",\"breadcrumb\":{\"@id\":\"https:\\\/\\\/uninavarra.edu.co\\\/identificacion-del-programa\\\/#breadcrumb\"},\"inLanguage\":\"en-US\",\"potentialAction\":[{\"@type\":\"ReadAction\",\"target\":[\"https:\\\/\\\/uninavarra.edu.co\\\/identificacion-del-programa\\\/\"]}]},{\"@type\":\"BreadcrumbList\",\"@id\":\"https:\\\/\\\/uninavarra.edu.co\\\/identificacion-del-programa\\\/#breadcrumb\",\"itemListElement\":[{\"@type\":\"ListItem\",\"position\":1,\"name\":\"Home\",\"item\":\"https:\\\/\\\/uninavarra.edu.co\\\/\"},{\"@type\":\"ListItem\",\"position\":2,\"name\":\"Identificaci\u00f3n del Programa\"}]},{\"@type\":\"WebSite\",\"@id\":\"https:\\\/\\\/uninavarra.edu.co\\\/#website\",\"url\":\"https:\\\/\\\/uninavarra.edu.co\\\/\",\"name\":\"UNINAVARRA\",\"description\":\"Haz realidad tu deseo de aprender\",\"publisher\":{\"@id\":\"https:\\\/\\\/uninavarra.edu.co\\\/#organization\"},\"potentialAction\":[{\"@type\":\"SearchAction\",\"target\":{\"@type\":\"EntryPoint\",\"urlTemplate\":\"https:\\\/\\\/uninavarra.edu.co\\\/?s={search_term_string}\"},\"query-input\":{\"@type\":\"PropertyValueSpecification\",\"valueRequired\":true,\"valueName\":\"search_term_string\"}}],\"inLanguage\":\"en-US\"},{\"@type\":\"Organization\",\"@id\":\"https:\\\/\\\/uninavarra.edu.co\\\/#organization\",\"name\":\"Fundaci\u00f3n Universitaria Navarra - UNINAVARRA\",\"url\":\"https:\\\/\\\/uninavarra.edu.co\\\/\",\"logo\":{\"@type\":\"ImageObject\",\"inLanguage\":\"en-US\",\"@id\":\"https:\\\/\\\/uninavarra.edu.co\\\/#\\\/schema\\\/logo\\\/image\\\/\",\"url\":\"https:\\\/\\\/uninavarra.edu.co\\\/wp-content\\\/uploads\\\/2024\\\/06\\\/Escudo-uninavarra-Solo.png\",\"contentUrl\":\"https:\\\/\\\/uninavarra.edu.co\\\/wp-content\\\/uploads\\\/2024\\\/06\\\/Escudo-uninavarra-Solo.png\",\"width\":1500,\"height\":1401,\"caption\":\"Fundaci\u00f3n Universitaria Navarra - UNINAVARRA\"},\"image\":{\"@id\":\"https:\\\/\\\/uninavarra.edu.co\\\/#\\\/schema\\\/logo\\\/image\\\/\"},\"sameAs\":[\"https:\\\/\\\/www.facebook.com\\\/UninavarraEduca\",\"https:\\\/\\\/x.com\\\/uninavarraeduca\",\"https:\\\/\\\/www.instagram.com\\\/uninavarra\\\/?hl=es\",\"https:\\\/\\\/www.linkedin.com\\\/in\\\/fundacin-universitaria-navarra-uninavarra-b41225222\\\/\"]}]}<\/script>\n<!-- \/ Yoast SEO plugin. -->","yoast_head_json":{"title":"Identificaci\u00f3n del Programa - Uninavarra","robots":{"index":"index","follow":"follow","max-snippet":"max-snippet:-1","max-image-preview":"max-image-preview:large","max-video-preview":"max-video-preview:-1"},"canonical":"https:\/\/uninavarra.edu.co\/en\/identificacion-del-programa\/","og_locale":"en_US","og_type":"article","og_title":"Identificaci\u00f3n del Programa - Uninavarra","og_description":"Identificaci\u00f3n del Programa NOMBRE DE LA INSTITUCION Fundaci\u00f3n Universitaria Navarra \u2013 UNINAVARRA DOMICILIO Neiva, Huila. Calle 10 # 6-41. Tel\u00e9fono: 8740089- 8722049. DENOMINACI\u00d3N DEL PROGRAMA Especializaci\u00f3n en Derecho Constitucional y [&hellip;]","og_url":"https:\/\/uninavarra.edu.co\/en\/identificacion-del-programa\/","og_site_name":"Uninavarra","article_publisher":"https:\/\/www.facebook.com\/UninavarraEduca","article_modified_time":"2021-08-09T16:43:42+00:00","twitter_card":"summary_large_image","twitter_site":"@uninavarraeduca","twitter_misc":{"Est. reading time":"1 minute"},"schema":{"@context":"https:\/\/schema.org","@graph":[{"@type":"WebPage","@id":"https:\/\/uninavarra.edu.co\/identificacion-del-programa\/","url":"https:\/\/uninavarra.edu.co\/identificacion-del-programa\/","name":"Identificaci\u00f3n del Programa - Uninavarra","isPartOf":{"@id":"https:\/\/uninavarra.edu.co\/#website"},"datePublished":"2017-02-07T02:35:18+00:00","dateModified":"2021-08-09T16:43:42+00:00","breadcrumb":{"@id":"https:\/\/uninavarra.edu.co\/identificacion-del-programa\/#breadcrumb"},"inLanguage":"en-US","potentialAction":[{"@type":"ReadAction","target":["https:\/\/uninavarra.edu.co\/identificacion-del-programa\/"]}]},{"@type":"BreadcrumbList","@id":"https:\/\/uninavarra.edu.co\/identificacion-del-programa\/#breadcrumb","itemListElement":[{"@type":"ListItem","position":1,"name":"Home","item":"https:\/\/uninavarra.edu.co\/"},{"@type":"ListItem","position":2,"name":"Identificaci\u00f3n del Programa"}]},{"@type":"WebSite","@id":"https:\/\/uninavarra.edu.co\/#website","url":"https:\/\/uninavarra.edu.co\/","name":"UNINAVARRA","description":"Make your desire to learn a reality","publisher":{"@id":"https:\/\/uninavarra.edu.co\/#organization"},"potentialAction":[{"@type":"SearchAction","target":{"@type":"EntryPoint","urlTemplate":"https:\/\/uninavarra.edu.co\/?s={search_term_string}"},"query-input":{"@type":"PropertyValueSpecification","valueRequired":true,"valueName":"search_term_string"}}],"inLanguage":"en-US"},{"@type":"Organization","@id":"https:\/\/uninavarra.edu.co\/#organization","name":"Navarre University Foundation - UNINAVARRA","url":"https:\/\/uninavarra.edu.co\/","logo":{"@type":"ImageObject","inLanguage":"en-US","@id":"https:\/\/uninavarra.edu.co\/#\/schema\/logo\/image\/","url":"https:\/\/uninavarra.edu.co\/wp-content\/uploads\/2024\/06\/Escudo-uninavarra-Solo.png","contentUrl":"https:\/\/uninavarra.edu.co\/wp-content\/uploads\/2024\/06\/Escudo-uninavarra-Solo.png","width":1500,"height":1401,"caption":"Fundaci\u00f3n Universitaria Navarra - UNINAVARRA"},"image":{"@id":"https:\/\/uninavarra.edu.co\/#\/schema\/logo\/image\/"},"sameAs":["https:\/\/www.facebook.com\/UninavarraEduca","https:\/\/x.com\/uninavarraeduca","https:\/\/www.instagram.com\/uninavarra\/?hl=es","https:\/\/www.linkedin.com\/in\/fundacin-universitaria-navarra-uninavarra-b41225222\/"]}]}},"_links":{"self":[{"href":"https:\/\/uninavarra.edu.co\/en\/wp-json\/wp\/v2\/pages\/4287","targetHints":{"allow":["GET"]}}],"collection":[{"href":"https:\/\/uninavarra.edu.co\/en\/wp-json\/wp\/v2\/pages"}],"about":[{"href":"https:\/\/uninavarra.edu.co\/en\/wp-json\/wp\/v2\/types\/page"}],"author":[{"embeddable":true,"href":"https:\/\/uninavarra.edu.co\/en\/wp-json\/wp\/v2\/users\/3"}],"replies":[{"embeddable":true,"href":"https:\/\/uninavarra.edu.co\/en\/wp-json\/wp\/v2\/comments?post=4287"}],"version-history":[{"count":0,"href":"https:\/\/uninavarra.edu.co\/en\/wp-json\/wp\/v2\/pages\/4287\/revisions"}],"wp:attachment":[{"href":"https:\/\/uninavarra.edu.co\/en\/wp-json\/wp\/v2\/media?parent=4287"}],"wp:term":[{"taxonomy":"category","embeddable":true,"href":"https:\/\/uninavarra.edu.co\/en\/wp-json\/wp\/v2\/categories?post=4287"},{"taxonomy":"post_tag","embeddable":true,"href":"https:\/\/uninavarra.edu.co\/en\/wp-json\/wp\/v2\/tags?post=4287"}],"curies":[{"name":"wp","href":"https:\/\/api.w.org\/{rel}","templated":true}]}}