{"id":42222,"date":"2021-11-04T12:34:45","date_gmt":"2021-11-04T17:34:45","guid":{"rendered":"https:\/\/uninavarra.edu.co\/?page_id=42222"},"modified":"2023-01-05T09:13:28","modified_gmt":"2023-01-05T14:13:28","slug":"derecho-laboral-seguridad-social","status":"publish","type":"page","link":"https:\/\/uninavarra.edu.co\/en\/landing\/posgrados\/derecho-laboral-seguridad-social\/","title":{"rendered":"Specialization in Labor Law and Social Security"},"content":{"rendered":"<div class=\"wpb-content-wrapper\"><div class=\"wpb-container\"><div class=\"container\"><div class=\"vc_row wpb_row vc_row-fluid row\"><div class=\"col-sm-12  vc_\">\n\t\t<div class=\"wpb_wrapper\">\n\t\t\t<div class=\"vc_tta-container\" data-vc-action=\"collapse\"><div class=\"vc_general vc_tta vc_tta-tabs vc_tta-color-grey vc_tta-style-classic vc_tta-shape-rounded vc_tta-spacing-1 vc_tta-tabs-position-top vc_tta-controls-align-left\"><div class=\"vc_tta-tabs-container\"><ul class=\"vc_tta-tabs-list\"><li class=\"vc_tta-tab vc_active\" data-vc-tab><a href=\"#identificacion-programa\" data-vc-tabs data-vc-container=\".vc_tta\"><span class=\"vc_tta-title-text\">Program identification<\/span><\/a><\/li><li class=\"vc_tta-tab\" data-vc-tab><a href=\"#plan-estudios\" data-vc-tabs data-vc-container=\".vc_tta\"><span class=\"vc_tta-title-text\">Curriculum<\/span><\/a><\/li><li class=\"vc_tta-tab\" data-vc-tab><a href=\"#perfil-especializacion\" data-vc-tabs data-vc-container=\".vc_tta\"><span class=\"vc_tta-title-text\">Specialization profile<\/span><\/a><\/li><li class=\"vc_tta-tab\" data-vc-tab><a href=\"#equipo-docente\" data-vc-tabs data-vc-container=\".vc_tta\"><span class=\"vc_tta-title-text\">Teaching Staff<\/span><\/a><\/li><li class=\"vc_tta-tab\" data-vc-tab><a href=\"#equipo-coordinador\" data-vc-tabs data-vc-container=\".vc_tta\"><span class=\"vc_tta-title-text\">Coordinating Team<\/span><\/a><\/li><li class=\"vc_tta-tab\" data-vc-tab><a href=\"#preinscripcion\" data-vc-tabs data-vc-container=\".vc_tta\"><span class=\"vc_tta-title-text\">Pre-registration<\/span><\/a><\/li><\/ul><\/div><div class=\"vc_tta-panels-container\"><div class=\"vc_tta-panels\"><div class=\"vc_tta-panel vc_active\" id=\"identificacion-programa\" data-vc-content=\".vc_tta-panel-body\"><div class=\"vc_tta-panel-heading\"><h4 class=\"vc_tta-panel-title\"><a href=\"#identificacion-programa\" data-vc-accordion data-vc-container=\".vc_tta-container\"><span class=\"vc_tta-title-text\">Program identification<\/span><\/a><\/h4><\/div><div class=\"vc_tta-panel-body\">\n\t<div class=\"wpb_text_column wpb_content_element\" >\n\t\t<div class=\"wpb_wrapper\">\n\t\t\t<h2>Program Identification<\/h2>\n<table>\n<tbody>\n<tr>\n<td><strong>NAME OF THE INSTITUTION<\/strong><\/td>\n<td>University Foundation of Navarra - UNINAVARRA<\/td>\n<\/tr>\n<tr>\n<td><strong>ADDRESS<\/strong><\/td>\n<td>Neiva, Huila. Street 10 # 6-41. Telephone: 8740089- 8722049.<\/td>\n<\/tr>\n<tr>\n<td><strong>NAME OF THE PROGRAM<\/strong><\/td>\n<td>Specialization in Labor Law and Social Security<\/td>\n<\/tr>\n<tr>\n<td><strong>SNIES<\/strong><\/td>\n<td>110228<\/td>\n<\/tr>\n<tr>\n<td><strong>RESOLUTION N.<\/strong><\/td>\n<td>7360 of April 28, 2021 of the MEN, validity: 7 years<\/td>\n<\/tr>\n<tr>\n<td><strong>PROGRAM STATUS<\/strong><\/td>\n<td>New<\/td>\n<\/tr>\n<tr>\n<td><strong>INTERNAL RULE OF CREATION<\/strong><\/td>\n<td>Agreement 016, issued by December 28, 2018 by the Superior Council.<\/td>\n<\/tr>\n<tr>\n<td><strong>PLACE OF OPERATION<\/strong><\/td>\n<td>Neiva<\/td>\n<\/tr>\n<tr>\n<td><strong>TITLE TO BE ISSUED<\/strong><\/td>\n<td>Labor and Social Security Specialist<\/td>\n<\/tr>\n<tr>\n<td><strong>LEVEL OF TRAINING<\/strong><\/td>\n<td>Specialist<\/td>\n<\/tr>\n<tr>\n<td><strong>DIRECT TO<\/strong><\/td>\n<td>Lawyers; as well as professionals in any area of knowledge who are interested in the subject of specialization or are engaged in the practice, study or defense of Labor Law and Social Security.<\/td>\n<\/tr>\n<tr>\n<td><strong>DURATION<\/strong><\/td>\n<td>Two (2) semesters<\/td>\n<\/tr>\n<tr>\n<td><strong>PERIODICITY OF SUPPLY<\/strong><\/td>\n<td>Annual<\/td>\n<\/tr>\n<tr>\n<td><strong>NUMBER OF ACADEMIC CREDITS<\/strong><\/td>\n<td>26<\/td>\n<\/tr>\n<tr>\n<td><strong>ADSCRIPTION<\/strong><\/td>\n<td>Faculty of Humanities and Social Sciences<\/td>\n<\/tr>\n<tr>\n<td><strong>METHODOLOGY<\/strong><\/td>\n<td>Weekends (Fridays and Saturdays)<\/td>\n<\/tr>\n<tr>\n<td><strong>NUMBER OF STUDENTS PER PERIOD<\/strong><\/td>\n<td>Twenty-five (25) per cohort<\/td>\n<\/tr>\n<tr>\n<td><strong>DAY<\/strong><\/td>\n<td>Weekends (Fridays and Saturdays)<\/td>\n<\/tr>\n<tr>\n<td><strong>E-MAIL<\/strong><\/td>\n<td><a href=\"mailto:viceposgrados@unavarra.edu.co\">viceposgrados@unavarra.edu.co<\/a><\/td>\n<\/tr>\n<\/tbody>\n<\/table>\n\n\t\t<\/div>\n\t<\/div>\n<\/div><\/div><div class=\"vc_tta-panel\" id=\"plan-estudios\" data-vc-content=\".vc_tta-panel-body\"><div class=\"vc_tta-panel-heading\"><h4 class=\"vc_tta-panel-title\"><a href=\"#plan-estudios\" data-vc-accordion data-vc-container=\".vc_tta-container\"><span class=\"vc_tta-title-text\">Curriculum<\/span><\/a><\/h4><\/div><div class=\"vc_tta-panel-body\"><div class=\"wpb_single_image wpb_content_element vc_align_center\">\n\t\t<div class=\"wpb_wrapper\">\n\t\t\t\n\t\t\t<a href=\"https:\/\/uninavarra.edu.co\/wp-content\/uploads\/2021\/11\/plan-estudios-especializacion-derecho-laboral-seguridad-social.png\" target=\"_self\"><img fetchpriority=\"high\" decoding=\"async\" width=\"407\" height=\"414\" src=\"https:\/\/uninavarra.edu.co\/wp-content\/uploads\/2021\/11\/plan-estudios-especializacion-derecho-laboral-seguridad-social.png\" class=\"vc_box_border_grey attachment-large\" alt=\"\" title=\"plan-studies-specialization-labor-law-social-security\" srcset=\"https:\/\/uninavarra.edu.co\/wp-content\/uploads\/2021\/11\/plan-estudios-especializacion-derecho-laboral-seguridad-social.png 407w, https:\/\/uninavarra.edu.co\/wp-content\/uploads\/2021\/11\/plan-estudios-especializacion-derecho-laboral-seguridad-social-147x150.png 147w, https:\/\/uninavarra.edu.co\/wp-content\/uploads\/2021\/11\/plan-estudios-especializacion-derecho-laboral-seguridad-social-295x300.png 295w\" sizes=\"(max-width: 407px) 100vw, 407px\" \/><\/a>\n\t\t<\/div> \n\t<\/div><\/div><\/div><div class=\"vc_tta-panel\" id=\"perfil-especializacion\" data-vc-content=\".vc_tta-panel-body\"><div class=\"vc_tta-panel-heading\"><h4 class=\"vc_tta-panel-title\"><a href=\"#perfil-especializacion\" data-vc-accordion data-vc-container=\".vc_tta-container\"><span class=\"vc_tta-title-text\">Specialization profile<\/span><\/a><\/h4><\/div><div class=\"vc_tta-panel-body\"><\/div><\/div><div class=\"vc_tta-panel\" id=\"equipo-docente\" data-vc-content=\".vc_tta-panel-body\"><div class=\"vc_tta-panel-heading\"><h4 class=\"vc_tta-panel-title\"><a href=\"#equipo-docente\" data-vc-accordion data-vc-container=\".vc_tta-container\"><span class=\"vc_tta-title-text\">Teaching Staff<\/span><\/a><\/h4><\/div><div class=\"vc_tta-panel-body\"><\/div><\/div><div class=\"vc_tta-panel\" id=\"equipo-coordinador\" data-vc-content=\".vc_tta-panel-body\"><div class=\"vc_tta-panel-heading\"><h4 class=\"vc_tta-panel-title\"><a href=\"#equipo-coordinador\" data-vc-accordion data-vc-container=\".vc_tta-container\"><span class=\"vc_tta-title-text\">Coordinating Team<\/span><\/a><\/h4><\/div><div class=\"vc_tta-panel-body\">\n\t<div class=\"wpb_text_column wpb_content_element\" >\n\t\t<div class=\"wpb_wrapper\">\n\t\t\t<table>\n<tbody>\n<tr>\n<td style=\"background-color: #b00000;\" width=\"125\"><span style=\"color: #ffffff;\">\u00a0\u00a0\u00a0\u00a0\u00a0\u00a0\u00a0\u00a0\u00a0\u00a0\u00a0\u00a0\u00a0 Cargo<\/span><\/td>\n<td style=\"background-color: #b00000;\" width=\"99\"><span style=\"color: #ffffff;\">Name<\/span><\/td>\n<td style=\"background-color: #b00000;\" width=\"111\"><span style=\"color: #ffffff;\">CVL<\/span><\/td>\n<td style=\"background-color: #b00000;\" width=\"254\"><span style=\"color: #ffffff;\">Contact<\/span><\/td>\n<\/tr>\n<tr>\n<td width=\"125\">Vice Rector of Graduate Studies and Extension<\/td>\n<td width=\"99\">Martha Cecilia Abella<\/td>\n<td width=\"111\">Colciencias<\/td>\n<td width=\"254\"><a href=\"mailto:viceposgrados@uninavarra.edu.co\">viceposgrados@uninavarra.edu.co<\/a><\/td>\n<\/tr>\n<tr>\n<td width=\"125\">Specialization Coordinator<\/td>\n<td width=\"99\">Diana Marcela Rincon<\/td>\n<td width=\"111\">Colciencias<\/td>\n<td width=\"254\"><a href=\"mailto:dm.rincon@uninavarra.edu.co\">dm.rincon@uninavarra.edu.co<\/a><\/td>\n<\/tr>\n<\/tbody>\n<\/table>\n\n\t\t<\/div>\n\t<\/div>\n<\/div><\/div><div class=\"vc_tta-panel\" id=\"preinscripcion\" data-vc-content=\".vc_tta-panel-body\"><div class=\"vc_tta-panel-heading\"><h4 class=\"vc_tta-panel-title\"><a href=\"#preinscripcion\" data-vc-accordion data-vc-container=\".vc_tta-container\"><span class=\"vc_tta-title-text\">Pre-registration<\/span><\/a><\/h4><\/div><div class=\"vc_tta-panel-body\">\n\t<div class=\"wpb_text_column wpb_content_element\" >\n\t\t<div class=\"wpb_wrapper\">\n\t\t\t<p>Welcome<\/p>\n<p>Please fill in all the data in CAPITAL LETTERS, if you consider that any data does not apply to you, please type N.A. Do not forget to attach to your Registration Form the following documents, please note that if you are an applicant to\u00a0<strong><u>SPECIALIZATION<\/u><\/strong>Regardless of the day you select, your schedule will be on the following days.\u00a0<strong>weekends<\/strong>:<\/p>\n<table style=\"height: 324px;\" border=\"1\" width=\"398\" cellspacing=\"0\" cellpadding=\"0\">\n<tbody>\n<tr>\n<td style=\"width: 396px;\"><strong>APPLICANT FOR SPECIALIZATION:<\/strong><\/td>\n<\/tr>\n<tr>\n<td style=\"width: 396px;\">\n<ol>\n<li style=\"text-align: left;\">Receipt evidencing payment of registration fees.<\/li>\n<li>Photocopy of identity card.<\/li>\n<li>2 Photo 3\u00d74 white background<\/li>\n<li>Certificate of affiliation to the Social Security Health System.<\/li>\n<li>Photocopy of undergraduate or professional degree diploma or certificate in any area of knowledge.<\/li>\n<li>Registration form duly completed<\/li>\n<\/ol>\n<\/td>\n<\/tr>\n<\/tbody>\n<\/table>\n<p style=\"text-align: left;\">We will contact you soon: For more information, please click on the following link <a href=\"http:\/\/www.uninavarra.edu.co\/admisiones\/\" target=\"_blank\" rel=\"noopener noreferrer\">http:\/\/www.uninavarra.edu.co\/admisiones<\/a><\/p>\n\n\t\t<\/div>\n\t<\/div>\n<div class=\"vc_btn3-container vc_btn3-center vc_do_btn\" ><a class=\"vc_general vc_btn3 vc_btn3-size-md vc_btn3-shape-rounded vc_btn3-style-modern vc_btn3-icon-left vc_btn3-color-juicy-pink\" href=\"https:\/\/uninavarra.edu.co\/admisiones\/acceso-a-inscripciones\/\" title=\"\"><i class=\"vc_btn3-icon far fa-address-card\"><\/i> Pre-Registration Form<\/a><\/div><\/div><\/div><\/div><\/div><\/div><\/div>\n\t\t<\/div> \n\t<\/div><\/div><\/div><\/div><div class=\"wpb-container\"><div class=\"container\"><div class=\"vc_row wpb_row vc_row-fluid row\"><div class=\"col-sm-12  vc_\">\n\t\t<div class=\"wpb_wrapper\">\n\t\t\t\n\t\t<\/div> \n\t<\/div><\/div><\/div><\/div>\n<\/div>","protected":false},"excerpt":{"rendered":"Identificacion del programaPlan de estudiosPerfil de la especializaci\u00f3nEquipo DocenteEquipo CoordinadorPreinscripci\u00f3nIdentificacion del programa Identificaci\u00f3n del Programa NOMBRE DE LA INSTITUCION Fundaci\u00f3n Universitaria Navarra \u2013 UNINAVARRA DOMICILIO Neiva, Huila. Calle 10 # [...]","protected":false},"author":13,"featured_media":42223,"parent":12921,"menu_order":0,"comment_status":"closed","ping_status":"closed","template":"","meta":{"footnotes":""},"categories":[1],"tags":[],"class_list":["post-42222","page","type-page","status-publish","has-post-thumbnail","hentry","category-uncategorized"],"yoast_head":"<!-- This site is optimized with the Yoast SEO plugin v27.2 - https:\/\/yoast.com\/product\/yoast-seo-wordpress\/ -->\n<title>Especializaci\u00f3n en Derecho Laboral y Seguridad Social - Uninavarra<\/title>\n<meta name=\"robots\" content=\"index, follow, max-snippet:-1, max-image-preview:large, max-video-preview:-1\" \/>\n<link rel=\"canonical\" href=\"https:\/\/uninavarra.edu.co\/en\/landing\/posgrados\/derecho-laboral-seguridad-social\/\" \/>\n<meta property=\"og:locale\" content=\"en_US\" \/>\n<meta property=\"og:type\" content=\"article\" \/>\n<meta property=\"og:title\" content=\"Especializaci\u00f3n en Derecho Laboral y Seguridad Social - Uninavarra\" \/>\n<meta property=\"og:url\" content=\"https:\/\/uninavarra.edu.co\/en\/landing\/posgrados\/derecho-laboral-seguridad-social\/\" \/>\n<meta property=\"og:site_name\" content=\"Uninavarra\" \/>\n<meta property=\"article:publisher\" content=\"https:\/\/www.facebook.com\/UninavarraEduca\" \/>\n<meta property=\"article:modified_time\" content=\"2023-01-05T14:13:28+00:00\" \/>\n<meta property=\"og:image\" content=\"https:\/\/uninavarra.edu.co\/wp-content\/uploads\/2021\/11\/breadcrumb-derecho-laboral-2022.jpg\" \/>\n\t<meta property=\"og:image:width\" content=\"2560\" \/>\n\t<meta property=\"og:image:height\" content=\"529\" \/>\n\t<meta property=\"og:image:type\" content=\"image\/jpeg\" \/>\n<meta name=\"twitter:card\" content=\"summary_large_image\" \/>\n<meta name=\"twitter:site\" content=\"@uninavarraeduca\" \/>\n<meta name=\"twitter:label1\" content=\"Est. reading time\" \/>\n\t<meta name=\"twitter:data1\" content=\"3 minutes\" \/>\n<script type=\"application\/ld+json\" class=\"yoast-schema-graph\">{\"@context\":\"https:\/\/schema.org\",\"@graph\":[{\"@type\":\"WebPage\",\"@id\":\"https:\/\/uninavarra.edu.co\/landing\/posgrados\/derecho-laboral-seguridad-social\/\",\"url\":\"https:\/\/uninavarra.edu.co\/landing\/posgrados\/derecho-laboral-seguridad-social\/\",\"name\":\"Especializaci\u00f3n en Derecho Laboral y Seguridad Social - Uninavarra\",\"isPartOf\":{\"@id\":\"https:\/\/uninavarra.edu.co\/#website\"},\"primaryImageOfPage\":{\"@id\":\"https:\/\/uninavarra.edu.co\/landing\/posgrados\/derecho-laboral-seguridad-social\/#primaryimage\"},\"image\":{\"@id\":\"https:\/\/uninavarra.edu.co\/landing\/posgrados\/derecho-laboral-seguridad-social\/#primaryimage\"},\"thumbnailUrl\":\"https:\/\/uninavarra.edu.co\/wp-content\/uploads\/2021\/11\/breadcrumb-derecho-laboral-2022.jpg\",\"datePublished\":\"2021-11-04T17:34:45+00:00\",\"dateModified\":\"2023-01-05T14:13:28+00:00\",\"breadcrumb\":{\"@id\":\"https:\/\/uninavarra.edu.co\/landing\/posgrados\/derecho-laboral-seguridad-social\/#breadcrumb\"},\"inLanguage\":\"en-US\",\"potentialAction\":[{\"@type\":\"ReadAction\",\"target\":[\"https:\/\/uninavarra.edu.co\/landing\/posgrados\/derecho-laboral-seguridad-social\/\"]}]},{\"@type\":\"ImageObject\",\"inLanguage\":\"en-US\",\"@id\":\"https:\/\/uninavarra.edu.co\/landing\/posgrados\/derecho-laboral-seguridad-social\/#primaryimage\",\"url\":\"https:\/\/uninavarra.edu.co\/wp-content\/uploads\/2021\/11\/breadcrumb-derecho-laboral-2022.jpg\",\"contentUrl\":\"https:\/\/uninavarra.edu.co\/wp-content\/uploads\/2021\/11\/breadcrumb-derecho-laboral-2022.jpg\",\"width\":2560,\"height\":529},{\"@type\":\"BreadcrumbList\",\"@id\":\"https:\/\/uninavarra.edu.co\/landing\/posgrados\/derecho-laboral-seguridad-social\/#breadcrumb\",\"itemListElement\":[{\"@type\":\"ListItem\",\"position\":1,\"name\":\"Home\",\"item\":\"https:\/\/uninavarra.edu.co\/\"},{\"@type\":\"ListItem\",\"position\":2,\"name\":\"Oferta acad\u00e9mica &#8211; Programas UNINAVARRA\",\"item\":\"https:\/\/uninavarra.edu.co\/landing\/\"},{\"@type\":\"ListItem\",\"position\":3,\"name\":\"Privado: Posgrados\",\"item\":\"https:\/\/uninavarra.edu.co\/?page_id=12921\"},{\"@type\":\"ListItem\",\"position\":4,\"name\":\"Especializaci\u00f3n en Derecho Laboral y Seguridad Social\"}]},{\"@type\":\"WebSite\",\"@id\":\"https:\/\/uninavarra.edu.co\/#website\",\"url\":\"https:\/\/uninavarra.edu.co\/\",\"name\":\"UNINAVARRA\",\"description\":\"Haz realidad tu deseo de aprender\",\"publisher\":{\"@id\":\"https:\/\/uninavarra.edu.co\/#organization\"},\"potentialAction\":[{\"@type\":\"SearchAction\",\"target\":{\"@type\":\"EntryPoint\",\"urlTemplate\":\"https:\/\/uninavarra.edu.co\/?s={search_term_string}\"},\"query-input\":{\"@type\":\"PropertyValueSpecification\",\"valueRequired\":true,\"valueName\":\"search_term_string\"}}],\"inLanguage\":\"en-US\"},{\"@type\":\"Organization\",\"@id\":\"https:\/\/uninavarra.edu.co\/#organization\",\"name\":\"Fundaci\u00f3n Universitaria Navarra - UNINAVARRA\",\"url\":\"https:\/\/uninavarra.edu.co\/\",\"logo\":{\"@type\":\"ImageObject\",\"inLanguage\":\"en-US\",\"@id\":\"https:\/\/uninavarra.edu.co\/#\/schema\/logo\/image\/\",\"url\":\"https:\/\/uninavarra.edu.co\/wp-content\/uploads\/2024\/06\/Escudo-uninavarra-Solo.png\",\"contentUrl\":\"https:\/\/uninavarra.edu.co\/wp-content\/uploads\/2024\/06\/Escudo-uninavarra-Solo.png\",\"width\":1500,\"height\":1401,\"caption\":\"Fundaci\u00f3n Universitaria Navarra - UNINAVARRA\"},\"image\":{\"@id\":\"https:\/\/uninavarra.edu.co\/#\/schema\/logo\/image\/\"},\"sameAs\":[\"https:\/\/www.facebook.com\/UninavarraEduca\",\"https:\/\/x.com\/uninavarraeduca\",\"https:\/\/www.instagram.com\/uninavarra\/?hl=es\",\"https:\/\/www.linkedin.com\/in\/fundacin-universitaria-navarra-uninavarra-b41225222\/\"]}]}<\/script>\n<!-- \/ Yoast SEO plugin. -->","yoast_head_json":{"title":"Especializaci\u00f3n en Derecho Laboral y Seguridad Social - Uninavarra","robots":{"index":"index","follow":"follow","max-snippet":"max-snippet:-1","max-image-preview":"max-image-preview:large","max-video-preview":"max-video-preview:-1"},"canonical":"https:\/\/uninavarra.edu.co\/en\/landing\/posgrados\/derecho-laboral-seguridad-social\/","og_locale":"en_US","og_type":"article","og_title":"Especializaci\u00f3n en Derecho Laboral y Seguridad Social - Uninavarra","og_url":"https:\/\/uninavarra.edu.co\/en\/landing\/posgrados\/derecho-laboral-seguridad-social\/","og_site_name":"Uninavarra","article_publisher":"https:\/\/www.facebook.com\/UninavarraEduca","article_modified_time":"2023-01-05T14:13:28+00:00","og_image":[{"width":2560,"height":529,"url":"https:\/\/uninavarra.edu.co\/wp-content\/uploads\/2021\/11\/breadcrumb-derecho-laboral-2022.jpg","type":"image\/jpeg"}],"twitter_card":"summary_large_image","twitter_site":"@uninavarraeduca","twitter_misc":{"Est. reading time":"3 minutes"},"schema":{"@context":"https:\/\/schema.org","@graph":[{"@type":"WebPage","@id":"https:\/\/uninavarra.edu.co\/landing\/posgrados\/derecho-laboral-seguridad-social\/","url":"https:\/\/uninavarra.edu.co\/landing\/posgrados\/derecho-laboral-seguridad-social\/","name":"Especializaci\u00f3n en Derecho Laboral y Seguridad Social - Uninavarra","isPartOf":{"@id":"https:\/\/uninavarra.edu.co\/#website"},"primaryImageOfPage":{"@id":"https:\/\/uninavarra.edu.co\/landing\/posgrados\/derecho-laboral-seguridad-social\/#primaryimage"},"image":{"@id":"https:\/\/uninavarra.edu.co\/landing\/posgrados\/derecho-laboral-seguridad-social\/#primaryimage"},"thumbnailUrl":"https:\/\/uninavarra.edu.co\/wp-content\/uploads\/2021\/11\/breadcrumb-derecho-laboral-2022.jpg","datePublished":"2021-11-04T17:34:45+00:00","dateModified":"2023-01-05T14:13:28+00:00","breadcrumb":{"@id":"https:\/\/uninavarra.edu.co\/landing\/posgrados\/derecho-laboral-seguridad-social\/#breadcrumb"},"inLanguage":"en-US","potentialAction":[{"@type":"ReadAction","target":["https:\/\/uninavarra.edu.co\/landing\/posgrados\/derecho-laboral-seguridad-social\/"]}]},{"@type":"ImageObject","inLanguage":"en-US","@id":"https:\/\/uninavarra.edu.co\/landing\/posgrados\/derecho-laboral-seguridad-social\/#primaryimage","url":"https:\/\/uninavarra.edu.co\/wp-content\/uploads\/2021\/11\/breadcrumb-derecho-laboral-2022.jpg","contentUrl":"https:\/\/uninavarra.edu.co\/wp-content\/uploads\/2021\/11\/breadcrumb-derecho-laboral-2022.jpg","width":2560,"height":529},{"@type":"BreadcrumbList","@id":"https:\/\/uninavarra.edu.co\/landing\/posgrados\/derecho-laboral-seguridad-social\/#breadcrumb","itemListElement":[{"@type":"ListItem","position":1,"name":"Home","item":"https:\/\/uninavarra.edu.co\/"},{"@type":"ListItem","position":2,"name":"Oferta acad\u00e9mica &#8211; Programas UNINAVARRA","item":"https:\/\/uninavarra.edu.co\/landing\/"},{"@type":"ListItem","position":3,"name":"Privado: Posgrados","item":"https:\/\/uninavarra.edu.co\/?page_id=12921"},{"@type":"ListItem","position":4,"name":"Especializaci\u00f3n en Derecho Laboral y Seguridad Social"}]},{"@type":"WebSite","@id":"https:\/\/uninavarra.edu.co\/#website","url":"https:\/\/uninavarra.edu.co\/","name":"UNINAVARRA","description":"Make your desire to learn a reality","publisher":{"@id":"https:\/\/uninavarra.edu.co\/#organization"},"potentialAction":[{"@type":"SearchAction","target":{"@type":"EntryPoint","urlTemplate":"https:\/\/uninavarra.edu.co\/?s={search_term_string}"},"query-input":{"@type":"PropertyValueSpecification","valueRequired":true,"valueName":"search_term_string"}}],"inLanguage":"en-US"},{"@type":"Organization","@id":"https:\/\/uninavarra.edu.co\/#organization","name":"Navarre University Foundation - UNINAVARRA","url":"https:\/\/uninavarra.edu.co\/","logo":{"@type":"ImageObject","inLanguage":"en-US","@id":"https:\/\/uninavarra.edu.co\/#\/schema\/logo\/image\/","url":"https:\/\/uninavarra.edu.co\/wp-content\/uploads\/2024\/06\/Escudo-uninavarra-Solo.png","contentUrl":"https:\/\/uninavarra.edu.co\/wp-content\/uploads\/2024\/06\/Escudo-uninavarra-Solo.png","width":1500,"height":1401,"caption":"Fundaci\u00f3n Universitaria Navarra - UNINAVARRA"},"image":{"@id":"https:\/\/uninavarra.edu.co\/#\/schema\/logo\/image\/"},"sameAs":["https:\/\/www.facebook.com\/UninavarraEduca","https:\/\/x.com\/uninavarraeduca","https:\/\/www.instagram.com\/uninavarra\/?hl=es","https:\/\/www.linkedin.com\/in\/fundacin-universitaria-navarra-uninavarra-b41225222\/"]}]}},"_links":{"self":[{"href":"https:\/\/uninavarra.edu.co\/en\/wp-json\/wp\/v2\/pages\/42222","targetHints":{"allow":["GET"]}}],"collection":[{"href":"https:\/\/uninavarra.edu.co\/en\/wp-json\/wp\/v2\/pages"}],"about":[{"href":"https:\/\/uninavarra.edu.co\/en\/wp-json\/wp\/v2\/types\/page"}],"author":[{"embeddable":true,"href":"https:\/\/uninavarra.edu.co\/en\/wp-json\/wp\/v2\/users\/13"}],"replies":[{"embeddable":true,"href":"https:\/\/uninavarra.edu.co\/en\/wp-json\/wp\/v2\/comments?post=42222"}],"version-history":[{"count":0,"href":"https:\/\/uninavarra.edu.co\/en\/wp-json\/wp\/v2\/pages\/42222\/revisions"}],"up":[{"embeddable":true,"href":"https:\/\/uninavarra.edu.co\/en\/wp-json\/wp\/v2\/pages\/12921"}],"wp:featuredmedia":[{"embeddable":true,"href":"https:\/\/uninavarra.edu.co\/en\/wp-json\/wp\/v2\/media\/42223"}],"wp:attachment":[{"href":"https:\/\/uninavarra.edu.co\/en\/wp-json\/wp\/v2\/media?parent=42222"}],"wp:term":[{"taxonomy":"category","embeddable":true,"href":"https:\/\/uninavarra.edu.co\/en\/wp-json\/wp\/v2\/categories?post=42222"},{"taxonomy":"post_tag","embeddable":true,"href":"https:\/\/uninavarra.edu.co\/en\/wp-json\/wp\/v2\/tags?post=42222"}],"curies":[{"name":"wp","href":"https:\/\/api.w.org\/{rel}","templated":true}]}}