{"id":41463,"date":"2021-10-15T12:41:46","date_gmt":"2021-10-15T17:41:46","guid":{"rendered":"https:\/\/uninavarra.edu.co\/?page_id=41463"},"modified":"2021-11-04T08:58:27","modified_gmt":"2021-11-04T13:58:27","slug":"vi-congreso-nacional-i-congreso-internacional-enfermeria","status":"publish","type":"page","link":"https:\/\/uninavarra.edu.co\/en\/ciina\/eventos\/2021_\/vi-congreso-nacional-i-congreso-internacional-enfermeria\/","title":{"rendered":"VI National Congress and I International Congress on Nursing"},"content":{"rendered":"<div class=\"wpb-content-wrapper\"><section id=\"ivcii\" class=\"vc_section\"><div id=\"banner\" data-vc-full-width=\"true\" data-vc-full-width-init=\"false\" data-vc-stretch-content=\"true\" class=\"wpb-container vc_custom_1627480017687\"><div class=\"container-full\"><div class=\"vc_row wpb_row vc_row-fluid row\"><div class=\"col-sm-12  vc_\">\n\t\t<div class=\"wpb_wrapper\">\n\t\t\t<div class=\"wpb_single_image wpb_content_element vc_align_center\">\n\t\t<div class=\"wpb_wrapper\">\n\t\t\t\n\t\t\t<a href=\"#\" target=\"_self\"><img fetchpriority=\"high\" decoding=\"async\" width=\"4370\" height=\"1299\" src=\"https:\/\/uninavarra.edu.co\/wp-content\/uploads\/2021\/10\/banner-vi-congreso-enfermeria-2021-2-scaled.jpg\" class=\"vc_box_border_grey attachment-full\" alt=\"\" title=\"banner-vi-congress-congress-nursing-2021-2\" \/><\/a>\n\t\t<\/div> \n\t<\/div>\n\t\t<\/div> \n\t<\/div><\/div><\/div><\/div><div class=\"vc_row-full-width\"><\/div><div id=\"menu\" data-vc-full-width=\"true\" data-vc-full-width-init=\"false\" data-vc-stretch-content=\"true\" class=\"wpb-container vc_custom_1627480623666\"><div class=\"container-full\"><div class=\"vc_row wpb_row vc_row-fluid row  prueba\"><div class=\"col-sm-12  vc_\">\n\t\t<div class=\"wpb_wrapper\">\n\t\t\t\n\t<div class=\"wpb_raw_code wpb_raw_html wpb_content_element\" >\n\t\t<div class=\"wpb_wrapper\">\n\t\t\t<div class=\"topnav\" id=\"myTopnav\">\n<div id=\"fila-prueba\">\n<div class=\"menu_cina\">\n<nav class=\"nav_cina\">\n<ul>\n  <li><a href=\"https:\/\/uninavarra.edu.co\/cina\/eventos\/2021_\/vi-congreso-nacional-i-congreso-internacional-enfermeria\/inscripciones\/\">Registration<\/a><\/li>\n  <li><a href=\"https:\/\/uninavarra.edu.co\/wp-content\/uploads\/2021\/11\/programacion-vi-congreso-de-enfermeria-2021.pdf\">Programming<\/a><\/li>\n  <li><a href=\"https:\/\/uninavarra.edu.co\/wp-content\/uploads\/2021\/10\/evento-vi-congreso-enfermeria-2021-2-scaled.jpg\">Poster<\/a><\/li>\n  <li><a href=\"#\">Previous versions<\/a><\/li>\n<\/ul>\n<\/nav>\n<\/div>\n<\/div>\n  <a href=\"javascript:void(0);\" class=\"icon\" onclick=\"myFunction()\">\n    <i class=\"fa fa-bars\"><\/i>\n  <\/a>\n<\/div>\n\n\n<script>\nfunction myFunction() {\n  var x = document.getElementById(\"myTopnav\");\n  if (x.className === \"topnav\") {\n    x.className += \" responsive\";\n  } else {\n    x.className = \"topnav\";\n  }\n}\n<\/script>\n\t\t<\/div>\n\t<\/div>\n\n\t\t<\/div> \n\t<\/div><\/div><\/div><\/div><div class=\"vc_row-full-width\"><\/div><div id=\"presentacion\" data-vc-full-width=\"true\" data-vc-full-width-init=\"false\" class=\"wpb-container\"><div class=\"container\"><div class=\"vc_row wpb_row vc_row-fluid row\"><div class=\"col-sm-12  vc_\">\n\t\t<div class=\"wpb_wrapper\">\n\t\t\t\n\t<div class=\"wpb_raw_code wpb_raw_html wpb_content_element\" >\n\t\t<div class=\"wpb_wrapper\">\n\t\t\t<h2 style=\"text-align: center;\">Presentation<\/h2>\n<p id=\"descripcion\">The VI National Congress and I International Congress of Nursing - Experiences of Care in the Face of Innovation will be held in online mode from the city of Neiva (Huila) during November 4 and 5, 2021. This academic and scientific event is a space for discussion and reflection on current topics in the area of nursing, emphasizing on the experiences of care in the face of innovation; with the participation of nursing professionals at national and international level, promoting the disciplinary appropriation of knowledge, through the conformation and consolidation of care strategies that strengthen health care and quality. <\/p>\n\n<h2 style=\"text-align: center;\">Target<\/h2>\n<p id=\"descripcion\">To encourage reflection on the socialization of care experiences and ways to innovate in humanized care, which strengthens the actions and interventions of the disciplinary component with the different national and international positions.<\/p>\n\n<div id=\"areas-tematicas\">\n<h3 style=\"text-align: center\"><strong>Thematic areas<\/strong><\/h3>\n<div class=\"gallery-areas-tematicas\">\n\n  <article class=\"card\">\n    <p>Technological Innovations<\/p>\n  <\/article>\n\n  <article class=\"card\">\n    <p>Telehealth and Nursing<\/p>\n  <\/article>\n\n  <article class=\"card\">\n    <p>Myths and realities of care<\/p>\n  <\/article>\n\n<\/div>\n<\/div>\n\t\t<\/div>\n\t<\/div>\n\n\t\t<\/div> \n\t<\/div><\/div><\/div><\/div><div class=\"vc_row-full-width\"><\/div><div id=\"invitados\" data-vc-full-width=\"true\" data-vc-full-width-init=\"false\" class=\"wpb-container\"><div class=\"container\"><div class=\"vc_row wpb_row vc_row-fluid row\"><div class=\"col-sm-12  vc_\">\n\t\t<div class=\"wpb_wrapper\">\n\t\t\t\n\t<div class=\"wpb_raw_code wpb_raw_html wpb_content_element\" >\n\t\t<div class=\"wpb_wrapper\">\n\t\t\t<h2 style=\"text-align: center\">Guests<\/h2>\n<div class=\"gallery-invitados\">\n\n  <div class=\"card\">\n    <div class=\"image-invitado\">\n      <img decoding=\"async\" src=\"https:\/\/uninavarra.edu.co\/wp-content\/uploads\/2021\/11\/veronica-molina.png\">\n    <\/div>\n  <\/div>\n\n  <div class=\"card\">\n    <div class=\"image-invitado\">\n      <img decoding=\"async\" src=\"https:\/\/uninavarra.edu.co\/wp-content\/uploads\/2021\/11\/andrea-paez.png\">\n    <\/div>\n  <\/div>\n\n  <div class=\"card\">\n    <div class=\"image-invitado\">\n      <img decoding=\"async\" src=\"https:\/\/uninavarra.edu.co\/wp-content\/uploads\/2021\/11\/andy-pinto.png\">\n    <\/div>\n  <\/div>\n\n  <div class=\"card\">\n    <div class=\"image-invitado\">\n      <img decoding=\"async\" src=\"https:\/\/uninavarra.edu.co\/wp-content\/uploads\/2021\/11\/yuly-valdivieso.png\">\n    <\/div>\n  <\/div>\n\n  <div class=\"card\">\n    <div class=\"image-invitado\">\n      <img decoding=\"async\" src=\"https:\/\/uninavarra.edu.co\/wp-content\/uploads\/2021\/11\/vivian-jimenez.png\">\n    <\/div>\n  <\/div>\n\n  <div class=\"card\">\n    <div class=\"image-invitado\">\n      <img decoding=\"async\" src=\"https:\/\/uninavarra.edu.co\/wp-content\/uploads\/2021\/11\/viviana-garcia.png\">\n    <\/div>\n  <\/div>\n\n  <div class=\"card\">\n    <div class=\"image-invitado\">\n      <img decoding=\"async\" src=\"https:\/\/uninavarra.edu.co\/wp-content\/uploads\/2021\/11\/magda-bolanios.png\">\n    <\/div>\n  <\/div>\n\n  <div class=\"card\">\n    <div class=\"image-invitado\">\n      <img decoding=\"async\" src=\"https:\/\/uninavarra.edu.co\/wp-content\/uploads\/2021\/11\/luz-dary-mejia.png\">\n    <\/div>\n  <\/div>\n\n  <div class=\"card\">\n    <div class=\"image-invitado\">\n      <img decoding=\"async\" src=\"https:\/\/uninavarra.edu.co\/wp-content\/uploads\/2021\/11\/juan-manuel-reyes.png\">\n    <\/div>\n  <\/div>\n\n  <div class=\"card\">\n    <div class=\"image-invitado\">\n      <img decoding=\"async\" src=\"https:\/\/uninavarra.edu.co\/wp-content\/uploads\/2021\/11\/guillermina-saldarriaga.png\">\n    <\/div>\n  <\/div>\n\n  <div class=\"card\">\n    <div class=\"image-invitado\">\n      <img decoding=\"async\" src=\"https:\/\/uninavarra.edu.co\/wp-content\/uploads\/2021\/11\/andres-martinez.png\">\n    <\/div>\n  <\/div>\n\n  <div class=\"card\">\n    <div class=\"image-invitado\">\n      <img decoding=\"async\" src=\"https:\/\/uninavarra.edu.co\/wp-content\/uploads\/2021\/11\/andres-guzman.png\">\n    <\/div>\n  <\/div>\n\n<\/div>\n\n\t\t<\/div>\n\t<\/div>\n\n\t\t<\/div> \n\t<\/div><\/div><\/div><\/div><div class=\"vc_row-full-width\"><\/div><div id=\"inversion\" data-vc-full-width=\"true\" data-vc-full-width-init=\"false\" class=\"wpb-container\"><div class=\"container\"><div class=\"vc_row wpb_row vc_row-fluid row\"><div class=\"col-sm-12  vc_\">\n\t\t<div class=\"wpb_wrapper\">\n\t\t\t\n\t<div class=\"wpb_raw_code wpb_raw_html wpb_content_element\" >\n\t\t<div class=\"wpb_wrapper\">\n\t\t\t<h2 style=\"text-align: center\">Investment<\/h2>\n<br>\n<div class=\"gallery-inversion\">\n<article class=\"card estudiantes-navarra\">\n<p class=\"descuento\">-25%<\/p>\n<a href=\"https:\/\/forms.gle\/W9rMwuqsKayfGmzL6\">\n<h4 class=\"title\">Navarrese Students<\/h4>\n<p class=\"precio-ordinario\"><\/p>\n<h3 class=\"precio-descuento\">$ 15.000<\/h3>\n<h5 class=\"vigencia\">Valid until November 3<\/h5>\n<hr>\n<h4 class=\"pague-aqui\">Pay here!<\/h4>\n<\/a>\n<\/article>\n<article class=\"card docentes-navarra\">\n<p class=\"descuento\">-25%<\/p>\n<a href=\"https:\/\/forms.gle\/W9rMwuqsKayfGmzL6\">\n<h4 class=\"title\">Navarrista Teachers, Graduates and Collaborators<\/h4>\n<p class=\"precio-ordinario\"><\/p>\n<h3 class=\"precio-descuento\">$ 20.000<\/h3>\n<h5 class=\"vigencia\">Valid until November 3<\/h5>\n<hr>\n<h4 class=\"pague-aqui\">Pay here!<\/h4>\n<\/a>\n<\/article>\n<article class=\"card publico-general\">\n<p class=\"descuento\">-25%<\/p>\n<a href=\"https:\/\/forms.gle\/W9rMwuqsKayfGmzL6\">\n<h4 class=\"title\">General Public<\/h4>\n<p class=\"precio-ordinario\"><\/p>\n<h3 class=\"precio-descuento\">$ 25.000<\/h3>\n<h5 class=\"vigencia\">Valid until November 3<\/h5>\n<hr>\n<h4 class=\"pague-aqui\">Pay here!<\/h4>\n<\/a>\n<\/article>\n<\/div>\n\t\t<\/div>\n\t<\/div>\n\n\t\t<\/div> \n\t<\/div><\/div><\/div><\/div><div class=\"vc_row-full-width\"><\/div><div id=\"comites\" data-vc-full-width=\"true\" data-vc-full-width-init=\"false\" class=\"wpb-container\"><div class=\"container\"><div class=\"vc_row wpb_row vc_row-fluid row\"><div class=\"col-sm-12  vc_\">\n\t\t<div class=\"wpb_wrapper\">\n\t\t\t\n\t<div class=\"wpb_text_column wpb_content_element\" >\n\t\t<div class=\"wpb_wrapper\">\n\t\t\t<h2 style=\"text-align: center;\">Committees<\/h2>\n\n\t\t<\/div>\n\t<\/div>\n<div class=\"vc_row wpb_row vc_inner vc_row-fluid\"><div class=\"vc_ col-sm-12\"><div class=\"vc_column-inner\"><div class=\"wpb_wrapper\">\n\t<div class=\"wpb_text_column wpb_content_element\" >\n\t\t<div class=\"wpb_wrapper\">\n\t\t\t<h3 style=\"text-align: center;\"><strong>Scientific Committee<\/strong><\/h3>\n\n\t\t<\/div>\n\t<\/div>\n<\/div><\/div><\/div><\/div><div class=\"vc_row wpb_row vc_inner vc_row-fluid integrantes\"><div class=\"vc_ col-sm-3\"><div class=\"vc_column-inner\"><div class=\"wpb_wrapper\"><\/div><\/div><\/div><div class=\"vc_ col-sm-3\"><div class=\"vc_column-inner\"><div class=\"wpb_wrapper\">\n\t<div class=\"wpb_text_column wpb_content_element\" >\n\t\t<div class=\"wpb_wrapper\">\n\t\t\t<p style=\"text-align: center;\"><strong>Sandra Milena Mesa<\/strong> <em><br \/>\nNursing Program Director<\/em><\/p>\n<p style=\"text-align: center;\"><strong>Luis Humberto Rodriguez<\/strong> <em><br \/>\nNursing Program Manager<\/em><\/p>\n<p style=\"text-align: center;\"><strong>Edna Gal\u00e1n<\/strong> <em><br \/>\nCINA Nursing Research Manager<\/em><\/p>\n<p class=\"diana\" style=\"text-align: center;\"><strong>Liliana Molina<\/strong> <em><br \/>\nNursing Program Teacher<\/em><\/p>\n\n\t\t<\/div>\n\t<\/div>\n<\/div><\/div><\/div><div class=\"vc_ col-sm-3\"><div class=\"vc_column-inner\"><div class=\"wpb_wrapper\">\n\t<div class=\"wpb_text_column wpb_content_element\" >\n\t\t<div class=\"wpb_wrapper\">\n\t\t\t<p style=\"text-align: center;\"><strong>Gloria Aleyda Gomez<\/strong> <em><br \/>\nNursing Program Teacher<\/em><\/p>\n<p style=\"text-align: center;\"><strong>\u00c1lvaro Torres<\/strong> <em><br \/>\nNursing Program Teacher<\/em><\/p>\n<p style=\"text-align: center;\"><strong>Viviana Garcia<\/strong> <em><br \/>\nNursing Program Teacher<\/em><\/p>\n<p class=\"diana\" style=\"text-align: center;\"><strong>Gloria Catalina Moreno<\/strong> <em><br \/>\nNursing Program Teacher<\/em><\/p>\n\n\t\t<\/div>\n\t<\/div>\n<\/div><\/div><\/div><div class=\"vc_ col-sm-3\"><div class=\"vc_column-inner\"><div class=\"wpb_wrapper\"><\/div><\/div><\/div><\/div><div class=\"vc_row wpb_row vc_inner vc_row-fluid\"><div class=\"vc_ col-sm-12\"><div class=\"vc_column-inner\"><div class=\"wpb_wrapper\">\n\t<div class=\"wpb_text_column wpb_content_element\" >\n\t\t<div class=\"wpb_wrapper\">\n\t\t\t<h3 style=\"text-align: center;\"><strong>Logistics Committee<\/strong><\/h3>\n\n\t\t<\/div>\n\t<\/div>\n<\/div><\/div><\/div><\/div><div class=\"vc_row wpb_row vc_inner vc_row-fluid integrantes\"><div class=\"vc_ col-sm-3\"><div class=\"vc_column-inner\"><div class=\"wpb_wrapper\"><\/div><\/div><\/div><div class=\"vc_ col-sm-3\"><div class=\"vc_column-inner\"><div class=\"wpb_wrapper\">\n\t<div class=\"wpb_text_column wpb_content_element\" >\n\t\t<div class=\"wpb_wrapper\">\n\t\t\t<p style=\"text-align: center;\"><strong>Jesus Mauricio Gonzalez Martinez<\/strong> <em><br \/>\nDirector CINA<\/em><\/p>\n<p style=\"text-align: center;\"><strong>Johana D\u00edaz Hincapi\u00e9<\/strong> <em><br \/>\nInternational Cooperation Coordinator<\/em><\/p>\n<p style=\"text-align: center;\"><strong>Johnny Sandoval<\/strong> <em><br \/>\nInformation and Communication Technologies Leader<\/em><\/p>\n<p class=\"diana\" style=\"text-align: center;\"><strong>Katherine Rojas<\/strong> <em><br \/>\nCommunications and Marketing Management<\/em><\/p>\n\n\t\t<\/div>\n\t<\/div>\n<\/div><\/div><\/div><div class=\"vc_ col-sm-3\"><div class=\"vc_column-inner\"><div class=\"wpb_wrapper\">\n\t<div class=\"wpb_text_column wpb_content_element\" >\n\t\t<div class=\"wpb_wrapper\">\n\t\t\t<p style=\"text-align: center;\"><strong>Juan Carlos Camargo Cuellar<\/strong> <em><br \/>\nChief Financial Officer<\/em><\/p>\n<p style=\"text-align: center;\"><strong>Angie Silva<\/strong> <em><br \/>\nCommunications and Marketing Management Support<\/em><\/p>\n<p style=\"text-align: center;\"><strong>Sandra Milena Mesa<\/strong> <em><br \/>\nNursing Program Management<\/em><\/p>\n<p class=\"diana\" style=\"text-align: center;\"><strong>Luis Humberto Rodriguez<\/strong> <em><br \/>\nNursing Program Manager<\/em><\/p>\n\n\t\t<\/div>\n\t<\/div>\n<\/div><\/div><\/div><div class=\"vc_ col-sm-3\"><div class=\"vc_column-inner\"><div class=\"wpb_wrapper\"><\/div><\/div><\/div><\/div>\n\t\t<\/div> \n\t<\/div><\/div><\/div><\/div><div class=\"vc_row-full-width\"><\/div><div id=\"organiza\" data-vc-full-width=\"true\" data-vc-full-width-init=\"false\" data-vc-stretch-content=\"true\" class=\"wpb-container\"><div class=\"container\"><div class=\"vc_row wpb_row vc_row-fluid row\"><div class=\"col-sm-12  vc_\">\n\t\t<div class=\"wpb_wrapper\">\n\t\t\t\n\t<div class=\"wpb_text_column wpb_content_element\" >\n\t\t<div class=\"wpb_wrapper\">\n\t\t\t<h2 style=\"text-align: center;\">Organized by<\/h2>\n\n\t\t<\/div>\n\t<\/div>\n<div class=\"vc_row wpb_row vc_inner vc_row-fluid vc_row-o-content-middle vc_row-flex\"><div class=\"vc_ col-sm-12\"><div class=\"vc_column-inner\"><div class=\"wpb_wrapper\"><div class=\"wpb_single_image wpb_content_element vc_align_center\">\n\t\t<div class=\"wpb_wrapper\">\n\t\t\t\n\t\t\t<a href=\"#\" target=\"_self\"><img decoding=\"async\" width=\"900\" height=\"109\" src=\"https:\/\/uninavarra.edu.co\/wp-content\/uploads\/2021\/10\/organiza-vi-congreso-enfermeria-2021-2-1024x124.png\" class=\"vc_box_border_grey attachment-large\" alt=\"\" title=\"organiza-vi-congreso-enfermeria-2021-2\" srcset=\"https:\/\/uninavarra.edu.co\/wp-content\/uploads\/2021\/10\/organiza-vi-congreso-enfermeria-2021-2-1024x124.png 1024w, https:\/\/uninavarra.edu.co\/wp-content\/uploads\/2021\/10\/organiza-vi-congreso-enfermeria-2021-2-150x18.png 150w, https:\/\/uninavarra.edu.co\/wp-content\/uploads\/2021\/10\/organiza-vi-congreso-enfermeria-2021-2-300x36.png 300w, https:\/\/uninavarra.edu.co\/wp-content\/uploads\/2021\/10\/organiza-vi-congreso-enfermeria-2021-2-768x93.png 768w, https:\/\/uninavarra.edu.co\/wp-content\/uploads\/2021\/10\/organiza-vi-congreso-enfermeria-2021-2-1536x186.png 1536w, https:\/\/uninavarra.edu.co\/wp-content\/uploads\/2021\/10\/organiza-vi-congreso-enfermeria-2021-2-2048x248.png 2048w\" sizes=\"(max-width: 900px) 100vw, 900px\" \/><\/a>\n\t\t<\/div> \n\t<\/div><\/div><\/div><\/div><\/div>\n\t\t<\/div> \n\t<\/div><\/div><\/div><\/div><div class=\"vc_row-full-width\"><\/div><div data-vc-full-width=\"true\" data-vc-full-width-init=\"false\" data-vc-stretch-content=\"true\" class=\"wpb-container\"><div class=\"container\"><div class=\"vc_row wpb_row vc_row-fluid row\"><div class=\"col-sm-12  vc_\">\n\t\t<div class=\"wpb_wrapper\">\n\t\t\t\n\t<div class=\"wpb_text_column wpb_content_element\" >\n\t\t<div class=\"wpb_wrapper\">\n\t\t\t<h2 style=\"text-align: center;\">Contact<\/h2>\n<p style=\"text-align: center;\"><a href=\"mailto:congresoenfermeria@uninavarra.edu.co\">congresoenfermeria@uninavarra.edu.co<\/a><\/p>\n\n\t\t<\/div>\n\t<\/div>\n\n\t\t<\/div> \n\t<\/div><\/div><\/div><\/div><div class=\"vc_row-full-width\"><\/div><div class=\"wpb-container\"><div class=\"container\"><div class=\"vc_row wpb_row vc_row-fluid row\"><div class=\"col-sm-12  vc_\">\n\t\t<div class=\"wpb_wrapper\">\n\t\t\t\n\t<div class=\"wpb_raw_code wpb_raw_html wpb_content_element\" >\n\t\t<div class=\"wpb_wrapper\">\n\t\t\t<link href=\"https:\/\/fonts.googleapis.com\/css?family=Comfortaa|Questrial|Quicksand|Raleway&display=swap\" rel=\"stylesheet\">\n\t\t<\/div>\n\t<\/div>\n\n\t\t<\/div> \n\t<\/div><\/div><\/div><\/div><\/section>\n<\/div>","protected":false},"excerpt":{"rendered":"Inscripciones Programaci\u00f3n Afiche Versiones anteriores Presentaci\u00f3n El VI Congreso Nacional y I Congreso Internacional de Enfermer\u00eda \u2013 Experiencias de Cuidado Frente a la Innovaci\u00f3n se llevar\u00e1 a cabo en modalidad [...]","protected":false},"author":13,"featured_media":0,"parent":37269,"menu_order":0,"comment_status":"closed","ping_status":"closed","template":"","meta":{"footnotes":""},"categories":[1],"tags":[],"class_list":["post-41463","page","type-page","status-publish","hentry","category-uncategorized"],"yoast_head":"<!-- This site is optimized with the Yoast SEO plugin v27.2 - https:\/\/yoast.com\/product\/yoast-seo-wordpress\/ -->\n<title>VI Congreso Nacional y I Congreso Internacional de Enfermer\u00eda - Uninavarra<\/title>\n<meta name=\"robots\" content=\"index, follow, max-snippet:-1, max-image-preview:large, max-video-preview:-1\" \/>\n<link rel=\"canonical\" href=\"https:\/\/uninavarra.edu.co\/en\/ciina\/eventos\/2021_\/vi-congreso-nacional-i-congreso-internacional-enfermeria\/\" \/>\n<meta property=\"og:locale\" content=\"en_US\" \/>\n<meta property=\"og:type\" content=\"article\" \/>\n<meta property=\"og:title\" content=\"VI Congreso Nacional y I Congreso Internacional de Enfermer\u00eda - Uninavarra\" \/>\n<meta property=\"og:url\" content=\"https:\/\/uninavarra.edu.co\/en\/ciina\/eventos\/2021_\/vi-congreso-nacional-i-congreso-internacional-enfermeria\/\" \/>\n<meta property=\"og:site_name\" content=\"Uninavarra\" \/>\n<meta property=\"article:publisher\" content=\"https:\/\/www.facebook.com\/UninavarraEduca\" \/>\n<meta property=\"article:modified_time\" content=\"2021-11-04T13:58:27+00:00\" \/>\n<meta name=\"twitter:card\" content=\"summary_large_image\" \/>\n<meta name=\"twitter:site\" content=\"@uninavarraeduca\" \/>\n<meta name=\"twitter:label1\" content=\"Est. reading time\" \/>\n\t<meta name=\"twitter:data1\" content=\"6 minutes\" \/>\n<script type=\"application\/ld+json\" class=\"yoast-schema-graph\">{\"@context\":\"https:\/\/schema.org\",\"@graph\":[{\"@type\":\"WebPage\",\"@id\":\"https:\/\/uninavarra.edu.co\/ciina\/eventos\/2021_\/vi-congreso-nacional-i-congreso-internacional-enfermeria\/\",\"url\":\"https:\/\/uninavarra.edu.co\/ciina\/eventos\/2021_\/vi-congreso-nacional-i-congreso-internacional-enfermeria\/\",\"name\":\"VI Congreso Nacional y I Congreso Internacional de Enfermer\u00eda - Uninavarra\",\"isPartOf\":{\"@id\":\"https:\/\/uninavarra.edu.co\/#website\"},\"datePublished\":\"2021-10-15T17:41:46+00:00\",\"dateModified\":\"2021-11-04T13:58:27+00:00\",\"breadcrumb\":{\"@id\":\"https:\/\/uninavarra.edu.co\/ciina\/eventos\/2021_\/vi-congreso-nacional-i-congreso-internacional-enfermeria\/#breadcrumb\"},\"inLanguage\":\"en-US\",\"potentialAction\":[{\"@type\":\"ReadAction\",\"target\":[\"https:\/\/uninavarra.edu.co\/ciina\/eventos\/2021_\/vi-congreso-nacional-i-congreso-internacional-enfermeria\/\"]}]},{\"@type\":\"BreadcrumbList\",\"@id\":\"https:\/\/uninavarra.edu.co\/ciina\/eventos\/2021_\/vi-congreso-nacional-i-congreso-internacional-enfermeria\/#breadcrumb\",\"itemListElement\":[{\"@type\":\"ListItem\",\"position\":1,\"name\":\"Home\",\"item\":\"https:\/\/uninavarra.edu.co\/\"},{\"@type\":\"ListItem\",\"position\":2,\"name\":\"CIINA\",\"item\":\"https:\/\/uninavarra.edu.co\/ciina\/\"},{\"@type\":\"ListItem\",\"position\":3,\"name\":\"Eventos\",\"item\":\"https:\/\/uninavarra.edu.co\/ciina\/eventos\/\"},{\"@type\":\"ListItem\",\"position\":4,\"name\":\"Eventos: 2021\",\"item\":\"https:\/\/uninavarra.edu.co\/ciina\/eventos\/2021_\/\"},{\"@type\":\"ListItem\",\"position\":5,\"name\":\"VI Congreso Nacional y I Congreso Internacional de Enfermer\u00eda\"}]},{\"@type\":\"WebSite\",\"@id\":\"https:\/\/uninavarra.edu.co\/#website\",\"url\":\"https:\/\/uninavarra.edu.co\/\",\"name\":\"UNINAVARRA\",\"description\":\"Haz realidad tu deseo de aprender\",\"publisher\":{\"@id\":\"https:\/\/uninavarra.edu.co\/#organization\"},\"potentialAction\":[{\"@type\":\"SearchAction\",\"target\":{\"@type\":\"EntryPoint\",\"urlTemplate\":\"https:\/\/uninavarra.edu.co\/?s={search_term_string}\"},\"query-input\":{\"@type\":\"PropertyValueSpecification\",\"valueRequired\":true,\"valueName\":\"search_term_string\"}}],\"inLanguage\":\"en-US\"},{\"@type\":\"Organization\",\"@id\":\"https:\/\/uninavarra.edu.co\/#organization\",\"name\":\"Fundaci\u00f3n Universitaria Navarra - UNINAVARRA\",\"url\":\"https:\/\/uninavarra.edu.co\/\",\"logo\":{\"@type\":\"ImageObject\",\"inLanguage\":\"en-US\",\"@id\":\"https:\/\/uninavarra.edu.co\/#\/schema\/logo\/image\/\",\"url\":\"https:\/\/uninavarra.edu.co\/wp-content\/uploads\/2024\/06\/Escudo-uninavarra-Solo.png\",\"contentUrl\":\"https:\/\/uninavarra.edu.co\/wp-content\/uploads\/2024\/06\/Escudo-uninavarra-Solo.png\",\"width\":1500,\"height\":1401,\"caption\":\"Fundaci\u00f3n Universitaria Navarra - UNINAVARRA\"},\"image\":{\"@id\":\"https:\/\/uninavarra.edu.co\/#\/schema\/logo\/image\/\"},\"sameAs\":[\"https:\/\/www.facebook.com\/UninavarraEduca\",\"https:\/\/x.com\/uninavarraeduca\",\"https:\/\/www.instagram.com\/uninavarra\/?hl=es\",\"https:\/\/www.linkedin.com\/in\/fundacin-universitaria-navarra-uninavarra-b41225222\/\"]}]}<\/script>\n<!-- \/ Yoast SEO plugin. -->","yoast_head_json":{"title":"VI Congreso Nacional y I Congreso Internacional de Enfermer\u00eda - Uninavarra","robots":{"index":"index","follow":"follow","max-snippet":"max-snippet:-1","max-image-preview":"max-image-preview:large","max-video-preview":"max-video-preview:-1"},"canonical":"https:\/\/uninavarra.edu.co\/en\/ciina\/eventos\/2021_\/vi-congreso-nacional-i-congreso-internacional-enfermeria\/","og_locale":"en_US","og_type":"article","og_title":"VI Congreso Nacional y I Congreso Internacional de Enfermer\u00eda - Uninavarra","og_url":"https:\/\/uninavarra.edu.co\/en\/ciina\/eventos\/2021_\/vi-congreso-nacional-i-congreso-internacional-enfermeria\/","og_site_name":"Uninavarra","article_publisher":"https:\/\/www.facebook.com\/UninavarraEduca","article_modified_time":"2021-11-04T13:58:27+00:00","twitter_card":"summary_large_image","twitter_site":"@uninavarraeduca","twitter_misc":{"Est. reading time":"6 minutes"},"schema":{"@context":"https:\/\/schema.org","@graph":[{"@type":"WebPage","@id":"https:\/\/uninavarra.edu.co\/ciina\/eventos\/2021_\/vi-congreso-nacional-i-congreso-internacional-enfermeria\/","url":"https:\/\/uninavarra.edu.co\/ciina\/eventos\/2021_\/vi-congreso-nacional-i-congreso-internacional-enfermeria\/","name":"VI Congreso Nacional y I Congreso Internacional de Enfermer\u00eda - Uninavarra","isPartOf":{"@id":"https:\/\/uninavarra.edu.co\/#website"},"datePublished":"2021-10-15T17:41:46+00:00","dateModified":"2021-11-04T13:58:27+00:00","breadcrumb":{"@id":"https:\/\/uninavarra.edu.co\/ciina\/eventos\/2021_\/vi-congreso-nacional-i-congreso-internacional-enfermeria\/#breadcrumb"},"inLanguage":"en-US","potentialAction":[{"@type":"ReadAction","target":["https:\/\/uninavarra.edu.co\/ciina\/eventos\/2021_\/vi-congreso-nacional-i-congreso-internacional-enfermeria\/"]}]},{"@type":"BreadcrumbList","@id":"https:\/\/uninavarra.edu.co\/ciina\/eventos\/2021_\/vi-congreso-nacional-i-congreso-internacional-enfermeria\/#breadcrumb","itemListElement":[{"@type":"ListItem","position":1,"name":"Home","item":"https:\/\/uninavarra.edu.co\/"},{"@type":"ListItem","position":2,"name":"CIINA","item":"https:\/\/uninavarra.edu.co\/ciina\/"},{"@type":"ListItem","position":3,"name":"Eventos","item":"https:\/\/uninavarra.edu.co\/ciina\/eventos\/"},{"@type":"ListItem","position":4,"name":"Eventos: 2021","item":"https:\/\/uninavarra.edu.co\/ciina\/eventos\/2021_\/"},{"@type":"ListItem","position":5,"name":"VI Congreso Nacional y I Congreso Internacional de Enfermer\u00eda"}]},{"@type":"WebSite","@id":"https:\/\/uninavarra.edu.co\/#website","url":"https:\/\/uninavarra.edu.co\/","name":"UNINAVARRA","description":"Make your desire to learn a reality","publisher":{"@id":"https:\/\/uninavarra.edu.co\/#organization"},"potentialAction":[{"@type":"SearchAction","target":{"@type":"EntryPoint","urlTemplate":"https:\/\/uninavarra.edu.co\/?s={search_term_string}"},"query-input":{"@type":"PropertyValueSpecification","valueRequired":true,"valueName":"search_term_string"}}],"inLanguage":"en-US"},{"@type":"Organization","@id":"https:\/\/uninavarra.edu.co\/#organization","name":"Navarre University Foundation - UNINAVARRA","url":"https:\/\/uninavarra.edu.co\/","logo":{"@type":"ImageObject","inLanguage":"en-US","@id":"https:\/\/uninavarra.edu.co\/#\/schema\/logo\/image\/","url":"https:\/\/uninavarra.edu.co\/wp-content\/uploads\/2024\/06\/Escudo-uninavarra-Solo.png","contentUrl":"https:\/\/uninavarra.edu.co\/wp-content\/uploads\/2024\/06\/Escudo-uninavarra-Solo.png","width":1500,"height":1401,"caption":"Fundaci\u00f3n Universitaria Navarra - UNINAVARRA"},"image":{"@id":"https:\/\/uninavarra.edu.co\/#\/schema\/logo\/image\/"},"sameAs":["https:\/\/www.facebook.com\/UninavarraEduca","https:\/\/x.com\/uninavarraeduca","https:\/\/www.instagram.com\/uninavarra\/?hl=es","https:\/\/www.linkedin.com\/in\/fundacin-universitaria-navarra-uninavarra-b41225222\/"]}]}},"_links":{"self":[{"href":"https:\/\/uninavarra.edu.co\/en\/wp-json\/wp\/v2\/pages\/41463","targetHints":{"allow":["GET"]}}],"collection":[{"href":"https:\/\/uninavarra.edu.co\/en\/wp-json\/wp\/v2\/pages"}],"about":[{"href":"https:\/\/uninavarra.edu.co\/en\/wp-json\/wp\/v2\/types\/page"}],"author":[{"embeddable":true,"href":"https:\/\/uninavarra.edu.co\/en\/wp-json\/wp\/v2\/users\/13"}],"replies":[{"embeddable":true,"href":"https:\/\/uninavarra.edu.co\/en\/wp-json\/wp\/v2\/comments?post=41463"}],"version-history":[{"count":0,"href":"https:\/\/uninavarra.edu.co\/en\/wp-json\/wp\/v2\/pages\/41463\/revisions"}],"up":[{"embeddable":true,"href":"https:\/\/uninavarra.edu.co\/en\/wp-json\/wp\/v2\/pages\/37269"}],"wp:attachment":[{"href":"https:\/\/uninavarra.edu.co\/en\/wp-json\/wp\/v2\/media?parent=41463"}],"wp:term":[{"taxonomy":"category","embeddable":true,"href":"https:\/\/uninavarra.edu.co\/en\/wp-json\/wp\/v2\/categories?post=41463"},{"taxonomy":"post_tag","embeddable":true,"href":"https:\/\/uninavarra.edu.co\/en\/wp-json\/wp\/v2\/tags?post=41463"}],"curies":[{"name":"wp","href":"https:\/\/api.w.org\/{rel}","templated":true}]}}