{"id":40360,"date":"2021-09-15T11:44:08","date_gmt":"2021-09-15T16:44:08","guid":{"rendered":"https:\/\/uninavarra.edu.co\/?page_id=40360"},"modified":"2021-11-19T09:30:03","modified_gmt":"2021-11-19T14:30:03","slug":"elecciones-uninavarra-2021","status":"publish","type":"page","link":"https:\/\/uninavarra.edu.co\/en\/elecciones-uninavarra-2021\/","title":{"rendered":"Uninavarra Elections 2021"},"content":{"rendered":"<div class=\"wpb-content-wrapper\"><section id=\"elecciones\" class=\"vc_section\"><div data-vc-full-width=\"true\" data-vc-full-width-init=\"false\" data-vc-stretch-content=\"true\" class=\"wpb-container\"><div class=\"container-full\"><div class=\"vc_row wpb_row vc_row-fluid row\"><div class=\"col-sm-12  vc_\">\n\t\t<div class=\"wpb_wrapper\">\n\t\t\t<div class=\"wpb_single_image wpb_content_element vc_align_center\">\n\t\t<div class=\"wpb_wrapper\">\n\t\t\t\n\t\t\t<a href=\"#\" target=\"_self\"><img fetchpriority=\"high\" decoding=\"async\" width=\"10417\" height=\"2928\" src=\"https:\/\/uninavarra.edu.co\/wp-content\/uploads\/2021\/09\/banner-elecciones-uninavarra-2021-scaled.jpg\" class=\"vc_box_border_grey attachment-full\" alt=\"\" title=\"banner-elections-uninavarra-2021\" \/><\/a>\n\t\t<\/div> \n\t<\/div>\n\t\t<\/div> \n\t<\/div><\/div><\/div><\/div><div class=\"vc_row-full-width\"><\/div><div class=\"wpb-container\"><div class=\"container\"><div class=\"vc_row wpb_row vc_row-fluid row\"><div class=\"col-sm-6  vc_\">\n\t\t<div class=\"wpb_wrapper\">\n\t\t\t<div class=\"vc_btn3-container vc_btn3-inline vc_do_btn\" ><a style=\"background-color:#e30613; color:#ffffff;\" class=\"vc_general vc_btn3 vc_btn3-size-md vc_btn3-shape-rounded vc_btn3-style-custom\" href=\"https:\/\/forms.gle\/HEAgkGr5WchcNqaR6\" title=\"\">Election of Student Representatives - UNINAVARRA's highest governing and management bodies.<\/a><\/div>\n\t\t<\/div> \n\t<\/div><div class=\"col-sm-6  vc_\">\n\t\t<div class=\"wpb_wrapper\">\n\t\t\t<div class=\"vc_btn3-container vc_btn3-inline vc_do_btn\" ><a style=\"background-color:#e30613; color:#ffffff;\" class=\"vc_general vc_btn3 vc_btn3-size-md vc_btn3-shape-rounded vc_btn3-style-custom\" href=\"https:\/\/forms.gle\/K5XrshFV4rKT3SMeA\" title=\"\">Election of Teachers' Representative - UNINAVARRA's Highest Governing and Management Bodies<\/a><\/div>\n\t\t<\/div> \n\t<\/div><\/div><\/div><\/div><div class=\"wpb-container\"><div class=\"container\"><div class=\"vc_row wpb_row vc_row-fluid row\"><div class=\"col-sm-12  vc_\">\n\t\t<div class=\"wpb_wrapper\">\n\t\t\t\n\t<div class=\"wpb_raw_code wpb_raw_html wpb_content_element\" >\n\t\t<div class=\"wpb_wrapper\">\n\t\t\t<div class=\"card mb-3\">\n  <div class=\"card-body\">\n    <h2 class=\"card-title\">Results<\/h2>\n    <hr>\n    <ul class=\"description\">\n      <li><h5><a href=\"https:\/\/uninavarra.edu.co\/wp-content\/uploads\/2021\/11\/acta-de-inscritos-y-verificacion-de-requisitos.pdf\">Record of Enrollment and Verification of Requirements for Teachers and Students aspiring to the Uninavarra Elections<\/a><h5><\/li>\n      <li><h5><a href=\"https:\/\/uninavarra.edu.co\/wp-content\/uploads\/2021\/11\/listado-docentes-habilitados-para-votar-elecciones-uninavarra-2021-2.pdf\">List of Qualified Voters - Teachers<\/a><h5><\/li>\n      <li><h5><a href=\"https:\/\/uninavarra.edu.co\/wp-content\/uploads\/2021\/11\/constancia-de-reclamaciones.pdf\">Proof of Claims<\/a><h5><\/li>\n      <li><h5><a href=\"https:\/\/uninavarra.edu.co\/wp-content\/uploads\/2021\/11\/listado-definitivo-de-candidatos-habilitados.pdf\">Final List of Qualified Candidates<\/a><h5><\/li>\n      <li><h5><a href=\"https:\/\/uninavarra.edu.co\/wp-content\/uploads\/2021\/11\/acta-declaratoria-decierta-eleccion-consejo-facultad-ciencias-de-la-salud.pdf\">Act Declaring the Election of the Health Sciences Faculty Council declared void.<\/a><h5><\/li>\n      <li><h5><a href=\"https:\/\/uninavarra.edu.co\/wp-content\/uploads\/2021\/11\/estudiantes-habilitados-para-votar-elecciones-uninavarra-2021-2.pdf\">List of Eligible Voters - Students<\/a><h5><\/li>\n\n      <li><h5><a href=\"https:\/\/uninavarra.edu.co\/wp-content\/uploads\/2021\/11\/adenda-acta-de-inscritos-y-verificacion-de-requisitos.pdf\">Addendum to the Enrollment and Verification of Requirements Act<\/a><h5><\/li>\n      <li><h5><a href=\"https:\/\/uninavarra.edu.co\/wp-content\/uploads\/2021\/11\/acta-general-de-resultados.pdf\">General Minutes of Results<\/a><h5><\/li>\n      <li><h5><a href=\"https:\/\/uninavarra.edu.co\/wp-content\/uploads\/2021\/11\/constancia-secretarial-resolucion-homologacion-de-resultados.pdf\">Secretary's Certificate - Resolution Approval of Results<\/a><h5><\/li>\n   <\/ul>\n  <\/div>\n<\/div>\n\n<div class=\"card mb-3\">\n  <div class=\"card-body\">\n    <h2 class=\"card-title\">Resolutions<\/h2>\n    <hr>\n    <ul class=\"description\">\n      <li><h5><a href=\"https:\/\/uninavarra.edu.co\/wp-content\/uploads\/2021\/09\/resolucion-001-2021-adopcion-sistema-voto-electronico-elecciones-2021-2022.pdf\">Resolution No 001 of 2021 - Adoption of Electronic Voting System Elections 2021-2022<\/a><h5><\/li>\n      <li><h5><a href=\"https:\/\/uninavarra.edu.co\/wp-content\/uploads\/2021\/09\/resolucion-007-2021-convocatoria-elecciones-2021.pdf\">Resolution No.007 of 2021 - Call for Elections 2021<\/a><\/h5><\/li>\n      <li><h5><a href=\"https:\/\/uninavarra.edu.co\/wp-content\/uploads\/2021\/09\/resolucion-008-2021-ampliacion-convocatoria-elecciones-2021.pdf\">Resolution No.008 of 2021 - Extension of the Call for Elections 2021<\/a><\/h5><\/li>\n      <li><h5><a href=\"https:\/\/uninavarra.edu.co\/wp-content\/uploads\/2021\/10\/resolucion-009-2021-ampliacion-2-convocatoria-elecciones-2021.pdf\">Resolution No.009 of 2021 - 2nd. Extension of the Call for Elections 2021<\/a><\/h5><\/li>\n      <li><h5><a href=\"https:\/\/uninavarra.edu.co\/wp-content\/uploads\/2021\/10\/resolucion-010-2021-ampliacion-convocatoria-elecciones.pdf\">Resolution No.010 of 2021 - 3rd Extension of the Call for Elections 2021<\/a><\/h5><\/li>\n      <li><h5><a href=\"https:\/\/uninavarra.edu.co\/wp-content\/uploads\/2021\/11\/resolucion-011-de-2021-homologacion-de-resultados.pdf\">Resolution No.011 of 2021 - Homologation of Uninavarra 2021 Election Results<\/a><\/h5><\/li>\n   <\/ul>\n  <\/div>\n<\/div>\n\n<div class=\"card mb-3\">\n  <div class=\"card-body\">\n    <h2 class=\"card-title\">Registration forms<\/h2>\n    <hr>\n    <ul class=\"description\">\n      <li><h5><a href=\"https:\/\/uninavarra.edu.co\/wp-content\/uploads\/2021\/09\/DO-FO-31-Ficha-de-inscripcion-Estudiantes-V01.xlsx\">DO-FO-31 Enrollment Form Students 2021<\/a><h5><\/li>\n      <li><h5><a href=\"https:\/\/uninavarra.edu.co\/wp-content\/uploads\/2021\/09\/DO-FO-32-Ficha-de-Inscripcion-Docentes-V01.xlsx\">DO-FO-32 Teacher Registration Form 2021<\/a><\/h5><\/li>\n   <\/ul>\n  <\/div>\n<\/div>\n\n\t\t<\/div>\n\t<\/div>\n\n\t\t<\/div> \n\t<\/div><\/div><\/div><\/div><div class=\"wpb-container\"><div class=\"container\"><div class=\"vc_row wpb_row vc_row-fluid row\"><div class=\"col-sm-12  vc_\">\n\t\t<div class=\"wpb_wrapper\">\n\t\t\t\n\t<div class=\"wpb_raw_code wpb_raw_html wpb_content_element\" >\n\t\t<div class=\"wpb_wrapper\">\n\t\t\t<link href=\"https:\/\/fonts.googleapis.com\/css?family=Comfortaa|Questrial|Quicksand|Raleway&display=swap\" rel=\"stylesheet\">\n\t\t<\/div>\n\t<\/div>\n\n\t\t<\/div> \n\t<\/div><\/div><\/div><\/div><\/section>\n<\/div>","protected":false},"excerpt":{"rendered":"Elecci\u00f3n Representante de Estudiantes - \u00d3rganos M\u00e1ximos de Gobierno y Direcci\u00f3n de UNINAVARRA Elecci\u00f3n Representante de Docentes - \u00d3rganos M\u00e1ximos de Gobierno y Direcci\u00f3n de UNINAVARRA Resultados Acta de Inscritos [...]","protected":false},"author":13,"featured_media":0,"parent":0,"menu_order":0,"comment_status":"closed","ping_status":"closed","template":"","meta":{"footnotes":""},"categories":[],"tags":[],"class_list":["post-40360","page","type-page","status-publish","hentry"],"yoast_head":"<!-- This site is optimized with the Yoast SEO plugin v27.4 - https:\/\/yoast.com\/product\/yoast-seo-wordpress\/ -->\n<title>Elecciones Uninavarra 2021 - Uninavarra<\/title>\n<meta name=\"robots\" content=\"index, follow, max-snippet:-1, max-image-preview:large, max-video-preview:-1\" \/>\n<link rel=\"canonical\" href=\"https:\/\/uninavarra.edu.co\/en\/elecciones-uninavarra-2021\/\" \/>\n<meta property=\"og:locale\" content=\"en_US\" \/>\n<meta property=\"og:type\" content=\"article\" \/>\n<meta property=\"og:title\" content=\"Elecciones Uninavarra 2021 - Uninavarra\" \/>\n<meta property=\"og:url\" content=\"https:\/\/uninavarra.edu.co\/en\/elecciones-uninavarra-2021\/\" \/>\n<meta property=\"og:site_name\" content=\"Uninavarra\" \/>\n<meta property=\"article:publisher\" content=\"https:\/\/www.facebook.com\/UninavarraEduca\" \/>\n<meta property=\"article:modified_time\" content=\"2021-11-19T14:30:03+00:00\" \/>\n<meta name=\"twitter:card\" content=\"summary_large_image\" \/>\n<meta name=\"twitter:site\" content=\"@uninavarraeduca\" \/>\n<meta name=\"twitter:label1\" content=\"Est. reading time\" \/>\n\t<meta name=\"twitter:data1\" content=\"4 minutes\" \/>\n<script type=\"application\/ld+json\" class=\"yoast-schema-graph\">{\"@context\":\"https:\\\/\\\/schema.org\",\"@graph\":[{\"@type\":\"WebPage\",\"@id\":\"https:\\\/\\\/uninavarra.edu.co\\\/en\\\/elecciones-uninavarra-2021\\\/\",\"url\":\"https:\\\/\\\/uninavarra.edu.co\\\/en\\\/elecciones-uninavarra-2021\\\/\",\"name\":\"Elecciones Uninavarra 2021 - Uninavarra\",\"isPartOf\":{\"@id\":\"https:\\\/\\\/uninavarra.edu.co\\\/#website\"},\"datePublished\":\"2021-09-15T16:44:08+00:00\",\"dateModified\":\"2021-11-19T14:30:03+00:00\",\"breadcrumb\":{\"@id\":\"https:\\\/\\\/uninavarra.edu.co\\\/en\\\/elecciones-uninavarra-2021\\\/#breadcrumb\"},\"inLanguage\":\"en-US\",\"potentialAction\":[{\"@type\":\"ReadAction\",\"target\":[\"https:\\\/\\\/uninavarra.edu.co\\\/en\\\/elecciones-uninavarra-2021\\\/\"]}]},{\"@type\":\"BreadcrumbList\",\"@id\":\"https:\\\/\\\/uninavarra.edu.co\\\/en\\\/elecciones-uninavarra-2021\\\/#breadcrumb\",\"itemListElement\":[{\"@type\":\"ListItem\",\"position\":1,\"name\":\"Home\",\"item\":\"https:\\\/\\\/uninavarra.edu.co\\\/\"},{\"@type\":\"ListItem\",\"position\":2,\"name\":\"Elecciones Uninavarra 2021\"}]},{\"@type\":\"WebSite\",\"@id\":\"https:\\\/\\\/uninavarra.edu.co\\\/#website\",\"url\":\"https:\\\/\\\/uninavarra.edu.co\\\/\",\"name\":\"UNINAVARRA\",\"description\":\"Haz realidad tu deseo de aprender\",\"publisher\":{\"@id\":\"https:\\\/\\\/uninavarra.edu.co\\\/#organization\"},\"potentialAction\":[{\"@type\":\"SearchAction\",\"target\":{\"@type\":\"EntryPoint\",\"urlTemplate\":\"https:\\\/\\\/uninavarra.edu.co\\\/?s={search_term_string}\"},\"query-input\":{\"@type\":\"PropertyValueSpecification\",\"valueRequired\":true,\"valueName\":\"search_term_string\"}}],\"inLanguage\":\"en-US\"},{\"@type\":\"Organization\",\"@id\":\"https:\\\/\\\/uninavarra.edu.co\\\/#organization\",\"name\":\"Fundaci\u00f3n Universitaria Navarra - UNINAVARRA\",\"url\":\"https:\\\/\\\/uninavarra.edu.co\\\/\",\"logo\":{\"@type\":\"ImageObject\",\"inLanguage\":\"en-US\",\"@id\":\"https:\\\/\\\/uninavarra.edu.co\\\/#\\\/schema\\\/logo\\\/image\\\/\",\"url\":\"https:\\\/\\\/uninavarra.edu.co\\\/wp-content\\\/uploads\\\/2024\\\/06\\\/Escudo-uninavarra-Solo.png\",\"contentUrl\":\"https:\\\/\\\/uninavarra.edu.co\\\/wp-content\\\/uploads\\\/2024\\\/06\\\/Escudo-uninavarra-Solo.png\",\"width\":1500,\"height\":1401,\"caption\":\"Fundaci\u00f3n Universitaria Navarra - UNINAVARRA\"},\"image\":{\"@id\":\"https:\\\/\\\/uninavarra.edu.co\\\/#\\\/schema\\\/logo\\\/image\\\/\"},\"sameAs\":[\"https:\\\/\\\/www.facebook.com\\\/UninavarraEduca\",\"https:\\\/\\\/x.com\\\/uninavarraeduca\",\"https:\\\/\\\/www.instagram.com\\\/uninavarra\\\/?hl=es\",\"https:\\\/\\\/www.linkedin.com\\\/in\\\/fundacin-universitaria-navarra-uninavarra-b41225222\\\/\"]}]}<\/script>\n<!-- \/ Yoast SEO plugin. -->","yoast_head_json":{"title":"Elecciones Uninavarra 2021 - Uninavarra","robots":{"index":"index","follow":"follow","max-snippet":"max-snippet:-1","max-image-preview":"max-image-preview:large","max-video-preview":"max-video-preview:-1"},"canonical":"https:\/\/uninavarra.edu.co\/en\/elecciones-uninavarra-2021\/","og_locale":"en_US","og_type":"article","og_title":"Elecciones Uninavarra 2021 - Uninavarra","og_url":"https:\/\/uninavarra.edu.co\/en\/elecciones-uninavarra-2021\/","og_site_name":"Uninavarra","article_publisher":"https:\/\/www.facebook.com\/UninavarraEduca","article_modified_time":"2021-11-19T14:30:03+00:00","twitter_card":"summary_large_image","twitter_site":"@uninavarraeduca","twitter_misc":{"Est. reading time":"4 minutes"},"schema":{"@context":"https:\/\/schema.org","@graph":[{"@type":"WebPage","@id":"https:\/\/uninavarra.edu.co\/en\/elecciones-uninavarra-2021\/","url":"https:\/\/uninavarra.edu.co\/en\/elecciones-uninavarra-2021\/","name":"Elecciones Uninavarra 2021 - Uninavarra","isPartOf":{"@id":"https:\/\/uninavarra.edu.co\/#website"},"datePublished":"2021-09-15T16:44:08+00:00","dateModified":"2021-11-19T14:30:03+00:00","breadcrumb":{"@id":"https:\/\/uninavarra.edu.co\/en\/elecciones-uninavarra-2021\/#breadcrumb"},"inLanguage":"en-US","potentialAction":[{"@type":"ReadAction","target":["https:\/\/uninavarra.edu.co\/en\/elecciones-uninavarra-2021\/"]}]},{"@type":"BreadcrumbList","@id":"https:\/\/uninavarra.edu.co\/en\/elecciones-uninavarra-2021\/#breadcrumb","itemListElement":[{"@type":"ListItem","position":1,"name":"Home","item":"https:\/\/uninavarra.edu.co\/"},{"@type":"ListItem","position":2,"name":"Elecciones Uninavarra 2021"}]},{"@type":"WebSite","@id":"https:\/\/uninavarra.edu.co\/#website","url":"https:\/\/uninavarra.edu.co\/","name":"UNINAVARRA","description":"Make your desire to learn a reality","publisher":{"@id":"https:\/\/uninavarra.edu.co\/#organization"},"potentialAction":[{"@type":"SearchAction","target":{"@type":"EntryPoint","urlTemplate":"https:\/\/uninavarra.edu.co\/?s={search_term_string}"},"query-input":{"@type":"PropertyValueSpecification","valueRequired":true,"valueName":"search_term_string"}}],"inLanguage":"en-US"},{"@type":"Organization","@id":"https:\/\/uninavarra.edu.co\/#organization","name":"Navarre University Foundation - UNINAVARRA","url":"https:\/\/uninavarra.edu.co\/","logo":{"@type":"ImageObject","inLanguage":"en-US","@id":"https:\/\/uninavarra.edu.co\/#\/schema\/logo\/image\/","url":"https:\/\/uninavarra.edu.co\/wp-content\/uploads\/2024\/06\/Escudo-uninavarra-Solo.png","contentUrl":"https:\/\/uninavarra.edu.co\/wp-content\/uploads\/2024\/06\/Escudo-uninavarra-Solo.png","width":1500,"height":1401,"caption":"Fundaci\u00f3n Universitaria Navarra - UNINAVARRA"},"image":{"@id":"https:\/\/uninavarra.edu.co\/#\/schema\/logo\/image\/"},"sameAs":["https:\/\/www.facebook.com\/UninavarraEduca","https:\/\/x.com\/uninavarraeduca","https:\/\/www.instagram.com\/uninavarra\/?hl=es","https:\/\/www.linkedin.com\/in\/fundacin-universitaria-navarra-uninavarra-b41225222\/"]}]}},"_links":{"self":[{"href":"https:\/\/uninavarra.edu.co\/en\/wp-json\/wp\/v2\/pages\/40360","targetHints":{"allow":["GET"]}}],"collection":[{"href":"https:\/\/uninavarra.edu.co\/en\/wp-json\/wp\/v2\/pages"}],"about":[{"href":"https:\/\/uninavarra.edu.co\/en\/wp-json\/wp\/v2\/types\/page"}],"author":[{"embeddable":true,"href":"https:\/\/uninavarra.edu.co\/en\/wp-json\/wp\/v2\/users\/13"}],"replies":[{"embeddable":true,"href":"https:\/\/uninavarra.edu.co\/en\/wp-json\/wp\/v2\/comments?post=40360"}],"version-history":[{"count":0,"href":"https:\/\/uninavarra.edu.co\/en\/wp-json\/wp\/v2\/pages\/40360\/revisions"}],"wp:attachment":[{"href":"https:\/\/uninavarra.edu.co\/en\/wp-json\/wp\/v2\/media?parent=40360"}],"wp:term":[{"taxonomy":"category","embeddable":true,"href":"https:\/\/uninavarra.edu.co\/en\/wp-json\/wp\/v2\/categories?post=40360"},{"taxonomy":"post_tag","embeddable":true,"href":"https:\/\/uninavarra.edu.co\/en\/wp-json\/wp\/v2\/tags?post=40360"}],"curies":[{"name":"wp","href":"https:\/\/api.w.org\/{rel}","templated":true}]}}