{"id":39286,"date":"2021-07-23T13:13:06","date_gmt":"2021-07-23T18:13:06","guid":{"rendered":"https:\/\/uninavarra.edu.co\/?page_id=39286"},"modified":"2021-08-09T11:42:13","modified_gmt":"2021-08-09T16:42:13","slug":"invitados","status":"publish","type":"page","link":"https:\/\/uninavarra.edu.co\/en\/ciii-2021\/invitados\/","title":{"rendered":"Guests"},"content":{"rendered":"<div class=\"wpb-content-wrapper\"><section id=\"invitados\" class=\"vc_section\"><div class=\"wpb-container\"><div class=\"container\"><div class=\"vc_row wpb_row vc_row-fluid row\"><div class=\"col-sm-12  vc_\">\n\t\t<div class=\"wpb_wrapper\">\n\t\t\t\n\t<div class=\"wpb_raw_code wpb_raw_html wpb_content_element\" >\n\t\t<div class=\"wpb_wrapper\">\n\t\t\t<div class=\"gallery-invitados\">\n<div class=\"card\">\n<div class=\"bandera bandera-noruega\"><\/div>\n  <div class=\"image-invitado\">\n    <img decoding=\"async\" src=\"https:\/\/uninavarra.edu.co\/wp-content\/uploads\/2021\/07\/Antonio-Oliveira.jpg\">\n  <\/div>\n  <div class=\"card-body\">\n    <h4 class=\"card-title\">ANTONIO OLIVEIRA<\/h4>\n    <p class=\"description\">Researcher, Institute of Energy Technology<\/p>\n  <\/div>\n<\/div>\n<div class=\"card\">\n<div class=\"bandera bandera-argentina\"><\/div>\n  <div class=\"image-invitado\">\n    <img decoding=\"async\" src=\"https:\/\/uninavarra.edu.co\/wp-content\/uploads\/2021\/07\/Lucia-Bellocchio.jpg\">\n  <\/div>\n  <div class=\"card-body\">\n    <h4 class=\"card-title\">LUC\u00cdA BELLOCCHIO<\/h4>\n    <p class=\"description\">Innovation and Artificial Intelligence Laboratory Coordinator<\/p>\n  <\/div>\n<\/div>\n<div class=\"card\">\n<div class=\"bandera bandera-argentina\"><\/div>\n  <div class=\"image-invitado\">\n    <img decoding=\"async\" src=\"https:\/\/uninavarra.edu.co\/wp-content\/uploads\/2021\/07\/Emilio-Gudemos.jpg\">\n  <\/div>\n  <div class=\"card-body\">\n    <h4 class=\"card-title\">EMILIO GUDEMOS<\/h4>\n    <p class=\"description\">Professor, National University of C\u00f3rdoba<\/p>\n  <\/div>\n<\/div>\n<div class=\"card\">\n<div class=\"bandera bandera-peru\"><\/div>\n  <div class=\"image-invitado\">\n    <img decoding=\"async\" src=\"https:\/\/uninavarra.edu.co\/wp-content\/uploads\/2021\/07\/Rafael-Martinez.jpg\">\n  <\/div>\n  <div class=\"card-body\">\n    <h4 class=\"card-title\">RAFAEL MARTINEZ<\/h4>\n    <p class=\"description\">Director of Institutional Liaison, UTEL University<\/p>\n  <\/div>\n<\/div>\n<div class=\"card\">\n<div class=\"bandera bandera-espana\"><\/div>\n  <div class=\"image-invitado\">\n    <img decoding=\"async\" src=\"https:\/\/uninavarra.edu.co\/wp-content\/uploads\/2021\/07\/joana-sanchez.jpg\">\n  <\/div>\n  <div class=\"card-body\">\n    <h4 class=\"card-title\">JOANA S\u00c1NCHEZ<\/h4>\n    <p class=\"description\">Founder and President INCIPY<\/p>\n  <\/div>\n<\/div>\n<div class=\"card\">\n<div class=\"bandera bandera-colombia\"><\/div>\n  <div class=\"image-invitado\">\n    <img decoding=\"async\" src=\"https:\/\/uninavarra.edu.co\/wp-content\/uploads\/2021\/07\/Marta-Ramirez-2.jpg\">\n  <\/div>\n  <div class=\"card-body\">\n    <h4 class=\"card-title\">MARTHA RAM\u00cdREZ<\/h4>\n    <p class=\"description\">Director of Specializations and Master's Degrees, Universidad de La Sabana<\/p>\n  <\/div>\n<\/div>\n<div class=\"card\">\n<div class=\"bandera bandera-chile\"><\/div>\n  <div class=\"image-invitado\">\n    <img decoding=\"async\" src=\"https:\/\/uninavarra.edu.co\/wp-content\/uploads\/2021\/07\/Mario-Vera.jpg\">\n  <\/div>\n  <div class=\"card-body\">\n    <h4 class=\"card-title\">MARIO VERA<\/h4>\n    <p class=\"description\">Faculty, Institute of Biological and Medical Engineering<\/p>\n  <\/div>\n<\/div>\n<div class=\"card\">\n<div class=\"bandera bandera-italia\"><\/div>\n  <div class=\"image-invitado\">\n    <img decoding=\"async\" src=\"https:\/\/uninavarra.edu.co\/wp-content\/uploads\/2021\/07\/giovanni-di-nardo.jpg\">\n  <\/div>\n  <div class=\"card-body\">\n    <h4 class=\"card-title\">GIOVANNI DI NARDO<\/h4>\n    <p class=\"description\">Head of Endoscopy, University of Rome La Sapienzaa<\/p>\n  <\/div>\n<\/div>\n<\/div>\n\n\t\t<\/div>\n\t<\/div>\n\n\t\t<\/div> \n\t<\/div><\/div><\/div><\/div><\/section><div class=\"wpb-container\"><div class=\"container\"><div class=\"vc_row wpb_row vc_row-fluid row\"><div class=\"col-sm-12  vc_\">\n\t\t<div class=\"wpb_wrapper\">\n\t\t\t\n\t<div class=\"wpb_raw_code wpb_raw_html wpb_content_element\" >\n\t\t<div class=\"wpb_wrapper\">\n\t\t\t<head>\n<link href=\"https:\/\/fonts.googleapis.com\/css?family=Comfortaa|Questrial|Quicksand|Raleway&display=swap\" rel=\"stylesheet\">\n<\/head>\n\n\t\t<\/div>\n\t<\/div>\n\n\t\t<\/div> \n\t<\/div><\/div><\/div><\/div>\n<\/div>","protected":false},"excerpt":{"rendered":"ANTONIO OLIVEIRA Investigador, Instituto de Tecnolog\u00eda Energ\u00e9tica LUC\u00cdA BELLOCCHIO Coordinadora del Laboratorio de Innovacio\u0301n e Inteligencia Artificial EMILIO GUDEMOS Docente, Universidad Nacional de C\u00f3rdoba RAFAEL MART\u00cdNEZ Director de Vinculaci\u00f3n Institucional, [...]","protected":false},"author":13,"featured_media":0,"parent":21972,"menu_order":0,"comment_status":"closed","ping_status":"closed","template":"","meta":{"footnotes":""},"categories":[1],"tags":[],"class_list":["post-39286","page","type-page","status-publish","hentry","category-uncategorized"],"yoast_head":"<!-- This site is optimized with the Yoast SEO plugin v27.4 - https:\/\/yoast.com\/product\/yoast-seo-wordpress\/ -->\n<title>Invitados - Uninavarra<\/title>\n<meta name=\"robots\" content=\"index, follow, max-snippet:-1, max-image-preview:large, max-video-preview:-1\" \/>\n<link rel=\"canonical\" href=\"https:\/\/uninavarra.edu.co\/en\/ciii-2021\/invitados\/\" \/>\n<meta property=\"og:locale\" content=\"en_US\" \/>\n<meta property=\"og:type\" content=\"article\" \/>\n<meta property=\"og:title\" content=\"Invitados - Uninavarra\" \/>\n<meta property=\"og:url\" content=\"https:\/\/uninavarra.edu.co\/en\/ciii-2021\/invitados\/\" \/>\n<meta property=\"og:site_name\" content=\"Uninavarra\" \/>\n<meta property=\"article:publisher\" content=\"https:\/\/www.facebook.com\/UninavarraEduca\" \/>\n<meta property=\"article:modified_time\" content=\"2021-08-09T16:42:13+00:00\" \/>\n<meta name=\"twitter:card\" content=\"summary_large_image\" \/>\n<meta name=\"twitter:site\" content=\"@uninavarraeduca\" \/>\n<meta name=\"twitter:label1\" content=\"Est. reading time\" \/>\n\t<meta name=\"twitter:data1\" content=\"2 minutes\" \/>\n<script type=\"application\/ld+json\" class=\"yoast-schema-graph\">{\"@context\":\"https:\\\/\\\/schema.org\",\"@graph\":[{\"@type\":\"WebPage\",\"@id\":\"https:\\\/\\\/uninavarra.edu.co\\\/ciii-2021\\\/invitados\\\/\",\"url\":\"https:\\\/\\\/uninavarra.edu.co\\\/ciii-2021\\\/invitados\\\/\",\"name\":\"Invitados - Uninavarra\",\"isPartOf\":{\"@id\":\"https:\\\/\\\/uninavarra.edu.co\\\/#website\"},\"datePublished\":\"2021-07-23T18:13:06+00:00\",\"dateModified\":\"2021-08-09T16:42:13+00:00\",\"breadcrumb\":{\"@id\":\"https:\\\/\\\/uninavarra.edu.co\\\/ciii-2021\\\/invitados\\\/#breadcrumb\"},\"inLanguage\":\"en-US\",\"potentialAction\":[{\"@type\":\"ReadAction\",\"target\":[\"https:\\\/\\\/uninavarra.edu.co\\\/ciii-2021\\\/invitados\\\/\"]}]},{\"@type\":\"BreadcrumbList\",\"@id\":\"https:\\\/\\\/uninavarra.edu.co\\\/ciii-2021\\\/invitados\\\/#breadcrumb\",\"itemListElement\":[{\"@type\":\"ListItem\",\"position\":1,\"name\":\"Home\",\"item\":\"https:\\\/\\\/uninavarra.edu.co\\\/\"},{\"@type\":\"ListItem\",\"position\":2,\"name\":\"Congreso Internacional de Investigaci\u00f3n e Innovaci\u00f3n\",\"item\":\"https:\\\/\\\/uninavarra.edu.co\\\/ciii-2021\\\/\"},{\"@type\":\"ListItem\",\"position\":3,\"name\":\"Invitados\"}]},{\"@type\":\"WebSite\",\"@id\":\"https:\\\/\\\/uninavarra.edu.co\\\/#website\",\"url\":\"https:\\\/\\\/uninavarra.edu.co\\\/\",\"name\":\"UNINAVARRA\",\"description\":\"Haz realidad tu deseo de aprender\",\"publisher\":{\"@id\":\"https:\\\/\\\/uninavarra.edu.co\\\/#organization\"},\"potentialAction\":[{\"@type\":\"SearchAction\",\"target\":{\"@type\":\"EntryPoint\",\"urlTemplate\":\"https:\\\/\\\/uninavarra.edu.co\\\/?s={search_term_string}\"},\"query-input\":{\"@type\":\"PropertyValueSpecification\",\"valueRequired\":true,\"valueName\":\"search_term_string\"}}],\"inLanguage\":\"en-US\"},{\"@type\":\"Organization\",\"@id\":\"https:\\\/\\\/uninavarra.edu.co\\\/#organization\",\"name\":\"Fundaci\u00f3n Universitaria Navarra - UNINAVARRA\",\"url\":\"https:\\\/\\\/uninavarra.edu.co\\\/\",\"logo\":{\"@type\":\"ImageObject\",\"inLanguage\":\"en-US\",\"@id\":\"https:\\\/\\\/uninavarra.edu.co\\\/#\\\/schema\\\/logo\\\/image\\\/\",\"url\":\"https:\\\/\\\/uninavarra.edu.co\\\/wp-content\\\/uploads\\\/2024\\\/06\\\/Escudo-uninavarra-Solo.png\",\"contentUrl\":\"https:\\\/\\\/uninavarra.edu.co\\\/wp-content\\\/uploads\\\/2024\\\/06\\\/Escudo-uninavarra-Solo.png\",\"width\":1500,\"height\":1401,\"caption\":\"Fundaci\u00f3n Universitaria Navarra - UNINAVARRA\"},\"image\":{\"@id\":\"https:\\\/\\\/uninavarra.edu.co\\\/#\\\/schema\\\/logo\\\/image\\\/\"},\"sameAs\":[\"https:\\\/\\\/www.facebook.com\\\/UninavarraEduca\",\"https:\\\/\\\/x.com\\\/uninavarraeduca\",\"https:\\\/\\\/www.instagram.com\\\/uninavarra\\\/?hl=es\",\"https:\\\/\\\/www.linkedin.com\\\/in\\\/fundacin-universitaria-navarra-uninavarra-b41225222\\\/\"]}]}<\/script>\n<!-- \/ Yoast SEO plugin. -->","yoast_head_json":{"title":"Invitados - Uninavarra","robots":{"index":"index","follow":"follow","max-snippet":"max-snippet:-1","max-image-preview":"max-image-preview:large","max-video-preview":"max-video-preview:-1"},"canonical":"https:\/\/uninavarra.edu.co\/en\/ciii-2021\/invitados\/","og_locale":"en_US","og_type":"article","og_title":"Invitados - Uninavarra","og_url":"https:\/\/uninavarra.edu.co\/en\/ciii-2021\/invitados\/","og_site_name":"Uninavarra","article_publisher":"https:\/\/www.facebook.com\/UninavarraEduca","article_modified_time":"2021-08-09T16:42:13+00:00","twitter_card":"summary_large_image","twitter_site":"@uninavarraeduca","twitter_misc":{"Est. reading time":"2 minutes"},"schema":{"@context":"https:\/\/schema.org","@graph":[{"@type":"WebPage","@id":"https:\/\/uninavarra.edu.co\/ciii-2021\/invitados\/","url":"https:\/\/uninavarra.edu.co\/ciii-2021\/invitados\/","name":"Invitados - Uninavarra","isPartOf":{"@id":"https:\/\/uninavarra.edu.co\/#website"},"datePublished":"2021-07-23T18:13:06+00:00","dateModified":"2021-08-09T16:42:13+00:00","breadcrumb":{"@id":"https:\/\/uninavarra.edu.co\/ciii-2021\/invitados\/#breadcrumb"},"inLanguage":"en-US","potentialAction":[{"@type":"ReadAction","target":["https:\/\/uninavarra.edu.co\/ciii-2021\/invitados\/"]}]},{"@type":"BreadcrumbList","@id":"https:\/\/uninavarra.edu.co\/ciii-2021\/invitados\/#breadcrumb","itemListElement":[{"@type":"ListItem","position":1,"name":"Home","item":"https:\/\/uninavarra.edu.co\/"},{"@type":"ListItem","position":2,"name":"Congreso Internacional de Investigaci\u00f3n e Innovaci\u00f3n","item":"https:\/\/uninavarra.edu.co\/ciii-2021\/"},{"@type":"ListItem","position":3,"name":"Invitados"}]},{"@type":"WebSite","@id":"https:\/\/uninavarra.edu.co\/#website","url":"https:\/\/uninavarra.edu.co\/","name":"UNINAVARRA","description":"Make your desire to learn a reality","publisher":{"@id":"https:\/\/uninavarra.edu.co\/#organization"},"potentialAction":[{"@type":"SearchAction","target":{"@type":"EntryPoint","urlTemplate":"https:\/\/uninavarra.edu.co\/?s={search_term_string}"},"query-input":{"@type":"PropertyValueSpecification","valueRequired":true,"valueName":"search_term_string"}}],"inLanguage":"en-US"},{"@type":"Organization","@id":"https:\/\/uninavarra.edu.co\/#organization","name":"Navarre University Foundation - UNINAVARRA","url":"https:\/\/uninavarra.edu.co\/","logo":{"@type":"ImageObject","inLanguage":"en-US","@id":"https:\/\/uninavarra.edu.co\/#\/schema\/logo\/image\/","url":"https:\/\/uninavarra.edu.co\/wp-content\/uploads\/2024\/06\/Escudo-uninavarra-Solo.png","contentUrl":"https:\/\/uninavarra.edu.co\/wp-content\/uploads\/2024\/06\/Escudo-uninavarra-Solo.png","width":1500,"height":1401,"caption":"Fundaci\u00f3n Universitaria Navarra - UNINAVARRA"},"image":{"@id":"https:\/\/uninavarra.edu.co\/#\/schema\/logo\/image\/"},"sameAs":["https:\/\/www.facebook.com\/UninavarraEduca","https:\/\/x.com\/uninavarraeduca","https:\/\/www.instagram.com\/uninavarra\/?hl=es","https:\/\/www.linkedin.com\/in\/fundacin-universitaria-navarra-uninavarra-b41225222\/"]}]}},"_links":{"self":[{"href":"https:\/\/uninavarra.edu.co\/en\/wp-json\/wp\/v2\/pages\/39286","targetHints":{"allow":["GET"]}}],"collection":[{"href":"https:\/\/uninavarra.edu.co\/en\/wp-json\/wp\/v2\/pages"}],"about":[{"href":"https:\/\/uninavarra.edu.co\/en\/wp-json\/wp\/v2\/types\/page"}],"author":[{"embeddable":true,"href":"https:\/\/uninavarra.edu.co\/en\/wp-json\/wp\/v2\/users\/13"}],"replies":[{"embeddable":true,"href":"https:\/\/uninavarra.edu.co\/en\/wp-json\/wp\/v2\/comments?post=39286"}],"version-history":[{"count":0,"href":"https:\/\/uninavarra.edu.co\/en\/wp-json\/wp\/v2\/pages\/39286\/revisions"}],"up":[{"embeddable":true,"href":"https:\/\/uninavarra.edu.co\/en\/wp-json\/wp\/v2\/pages\/21972"}],"wp:attachment":[{"href":"https:\/\/uninavarra.edu.co\/en\/wp-json\/wp\/v2\/media?parent=39286"}],"wp:term":[{"taxonomy":"category","embeddable":true,"href":"https:\/\/uninavarra.edu.co\/en\/wp-json\/wp\/v2\/categories?post=39286"},{"taxonomy":"post_tag","embeddable":true,"href":"https:\/\/uninavarra.edu.co\/en\/wp-json\/wp\/v2\/tags?post=39286"}],"curies":[{"name":"wp","href":"https:\/\/api.w.org\/{rel}","templated":true}]}}