{"id":38371,"date":"2021-05-21T11:07:16","date_gmt":"2021-05-21T16:07:16","guid":{"rendered":"https:\/\/uninavarra.edu.co\/?page_id=38371"},"modified":"2021-08-09T11:43:46","modified_gmt":"2021-08-09T16:43:46","slug":"modelo-innovacion","status":"publish","type":"page","link":"https:\/\/uninavarra.edu.co\/en\/inicio-2-4-2\/innovacion-emprendimiento\/modelo-innovacion\/","title":{"rendered":""},"content":{"rendered":"<div class=\"wpb-content-wrapper\"><div class=\"wpb-container\"><div class=\"container\"><div class=\"vc_row wpb_row vc_row-fluid row\"><div class=\"col-sm-12  vc_\">\n\t\t<div class=\"wpb_wrapper\">\n\t\t\t\n\t<div class=\"wpb_raw_code wpb_raw_html wpb_content_element\" >\n\t\t<div class=\"wpb_wrapper\">\n\t\t\t<h1 style=\"text-align: center;\"><span style=\"color: #ff6600;\">ACADEMIC INNOVATION<\/span><\/h1>\n<center><marquee  direction=\"right\" width=\"100%\" height=\"90\" scrollamount=\"10\"> <img decoding=\"async\" src=\"https:\/\/uninavarra.edu.co\/wp-content\/uploads\/2020\/11\/ciclamiaau.jpg\" width=\"150\" height=\"150\" \/> <\/marquee><\/center>\n\t\t<\/div>\n\t<\/div>\n<div class=\"vc_separator wpb_content_element vc_separator_align_center vc_sep_width_100 vc_sep_border_width_5 vc_sep_pos_align_center vc_separator_no_text vc_sep_color_pink wpb_content_element  wpb_content_element\" ><span class=\"vc_sep_holder vc_sep_holder_l\"><span class=\"vc_sep_line\"><\/span><\/span><span class=\"vc_sep_holder vc_sep_holder_r\"><span class=\"vc_sep_line\"><\/span><\/span>\n<\/div>\n\t\t<\/div> \n\t<\/div><\/div><\/div><\/div><div class=\"wpb-container\"><div class=\"container\"><div class=\"vc_row wpb_row vc_row-fluid row\"><div class=\"col-sm-12  vc_\">\n\t\t<div class=\"wpb_wrapper\">\n\t\t\t\n\t<div class=\"wpb_text_column wpb_content_element\" >\n\t\t<div class=\"wpb_wrapper\">\n\t\t\t<p style=\"text-align: justify;\"><span style=\"font-size: 20px; color: #000000;\">As UNINAVARRA is a knowledge-generating organization and specifically a Higher Education Institution (HEI), academic innovation becomes the center of the process. It is approached from the processes associated with training, scientific, technical and research production, this approach within the MIAAU is then aligned with the concept of academic innovation.<\/span><\/p>\n<p style=\"text-align: justify;\"><span style=\"font-size: 20px; color: #000000;\">In order to give fulfillment and sustainability to academic innovation, UNINAVARRA defines a main objective with which it will guarantee this dynamic and continuous process throughout life, in favor of quality education, that is, to create an interdisciplinary and transdisciplinary simulated learning environment for the strengthening of competencies, abilities and skills of undergraduate and graduate students, in the practical training stage, allowing the transformation of teaching, curriculum and evaluation.<\/span><\/p>\n\n\t\t<\/div>\n\t<\/div>\n\n\t\t<\/div> \n\t<\/div><\/div><\/div><\/div><div class=\"wpb-container\"><div class=\"container\"><div class=\"vc_row wpb_row vc_row-fluid row\"><div class=\"col-sm-4  vc_\">\n\t\t<div class=\"wpb_wrapper\">\n\t\t\t<div class=\"wpb_single_image wpb_content_element wpb_animate_when_almost_visible wpb_bounceInDown bounceInDown vc_align_center\">\n\t\t<div class=\"wpb_wrapper\">\n\t\t\t\n\t\t\t<a href=\"https:\/\/uninavarra.edu.co\/inicio-2\/innovacion-emprendimiento\/modelo-innovacion\/ensenanza\/\" target=\"_self\"><span class=\"vc_box_shadow_3d_wrap\"><img fetchpriority=\"high\" decoding=\"async\" width=\"1080\" height=\"1080\" src=\"https:\/\/uninavarra.edu.co\/wp-content\/uploads\/2021\/05\/1-1.jpg\" class=\"vc_box_shadow_3d vc_box_border_grey attachment-full\" alt=\"\" title=\"1 (1)\" srcset=\"https:\/\/uninavarra.edu.co\/wp-content\/uploads\/2021\/05\/1-1.jpg 1080w, https:\/\/uninavarra.edu.co\/wp-content\/uploads\/2021\/05\/1-1-150x150.jpg 150w, https:\/\/uninavarra.edu.co\/wp-content\/uploads\/2021\/05\/1-1-300x300.jpg 300w, https:\/\/uninavarra.edu.co\/wp-content\/uploads\/2021\/05\/1-1-768x768.jpg 768w, https:\/\/uninavarra.edu.co\/wp-content\/uploads\/2021\/05\/1-1-1024x1024.jpg 1024w\" sizes=\"(max-width: 1080px) 100vw, 1080px\" \/><\/span><\/a>\n\t\t<\/div> \n\t<\/div>\n\t\t<\/div> \n\t<\/div><div class=\"col-sm-4  vc_\">\n\t\t<div class=\"wpb_wrapper\">\n\t\t\t<div class=\"wpb_single_image wpb_content_element wpb_animate_when_almost_visible wpb_bounceInDown bounceInDown vc_align_center\">\n\t\t<div class=\"wpb_wrapper\">\n\t\t\t\n\t\t\t<a href=\"https:\/\/uninavarra.edu.co\/inicio-2\/innovacion-emprendimiento\/modelo-innovacion\/curriculo\/\" target=\"_self\"><span class=\"vc_box_shadow_3d_wrap\"><img decoding=\"async\" width=\"1080\" height=\"1080\" src=\"https:\/\/uninavarra.edu.co\/wp-content\/uploads\/2021\/05\/2.jpg\" class=\"vc_box_shadow_3d vc_box_border_grey attachment-full\" alt=\"\" title=\"2\" srcset=\"https:\/\/uninavarra.edu.co\/wp-content\/uploads\/2021\/05\/2.jpg 1080w, https:\/\/uninavarra.edu.co\/wp-content\/uploads\/2021\/05\/2-150x150.jpg 150w, https:\/\/uninavarra.edu.co\/wp-content\/uploads\/2021\/05\/2-300x300.jpg 300w, https:\/\/uninavarra.edu.co\/wp-content\/uploads\/2021\/05\/2-768x768.jpg 768w, https:\/\/uninavarra.edu.co\/wp-content\/uploads\/2021\/05\/2-1024x1024.jpg 1024w\" sizes=\"(max-width: 1080px) 100vw, 1080px\" \/><\/span><\/a>\n\t\t<\/div> \n\t<\/div>\n\t\t<\/div> \n\t<\/div><div class=\"col-sm-4  vc_\">\n\t\t<div class=\"wpb_wrapper\">\n\t\t\t<div class=\"wpb_single_image wpb_content_element wpb_animate_when_almost_visible wpb_bounceInDown bounceInDown vc_align_center\">\n\t\t<div class=\"wpb_wrapper\">\n\t\t\t\n\t\t\t<a href=\"https:\/\/uninavarra.edu.co\/inicio-2\/innovacion-emprendimiento\/modelo-innovacion\/evaluacion\/\" target=\"_self\"><span class=\"vc_box_shadow_3d_wrap\"><img loading=\"lazy\" decoding=\"async\" width=\"1080\" height=\"1080\" src=\"https:\/\/uninavarra.edu.co\/wp-content\/uploads\/2021\/05\/3.jpg\" class=\"vc_box_shadow_3d vc_box_border_grey attachment-full\" alt=\"\" title=\"3\" srcset=\"https:\/\/uninavarra.edu.co\/wp-content\/uploads\/2021\/05\/3.jpg 1080w, https:\/\/uninavarra.edu.co\/wp-content\/uploads\/2021\/05\/3-150x150.jpg 150w, https:\/\/uninavarra.edu.co\/wp-content\/uploads\/2021\/05\/3-300x300.jpg 300w, https:\/\/uninavarra.edu.co\/wp-content\/uploads\/2021\/05\/3-768x768.jpg 768w, https:\/\/uninavarra.edu.co\/wp-content\/uploads\/2021\/05\/3-1024x1024.jpg 1024w\" sizes=\"(max-width: 1080px) 100vw, 1080px\" \/><\/span><\/a>\n\t\t<\/div> \n\t<\/div>\n\t\t<\/div> \n\t<\/div><\/div><\/div><\/div><div class=\"wpb-container\"><div class=\"container\"><div class=\"vc_row wpb_row vc_row-fluid row\"><div class=\"col-sm-12  vc_\">\n\t\t<div class=\"wpb_wrapper\">\n\t\t\t\n\t<div class=\"wpb_text_column wpb_content_element\" >\n\t\t<div class=\"wpb_wrapper\">\n\t\t\t<p><span style=\"color: #ffcc00; font-size: 28px;\">TEACHING SKILLS<\/span><\/p>\n\n\t\t<\/div>\n\t<\/div>\n\n\t<div class=\"wpb_text_column wpb_content_element\" >\n\t\t<div class=\"wpb_wrapper\">\n\t\t\t<p style=\"text-align: justify;\"><span style=\"color: #000000;\"><span style=\"font-size: 20px;\">UNINAVARRA creates an Institutional Innovation Policy, applied to the two Macroprocesses that lead the Academic and Administrative Innovation Model of UNINAVARRA - MIAAU, characterized by the creativity and motivation of human talent, to contribute from their processes, the initiatives that will lead to the transformation of the UNINAVARRA's processes. <\/span><span style=\"font-size: 20px;\">implementation of differentiating factors in its mission functions. Likewise, it is supported by the inclusion of the didactic technique of Learning Based on Challenges - ABR, as a strategy for the promotion of the innovation model, consequently, defining the strategic subjects in which interdisciplinary and transdisciplinary learning is developed in simulated learning environments, strengthening of external practices. <\/span><span style=\"font-size: 20px;\">and subjects in general, which make up the curricula of its undergraduate and graduate programs.<\/span><\/span><\/p>\n\n\t\t<\/div>\n\t<\/div>\n\n\t\t<\/div> \n\t<\/div><\/div><\/div><\/div><div class=\"wpb-container\"><div class=\"container\"><div class=\"vc_row wpb_row vc_row-fluid row\"><div class=\"col-sm-12  vc_\">\n\t\t<div class=\"wpb_wrapper\">\n\t\t\t\n\t<div class=\"wpb_text_column wpb_content_element\" >\n\t\t<div class=\"wpb_wrapper\">\n\t\t\t<p style=\"text-align: justify;\">\u00a0 \u00a0 \u00a0 \u00a0 \u00a0 \u00a0 \u00a0 \u00a0 \u00a0 \u00a0 <a href=\"#spu-38480\"><img loading=\"lazy\" decoding=\"async\" class=\"alignnone wp-image-38361\" src=\"https:\/\/uninavarra.edu.co\/wp-content\/uploads\/2021\/05\/4-1024x1024.jpg\" alt=\"\" width=\"200\" height=\"200\" srcset=\"https:\/\/uninavarra.edu.co\/wp-content\/uploads\/2021\/05\/4-1024x1024.jpg 1024w, https:\/\/uninavarra.edu.co\/wp-content\/uploads\/2021\/05\/4-150x150.jpg 150w, https:\/\/uninavarra.edu.co\/wp-content\/uploads\/2021\/05\/4-300x300.jpg 300w, https:\/\/uninavarra.edu.co\/wp-content\/uploads\/2021\/05\/4-768x768.jpg 768w, https:\/\/uninavarra.edu.co\/wp-content\/uploads\/2021\/05\/4.jpg 1080w\" sizes=\"(max-width: 200px) 100vw, 200px\" \/><\/a>\u00a0 \u00a0<a href=\"#spu-38496\"><img loading=\"lazy\" decoding=\"async\" class=\"alignnone wp-image-38362\" src=\"https:\/\/uninavarra.edu.co\/wp-content\/uploads\/2021\/05\/5-1024x1024.jpg\" alt=\"\" width=\"200\" height=\"200\" srcset=\"https:\/\/uninavarra.edu.co\/wp-content\/uploads\/2021\/05\/5-1024x1024.jpg 1024w, https:\/\/uninavarra.edu.co\/wp-content\/uploads\/2021\/05\/5-150x150.jpg 150w, https:\/\/uninavarra.edu.co\/wp-content\/uploads\/2021\/05\/5-300x300.jpg 300w, https:\/\/uninavarra.edu.co\/wp-content\/uploads\/2021\/05\/5-768x768.jpg 768w, https:\/\/uninavarra.edu.co\/wp-content\/uploads\/2021\/05\/5.jpg 1080w\" sizes=\"(max-width: 200px) 100vw, 200px\" \/><\/a> \u00a0 <a href=\"#spu-38542\"><img loading=\"lazy\" decoding=\"async\" class=\"alignnone wp-image-38363\" src=\"https:\/\/uninavarra.edu.co\/wp-content\/uploads\/2021\/05\/6-1024x1024.jpg\" alt=\"\" width=\"200\" height=\"200\" srcset=\"https:\/\/uninavarra.edu.co\/wp-content\/uploads\/2021\/05\/6-1024x1024.jpg 1024w, https:\/\/uninavarra.edu.co\/wp-content\/uploads\/2021\/05\/6-150x150.jpg 150w, https:\/\/uninavarra.edu.co\/wp-content\/uploads\/2021\/05\/6-300x300.jpg 300w, https:\/\/uninavarra.edu.co\/wp-content\/uploads\/2021\/05\/6-768x768.jpg 768w, https:\/\/uninavarra.edu.co\/wp-content\/uploads\/2021\/05\/6.jpg 1080w\" sizes=\"(max-width: 200px) 100vw, 200px\" \/><\/a>\u00a0 \u00a0<img loading=\"lazy\" decoding=\"async\" class=\"alignnone wp-image-38365\" src=\"https:\/\/uninavarra.edu.co\/wp-content\/uploads\/2021\/05\/9-1024x1024.png\" alt=\"\" width=\"200\" height=\"200\" srcset=\"https:\/\/uninavarra.edu.co\/wp-content\/uploads\/2021\/05\/9-1024x1024.png 1024w, https:\/\/uninavarra.edu.co\/wp-content\/uploads\/2021\/05\/9-150x150.png 150w, https:\/\/uninavarra.edu.co\/wp-content\/uploads\/2021\/05\/9-300x300.png 300w, https:\/\/uninavarra.edu.co\/wp-content\/uploads\/2021\/05\/9-768x768.png 768w, https:\/\/uninavarra.edu.co\/wp-content\/uploads\/2021\/05\/9.png 1080w\" sizes=\"(max-width: 200px) 100vw, 200px\" \/>\u00a0 \u00a0<img loading=\"lazy\" decoding=\"async\" class=\"alignnone wp-image-38366\" src=\"https:\/\/uninavarra.edu.co\/wp-content\/uploads\/2021\/05\/10-1024x1024.png\" alt=\"\" width=\"200\" height=\"200\" srcset=\"https:\/\/uninavarra.edu.co\/wp-content\/uploads\/2021\/05\/10-1024x1024.png 1024w, https:\/\/uninavarra.edu.co\/wp-content\/uploads\/2021\/05\/10-150x150.png 150w, https:\/\/uninavarra.edu.co\/wp-content\/uploads\/2021\/05\/10-300x300.png 300w, https:\/\/uninavarra.edu.co\/wp-content\/uploads\/2021\/05\/10-768x768.png 768w, https:\/\/uninavarra.edu.co\/wp-content\/uploads\/2021\/05\/10.png 1080w\" sizes=\"(max-width: 200px) 100vw, 200px\" \/><\/p>\n\n\t\t<\/div>\n\t<\/div>\n\n\t\t<\/div> \n\t<\/div><\/div><\/div><\/div><div class=\"wpb-container\"><div class=\"container\"><div class=\"vc_row wpb_row vc_row-fluid row\"><div class=\"col-sm-12  vc_\">\n\t\t<div class=\"wpb_wrapper\">\n\t\t\t\n\t<div class=\"wpb_text_column wpb_content_element\" >\n\t\t<div class=\"wpb_wrapper\">\n\t\t\t<p><span style=\"color: #ffcc00; font-size: 28px;\">TRAINER OF TRAINERS PROGRAM<\/span><\/p>\n\n\t\t<\/div>\n\t<\/div>\n\n\t<div class=\"wpb_text_column wpb_content_element\" >\n\t\t<div class=\"wpb_wrapper\">\n\t\t\t<p><span style=\"font-size: 20px; color: #000000;\">The Navarra University Foundation UNINAVARRA, since its conception, has been established as a: \"University Community of knowledge generation that deepens in autonomous learning, production and application of qualified knowledge for the exercise of professional, research and social service activities being an actor in the scientific, cultural, economic, political and ethical development at local and regional level with international, business and social vision under the principles of academic excellence\". This allows its constant relationship with the environment and its commitment to development, based on three policies duly established in the University Educational Project, PEU - Agreement 006 issued by the Superior Council on November 9, 2010 -, Policy of Extension and social interaction, Policy of relationship with the community and Policy of Relationship with the business sector.<\/span><\/p>\n\n\t\t<\/div>\n\t<\/div>\n<div class=\"wpb_single_image wpb_content_element wpb_animate_when_almost_visible wpb_bounceInLeft bounceInLeft vc_align_center\">\n\t\t<div class=\"wpb_wrapper\">\n\t\t\t\n\t\t\t<a href=\"#\" target=\"_self\"><span class=\"vc_box_shadow_3d_wrap\"><img loading=\"lazy\" decoding=\"async\" width=\"900\" height=\"316\" src=\"https:\/\/uninavarra.edu.co\/wp-content\/uploads\/2021\/05\/1-2-1024x360.jpg\" class=\"vc_box_shadow_3d vc_box_border_grey attachment-large\" alt=\"\" title=\"1 (2)\" srcset=\"https:\/\/uninavarra.edu.co\/wp-content\/uploads\/2021\/05\/1-2-1024x360.jpg 1024w, https:\/\/uninavarra.edu.co\/wp-content\/uploads\/2021\/05\/1-2-150x53.jpg 150w, https:\/\/uninavarra.edu.co\/wp-content\/uploads\/2021\/05\/1-2-300x106.jpg 300w, https:\/\/uninavarra.edu.co\/wp-content\/uploads\/2021\/05\/1-2-768x270.jpg 768w, https:\/\/uninavarra.edu.co\/wp-content\/uploads\/2021\/05\/1-2-1536x540.jpg 1536w, https:\/\/uninavarra.edu.co\/wp-content\/uploads\/2021\/05\/1-2-2048x720.jpg 2048w\" sizes=\"(max-width: 900px) 100vw, 900px\" \/><\/span><\/a>\n\t\t<\/div> \n\t<\/div>\n\t\t<\/div> \n\t<\/div><\/div><\/div><\/div><div class=\"wpb-container\"><div class=\"container\"><div class=\"vc_row wpb_row vc_row-fluid row\"><div class=\"col-sm-12  vc_\">\n\t\t<div class=\"wpb_wrapper\">\n\t\t\t\n\t<div class=\"wpb_text_column wpb_content_element\" >\n\t\t<div class=\"wpb_wrapper\">\n\t\t\t<p><span style=\"color: #ffcc00; font-size: 28px;\">UNINAVARRA MAJOR<\/span><\/p>\n\n\t\t<\/div>\n\t<\/div>\n\n\t<div class=\"wpb_text_column wpb_content_element\" >\n\t\t<div class=\"wpb_wrapper\">\n\t\t\t<p style=\"text-align: justify;\"><span style=\"font-size: 20px; color: #000000;\">Based on the premise that education is a right for all, UNINAVARRA considers that it should be part of the development and evolution of every human being, for this reason, its vision is directed towards learning at any time of life and in any scenario that may occur, according to the needs of the individual or by choice, as a life project. The day to day becomes a constant learning process that helps to improve the quality of life; this is how the objective of lifelong learning is being strengthened, which is immersed in the axis of intervention UNINAVARRA MAYOR. It is aimed at adults over 60 years of age and seeks to generate spaces for continuing education.<\/span><\/p>\n\n\t\t<\/div>\n\t<\/div>\n<div class=\"wpb_single_image wpb_content_element wpb_animate_when_almost_visible wpb_fadeInLeft fadeInLeft vc_align_center\">\n\t\t<div class=\"wpb_wrapper\">\n\t\t\t\n\t\t\t<a href=\"#\" target=\"_self\"><span class=\"vc_box_shadow_3d_wrap\"><img loading=\"lazy\" decoding=\"async\" width=\"900\" height=\"316\" src=\"https:\/\/uninavarra.edu.co\/wp-content\/uploads\/2021\/05\/2-1-1024x360.jpg\" class=\"vc_box_shadow_3d vc_box_border_grey attachment-large\" alt=\"\" title=\"2 (1)\" srcset=\"https:\/\/uninavarra.edu.co\/wp-content\/uploads\/2021\/05\/2-1-1024x360.jpg 1024w, https:\/\/uninavarra.edu.co\/wp-content\/uploads\/2021\/05\/2-1-150x53.jpg 150w, https:\/\/uninavarra.edu.co\/wp-content\/uploads\/2021\/05\/2-1-300x106.jpg 300w, https:\/\/uninavarra.edu.co\/wp-content\/uploads\/2021\/05\/2-1-768x270.jpg 768w, https:\/\/uninavarra.edu.co\/wp-content\/uploads\/2021\/05\/2-1-1536x540.jpg 1536w, https:\/\/uninavarra.edu.co\/wp-content\/uploads\/2021\/05\/2-1-2048x720.jpg 2048w\" sizes=\"(max-width: 900px) 100vw, 900px\" \/><\/span><\/a>\n\t\t<\/div> \n\t<\/div>\n\t\t<\/div> \n\t<\/div><\/div><\/div><\/div>\n<\/div>","protected":false},"excerpt":{"rendered":"INNOVACI\u00d3N ACAD\u00c9MICA Al ser UNINAVARRA una organizaci\u00f3n generadora de conocimiento y espec\u00edficamente una Instituci\u00f3n de Educaci\u00f3n Superior (IES), la innovaci\u00f3n acad\u00e9mica se convierte en el centro del proceso. Es abordada [...]","protected":false},"author":12,"featured_media":0,"parent":34753,"menu_order":0,"comment_status":"closed","ping_status":"closed","template":"","meta":{"footnotes":""},"categories":[1],"tags":[],"class_list":["post-38371","page","type-page","status-publish","hentry","category-uncategorized"],"yoast_head":"<!-- This site is optimized with the Yoast SEO plugin v27.2 - https:\/\/yoast.com\/product\/yoast-seo-wordpress\/ -->\n<title>- Uninavarra<\/title>\n<meta name=\"robots\" content=\"index, follow, max-snippet:-1, max-image-preview:large, max-video-preview:-1\" \/>\n<link rel=\"canonical\" href=\"https:\/\/uninavarra.edu.co\/en\/inicio-2-4-2\/innovacion-emprendimiento\/modelo-innovacion\/\" \/>\n<meta property=\"og:locale\" content=\"en_US\" \/>\n<meta property=\"og:type\" content=\"article\" \/>\n<meta property=\"og:title\" content=\"- Uninavarra\" \/>\n<meta property=\"og:url\" content=\"https:\/\/uninavarra.edu.co\/en\/inicio-2-4-2\/innovacion-emprendimiento\/modelo-innovacion\/\" \/>\n<meta property=\"og:site_name\" content=\"Uninavarra\" \/>\n<meta property=\"article:publisher\" content=\"https:\/\/www.facebook.com\/UninavarraEduca\" \/>\n<meta property=\"article:modified_time\" content=\"2021-08-09T16:43:46+00:00\" \/>\n<meta property=\"og:image\" content=\"https:\/\/uninavarra.edu.co\/wp-content\/uploads\/2021\/05\/4-1024x1024.jpg\" \/>\n<meta name=\"twitter:card\" content=\"summary_large_image\" \/>\n<meta name=\"twitter:site\" content=\"@uninavarraeduca\" \/>\n<meta name=\"twitter:label1\" content=\"Est. reading time\" \/>\n\t<meta name=\"twitter:data1\" content=\"4 minutes\" \/>\n<script type=\"application\/ld+json\" class=\"yoast-schema-graph\">{\"@context\":\"https:\/\/schema.org\",\"@graph\":[{\"@type\":\"WebPage\",\"@id\":\"https:\/\/uninavarra.edu.co\/en\/inicio-2-4-2\/innovacion-emprendimiento\/modelo-innovacion\/\",\"url\":\"https:\/\/uninavarra.edu.co\/en\/inicio-2-4-2\/innovacion-emprendimiento\/modelo-innovacion\/\",\"name\":\"- Uninavarra\",\"isPartOf\":{\"@id\":\"https:\/\/uninavarra.edu.co\/#website\"},\"primaryImageOfPage\":{\"@id\":\"https:\/\/uninavarra.edu.co\/en\/inicio-2-4-2\/innovacion-emprendimiento\/modelo-innovacion\/#primaryimage\"},\"image\":{\"@id\":\"https:\/\/uninavarra.edu.co\/en\/inicio-2-4-2\/innovacion-emprendimiento\/modelo-innovacion\/#primaryimage\"},\"thumbnailUrl\":\"https:\/\/uninavarra.edu.co\/wp-content\/uploads\/2021\/05\/4-1024x1024.jpg\",\"datePublished\":\"2021-05-21T16:07:16+00:00\",\"dateModified\":\"2021-08-09T16:43:46+00:00\",\"breadcrumb\":{\"@id\":\"https:\/\/uninavarra.edu.co\/en\/inicio-2-4-2\/innovacion-emprendimiento\/modelo-innovacion\/#breadcrumb\"},\"inLanguage\":\"en-US\",\"potentialAction\":[{\"@type\":\"ReadAction\",\"target\":[\"https:\/\/uninavarra.edu.co\/en\/inicio-2-4-2\/innovacion-emprendimiento\/modelo-innovacion\/\"]}]},{\"@type\":\"ImageObject\",\"inLanguage\":\"en-US\",\"@id\":\"https:\/\/uninavarra.edu.co\/en\/inicio-2-4-2\/innovacion-emprendimiento\/modelo-innovacion\/#primaryimage\",\"url\":\"https:\/\/uninavarra.edu.co\/wp-content\/uploads\/2021\/05\/4-1024x1024.jpg\",\"contentUrl\":\"https:\/\/uninavarra.edu.co\/wp-content\/uploads\/2021\/05\/4-1024x1024.jpg\"},{\"@type\":\"BreadcrumbList\",\"@id\":\"https:\/\/uninavarra.edu.co\/en\/inicio-2-4-2\/innovacion-emprendimiento\/modelo-innovacion\/#breadcrumb\",\"itemListElement\":[{\"@type\":\"ListItem\",\"position\":1,\"name\":\"Home\",\"item\":\"https:\/\/uninavarra.edu.co\/\"},{\"@type\":\"ListItem\",\"position\":2,\"name\":\"Inicio\",\"item\":\"https:\/\/uninavarra.edu.co\/\"}]},{\"@type\":\"WebSite\",\"@id\":\"https:\/\/uninavarra.edu.co\/#website\",\"url\":\"https:\/\/uninavarra.edu.co\/\",\"name\":\"UNINAVARRA\",\"description\":\"Haz realidad tu deseo de aprender\",\"publisher\":{\"@id\":\"https:\/\/uninavarra.edu.co\/#organization\"},\"potentialAction\":[{\"@type\":\"SearchAction\",\"target\":{\"@type\":\"EntryPoint\",\"urlTemplate\":\"https:\/\/uninavarra.edu.co\/?s={search_term_string}\"},\"query-input\":{\"@type\":\"PropertyValueSpecification\",\"valueRequired\":true,\"valueName\":\"search_term_string\"}}],\"inLanguage\":\"en-US\"},{\"@type\":\"Organization\",\"@id\":\"https:\/\/uninavarra.edu.co\/#organization\",\"name\":\"Fundaci\u00f3n Universitaria Navarra - UNINAVARRA\",\"url\":\"https:\/\/uninavarra.edu.co\/\",\"logo\":{\"@type\":\"ImageObject\",\"inLanguage\":\"en-US\",\"@id\":\"https:\/\/uninavarra.edu.co\/#\/schema\/logo\/image\/\",\"url\":\"https:\/\/uninavarra.edu.co\/wp-content\/uploads\/2024\/06\/Escudo-uninavarra-Solo.png\",\"contentUrl\":\"https:\/\/uninavarra.edu.co\/wp-content\/uploads\/2024\/06\/Escudo-uninavarra-Solo.png\",\"width\":1500,\"height\":1401,\"caption\":\"Fundaci\u00f3n Universitaria Navarra - UNINAVARRA\"},\"image\":{\"@id\":\"https:\/\/uninavarra.edu.co\/#\/schema\/logo\/image\/\"},\"sameAs\":[\"https:\/\/www.facebook.com\/UninavarraEduca\",\"https:\/\/x.com\/uninavarraeduca\",\"https:\/\/www.instagram.com\/uninavarra\/?hl=es\",\"https:\/\/www.linkedin.com\/in\/fundacin-universitaria-navarra-uninavarra-b41225222\/\"]}]}<\/script>\n<!-- \/ Yoast SEO plugin. -->","yoast_head_json":{"title":"- Uninavarra","robots":{"index":"index","follow":"follow","max-snippet":"max-snippet:-1","max-image-preview":"max-image-preview:large","max-video-preview":"max-video-preview:-1"},"canonical":"https:\/\/uninavarra.edu.co\/en\/inicio-2-4-2\/innovacion-emprendimiento\/modelo-innovacion\/","og_locale":"en_US","og_type":"article","og_title":"- Uninavarra","og_url":"https:\/\/uninavarra.edu.co\/en\/inicio-2-4-2\/innovacion-emprendimiento\/modelo-innovacion\/","og_site_name":"Uninavarra","article_publisher":"https:\/\/www.facebook.com\/UninavarraEduca","article_modified_time":"2021-08-09T16:43:46+00:00","og_image":[{"url":"https:\/\/uninavarra.edu.co\/wp-content\/uploads\/2021\/05\/4-1024x1024.jpg","type":"","width":"","height":""}],"twitter_card":"summary_large_image","twitter_site":"@uninavarraeduca","twitter_misc":{"Est. reading time":"4 minutes"},"schema":{"@context":"https:\/\/schema.org","@graph":[{"@type":"WebPage","@id":"https:\/\/uninavarra.edu.co\/en\/inicio-2-4-2\/innovacion-emprendimiento\/modelo-innovacion\/","url":"https:\/\/uninavarra.edu.co\/en\/inicio-2-4-2\/innovacion-emprendimiento\/modelo-innovacion\/","name":"- Uninavarra","isPartOf":{"@id":"https:\/\/uninavarra.edu.co\/#website"},"primaryImageOfPage":{"@id":"https:\/\/uninavarra.edu.co\/en\/inicio-2-4-2\/innovacion-emprendimiento\/modelo-innovacion\/#primaryimage"},"image":{"@id":"https:\/\/uninavarra.edu.co\/en\/inicio-2-4-2\/innovacion-emprendimiento\/modelo-innovacion\/#primaryimage"},"thumbnailUrl":"https:\/\/uninavarra.edu.co\/wp-content\/uploads\/2021\/05\/4-1024x1024.jpg","datePublished":"2021-05-21T16:07:16+00:00","dateModified":"2021-08-09T16:43:46+00:00","breadcrumb":{"@id":"https:\/\/uninavarra.edu.co\/en\/inicio-2-4-2\/innovacion-emprendimiento\/modelo-innovacion\/#breadcrumb"},"inLanguage":"en-US","potentialAction":[{"@type":"ReadAction","target":["https:\/\/uninavarra.edu.co\/en\/inicio-2-4-2\/innovacion-emprendimiento\/modelo-innovacion\/"]}]},{"@type":"ImageObject","inLanguage":"en-US","@id":"https:\/\/uninavarra.edu.co\/en\/inicio-2-4-2\/innovacion-emprendimiento\/modelo-innovacion\/#primaryimage","url":"https:\/\/uninavarra.edu.co\/wp-content\/uploads\/2021\/05\/4-1024x1024.jpg","contentUrl":"https:\/\/uninavarra.edu.co\/wp-content\/uploads\/2021\/05\/4-1024x1024.jpg"},{"@type":"BreadcrumbList","@id":"https:\/\/uninavarra.edu.co\/en\/inicio-2-4-2\/innovacion-emprendimiento\/modelo-innovacion\/#breadcrumb","itemListElement":[{"@type":"ListItem","position":1,"name":"Home","item":"https:\/\/uninavarra.edu.co\/"},{"@type":"ListItem","position":2,"name":"Inicio","item":"https:\/\/uninavarra.edu.co\/"}]},{"@type":"WebSite","@id":"https:\/\/uninavarra.edu.co\/#website","url":"https:\/\/uninavarra.edu.co\/","name":"UNINAVARRA","description":"Make your desire to learn a reality","publisher":{"@id":"https:\/\/uninavarra.edu.co\/#organization"},"potentialAction":[{"@type":"SearchAction","target":{"@type":"EntryPoint","urlTemplate":"https:\/\/uninavarra.edu.co\/?s={search_term_string}"},"query-input":{"@type":"PropertyValueSpecification","valueRequired":true,"valueName":"search_term_string"}}],"inLanguage":"en-US"},{"@type":"Organization","@id":"https:\/\/uninavarra.edu.co\/#organization","name":"Navarre University Foundation - UNINAVARRA","url":"https:\/\/uninavarra.edu.co\/","logo":{"@type":"ImageObject","inLanguage":"en-US","@id":"https:\/\/uninavarra.edu.co\/#\/schema\/logo\/image\/","url":"https:\/\/uninavarra.edu.co\/wp-content\/uploads\/2024\/06\/Escudo-uninavarra-Solo.png","contentUrl":"https:\/\/uninavarra.edu.co\/wp-content\/uploads\/2024\/06\/Escudo-uninavarra-Solo.png","width":1500,"height":1401,"caption":"Fundaci\u00f3n Universitaria Navarra - UNINAVARRA"},"image":{"@id":"https:\/\/uninavarra.edu.co\/#\/schema\/logo\/image\/"},"sameAs":["https:\/\/www.facebook.com\/UninavarraEduca","https:\/\/x.com\/uninavarraeduca","https:\/\/www.instagram.com\/uninavarra\/?hl=es","https:\/\/www.linkedin.com\/in\/fundacin-universitaria-navarra-uninavarra-b41225222\/"]}]}},"_links":{"self":[{"href":"https:\/\/uninavarra.edu.co\/en\/wp-json\/wp\/v2\/pages\/38371","targetHints":{"allow":["GET"]}}],"collection":[{"href":"https:\/\/uninavarra.edu.co\/en\/wp-json\/wp\/v2\/pages"}],"about":[{"href":"https:\/\/uninavarra.edu.co\/en\/wp-json\/wp\/v2\/types\/page"}],"author":[{"embeddable":true,"href":"https:\/\/uninavarra.edu.co\/en\/wp-json\/wp\/v2\/users\/12"}],"replies":[{"embeddable":true,"href":"https:\/\/uninavarra.edu.co\/en\/wp-json\/wp\/v2\/comments?post=38371"}],"version-history":[{"count":0,"href":"https:\/\/uninavarra.edu.co\/en\/wp-json\/wp\/v2\/pages\/38371\/revisions"}],"up":[{"embeddable":true,"href":"https:\/\/uninavarra.edu.co\/en\/wp-json\/wp\/v2\/pages\/34753"}],"wp:attachment":[{"href":"https:\/\/uninavarra.edu.co\/en\/wp-json\/wp\/v2\/media?parent=38371"}],"wp:term":[{"taxonomy":"category","embeddable":true,"href":"https:\/\/uninavarra.edu.co\/en\/wp-json\/wp\/v2\/categories?post=38371"},{"taxonomy":"post_tag","embeddable":true,"href":"https:\/\/uninavarra.edu.co\/en\/wp-json\/wp\/v2\/tags?post=38371"}],"curies":[{"name":"wp","href":"https:\/\/api.w.org\/{rel}","templated":true}]}}