{"id":37269,"date":"2021-03-23T11:19:37","date_gmt":"2021-03-23T16:19:37","guid":{"rendered":"https:\/\/uninavarra.edu.co\/?page_id=37269"},"modified":"2026-03-14T10:25:19","modified_gmt":"2026-03-14T15:25:19","slug":"2021_","status":"publish","type":"page","link":"https:\/\/uninavarra.edu.co\/en\/ciina\/eventos\/2021_\/","title":{"rendered":"Events: 2021"},"content":{"rendered":"<div class=\"wpb-content-wrapper\"><div class=\"wpb-container\"><div class=\"container\"><div class=\"vc_row wpb_row vc_row-fluid row\"><div class=\"col-sm-12  vc_\">\n\t\t<div class=\"wpb_wrapper\">\n\t\t\t\n\t<div class=\"wpb_raw_code wpb_raw_html wpb_content_element\" >\n\t\t<div class=\"wpb_wrapper\">\n\t\t\t<link rel=\"preconnect\" href=\"https:\/\/fonts.gstatic.com\">\n<link href=\"https:\/\/fonts.googleapis.com\/css2?family=Raleway:ital,wght@0,400;0,700;1,400&display=swap\" rel=\"stylesheet\">\n<link href=\"https:\/\/fonts.googleapis.com\/css2?family=Lato:wght@400;700&display=swap\" rel=\"stylesheet\">\n<link href=\"https:\/\/fonts.googleapis.com\/icon?family=Material+Icons\" rel=\"stylesheet\">\n\n<style>\n\/* Arregla el tama\u00f1o de la letra del slider cina ya que esta en 'rem' *\/ html {font-size: 100%} .navbar-mega .navbar-nav > li .dropdown-menu li a {font-size: 14px !important;}\n\n\/* CAMBIO COLOR DE LA LETRA Y ESTILO *\/\n#wpo-mainbody, #wpo-mainbody h2, #wpo-mainbody h3, #wpo-mainbody h4, #wpo-mainbody p, #wpo-mainbody a, #wpo-mainbody strong, #wpo-mainbody em, #wpo-mainbody th, #wpo-mainbody tr, #wpo-mainbody td, #wpo-mainbody ol, #wpo-mainbody ul, #wpo-mainbody li, #wpo-mainbody :after {\n    font-family: 'Raleway', sans-serif\n}\n\n#wpo-mainbody p {\n    font-size: 16px;\n    line-height: 20px;\n}\n\n#wpo-mainbody h4{\n        \/*overflow: hidden;\n   text-overflow: ellipsis;\n   display: -webkit-box;\n   -webkit-line-clamp: 2; \/* number of lines to show *\/\n           line-clamp: 2; \n   -webkit-box-orient: vertical;*\/\n    }\n\n#wpo-mainbody li {\n    font-size: 18px;\n    line-height: 30px;\n}\n\n#wpo-mainbody a {\n    text-decoration: none;\n    color: #555;\n}\n\n#wpo-mainbody a:hover {\n    transition: 0.4s;\n    color: rgb(239, 184, 16);\n}\n\n#wpo-mainbody strong {\n    line-height: 30px\n}\n\n\/* Estilo Aplicado en Listas de Semilleros de los Grupos de Investigaci\u00f3n *\/\n#wpo-mainbody .lista_semilleros ul {\n    padding-inline-start: 35px;\n}\n\n#wpo-mainbody .lista_semilleros li {\n\tline-height: 20px\n}\n\n#wpo-mainbody .lista_semilleros ul li {\n\tfont-size: 15px;\n\tmargin-left: 20px;\n\tmargin-bottom: 15px\n}\n\n#wpo-mainbody .lista_semilleros li:last-child ul li {\n\tmargin-bottom: 0\n}\n\n#wpo-mainbody .lista_semilleros ul li:before {\n    position: absolute;\n    background: none;\n}\n<\/style>\n\t\t<\/div>\n\t<\/div>\n\n\t\t<\/div> \n\t<\/div><\/div><\/div><\/div><div class=\"wpb-container\"><div class=\"container\"><div class=\"vc_row wpb_row vc_row-fluid row\"><div class=\"col-sm-12  vc_\">\n\t\t<div class=\"wpb_wrapper\">\n\t\t\t\n\t<div class=\"wpb_raw_code wpb_raw_html wpb_content_element\" >\n\t\t<div class=\"wpb_wrapper\">\n\t\t\t<div class=\"container\">\n\n    <div class=\"container2 extension\" id=\"extension\" >\n\n<div>\n    <a href=''>\n        <div class='card exte'>\n            <div class='card-header'>\n                <img src='https:\/\/development.uninavarra.edu.co\/wp-content\/uploads\/2021\/03\/Charlas-Bioetica_Artboard-1536x1068.jpg' alt='ejemplo i summit 2023'\/>\n            \n                <div class='card-body'>\n                    <h4 style='color:#ff0000;'>Talks on Bioethics, Copyright and Citation Standards <\/h4>\n                    <p>March 23rd<\/p>\n\t\t    <p>Time: 08:00 am<\/p>\n                <\/div>\n            <\/div>\n            <div class='card-footer'>\n                <a class='btn btn-block' style='background-color:#ff0000; margin-bottom:0; color:#ffffff' href='https:\/\/development.uninavarra.edu.co\/wp-content\/uploads\/2021\/03\/Charlas-Bioetica_Artboard-1536x1068.jpg'>LEARN MORE<\/a>\n            <\/div>\n        <\/div>\n    <\/a>\n<\/div>\n\n<div>\n    <a href=''>\n        <div class='card exte'>\n            <div class='card-header'>\n                <img src='https:\/\/development.uninavarra.edu.co\/wp-content\/uploads\/2021\/06\/Banner-Eventos-IVCII-1536x1075.jpg'\/>\n            \n                <div class='card-body'>\n                    <h4 style='color:#ff0000;'> IV International Research Congress <\/h4>\n                    <p>August 25<\/p>\n\t\t    <p>Time: 07:00 am<\/p>\n                <\/div>\n            <\/div>\n            <div class='card-footer'>\n                <a class='btn btn-block' style='background-color:#ff0000; margin-bottom:0; color:#ffffff' href=\"https:\/\/uninavarra.edu.co\/ciii-2021\/'\">LEARN MORE<\/a>\n            <\/div>\n        <\/div>\n    <\/a>\n<\/div>\n\n<div>\n    <a href=''>\n        <div class='card exte'>\n            <div class='card-header'>\n                <img src='https:\/\/development.uninavarra.edu.co\/wp-content\/uploads\/2021\/08\/banner-v-congreso-internacional-genero-768x463.jpg' alt='ejemplo i summit 2023'\/>\n            \n                <div class='card-body'>\n                    <h4 style='color:#ff0000;'> V International and IV National Gender Congress <\/h4>\n                    <p>August 25<\/p>\n\t\t    <p>Time: 7:00 am<\/p>\n                <\/div>\n            <\/div>\n            <div class='card-footer'>\n                <a class='btn btn-block' style='background-color:#ff0000; margin-bottom:0; color:#ffffff' href='https:\/\/uninavarra.edu.co\/cina\/eventos\/2021_\/v-congreso-internacional-iv-nacional-genero\/'>LEARN MORE<\/a>\n            <\/div>\n        <\/div>\n    <\/a>\n<\/div>\n\n<div>\n    <a href=''>\n        <div class='card exte'>\n            <div class='card-header'>\n                <img src='https:\/\/development.uninavarra.edu.co\/wp-content\/uploads\/2021\/09\/afiche-ii-congreso-internacional-y-nacional-en-derecho-768x994.jpg' alt='ejemplo i summit 2023'\/>\n            \n                <div class='card-body'>\n                    <h4 style='color:#ff0000;'>II International and National Congress on Law<\/h4>\n                     <p>October 21<\/p>\n\t\t    <p>Time: 7:00 am<\/p>\n                <\/div>\n            <\/div>\n            <div class='card-footer'>\n                <a class='btn btn-block' style='background-color:#ff0000; margin-bottom:0; color:#ffffff' href='https:\/\/uninavarra.edu.co\/ciina\/eventos\/2021_\/ii-congreso-internacional-nacional-derecho\/'>LEARN MORE<\/a>\n            <\/div>\n        <\/div>\n    <\/a>\n<\/div>\n\n<div>\n    <a href=''>\n        <div class='card exte'>\n            <div class='card-header'>\n                <img src='https:\/\/development.uninavarra.edu.co\/wp-content\/uploads\/2021\/10\/evento-vi-congreso-enfermeria-2021-2_portada-768x768.jpg' alt='ejemplo i summit 2023'\/>\n            \n                <div class='card-body'>\n                    <h4 style='color:#ff0000;'> VI National Congress and I International Congress on Nursing <\/h4>\n                   <p>November 04<\/p>\n\t\t    <p>Time: 07:00 am<\/p>\n                <\/div>\n            <\/div>\n            <div class='card-footer'>\n                <a class='btn btn-block' style='background-color:#ff0000; margin-bottom:0; color:#ffffff' href='https:\/\/uninavarra.edu.co\/ciina\/eventos\/2021_\/vi-congreso-nacional-i-congreso-internacional-enfermeria\/'>LEARN MORE<\/a>\n            <\/div>\n        <\/div>\n    <\/a>\n<\/div>\n\n<div>\n    <a href=''>\n        <div class='card exte'>\n            <div class='card-header'>\n                <img src='https:\/\/development.uninavarra.edu.co\/wp-content\/uploads\/2021\/11\/afiche-i-congreso-radiologia-2021-1-768x768.jpg'\/>\n            \n                <div class='card-body'>\n                    <h4 style='color:#ff0000;'> 1st National and International Congress on Innovation and Research in Radiology and Diagnostic Imaging<\/h4>\n                    <p>November 11<\/p>\n\t\t    <p>Time: 8:00 am<\/p>\n                <\/div>\n            <\/div>\n            <div class='card-footer'>\n                <a class='btn btn-block' style='background-color:#ff0000; margin-bottom:0; color:#ffffff' href='https:\/\/uninavarra.edu.co\/cina\/eventos\/2021_\/i-congreso-nacional-internacional-de-innovacion-e-investigacion-en-radiologia-e-imagenes-diagnosticas\/'>LEARN MORE<\/a>\n            <\/div>\n        <\/div>\n    <\/a>\n<\/div>\n\n\n\n\t\t\n\t<\/div>\n<\/div>\n\t\t<\/div>\n\t<\/div>\n\n\t\t<\/div> \n\t<\/div><\/div><\/div><\/div>\n<\/div>","protected":false},"excerpt":{"rendered":"Charlas sobre Bio\u00e9tica, Derechos de Autor y Normas de Citaci\u00f3n Marzo 23 Hora: 08:00 am CONOCER M\u00c1S IV Congreso Internacional de Investigaci\u00f3n Agosto 25 Hora: 07:00 am","protected":false},"author":13,"featured_media":0,"parent":14572,"menu_order":0,"comment_status":"closed","ping_status":"closed","template":"","meta":{"footnotes":""},"categories":[1],"tags":[],"class_list":["post-37269","page","type-page","status-publish","hentry","category-uncategorized"],"yoast_head":"<!-- This site is optimized with the Yoast SEO plugin v27.2 - https:\/\/yoast.com\/product\/yoast-seo-wordpress\/ -->\n<title>Eventos: 2021 - Uninavarra<\/title>\n<meta name=\"robots\" content=\"index, follow, max-snippet:-1, max-image-preview:large, max-video-preview:-1\" \/>\n<link rel=\"canonical\" href=\"https:\/\/uninavarra.edu.co\/en\/ciina\/eventos\/2021_\/\" \/>\n<meta property=\"og:locale\" content=\"en_US\" \/>\n<meta property=\"og:type\" content=\"article\" \/>\n<meta property=\"og:title\" content=\"Eventos: 2021 - Uninavarra\" \/>\n<meta property=\"og:url\" content=\"https:\/\/uninavarra.edu.co\/en\/ciina\/eventos\/2021_\/\" \/>\n<meta property=\"og:site_name\" content=\"Uninavarra\" \/>\n<meta property=\"article:publisher\" content=\"https:\/\/www.facebook.com\/UninavarraEduca\" \/>\n<meta property=\"article:modified_time\" content=\"2026-03-14T15:25:19+00:00\" \/>\n<meta name=\"twitter:card\" content=\"summary_large_image\" \/>\n<meta name=\"twitter:site\" content=\"@uninavarraeduca\" \/>\n<meta name=\"twitter:label1\" content=\"Est. reading time\" \/>\n\t<meta name=\"twitter:data1\" content=\"5 minutes\" \/>\n<script type=\"application\/ld+json\" class=\"yoast-schema-graph\">{\"@context\":\"https:\/\/schema.org\",\"@graph\":[{\"@type\":\"WebPage\",\"@id\":\"https:\/\/uninavarra.edu.co\/ciina\/eventos\/2021_\/\",\"url\":\"https:\/\/uninavarra.edu.co\/ciina\/eventos\/2021_\/\",\"name\":\"Eventos: 2021 - Uninavarra\",\"isPartOf\":{\"@id\":\"https:\/\/uninavarra.edu.co\/#website\"},\"datePublished\":\"2021-03-23T16:19:37+00:00\",\"dateModified\":\"2026-03-14T15:25:19+00:00\",\"breadcrumb\":{\"@id\":\"https:\/\/uninavarra.edu.co\/ciina\/eventos\/2021_\/#breadcrumb\"},\"inLanguage\":\"en-US\",\"potentialAction\":[{\"@type\":\"ReadAction\",\"target\":[\"https:\/\/uninavarra.edu.co\/ciina\/eventos\/2021_\/\"]}]},{\"@type\":\"BreadcrumbList\",\"@id\":\"https:\/\/uninavarra.edu.co\/ciina\/eventos\/2021_\/#breadcrumb\",\"itemListElement\":[{\"@type\":\"ListItem\",\"position\":1,\"name\":\"Home\",\"item\":\"https:\/\/uninavarra.edu.co\/\"},{\"@type\":\"ListItem\",\"position\":2,\"name\":\"CIINA\",\"item\":\"https:\/\/uninavarra.edu.co\/ciina\/\"},{\"@type\":\"ListItem\",\"position\":3,\"name\":\"Eventos\",\"item\":\"https:\/\/uninavarra.edu.co\/ciina\/eventos\/\"},{\"@type\":\"ListItem\",\"position\":4,\"name\":\"Eventos: 2021\"}]},{\"@type\":\"WebSite\",\"@id\":\"https:\/\/uninavarra.edu.co\/#website\",\"url\":\"https:\/\/uninavarra.edu.co\/\",\"name\":\"UNINAVARRA\",\"description\":\"Haz realidad tu deseo de aprender\",\"publisher\":{\"@id\":\"https:\/\/uninavarra.edu.co\/#organization\"},\"potentialAction\":[{\"@type\":\"SearchAction\",\"target\":{\"@type\":\"EntryPoint\",\"urlTemplate\":\"https:\/\/uninavarra.edu.co\/?s={search_term_string}\"},\"query-input\":{\"@type\":\"PropertyValueSpecification\",\"valueRequired\":true,\"valueName\":\"search_term_string\"}}],\"inLanguage\":\"en-US\"},{\"@type\":\"Organization\",\"@id\":\"https:\/\/uninavarra.edu.co\/#organization\",\"name\":\"Fundaci\u00f3n Universitaria Navarra - UNINAVARRA\",\"url\":\"https:\/\/uninavarra.edu.co\/\",\"logo\":{\"@type\":\"ImageObject\",\"inLanguage\":\"en-US\",\"@id\":\"https:\/\/uninavarra.edu.co\/#\/schema\/logo\/image\/\",\"url\":\"https:\/\/uninavarra.edu.co\/wp-content\/uploads\/2024\/06\/Escudo-uninavarra-Solo.png\",\"contentUrl\":\"https:\/\/uninavarra.edu.co\/wp-content\/uploads\/2024\/06\/Escudo-uninavarra-Solo.png\",\"width\":1500,\"height\":1401,\"caption\":\"Fundaci\u00f3n Universitaria Navarra - UNINAVARRA\"},\"image\":{\"@id\":\"https:\/\/uninavarra.edu.co\/#\/schema\/logo\/image\/\"},\"sameAs\":[\"https:\/\/www.facebook.com\/UninavarraEduca\",\"https:\/\/x.com\/uninavarraeduca\",\"https:\/\/www.instagram.com\/uninavarra\/?hl=es\",\"https:\/\/www.linkedin.com\/in\/fundacin-universitaria-navarra-uninavarra-b41225222\/\"]}]}<\/script>\n<!-- \/ Yoast SEO plugin. -->","yoast_head_json":{"title":"Eventos: 2021 - Uninavarra","robots":{"index":"index","follow":"follow","max-snippet":"max-snippet:-1","max-image-preview":"max-image-preview:large","max-video-preview":"max-video-preview:-1"},"canonical":"https:\/\/uninavarra.edu.co\/en\/ciina\/eventos\/2021_\/","og_locale":"en_US","og_type":"article","og_title":"Eventos: 2021 - Uninavarra","og_url":"https:\/\/uninavarra.edu.co\/en\/ciina\/eventos\/2021_\/","og_site_name":"Uninavarra","article_publisher":"https:\/\/www.facebook.com\/UninavarraEduca","article_modified_time":"2026-03-14T15:25:19+00:00","twitter_card":"summary_large_image","twitter_site":"@uninavarraeduca","twitter_misc":{"Est. reading time":"5 minutes"},"schema":{"@context":"https:\/\/schema.org","@graph":[{"@type":"WebPage","@id":"https:\/\/uninavarra.edu.co\/ciina\/eventos\/2021_\/","url":"https:\/\/uninavarra.edu.co\/ciina\/eventos\/2021_\/","name":"Eventos: 2021 - Uninavarra","isPartOf":{"@id":"https:\/\/uninavarra.edu.co\/#website"},"datePublished":"2021-03-23T16:19:37+00:00","dateModified":"2026-03-14T15:25:19+00:00","breadcrumb":{"@id":"https:\/\/uninavarra.edu.co\/ciina\/eventos\/2021_\/#breadcrumb"},"inLanguage":"en-US","potentialAction":[{"@type":"ReadAction","target":["https:\/\/uninavarra.edu.co\/ciina\/eventos\/2021_\/"]}]},{"@type":"BreadcrumbList","@id":"https:\/\/uninavarra.edu.co\/ciina\/eventos\/2021_\/#breadcrumb","itemListElement":[{"@type":"ListItem","position":1,"name":"Home","item":"https:\/\/uninavarra.edu.co\/"},{"@type":"ListItem","position":2,"name":"CIINA","item":"https:\/\/uninavarra.edu.co\/ciina\/"},{"@type":"ListItem","position":3,"name":"Eventos","item":"https:\/\/uninavarra.edu.co\/ciina\/eventos\/"},{"@type":"ListItem","position":4,"name":"Eventos: 2021"}]},{"@type":"WebSite","@id":"https:\/\/uninavarra.edu.co\/#website","url":"https:\/\/uninavarra.edu.co\/","name":"UNINAVARRA","description":"Make your desire to learn a reality","publisher":{"@id":"https:\/\/uninavarra.edu.co\/#organization"},"potentialAction":[{"@type":"SearchAction","target":{"@type":"EntryPoint","urlTemplate":"https:\/\/uninavarra.edu.co\/?s={search_term_string}"},"query-input":{"@type":"PropertyValueSpecification","valueRequired":true,"valueName":"search_term_string"}}],"inLanguage":"en-US"},{"@type":"Organization","@id":"https:\/\/uninavarra.edu.co\/#organization","name":"Navarre University Foundation - UNINAVARRA","url":"https:\/\/uninavarra.edu.co\/","logo":{"@type":"ImageObject","inLanguage":"en-US","@id":"https:\/\/uninavarra.edu.co\/#\/schema\/logo\/image\/","url":"https:\/\/uninavarra.edu.co\/wp-content\/uploads\/2024\/06\/Escudo-uninavarra-Solo.png","contentUrl":"https:\/\/uninavarra.edu.co\/wp-content\/uploads\/2024\/06\/Escudo-uninavarra-Solo.png","width":1500,"height":1401,"caption":"Fundaci\u00f3n Universitaria Navarra - UNINAVARRA"},"image":{"@id":"https:\/\/uninavarra.edu.co\/#\/schema\/logo\/image\/"},"sameAs":["https:\/\/www.facebook.com\/UninavarraEduca","https:\/\/x.com\/uninavarraeduca","https:\/\/www.instagram.com\/uninavarra\/?hl=es","https:\/\/www.linkedin.com\/in\/fundacin-universitaria-navarra-uninavarra-b41225222\/"]}]}},"_links":{"self":[{"href":"https:\/\/uninavarra.edu.co\/en\/wp-json\/wp\/v2\/pages\/37269","targetHints":{"allow":["GET"]}}],"collection":[{"href":"https:\/\/uninavarra.edu.co\/en\/wp-json\/wp\/v2\/pages"}],"about":[{"href":"https:\/\/uninavarra.edu.co\/en\/wp-json\/wp\/v2\/types\/page"}],"author":[{"embeddable":true,"href":"https:\/\/uninavarra.edu.co\/en\/wp-json\/wp\/v2\/users\/13"}],"replies":[{"embeddable":true,"href":"https:\/\/uninavarra.edu.co\/en\/wp-json\/wp\/v2\/comments?post=37269"}],"version-history":[{"count":2,"href":"https:\/\/uninavarra.edu.co\/en\/wp-json\/wp\/v2\/pages\/37269\/revisions"}],"predecessor-version":[{"id":98366,"href":"https:\/\/uninavarra.edu.co\/en\/wp-json\/wp\/v2\/pages\/37269\/revisions\/98366"}],"up":[{"embeddable":true,"href":"https:\/\/uninavarra.edu.co\/en\/wp-json\/wp\/v2\/pages\/14572"}],"wp:attachment":[{"href":"https:\/\/uninavarra.edu.co\/en\/wp-json\/wp\/v2\/media?parent=37269"}],"wp:term":[{"taxonomy":"category","embeddable":true,"href":"https:\/\/uninavarra.edu.co\/en\/wp-json\/wp\/v2\/categories?post=37269"},{"taxonomy":"post_tag","embeddable":true,"href":"https:\/\/uninavarra.edu.co\/en\/wp-json\/wp\/v2\/tags?post=37269"}],"curies":[{"name":"wp","href":"https:\/\/api.w.org\/{rel}","templated":true}]}}