{"id":34761,"date":"2020-11-14T09:52:22","date_gmt":"2020-11-14T14:52:22","guid":{"rendered":"https:\/\/uninavarra.edu.co\/?page_id=34761"},"modified":"2021-08-09T11:43:47","modified_gmt":"2021-08-09T16:43:47","slug":"miaau","status":"publish","type":"page","link":"https:\/\/uninavarra.edu.co\/en\/inicio-2-4-2\/innovacion-emprendimiento\/miaau\/","title":{"rendered":"MIAAU"},"content":{"rendered":"<div class=\"wpb-content-wrapper\"><div class=\"wpb-container\"><div class=\"container\"><div class=\"vc_row wpb_row vc_row-fluid row\"><div class=\"col-sm-12  vc_\">\n\t\t<div class=\"wpb_wrapper\">\n\t\t\t\n\t<div class=\"wpb_raw_code wpb_raw_html wpb_content_element\" >\n\t\t<div class=\"wpb_wrapper\">\n\t\t\t<center><marquee  direction=\"right\" width=\"100%\" height=\"90\" scrollamount=\"10\"> <img decoding=\"async\" src=\"https:\/\/uninavarra.edu.co\/wp-content\/uploads\/2020\/11\/ciclamiaau.jpg\" width=\"150\" height=\"150\" \/> <\/marquee><\/center>\n\t\t<\/div>\n\t<\/div>\n<div class=\"vc_separator wpb_content_element vc_separator_align_center vc_sep_width_100 vc_sep_border_width_5 vc_sep_pos_align_center vc_separator_no_text vc_sep_color_pink wpb_content_element  wpb_content_element\" ><span class=\"vc_sep_holder vc_sep_holder_l\"><span class=\"vc_sep_line\"><\/span><\/span><span class=\"vc_sep_holder vc_sep_holder_r\"><span class=\"vc_sep_line\"><\/span><\/span>\n<\/div>\n\t<div class=\"wpb_text_column wpb_content_element\" >\n\t\t<div class=\"wpb_wrapper\">\n\t\t\t<h4><span style=\"font-size: 20px;\">The Model of Academic and Administrative Innovation UNINAVARRA - MIAAU is a space for the development of innovation within the Navarra University Foundation - Uninavarra, articulating the process of Academic Innovation, as a missionary basis of the raison d'\u00eatre of this, and the process of Administrative Innovation, understood as that which occurs within the processes of management and support for academic work, to achieve the implementation, consolidation and successful outcome of the Institutional Innovation Policy.<\/span><\/h4>\n<p><img fetchpriority=\"high\" decoding=\"async\" class=\"wp-image-34736 aligncenter\" src=\"https:\/\/uninavarra.edu.co\/wp-content\/uploads\/2020\/11\/BANNER-MIAAU-2-1024x305.png\" alt=\"\" width=\"675\" height=\"201\" srcset=\"https:\/\/uninavarra.edu.co\/wp-content\/uploads\/2020\/11\/BANNER-MIAAU-2-1024x305.png 1024w, https:\/\/uninavarra.edu.co\/wp-content\/uploads\/2020\/11\/BANNER-MIAAU-2-150x45.png 150w, https:\/\/uninavarra.edu.co\/wp-content\/uploads\/2020\/11\/BANNER-MIAAU-2-300x89.png 300w, https:\/\/uninavarra.edu.co\/wp-content\/uploads\/2020\/11\/BANNER-MIAAU-2-768x228.png 768w, https:\/\/uninavarra.edu.co\/wp-content\/uploads\/2020\/11\/BANNER-MIAAU-2-1536x457.png 1536w, https:\/\/uninavarra.edu.co\/wp-content\/uploads\/2020\/11\/BANNER-MIAAU-2-2048x609.png 2048w\" sizes=\"(max-width: 675px) 100vw, 675px\" \/><\/p>\n\n\t\t<\/div>\n\t<\/div>\n\n\t\t<\/div> \n\t<\/div><\/div><\/div><\/div><div class=\"wpb-container\"><div class=\"container\"><div class=\"vc_row wpb_row vc_row-fluid row\"><div class=\"col-sm-12  vc_\">\n\t\t<div class=\"wpb_wrapper\">\n\t\t\t\n\t\t<\/div> \n\t<\/div><\/div><\/div><\/div><div class=\"wpb-container\"><div class=\"container\"><div class=\"vc_row wpb_row vc_row-fluid row\"><div class=\"col-sm-12  vc_\">\n\t\t<div class=\"wpb_wrapper\">\n\t\t\t\n\t\t<\/div> \n\t<\/div><\/div><\/div><\/div>\n<\/div>","protected":false},"excerpt":{"rendered":"El Modelo de Innovaci\u00f3n Acad\u00e9mico Administrativo UNINAVARRA -\u00a0MIAAU\u00a0es un espacio para el desarrollo de la innovaci\u00f3n al interior de la Fundaci\u00f3n Universitaria Navarra - Uninavarra, articulando el proceso de Innovaci\u00f3n [...]","protected":false},"author":12,"featured_media":0,"parent":34753,"menu_order":0,"comment_status":"closed","ping_status":"closed","template":"","meta":{"footnotes":""},"categories":[1],"tags":[],"class_list":["post-34761","page","type-page","status-publish","hentry","category-uncategorized"],"yoast_head":"<!-- This site is optimized with the Yoast SEO plugin v27.4 - https:\/\/yoast.com\/product\/yoast-seo-wordpress\/ -->\n<title>MIAAU - Uninavarra<\/title>\n<meta name=\"robots\" content=\"index, follow, max-snippet:-1, max-image-preview:large, max-video-preview:-1\" \/>\n<link rel=\"canonical\" href=\"https:\/\/uninavarra.edu.co\/en\/inicio-2-4-2\/innovacion-emprendimiento\/miaau\/\" \/>\n<meta property=\"og:locale\" content=\"en_US\" \/>\n<meta property=\"og:type\" content=\"article\" \/>\n<meta property=\"og:title\" content=\"MIAAU - Uninavarra\" \/>\n<meta property=\"og:url\" content=\"https:\/\/uninavarra.edu.co\/en\/inicio-2-4-2\/innovacion-emprendimiento\/miaau\/\" \/>\n<meta property=\"og:site_name\" content=\"Uninavarra\" \/>\n<meta property=\"article:publisher\" content=\"https:\/\/www.facebook.com\/UninavarraEduca\" \/>\n<meta property=\"article:modified_time\" content=\"2021-08-09T16:43:47+00:00\" \/>\n<meta property=\"og:image\" content=\"https:\/\/uninavarra.edu.co\/wp-content\/uploads\/2020\/11\/BANNER-MIAAU-2-1024x305.png\" \/>\n<meta name=\"twitter:card\" content=\"summary_large_image\" \/>\n<meta name=\"twitter:site\" content=\"@uninavarraeduca\" \/>\n<meta name=\"twitter:label1\" content=\"Est. reading time\" \/>\n\t<meta name=\"twitter:data1\" content=\"1 minute\" \/>\n<script type=\"application\/ld+json\" class=\"yoast-schema-graph\">{\"@context\":\"https:\\\/\\\/schema.org\",\"@graph\":[{\"@type\":\"WebPage\",\"@id\":\"https:\\\/\\\/uninavarra.edu.co\\\/inicio-2-4-2\\\/innovacion-emprendimiento\\\/miaau\\\/\",\"url\":\"https:\\\/\\\/uninavarra.edu.co\\\/inicio-2-4-2\\\/innovacion-emprendimiento\\\/miaau\\\/\",\"name\":\"MIAAU - Uninavarra\",\"isPartOf\":{\"@id\":\"https:\\\/\\\/uninavarra.edu.co\\\/#website\"},\"primaryImageOfPage\":{\"@id\":\"https:\\\/\\\/uninavarra.edu.co\\\/inicio-2-4-2\\\/innovacion-emprendimiento\\\/miaau\\\/#primaryimage\"},\"image\":{\"@id\":\"https:\\\/\\\/uninavarra.edu.co\\\/inicio-2-4-2\\\/innovacion-emprendimiento\\\/miaau\\\/#primaryimage\"},\"thumbnailUrl\":\"https:\\\/\\\/uninavarra.edu.co\\\/wp-content\\\/uploads\\\/2020\\\/11\\\/BANNER-MIAAU-2-1024x305.png\",\"datePublished\":\"2020-11-14T14:52:22+00:00\",\"dateModified\":\"2021-08-09T16:43:47+00:00\",\"breadcrumb\":{\"@id\":\"https:\\\/\\\/uninavarra.edu.co\\\/inicio-2-4-2\\\/innovacion-emprendimiento\\\/miaau\\\/#breadcrumb\"},\"inLanguage\":\"en-US\",\"potentialAction\":[{\"@type\":\"ReadAction\",\"target\":[\"https:\\\/\\\/uninavarra.edu.co\\\/inicio-2-4-2\\\/innovacion-emprendimiento\\\/miaau\\\/\"]}]},{\"@type\":\"ImageObject\",\"inLanguage\":\"en-US\",\"@id\":\"https:\\\/\\\/uninavarra.edu.co\\\/inicio-2-4-2\\\/innovacion-emprendimiento\\\/miaau\\\/#primaryimage\",\"url\":\"https:\\\/\\\/uninavarra.edu.co\\\/wp-content\\\/uploads\\\/2020\\\/11\\\/BANNER-MIAAU-2-1024x305.png\",\"contentUrl\":\"https:\\\/\\\/uninavarra.edu.co\\\/wp-content\\\/uploads\\\/2020\\\/11\\\/BANNER-MIAAU-2-1024x305.png\"},{\"@type\":\"BreadcrumbList\",\"@id\":\"https:\\\/\\\/uninavarra.edu.co\\\/inicio-2-4-2\\\/innovacion-emprendimiento\\\/miaau\\\/#breadcrumb\",\"itemListElement\":[{\"@type\":\"ListItem\",\"position\":1,\"name\":\"Home\",\"item\":\"https:\\\/\\\/uninavarra.edu.co\\\/\"},{\"@type\":\"ListItem\",\"position\":2,\"name\":\"Inicio\",\"item\":\"https:\\\/\\\/uninavarra.edu.co\\\/\"},{\"@type\":\"ListItem\",\"position\":3,\"name\":\"MIAAU\"}]},{\"@type\":\"WebSite\",\"@id\":\"https:\\\/\\\/uninavarra.edu.co\\\/#website\",\"url\":\"https:\\\/\\\/uninavarra.edu.co\\\/\",\"name\":\"UNINAVARRA\",\"description\":\"Haz realidad tu deseo de aprender\",\"publisher\":{\"@id\":\"https:\\\/\\\/uninavarra.edu.co\\\/#organization\"},\"potentialAction\":[{\"@type\":\"SearchAction\",\"target\":{\"@type\":\"EntryPoint\",\"urlTemplate\":\"https:\\\/\\\/uninavarra.edu.co\\\/?s={search_term_string}\"},\"query-input\":{\"@type\":\"PropertyValueSpecification\",\"valueRequired\":true,\"valueName\":\"search_term_string\"}}],\"inLanguage\":\"en-US\"},{\"@type\":\"Organization\",\"@id\":\"https:\\\/\\\/uninavarra.edu.co\\\/#organization\",\"name\":\"Fundaci\u00f3n Universitaria Navarra - UNINAVARRA\",\"url\":\"https:\\\/\\\/uninavarra.edu.co\\\/\",\"logo\":{\"@type\":\"ImageObject\",\"inLanguage\":\"en-US\",\"@id\":\"https:\\\/\\\/uninavarra.edu.co\\\/#\\\/schema\\\/logo\\\/image\\\/\",\"url\":\"https:\\\/\\\/uninavarra.edu.co\\\/wp-content\\\/uploads\\\/2024\\\/06\\\/Escudo-uninavarra-Solo.png\",\"contentUrl\":\"https:\\\/\\\/uninavarra.edu.co\\\/wp-content\\\/uploads\\\/2024\\\/06\\\/Escudo-uninavarra-Solo.png\",\"width\":1500,\"height\":1401,\"caption\":\"Fundaci\u00f3n Universitaria Navarra - UNINAVARRA\"},\"image\":{\"@id\":\"https:\\\/\\\/uninavarra.edu.co\\\/#\\\/schema\\\/logo\\\/image\\\/\"},\"sameAs\":[\"https:\\\/\\\/www.facebook.com\\\/UninavarraEduca\",\"https:\\\/\\\/x.com\\\/uninavarraeduca\",\"https:\\\/\\\/www.instagram.com\\\/uninavarra\\\/?hl=es\",\"https:\\\/\\\/www.linkedin.com\\\/in\\\/fundacin-universitaria-navarra-uninavarra-b41225222\\\/\"]}]}<\/script>\n<!-- \/ Yoast SEO plugin. -->","yoast_head_json":{"title":"MIAAU - Uninavarra","robots":{"index":"index","follow":"follow","max-snippet":"max-snippet:-1","max-image-preview":"max-image-preview:large","max-video-preview":"max-video-preview:-1"},"canonical":"https:\/\/uninavarra.edu.co\/en\/inicio-2-4-2\/innovacion-emprendimiento\/miaau\/","og_locale":"en_US","og_type":"article","og_title":"MIAAU - Uninavarra","og_url":"https:\/\/uninavarra.edu.co\/en\/inicio-2-4-2\/innovacion-emprendimiento\/miaau\/","og_site_name":"Uninavarra","article_publisher":"https:\/\/www.facebook.com\/UninavarraEduca","article_modified_time":"2021-08-09T16:43:47+00:00","og_image":[{"url":"https:\/\/uninavarra.edu.co\/wp-content\/uploads\/2020\/11\/BANNER-MIAAU-2-1024x305.png","type":"","width":"","height":""}],"twitter_card":"summary_large_image","twitter_site":"@uninavarraeduca","twitter_misc":{"Est. reading time":"1 minute"},"schema":{"@context":"https:\/\/schema.org","@graph":[{"@type":"WebPage","@id":"https:\/\/uninavarra.edu.co\/inicio-2-4-2\/innovacion-emprendimiento\/miaau\/","url":"https:\/\/uninavarra.edu.co\/inicio-2-4-2\/innovacion-emprendimiento\/miaau\/","name":"MIAAU - Uninavarra","isPartOf":{"@id":"https:\/\/uninavarra.edu.co\/#website"},"primaryImageOfPage":{"@id":"https:\/\/uninavarra.edu.co\/inicio-2-4-2\/innovacion-emprendimiento\/miaau\/#primaryimage"},"image":{"@id":"https:\/\/uninavarra.edu.co\/inicio-2-4-2\/innovacion-emprendimiento\/miaau\/#primaryimage"},"thumbnailUrl":"https:\/\/uninavarra.edu.co\/wp-content\/uploads\/2020\/11\/BANNER-MIAAU-2-1024x305.png","datePublished":"2020-11-14T14:52:22+00:00","dateModified":"2021-08-09T16:43:47+00:00","breadcrumb":{"@id":"https:\/\/uninavarra.edu.co\/inicio-2-4-2\/innovacion-emprendimiento\/miaau\/#breadcrumb"},"inLanguage":"en-US","potentialAction":[{"@type":"ReadAction","target":["https:\/\/uninavarra.edu.co\/inicio-2-4-2\/innovacion-emprendimiento\/miaau\/"]}]},{"@type":"ImageObject","inLanguage":"en-US","@id":"https:\/\/uninavarra.edu.co\/inicio-2-4-2\/innovacion-emprendimiento\/miaau\/#primaryimage","url":"https:\/\/uninavarra.edu.co\/wp-content\/uploads\/2020\/11\/BANNER-MIAAU-2-1024x305.png","contentUrl":"https:\/\/uninavarra.edu.co\/wp-content\/uploads\/2020\/11\/BANNER-MIAAU-2-1024x305.png"},{"@type":"BreadcrumbList","@id":"https:\/\/uninavarra.edu.co\/inicio-2-4-2\/innovacion-emprendimiento\/miaau\/#breadcrumb","itemListElement":[{"@type":"ListItem","position":1,"name":"Home","item":"https:\/\/uninavarra.edu.co\/"},{"@type":"ListItem","position":2,"name":"Inicio","item":"https:\/\/uninavarra.edu.co\/"},{"@type":"ListItem","position":3,"name":"MIAAU"}]},{"@type":"WebSite","@id":"https:\/\/uninavarra.edu.co\/#website","url":"https:\/\/uninavarra.edu.co\/","name":"UNINAVARRA","description":"Make your desire to learn a reality","publisher":{"@id":"https:\/\/uninavarra.edu.co\/#organization"},"potentialAction":[{"@type":"SearchAction","target":{"@type":"EntryPoint","urlTemplate":"https:\/\/uninavarra.edu.co\/?s={search_term_string}"},"query-input":{"@type":"PropertyValueSpecification","valueRequired":true,"valueName":"search_term_string"}}],"inLanguage":"en-US"},{"@type":"Organization","@id":"https:\/\/uninavarra.edu.co\/#organization","name":"Navarre University Foundation - UNINAVARRA","url":"https:\/\/uninavarra.edu.co\/","logo":{"@type":"ImageObject","inLanguage":"en-US","@id":"https:\/\/uninavarra.edu.co\/#\/schema\/logo\/image\/","url":"https:\/\/uninavarra.edu.co\/wp-content\/uploads\/2024\/06\/Escudo-uninavarra-Solo.png","contentUrl":"https:\/\/uninavarra.edu.co\/wp-content\/uploads\/2024\/06\/Escudo-uninavarra-Solo.png","width":1500,"height":1401,"caption":"Fundaci\u00f3n Universitaria Navarra - UNINAVARRA"},"image":{"@id":"https:\/\/uninavarra.edu.co\/#\/schema\/logo\/image\/"},"sameAs":["https:\/\/www.facebook.com\/UninavarraEduca","https:\/\/x.com\/uninavarraeduca","https:\/\/www.instagram.com\/uninavarra\/?hl=es","https:\/\/www.linkedin.com\/in\/fundacin-universitaria-navarra-uninavarra-b41225222\/"]}]}},"_links":{"self":[{"href":"https:\/\/uninavarra.edu.co\/en\/wp-json\/wp\/v2\/pages\/34761","targetHints":{"allow":["GET"]}}],"collection":[{"href":"https:\/\/uninavarra.edu.co\/en\/wp-json\/wp\/v2\/pages"}],"about":[{"href":"https:\/\/uninavarra.edu.co\/en\/wp-json\/wp\/v2\/types\/page"}],"author":[{"embeddable":true,"href":"https:\/\/uninavarra.edu.co\/en\/wp-json\/wp\/v2\/users\/12"}],"replies":[{"embeddable":true,"href":"https:\/\/uninavarra.edu.co\/en\/wp-json\/wp\/v2\/comments?post=34761"}],"version-history":[{"count":0,"href":"https:\/\/uninavarra.edu.co\/en\/wp-json\/wp\/v2\/pages\/34761\/revisions"}],"up":[{"embeddable":true,"href":"https:\/\/uninavarra.edu.co\/en\/wp-json\/wp\/v2\/pages\/34753"}],"wp:attachment":[{"href":"https:\/\/uninavarra.edu.co\/en\/wp-json\/wp\/v2\/media?parent=34761"}],"wp:term":[{"taxonomy":"category","embeddable":true,"href":"https:\/\/uninavarra.edu.co\/en\/wp-json\/wp\/v2\/categories?post=34761"},{"taxonomy":"post_tag","embeddable":true,"href":"https:\/\/uninavarra.edu.co\/en\/wp-json\/wp\/v2\/tags?post=34761"}],"curies":[{"name":"wp","href":"https:\/\/api.w.org\/{rel}","templated":true}]}}