{"id":2972,"date":"2016-07-11T11:56:02","date_gmt":"2016-07-11T16:56:02","guid":{"rendered":"https:\/\/uninavarra.edu.co\/?page_id=2972"},"modified":"2021-08-09T11:45:27","modified_gmt":"2021-08-09T16:45:27","slug":"formatos-gestion-de-seguridad-y-salud-en-el-trabajo","status":"publish","type":"page","link":"https:\/\/uninavarra.edu.co\/en\/sistema-gestion-calidad-2\/formatos-gestion-de-seguridad-y-salud-en-el-trabajo\/","title":{"rendered":"Occupational health and safety management forms"},"content":{"rendered":"<h1 style=\"text-align: center;\">Formats<\/h1>\n<ul class=\"icon\">\n<li><a href=\"https:\/\/uninavarra.edu.co\/wp-content\/uploads\/2016\/07\/ST-FO-01-Inspecci\u00f3n-de-\u00c1reas-y-o-Puestos-de-Trabajo.xls\" target=\"_blank\" rel=\"noopener noreferrer\">ST-FO-01 Inspection of Work Areas and Work Centers<\/a><\/li>\n<li><a href=\"https:\/\/uninavarra.edu.co\/wp-content\/uploads\/2016\/07\/ST-FO-02-Planilla-de-Inscripci\u00f3n-Candidatos-Comit\u00e9-de-Brigadas-de-Emergencia.docx\" target=\"_blank\" rel=\"noopener noreferrer\">ST-FO-02 Emergency Brigade Committee Candidate Registration Form<\/a><\/li>\n<li><a href=\"https:\/\/uninavarra.edu.co\/wp-content\/uploads\/2016\/07\/ST-FO-03-Conformaci\u00f3n-de-Brigadas-de-Emergencia.xlsx\" target=\"_blank\" rel=\"noopener noreferrer\">ST-FO-03 Formation of Emergency Brigades<\/a><\/li>\n<li><a href=\"https:\/\/uninavarra.edu.co\/wp-content\/uploads\/2016\/07\/ST-FO-04-Identificaci\u00f3n-de-Peligros.xlsx\" target=\"_blank\" rel=\"noopener noreferrer\">ST-FO-04 Hazard Identification<\/a><\/li>\n<li><a href=\"https:\/\/uninavarra.edu.co\/wp-content\/uploads\/2016\/07\/ST-FO-04-Inspecci\u00f3n-de-Botiquines-y-camillas.docx\" target=\"_blank\" rel=\"noopener noreferrer\">ST-FO-04 Inspection of First Aid Kits and Stretchers<\/a><\/li>\n<li><a href=\"https:\/\/uninavarra.edu.co\/wp-content\/uploads\/2016\/07\/ST-FO-05-Inspecci\u00f3n-de-Extintores.docx\" target=\"_blank\" rel=\"noopener noreferrer\">ST-FO-05 Inspection of Fire Extinguishers<\/a><\/li>\n<li><a href=\"https:\/\/uninavarra.edu.co\/wp-content\/uploads\/2016\/07\/ST-FO-06-Registro-de-MEDEVAC.docx\" target=\"_blank\" rel=\"noopener noreferrer\">ST-FO-06 MEDEVAC Registration<\/a><\/li>\n<li><a href=\"https:\/\/uninavarra.edu.co\/wp-content\/uploads\/2016\/07\/ST-FO-08-ACTA-DE-INDUCCION-REINDUCCION.docx\" target=\"_blank\" rel=\"noopener noreferrer\">ST-FO-08 INDUCTIONS-REINDUCTIONS MINUTES<\/a><\/li>\n<li><a href=\"https:\/\/uninavarra.edu.co\/wp-content\/uploads\/2016\/07\/ST-FO-09-Tarjeta-STOP.xlsx\" target=\"_blank\" rel=\"noopener noreferrer\">ST-FO-09 STOP card<\/a><\/li>\n<li><a href=\"https:\/\/uninavarra.edu.co\/wp-content\/uploads\/2016\/07\/ST-FO-10-Investigaci\u00f3n-de-accidentes-labores.xls\" target=\"_blank\" rel=\"noopener noreferrer\">ST-FO-10 Investigation of occupational accidents<\/a><\/li>\n<li><a href=\"https:\/\/uninavarra.edu.co\/wp-content\/uploads\/2016\/07\/ST-FO-11-Acta-de-Constituci\u00f3n-Comit\u00e9-investigador.doc\" target=\"_blank\" rel=\"noopener noreferrer\">ST-FO-11 Research Committee Constitution Act<\/a><\/li>\n<li><a href=\"https:\/\/uninavarra.edu.co\/wp-content\/uploads\/2016\/07\/ST-FO-12-CRONOGRAMA-DE-ACTIVIDADES-HSE-2015-2016.xlsx\" target=\"_blank\" rel=\"noopener noreferrer\">ST-FO-12 SCHEDULE OF ACTIVITIES HSE 2015-2016<\/a><\/li>\n<li><a href=\"https:\/\/uninavarra.edu.co\/wp-content\/uploads\/2016\/07\/ST-FO-13-Matriz-de-peligros-y-control-de-riesgos-2015-2016.xls\" target=\"_blank\" rel=\"noopener noreferrer\">ST-FO-13 Hazard and Risk Control Matrix 2015-2016<\/a><\/li>\n<li><a href=\"https:\/\/uninavarra.edu.co\/wp-content\/uploads\/2016\/07\/ST-FO-14-LISTA-DE-CHEQUEO-CUMPLIMIENTO-NORMATIVO-AMBIENTAL.xls\" target=\"_blank\" rel=\"noopener noreferrer\">ST-FO-14 ENVIRONMENTAL COMPLIANCE CHECK LIST<\/a><\/li>\n<li><a href=\"https:\/\/uninavarra.edu.co\/wp-content\/uploads\/2016\/07\/ST-FO-15-CARACTERIZACION-CUANTITATIVA-DE-RESIDUOS-HOSPITALARIOS-Y-SIMILARES.xls\" target=\"_blank\" rel=\"noopener noreferrer\">ST-FO-15 QUANTITATIVE CHARACTERIZATION OF HOSPITAL AND SIMILAR WASTE<\/a><\/li>\n<li><a href=\"https:\/\/uninavarra.edu.co\/wp-content\/uploads\/2016\/07\/ST-FO-16-CARACTERIZACION-CUALITATIVA-DE-RESIDUOS-HOSPITALARIOS-Y-SIMILARES.xls\" target=\"_blank\" rel=\"noopener noreferrer\">ST-FO-16 QUALITATIVE CHARACTERIZATION OF HOSPITAL AND SIMILAR WASTE<\/a><\/li>\n<li><a href=\"https:\/\/uninavarra.edu.co\/wp-content\/uploads\/2016\/07\/ST-FO-17-Entrega-de-EPP.xlsx\" target=\"_blank\" rel=\"noopener noreferrer\">ST-FO-17 Delivery of PPE<\/a><\/li>\n<li><a href=\"https:\/\/uninavarra.edu.co\/wp-content\/uploads\/2016\/07\/ST-FO-18-Formato-Etiquetado-de-Residuos-Infecciosos.xlsx\" target=\"_blank\" rel=\"noopener noreferrer\">ST-FO-18 Infectious Waste Labeling Format<\/a><\/li>\n<li><a href=\"https:\/\/uninavarra.edu.co\/wp-content\/uploads\/2016\/07\/ST-FO-19-Formato-Generacion-de-residuos-Hospitalarios-y-similares.xlsx\" target=\"_blank\" rel=\"noopener noreferrer\">ST-FO-19 Format Generation of Hospital and similar waste<\/a><\/li>\n<li><a href=\"https:\/\/uninavarra.edu.co\/wp-content\/uploads\/2016\/07\/ST-FO-20-formato-Consolidado-mensual-de-Residuos.xlsx\" target=\"_blank\" rel=\"noopener noreferrer\">ST-FO-20 Monthly Waste Consolidated format<\/a><\/li>\n<li><a href=\"https:\/\/uninavarra.edu.co\/wp-content\/uploads\/2016\/07\/ST-FO-21-Formato-Etiquetado-de-Residuos-Quimicos.xlsx\" target=\"_blank\" rel=\"noopener noreferrer\">ST-FO-21 Chemical Waste Labeling Format<\/a><\/li>\n<li><a href=\"https:\/\/uninavarra.edu.co\/wp-content\/uploads\/2016\/07\/ST-FO-22-LISTA-DE-CHEQUEO-DOCUMETNACION-CONTRATISTAS.xlsx\" target=\"_blank\" rel=\"noopener noreferrer\">ST-FO-22 CHECKLIST DOCUMENTATION CHECKLIST CONTRACTORS<\/a><\/li>\n<li><a href=\"https:\/\/uninavarra.edu.co\/wp-content\/uploads\/2016\/07\/ST-FO-23-INSP.-ACTIVIDAD-DE-RECOLECCION-Y-TRANSPORTE-DE-MERCANCIAS-PELIGROSAS.xls\" target=\"_blank\" rel=\"noopener noreferrer\">ST-FO-23 INSP. ACTIVITY OF COLLECTION AND TRANSPORTATION OF DANGEROUS GOODS<\/a><\/li>\n<li><a href=\"https:\/\/uninavarra.edu.co\/wp-content\/uploads\/2016\/07\/ST-FO-24-FORMATO-DE-CONTROL-Y-ANALISIS-PARA-SIMULACROS-Y-EVACUACIONES.doc\" target=\"_blank\" rel=\"noopener noreferrer\">ST-FO-24 CONTROL AND ANALYSIS FORMAT FOR DRILLS AND EVACUATIONS<\/a><\/li>\n<li><a href=\"https:\/\/uninavarra.edu.co\/wp-content\/uploads\/2016\/07\/ST-FO-25-INSPECCION-EPP.xlsx\" target=\"_blank\" rel=\"noopener noreferrer\">ST-FO-25 EPP INSPECTION<\/a><\/li>\n<li><a href=\"https:\/\/uninavarra.edu.co\/wp-content\/uploads\/2016\/07\/ST-FO-26-HOJA-DE-VIDA-DEL-BRIGADISTA.xls\" target=\"_blank\" rel=\"noopener noreferrer\">ST-FO-26 BRIGADISTA R\u00c9SUM\u00c9<\/a><\/li>\n<li><a href=\"https:\/\/uninavarra.edu.co\/wp-content\/uploads\/2016\/07\/ST-FO-27-FORMATO-AN\u00c1LISIS-DE-VULNERABILIDAD-UNINAVARRA.xls\" target=\"_blank\" rel=\"noopener noreferrer\">ST-FO-27 VULNERABILITY ANALYSIS FORMAT- UNINAVARRA<\/a><\/li>\n<li><a href=\"https:\/\/uninavarra.edu.co\/wp-content\/uploads\/2016\/07\/ST-FO-28-Gui\u00f3n-de-Simulacros-UNINAVARRA.doc\" target=\"_blank\" rel=\"noopener noreferrer\">ST-FO-28 Drill Script UNINAVARRA<\/a><\/li>\n<li><a href=\"https:\/\/uninavarra.edu.co\/wp-content\/uploads\/2016\/07\/ST-FO-29-EVALUACI\u00d3N-INICIAL-DEL-SG-SST-UNINAVARRA.xlsx\" target=\"_blank\" rel=\"noopener noreferrer\">ST-FO-29 UNINAVARRA SG-SST INITIAL ASSESSMENT<\/a><\/li>\n<li><a href=\"https:\/\/uninavarra.edu.co\/wp-content\/uploads\/2017\/05\/ST-FO-30-ENCUESTA-PERFIL-SOCIODEMOGRAFICO.xlsx\">ST-FO-30 SOCIODEMOGRAPHIC PROFILE SURVEY<\/a><\/li>\n<li><a href=\"https:\/\/uninavarra.edu.co\/wp-content\/uploads\/2017\/05\/ST-FO-32-Formato-Etiquetado-Reactivos-Quimicos-Preparados.xlsx\">ST-FO-32 Format for Labeling Prepared Chemical Reagents<\/a><\/li>\n<li><a href=\"https:\/\/uninavarra.edu.co\/wp-content\/uploads\/2017\/05\/ST-FO-33-FORMATO-DE-INSPECCIONES-GENERALES.xlsx\">ST-FO-33 FORMAT FOR GENERAL INSPECTIONS<\/a><\/li>\n<li><a href=\"https:\/\/uninavarra.edu.co\/wp-content\/uploads\/2017\/07\/ST-FO-34-MATRIZ-REQUISISTOS-LEGALES.xls\">ST-FO-34 MATRIX LEGAL REQUIREMENTS<\/a><\/li>\n<li><a href=\"https:\/\/uninavarra.edu.co\/wp-content\/uploads\/2017\/05\/ST-FO-35-Inspecci\u00f3n-de-Botiquines-y-camillas.docx\">ST-FO-35 First aid kit and stretcher inspection<\/a><\/li>\n<li><a href=\"https:\/\/uninavarra.edu.co\/wp-content\/uploads\/2017\/05\/ST-FO-36-Evaluacion-Simulacro.xlsx\">ST-FO-36 Simulation evaluation<\/a><\/li>\n<li><a href=\"https:\/\/uninavarra.edu.co\/wp-content\/uploads\/2017\/05\/ST-FO-37-Analsis-de-Trabajo-Seguro.xlsx\">ST-FO-37 Safe Work Analysis<\/a><\/li>\n<li><a href=\"https:\/\/uninavarra.edu.co\/wp-content\/uploads\/2017\/05\/ST-FO-38-Permiso-de-Trabajo.docx\">ST-FO-38 Permit to Work<\/a><\/li>\n<li><a href=\"https:\/\/uninavarra.edu.co\/wp-content\/uploads\/2017\/07\/ST-FO-39-PERMISO-DE-TRABAJO-EN-CALIENTE-Y-ESPACIO-CONFINADO_V1.xls\">ST-FO-39 HOT WORK AND CONFINED SPACE PERMIT_V1<\/a><\/li>\n<li><a href=\"https:\/\/uninavarra.edu.co\/wp-content\/uploads\/2017\/07\/ST-FO-40-INSPECCION-CONTAMINACION-CRUZADA_V1.xls\">ST-FO-40 CROSS CONTAMINATION INSPECTION_V1<\/a><\/li>\n<li><a href=\"https:\/\/uninavarra.edu.co\/wp-content\/uploads\/2017\/07\/ST-FO-41-INSPECCION-DE-HIGIENE-Y-LIMPIEZA-PERSONAL_V1.xls\">ST-FO-41 PERSONAL HYGIENE AND CLEANLINESS INSPECTION_V1<\/a><\/li>\n<li><a href=\"https:\/\/uninavarra.edu.co\/wp-content\/uploads\/2017\/07\/ST-FO-42-INSPECCION-HIGIENE-Y-LIMPIEZA_V1.xls\">ST-FO-42 HYGIENE AND CLEANLINESS INSPECTION_V1<\/a><\/li>\n<li><a href=\"https:\/\/uninavarra.edu.co\/wp-content\/uploads\/2017\/07\/ST-FO-43-SEGUIMIENTO-EXAMENES-MEDICOS-LABORALES-V1.xlsx\">ST-FO-43 FOLLOW-UP OF OCCUPATIONAL MEDICAL EXAMINATIONS V1<\/a><\/li>\n<\/ul>","protected":false},"excerpt":{"rendered":"<p>Formatos ST-FO-01 Inspecci\u00f3n de \u00c1reas y o Puestos de Trabajo ST-FO-02 Planilla de Inscripci\u00f3n Candidatos Comit\u00e9 de Brigadas de Emergencia ST-FO-03 Conformaci\u00f3n de Brigadas de Emergencia ST-FO-04 Identificaci\u00f3n de Peligros [&hellip;]<\/p>\n","protected":false},"author":3,"featured_media":0,"parent":1039,"menu_order":0,"comment_status":"closed","ping_status":"closed","template":"","meta":{"footnotes":""},"categories":[1],"tags":[],"class_list":["post-2972","page","type-page","status-publish","hentry","category-uncategorized"],"yoast_head":"<!-- This site is optimized with the Yoast SEO plugin v27.2 - https:\/\/yoast.com\/product\/yoast-seo-wordpress\/ -->\n<title>Formatos Gesti\u00f3n de seguridad y salud en el trabajo - Uninavarra<\/title>\n<meta name=\"robots\" content=\"index, follow, max-snippet:-1, max-image-preview:large, max-video-preview:-1\" \/>\n<link rel=\"canonical\" href=\"https:\/\/uninavarra.edu.co\/en\/sistema-gestion-calidad-2\/formatos-gestion-de-seguridad-y-salud-en-el-trabajo\/\" \/>\n<meta property=\"og:locale\" content=\"en_US\" \/>\n<meta property=\"og:type\" content=\"article\" \/>\n<meta property=\"og:title\" content=\"Formatos Gesti\u00f3n de seguridad y salud en el trabajo - Uninavarra\" \/>\n<meta property=\"og:description\" content=\"Formatos ST-FO-01 Inspecci\u00f3n de \u00c1reas y o Puestos de Trabajo ST-FO-02 Planilla de Inscripci\u00f3n Candidatos Comit\u00e9 de Brigadas de Emergencia ST-FO-03 Conformaci\u00f3n de Brigadas de Emergencia ST-FO-04 Identificaci\u00f3n de Peligros [&hellip;]\" \/>\n<meta property=\"og:url\" content=\"https:\/\/uninavarra.edu.co\/en\/sistema-gestion-calidad-2\/formatos-gestion-de-seguridad-y-salud-en-el-trabajo\/\" \/>\n<meta property=\"og:site_name\" content=\"Uninavarra\" \/>\n<meta property=\"article:publisher\" content=\"https:\/\/www.facebook.com\/UninavarraEduca\" \/>\n<meta property=\"article:modified_time\" content=\"2021-08-09T16:45:27+00:00\" \/>\n<meta name=\"twitter:card\" content=\"summary_large_image\" \/>\n<meta name=\"twitter:site\" content=\"@uninavarraeduca\" \/>\n<meta name=\"twitter:label1\" content=\"Est. reading time\" \/>\n\t<meta name=\"twitter:data1\" content=\"1 minute\" \/>\n<script type=\"application\/ld+json\" class=\"yoast-schema-graph\">{\"@context\":\"https:\/\/schema.org\",\"@graph\":[{\"@type\":\"WebPage\",\"@id\":\"https:\/\/uninavarra.edu.co\/sistema-gestion-calidad-2\/formatos-gestion-de-seguridad-y-salud-en-el-trabajo\/\",\"url\":\"https:\/\/uninavarra.edu.co\/sistema-gestion-calidad-2\/formatos-gestion-de-seguridad-y-salud-en-el-trabajo\/\",\"name\":\"Formatos Gesti\u00f3n de seguridad y salud en el trabajo - Uninavarra\",\"isPartOf\":{\"@id\":\"https:\/\/uninavarra.edu.co\/#website\"},\"datePublished\":\"2016-07-11T16:56:02+00:00\",\"dateModified\":\"2021-08-09T16:45:27+00:00\",\"breadcrumb\":{\"@id\":\"https:\/\/uninavarra.edu.co\/sistema-gestion-calidad-2\/formatos-gestion-de-seguridad-y-salud-en-el-trabajo\/#breadcrumb\"},\"inLanguage\":\"en-US\",\"potentialAction\":[{\"@type\":\"ReadAction\",\"target\":[\"https:\/\/uninavarra.edu.co\/sistema-gestion-calidad-2\/formatos-gestion-de-seguridad-y-salud-en-el-trabajo\/\"]}]},{\"@type\":\"BreadcrumbList\",\"@id\":\"https:\/\/uninavarra.edu.co\/sistema-gestion-calidad-2\/formatos-gestion-de-seguridad-y-salud-en-el-trabajo\/#breadcrumb\",\"itemListElement\":[{\"@type\":\"ListItem\",\"position\":1,\"name\":\"Home\",\"item\":\"https:\/\/uninavarra.edu.co\/\"},{\"@type\":\"ListItem\",\"position\":2,\"name\":\"Sistemas de Gesti\u00f3n\",\"item\":\"https:\/\/uninavarra.edu.co\/sistema-gestion-calidad-2\/\"},{\"@type\":\"ListItem\",\"position\":3,\"name\":\"Formatos Gesti\u00f3n de seguridad y salud en el trabajo\"}]},{\"@type\":\"WebSite\",\"@id\":\"https:\/\/uninavarra.edu.co\/#website\",\"url\":\"https:\/\/uninavarra.edu.co\/\",\"name\":\"UNINAVARRA\",\"description\":\"Haz realidad tu deseo de aprender\",\"publisher\":{\"@id\":\"https:\/\/uninavarra.edu.co\/#organization\"},\"potentialAction\":[{\"@type\":\"SearchAction\",\"target\":{\"@type\":\"EntryPoint\",\"urlTemplate\":\"https:\/\/uninavarra.edu.co\/?s={search_term_string}\"},\"query-input\":{\"@type\":\"PropertyValueSpecification\",\"valueRequired\":true,\"valueName\":\"search_term_string\"}}],\"inLanguage\":\"en-US\"},{\"@type\":\"Organization\",\"@id\":\"https:\/\/uninavarra.edu.co\/#organization\",\"name\":\"Fundaci\u00f3n Universitaria Navarra - UNINAVARRA\",\"url\":\"https:\/\/uninavarra.edu.co\/\",\"logo\":{\"@type\":\"ImageObject\",\"inLanguage\":\"en-US\",\"@id\":\"https:\/\/uninavarra.edu.co\/#\/schema\/logo\/image\/\",\"url\":\"https:\/\/uninavarra.edu.co\/wp-content\/uploads\/2024\/06\/Escudo-uninavarra-Solo.png\",\"contentUrl\":\"https:\/\/uninavarra.edu.co\/wp-content\/uploads\/2024\/06\/Escudo-uninavarra-Solo.png\",\"width\":1500,\"height\":1401,\"caption\":\"Fundaci\u00f3n Universitaria Navarra - UNINAVARRA\"},\"image\":{\"@id\":\"https:\/\/uninavarra.edu.co\/#\/schema\/logo\/image\/\"},\"sameAs\":[\"https:\/\/www.facebook.com\/UninavarraEduca\",\"https:\/\/x.com\/uninavarraeduca\",\"https:\/\/www.instagram.com\/uninavarra\/?hl=es\",\"https:\/\/www.linkedin.com\/in\/fundacin-universitaria-navarra-uninavarra-b41225222\/\"]}]}<\/script>\n<!-- \/ Yoast SEO plugin. -->","yoast_head_json":{"title":"Formatos Gesti\u00f3n de seguridad y salud en el trabajo - Uninavarra","robots":{"index":"index","follow":"follow","max-snippet":"max-snippet:-1","max-image-preview":"max-image-preview:large","max-video-preview":"max-video-preview:-1"},"canonical":"https:\/\/uninavarra.edu.co\/en\/sistema-gestion-calidad-2\/formatos-gestion-de-seguridad-y-salud-en-el-trabajo\/","og_locale":"en_US","og_type":"article","og_title":"Formatos Gesti\u00f3n de seguridad y salud en el trabajo - Uninavarra","og_description":"Formatos ST-FO-01 Inspecci\u00f3n de \u00c1reas y o Puestos de Trabajo ST-FO-02 Planilla de Inscripci\u00f3n Candidatos Comit\u00e9 de Brigadas de Emergencia ST-FO-03 Conformaci\u00f3n de Brigadas de Emergencia ST-FO-04 Identificaci\u00f3n de Peligros [&hellip;]","og_url":"https:\/\/uninavarra.edu.co\/en\/sistema-gestion-calidad-2\/formatos-gestion-de-seguridad-y-salud-en-el-trabajo\/","og_site_name":"Uninavarra","article_publisher":"https:\/\/www.facebook.com\/UninavarraEduca","article_modified_time":"2021-08-09T16:45:27+00:00","twitter_card":"summary_large_image","twitter_site":"@uninavarraeduca","twitter_misc":{"Est. reading time":"1 minute"},"schema":{"@context":"https:\/\/schema.org","@graph":[{"@type":"WebPage","@id":"https:\/\/uninavarra.edu.co\/sistema-gestion-calidad-2\/formatos-gestion-de-seguridad-y-salud-en-el-trabajo\/","url":"https:\/\/uninavarra.edu.co\/sistema-gestion-calidad-2\/formatos-gestion-de-seguridad-y-salud-en-el-trabajo\/","name":"Formatos Gesti\u00f3n de seguridad y salud en el trabajo - Uninavarra","isPartOf":{"@id":"https:\/\/uninavarra.edu.co\/#website"},"datePublished":"2016-07-11T16:56:02+00:00","dateModified":"2021-08-09T16:45:27+00:00","breadcrumb":{"@id":"https:\/\/uninavarra.edu.co\/sistema-gestion-calidad-2\/formatos-gestion-de-seguridad-y-salud-en-el-trabajo\/#breadcrumb"},"inLanguage":"en-US","potentialAction":[{"@type":"ReadAction","target":["https:\/\/uninavarra.edu.co\/sistema-gestion-calidad-2\/formatos-gestion-de-seguridad-y-salud-en-el-trabajo\/"]}]},{"@type":"BreadcrumbList","@id":"https:\/\/uninavarra.edu.co\/sistema-gestion-calidad-2\/formatos-gestion-de-seguridad-y-salud-en-el-trabajo\/#breadcrumb","itemListElement":[{"@type":"ListItem","position":1,"name":"Home","item":"https:\/\/uninavarra.edu.co\/"},{"@type":"ListItem","position":2,"name":"Sistemas de Gesti\u00f3n","item":"https:\/\/uninavarra.edu.co\/sistema-gestion-calidad-2\/"},{"@type":"ListItem","position":3,"name":"Formatos Gesti\u00f3n de seguridad y salud en el trabajo"}]},{"@type":"WebSite","@id":"https:\/\/uninavarra.edu.co\/#website","url":"https:\/\/uninavarra.edu.co\/","name":"UNINAVARRA","description":"Make your desire to learn a reality","publisher":{"@id":"https:\/\/uninavarra.edu.co\/#organization"},"potentialAction":[{"@type":"SearchAction","target":{"@type":"EntryPoint","urlTemplate":"https:\/\/uninavarra.edu.co\/?s={search_term_string}"},"query-input":{"@type":"PropertyValueSpecification","valueRequired":true,"valueName":"search_term_string"}}],"inLanguage":"en-US"},{"@type":"Organization","@id":"https:\/\/uninavarra.edu.co\/#organization","name":"Navarre University Foundation - UNINAVARRA","url":"https:\/\/uninavarra.edu.co\/","logo":{"@type":"ImageObject","inLanguage":"en-US","@id":"https:\/\/uninavarra.edu.co\/#\/schema\/logo\/image\/","url":"https:\/\/uninavarra.edu.co\/wp-content\/uploads\/2024\/06\/Escudo-uninavarra-Solo.png","contentUrl":"https:\/\/uninavarra.edu.co\/wp-content\/uploads\/2024\/06\/Escudo-uninavarra-Solo.png","width":1500,"height":1401,"caption":"Fundaci\u00f3n Universitaria Navarra - UNINAVARRA"},"image":{"@id":"https:\/\/uninavarra.edu.co\/#\/schema\/logo\/image\/"},"sameAs":["https:\/\/www.facebook.com\/UninavarraEduca","https:\/\/x.com\/uninavarraeduca","https:\/\/www.instagram.com\/uninavarra\/?hl=es","https:\/\/www.linkedin.com\/in\/fundacin-universitaria-navarra-uninavarra-b41225222\/"]}]}},"_links":{"self":[{"href":"https:\/\/uninavarra.edu.co\/en\/wp-json\/wp\/v2\/pages\/2972","targetHints":{"allow":["GET"]}}],"collection":[{"href":"https:\/\/uninavarra.edu.co\/en\/wp-json\/wp\/v2\/pages"}],"about":[{"href":"https:\/\/uninavarra.edu.co\/en\/wp-json\/wp\/v2\/types\/page"}],"author":[{"embeddable":true,"href":"https:\/\/uninavarra.edu.co\/en\/wp-json\/wp\/v2\/users\/3"}],"replies":[{"embeddable":true,"href":"https:\/\/uninavarra.edu.co\/en\/wp-json\/wp\/v2\/comments?post=2972"}],"version-history":[{"count":0,"href":"https:\/\/uninavarra.edu.co\/en\/wp-json\/wp\/v2\/pages\/2972\/revisions"}],"up":[{"embeddable":true,"href":"https:\/\/uninavarra.edu.co\/en\/wp-json\/wp\/v2\/pages\/1039"}],"wp:attachment":[{"href":"https:\/\/uninavarra.edu.co\/en\/wp-json\/wp\/v2\/media?parent=2972"}],"wp:term":[{"taxonomy":"category","embeddable":true,"href":"https:\/\/uninavarra.edu.co\/en\/wp-json\/wp\/v2\/categories?post=2972"},{"taxonomy":"post_tag","embeddable":true,"href":"https:\/\/uninavarra.edu.co\/en\/wp-json\/wp\/v2\/tags?post=2972"}],"curies":[{"name":"wp","href":"https:\/\/api.w.org\/{rel}","templated":true}]}}