{"id":25538,"date":"2020-05-14T12:03:05","date_gmt":"2020-05-14T17:03:05","guid":{"rendered":"https:\/\/uninavarra.edu.co\/?page_id=25538"},"modified":"2026-02-27T08:42:56","modified_gmt":"2026-02-27T13:42:56","slug":"estudiantes","status":"publish","type":"page","link":"https:\/\/uninavarra.edu.co\/en\/estudiantes\/","title":{"rendered":"Students"},"content":{"rendered":"<div class=\"wpb-content-wrapper\"><div class=\"wpb-container\"><div class=\"container\"><div class=\"vc_row wpb_row vc_row-fluid row\"><div class=\"col-sm-12  vc_\">\n\t\t<div class=\"wpb_wrapper\">\n\t\t\t\n\t<div class=\"wpb_text_column wpb_content_element\" >\n\t\t<div class=\"wpb_wrapper\">\n\t\t\t<h3 style=\"text-align: center;\"><span style=\"font-size: 32px;\"><strong><span style=\"color: #ff0000;\">Welcome to<\/span><\/strong><\/span><\/h3>\n<p>&nbsp;<\/p>\n<p><span class=\"intro\" style=\"font-size: 28px; color: #808080;\">On this page you will find information related to Uninavarra Virtual, Institutional Mail, Library and LINDA Platform.<\/span><\/p>\n\n\t\t<\/div>\n\t<\/div>\n<div class=\"vc_empty_space\"   style=\"height: 32px\"><span class=\"vc_empty_space_inner\"><\/span><\/div>\n\t\t<\/div> \n\t<\/div><div class=\"col-sm-12  vc_\">\n\t\t<div class=\"wpb_wrapper\">\n\t\t\t<div class=\"vc_row wpb_row vc_inner vc_row-fluid\"><div class=\"vc_ col-sm-2\"><div class=\"vc_column-inner\"><div class=\"wpb_wrapper\"><div class=\"wpb_single_image wpb_content_element imgboton vc_align_center\">\n\t\t<div class=\"wpb_wrapper\">\n\t\t\t\n\t\t\t<a href=\"https:\/\/uninavarra.edu-labs.co\/login\/index.php\" target=\"_blank\"><img fetchpriority=\"high\" decoding=\"async\" width=\"1000\" height=\"1250\" src=\"https:\/\/uninavarra.edu.co\/wp-content\/uploads\/2022\/07\/boton-Virtual-ETR.png\" class=\"vc_box_border_grey attachment-full\" alt=\"boton-Virtual-ETR\" title=\"boton-Virtual-ETR\" srcset=\"https:\/\/uninavarra.edu.co\/wp-content\/uploads\/2022\/07\/boton-Virtual-ETR.png 1000w, https:\/\/uninavarra.edu.co\/wp-content\/uploads\/2022\/07\/boton-Virtual-ETR-120x150.png 120w, https:\/\/uninavarra.edu.co\/wp-content\/uploads\/2022\/07\/boton-Virtual-ETR-240x300.png 240w, https:\/\/uninavarra.edu.co\/wp-content\/uploads\/2022\/07\/boton-Virtual-ETR-768x960.png 768w, https:\/\/uninavarra.edu.co\/wp-content\/uploads\/2022\/07\/boton-Virtual-ETR-819x1024.png 819w\" sizes=\"(max-width: 1000px) 100vw, 1000px\" \/><\/a>\n\t\t<\/div> \n\t<\/div><\/div><\/div><\/div><div class=\"vc_ col-sm-2\"><div class=\"vc_column-inner\"><div class=\"wpb_wrapper\"><div class=\"wpb_single_image wpb_content_element imgboton vc_align_center\">\n\t\t<div class=\"wpb_wrapper\">\n\t\t\t\n\t\t\t<a href=\"https:\/\/mail.google.com\/a\/uninavarra.edu.co\" target=\"_blank\"><img decoding=\"async\" width=\"1000\" height=\"1250\" src=\"https:\/\/uninavarra.edu.co\/wp-content\/uploads\/2022\/07\/boton-Correo-Electro\u0301nico.png\" class=\"vc_box_border_grey attachment-full\" alt=\"boton-Correo-Electro\u0301nico\" title=\"button-Electronic-Button-Electronic\" srcset=\"https:\/\/uninavarra.edu.co\/wp-content\/uploads\/2022\/07\/boton-Correo-Electro\u0301nico.png 1000w, https:\/\/uninavarra.edu.co\/wp-content\/uploads\/2022\/07\/boton-Correo-Electro\u0301nico-120x150.png 120w, https:\/\/uninavarra.edu.co\/wp-content\/uploads\/2022\/07\/boton-Correo-Electro\u0301nico-240x300.png 240w, https:\/\/uninavarra.edu.co\/wp-content\/uploads\/2022\/07\/boton-Correo-Electro\u0301nico-768x960.png 768w, https:\/\/uninavarra.edu.co\/wp-content\/uploads\/2022\/07\/boton-Correo-Electro\u0301nico-819x1024.png 819w\" sizes=\"(max-width: 1000px) 100vw, 1000px\" \/><\/a>\n\t\t<\/div> \n\t<\/div><\/div><\/div><\/div><div class=\"vc_ col-sm-2\"><div class=\"vc_column-inner\"><div class=\"wpb_wrapper\"><div class=\"wpb_single_image wpb_content_element imgboton vc_align_center\">\n\t\t<div class=\"wpb_wrapper\">\n\t\t\t\n\t\t\t<a href=\"https:\/\/uninavarra.edu.co\/estudiantes\/biblioteca\/\" target=\"_self\"><img decoding=\"async\" width=\"1000\" height=\"1250\" src=\"https:\/\/uninavarra.edu.co\/wp-content\/uploads\/2022\/07\/boton-Biblioteca.png\" class=\"vc_box_border_grey attachment-full\" alt=\"boton-Biblioteca\" title=\"button-Library\" srcset=\"https:\/\/uninavarra.edu.co\/wp-content\/uploads\/2022\/07\/boton-Biblioteca.png 1000w, https:\/\/uninavarra.edu.co\/wp-content\/uploads\/2022\/07\/boton-Biblioteca-120x150.png 120w, https:\/\/uninavarra.edu.co\/wp-content\/uploads\/2022\/07\/boton-Biblioteca-240x300.png 240w, https:\/\/uninavarra.edu.co\/wp-content\/uploads\/2022\/07\/boton-Biblioteca-768x960.png 768w, https:\/\/uninavarra.edu.co\/wp-content\/uploads\/2022\/07\/boton-Biblioteca-819x1024.png 819w\" sizes=\"(max-width: 1000px) 100vw, 1000px\" \/><\/a>\n\t\t<\/div> \n\t<\/div><\/div><\/div><\/div><div class=\"vc_ col-sm-2\"><div class=\"vc_column-inner\"><div class=\"wpb_wrapper\"><div class=\"wpb_single_image wpb_content_element imgboton vc_align_center\">\n\t\t<div class=\"wpb_wrapper\">\n\t\t\t\n\t\t\t<a href=\"http:\/\/uninavarra.q10academico.com\/\" target=\"_blank\"><img loading=\"lazy\" decoding=\"async\" width=\"1000\" height=\"1250\" src=\"https:\/\/uninavarra.edu.co\/wp-content\/uploads\/2022\/07\/boton-Plataforma-Q-10.png\" class=\"vc_box_border_grey attachment-full\" alt=\"boton-Plataforma-Q-10\" title=\"button-Platform-Q-10\" srcset=\"https:\/\/uninavarra.edu.co\/wp-content\/uploads\/2022\/07\/boton-Plataforma-Q-10.png 1000w, https:\/\/uninavarra.edu.co\/wp-content\/uploads\/2022\/07\/boton-Plataforma-Q-10-120x150.png 120w, https:\/\/uninavarra.edu.co\/wp-content\/uploads\/2022\/07\/boton-Plataforma-Q-10-240x300.png 240w, https:\/\/uninavarra.edu.co\/wp-content\/uploads\/2022\/07\/boton-Plataforma-Q-10-768x960.png 768w, https:\/\/uninavarra.edu.co\/wp-content\/uploads\/2022\/07\/boton-Plataforma-Q-10-819x1024.png 819w\" sizes=\"(max-width: 1000px) 100vw, 1000px\" \/><\/a>\n\t\t<\/div> \n\t<\/div><\/div><\/div><\/div><div class=\"vc_ col-sm-2\"><div class=\"vc_column-inner\"><div class=\"wpb_wrapper\"><div class=\"wpb_single_image wpb_content_element imgboton vc_align_center\">\n\t\t<div class=\"wpb_wrapper\">\n\t\t\t\n\t\t\t<a href=\"http:\/\/campus.uninavarra.edu.co\/psp\/cs92prod\/?cmd=login&#038;languageCd=ESP&#038;\" target=\"_blank\"><img loading=\"lazy\" decoding=\"async\" width=\"1000\" height=\"1250\" src=\"https:\/\/uninavarra.edu.co\/wp-content\/uploads\/2022\/07\/boton-Plataforma-LINDA.png\" class=\"vc_box_border_grey attachment-full\" alt=\"boton-Plataforma-LINDA\" title=\"button-Platform-LINDA\" srcset=\"https:\/\/uninavarra.edu.co\/wp-content\/uploads\/2022\/07\/boton-Plataforma-LINDA.png 1000w, https:\/\/uninavarra.edu.co\/wp-content\/uploads\/2022\/07\/boton-Plataforma-LINDA-120x150.png 120w, https:\/\/uninavarra.edu.co\/wp-content\/uploads\/2022\/07\/boton-Plataforma-LINDA-240x300.png 240w, https:\/\/uninavarra.edu.co\/wp-content\/uploads\/2022\/07\/boton-Plataforma-LINDA-768x960.png 768w, https:\/\/uninavarra.edu.co\/wp-content\/uploads\/2022\/07\/boton-Plataforma-LINDA-819x1024.png 819w\" sizes=\"(max-width: 1000px) 100vw, 1000px\" \/><\/a>\n\t\t<\/div> \n\t<\/div><\/div><\/div><\/div><div class=\"vc_ col-sm-2\"><div class=\"vc_column-inner\"><div class=\"wpb_wrapper\"><div class=\"wpb_single_image wpb_content_element imgboton vc_align_center\">\n\t\t<div class=\"wpb_wrapper\">\n\t\t\t\n\t\t\t<a href=\"https:\/\/www.office.com\/\" target=\"_blank\"><img loading=\"lazy\" decoding=\"async\" width=\"1000\" height=\"1250\" src=\"https:\/\/uninavarra.edu.co\/wp-content\/uploads\/2022\/07\/boton-Office.png\" class=\"vc_box_border_grey attachment-full\" alt=\"boton-Office\" title=\"boton-Office\" srcset=\"https:\/\/uninavarra.edu.co\/wp-content\/uploads\/2022\/07\/boton-Office.png 1000w, https:\/\/uninavarra.edu.co\/wp-content\/uploads\/2022\/07\/boton-Office-120x150.png 120w, https:\/\/uninavarra.edu.co\/wp-content\/uploads\/2022\/07\/boton-Office-240x300.png 240w, https:\/\/uninavarra.edu.co\/wp-content\/uploads\/2022\/07\/boton-Office-768x960.png 768w, https:\/\/uninavarra.edu.co\/wp-content\/uploads\/2022\/07\/boton-Office-819x1024.png 819w\" sizes=\"(max-width: 1000px) 100vw, 1000px\" \/><\/a>\n\t\t<\/div> \n\t<\/div><\/div><\/div><\/div><\/div>\n\t\t<\/div> \n\t<\/div><\/div><\/div><\/div><div class=\"wpb-container\"><div class=\"container\"><div class=\"vc_row wpb_row vc_row-fluid row\"><div class=\"col-sm-12  vc_\">\n\t\t<div class=\"wpb_wrapper\">\n\t\t\t<div class=\"vc_btn3-container vc_btn3-center vc_do_btn\" ><a class=\"vc_general vc_btn3 vc_btn3-size-lg vc_btn3-shape-rounded vc_btn3-style-modern vc_btn3-icon-left vc_btn3-color-navarra\" href=\"https:\/\/uninavarra.edu.co\/bienestar-universitario\/\" title=\"\" target=\"_blank\"><i class=\"vc_btn3-icon fas fa-hand-holding-heart\"><\/i> University Welfare<\/a><\/div><div class=\"vc_btn3-container vc_btn3-center vc_do_btn\" ><a class=\"vc_general vc_btn3 vc_btn3-size-lg vc_btn3-shape-rounded vc_btn3-style-modern vc_btn3-icon-left vc_btn3-color-navarra\" href=\"https:\/\/forms.gle\/oSmciHvo3QHpPnsWA\" title=\"\" target=\"_blank\"><i class=\"vc_btn3-icon fas fa-cogs\"><\/i> Technology Support Requests (GTI)<\/a><\/div><div class=\"vc_btn3-container vc_btn3-center vc_do_btn\" ><a class=\"vc_general vc_btn3 vc_btn3-size-lg vc_btn3-shape-rounded vc_btn3-style-modern vc_btn3-icon-left vc_btn3-color-navarra\" href=\"http:\/\/campus.uninavarra.edu.co\/psc\/cs92prod_10\/EMPLOYEE\/SA\/c\/LC_ACCESO_PUBLICO.LC_CE_VERIFI_CERT.GBL\" title=\"\" target=\"_blank\"><i class=\"vc_btn3-icon fas fa-clipboard\"><\/i> Validate Certificates<\/a><\/div>\n\t<div class=\"wpb_text_column wpb_content_element\" >\n\t\t<div class=\"wpb_wrapper\">\n\t\t\t<p style=\"text-align: center;\"><span style=\"text-decoration: underline;\"><span style=\"font-size: 24px;\"><a href=\"https:\/\/uninavarra.edu.co\/wp-content\/uploads\/2022\/11\/Verificacion-de-Certificados.pdf\">Instructions for certificate verification<\/a><\/span><\/span><\/p>\n\n\t\t<\/div>\n\t<\/div>\n<div class=\"vc_empty_space\"   style=\"height: 32px\"><span class=\"vc_empty_space_inner\"><\/span><\/div>\n\t<div class=\"wpb_text_column wpb_content_element\" >\n\t\t<div class=\"wpb_wrapper\">\n\t\t\t<p style=\"text-align: center;\"><span style=\"text-decoration: underline;\"><span style=\"font-size: 24px;\"><a href=\"https:\/\/uninavarra.edu.co\/estudiantes\/linda-preguntas-frecuentes-estudiantes\/\">LINDA platform instructions<\/a><\/span><\/span><\/p>\n\n\t\t<\/div>\n\t<\/div>\n\n\t\t<\/div> \n\t<\/div><\/div><\/div><\/div><div class=\"wpb-container\"><div class=\"container\"><div class=\"vc_row wpb_row vc_row-fluid row\"><div class=\"col-sm-12  vc_\">\n\t\t<div class=\"wpb_wrapper\">\n\t\t\t\n\t\t<\/div> \n\t<\/div><\/div><\/div><\/div><div class=\"wpb-container\"><div class=\"container\"><div class=\"vc_row wpb_row vc_row-fluid row\"><div class=\"col-sm-12  vc_\">\n\t\t<div class=\"wpb_wrapper\">\n\t\t\t\n\t\t<\/div> \n\t<\/div><\/div><\/div><\/div><div class=\"wpb-container\"><div class=\"container\"><div class=\"vc_row wpb_row vc_row-fluid row\"><div class=\"col-sm-12  vc_\">\n\t\t<div class=\"wpb_wrapper\">\n\t\t\t\n\t\t<\/div> \n\t<\/div><\/div><\/div><\/div>\n<\/div>","protected":false},"excerpt":{"rendered":"Bienvenidos &nbsp; En esta p\u00e1gina encontrar\u00e1 la informaci\u00f3n relacionada con Uninavarra Virtual, Correo institucional, Biblioteca y Plataforma LINDA. Bienestar Universitario Solicitudes de Soporte Tecnol\u00f3gico (GTI) Validar Certificados Instructivo para verificaci\u00f3n [...]","protected":false},"author":12,"featured_media":49169,"parent":0,"menu_order":0,"comment_status":"closed","ping_status":"closed","template":"","meta":{"footnotes":""},"categories":[],"tags":[],"class_list":["post-25538","page","type-page","status-publish","has-post-thumbnail","hentry"],"yoast_head":"<!-- This site is optimized with the Yoast SEO plugin v27.2 - https:\/\/yoast.com\/product\/yoast-seo-wordpress\/ -->\n<title>Estudiantes - Uninavarra<\/title>\n<meta name=\"robots\" content=\"index, follow, max-snippet:-1, max-image-preview:large, max-video-preview:-1\" \/>\n<link rel=\"canonical\" href=\"https:\/\/uninavarra.edu.co\/en\/estudiantes\/\" \/>\n<meta property=\"og:locale\" content=\"en_US\" \/>\n<meta property=\"og:type\" content=\"article\" \/>\n<meta property=\"og:title\" content=\"Estudiantes - Uninavarra\" \/>\n<meta property=\"og:url\" content=\"https:\/\/uninavarra.edu.co\/en\/estudiantes\/\" \/>\n<meta property=\"og:site_name\" content=\"Uninavarra\" \/>\n<meta property=\"article:publisher\" content=\"https:\/\/www.facebook.com\/UninavarraEduca\" \/>\n<meta property=\"article:modified_time\" content=\"2026-02-27T13:42:56+00:00\" \/>\n<meta property=\"og:image\" content=\"https:\/\/uninavarra.edu.co\/wp-content\/uploads\/2022\/07\/banner-web-estudiante.png\" \/>\n\t<meta property=\"og:image:width\" content=\"1920\" \/>\n\t<meta property=\"og:image:height\" content=\"250\" \/>\n\t<meta property=\"og:image:type\" content=\"image\/png\" \/>\n<meta name=\"twitter:card\" content=\"summary_large_image\" \/>\n<meta name=\"twitter:site\" content=\"@uninavarraeduca\" \/>\n<meta name=\"twitter:label1\" content=\"Est. reading time\" \/>\n\t<meta name=\"twitter:data1\" content=\"2 minutes\" \/>\n<script type=\"application\/ld+json\" class=\"yoast-schema-graph\">{\"@context\":\"https:\/\/schema.org\",\"@graph\":[{\"@type\":\"WebPage\",\"@id\":\"https:\/\/uninavarra.edu.co\/estudiantes\/\",\"url\":\"https:\/\/uninavarra.edu.co\/estudiantes\/\",\"name\":\"Estudiantes - Uninavarra\",\"isPartOf\":{\"@id\":\"https:\/\/uninavarra.edu.co\/#website\"},\"primaryImageOfPage\":{\"@id\":\"https:\/\/uninavarra.edu.co\/estudiantes\/#primaryimage\"},\"image\":{\"@id\":\"https:\/\/uninavarra.edu.co\/estudiantes\/#primaryimage\"},\"thumbnailUrl\":\"https:\/\/uninavarra.edu.co\/wp-content\/uploads\/2022\/07\/banner-web-estudiante.png\",\"datePublished\":\"2020-05-14T17:03:05+00:00\",\"dateModified\":\"2026-02-27T13:42:56+00:00\",\"breadcrumb\":{\"@id\":\"https:\/\/uninavarra.edu.co\/estudiantes\/#breadcrumb\"},\"inLanguage\":\"en-US\",\"potentialAction\":[{\"@type\":\"ReadAction\",\"target\":[\"https:\/\/uninavarra.edu.co\/estudiantes\/\"]}]},{\"@type\":\"ImageObject\",\"inLanguage\":\"en-US\",\"@id\":\"https:\/\/uninavarra.edu.co\/estudiantes\/#primaryimage\",\"url\":\"https:\/\/uninavarra.edu.co\/wp-content\/uploads\/2022\/07\/banner-web-estudiante.png\",\"contentUrl\":\"https:\/\/uninavarra.edu.co\/wp-content\/uploads\/2022\/07\/banner-web-estudiante.png\",\"width\":1920,\"height\":250},{\"@type\":\"BreadcrumbList\",\"@id\":\"https:\/\/uninavarra.edu.co\/estudiantes\/#breadcrumb\",\"itemListElement\":[{\"@type\":\"ListItem\",\"position\":1,\"name\":\"Home\",\"item\":\"https:\/\/uninavarra.edu.co\/\"},{\"@type\":\"ListItem\",\"position\":2,\"name\":\"Estudiantes\"}]},{\"@type\":\"WebSite\",\"@id\":\"https:\/\/uninavarra.edu.co\/#website\",\"url\":\"https:\/\/uninavarra.edu.co\/\",\"name\":\"UNINAVARRA\",\"description\":\"Haz realidad tu deseo de aprender\",\"publisher\":{\"@id\":\"https:\/\/uninavarra.edu.co\/#organization\"},\"potentialAction\":[{\"@type\":\"SearchAction\",\"target\":{\"@type\":\"EntryPoint\",\"urlTemplate\":\"https:\/\/uninavarra.edu.co\/?s={search_term_string}\"},\"query-input\":{\"@type\":\"PropertyValueSpecification\",\"valueRequired\":true,\"valueName\":\"search_term_string\"}}],\"inLanguage\":\"en-US\"},{\"@type\":\"Organization\",\"@id\":\"https:\/\/uninavarra.edu.co\/#organization\",\"name\":\"Fundaci\u00f3n Universitaria Navarra - UNINAVARRA\",\"url\":\"https:\/\/uninavarra.edu.co\/\",\"logo\":{\"@type\":\"ImageObject\",\"inLanguage\":\"en-US\",\"@id\":\"https:\/\/uninavarra.edu.co\/#\/schema\/logo\/image\/\",\"url\":\"https:\/\/uninavarra.edu.co\/wp-content\/uploads\/2024\/06\/Escudo-uninavarra-Solo.png\",\"contentUrl\":\"https:\/\/uninavarra.edu.co\/wp-content\/uploads\/2024\/06\/Escudo-uninavarra-Solo.png\",\"width\":1500,\"height\":1401,\"caption\":\"Fundaci\u00f3n Universitaria Navarra - UNINAVARRA\"},\"image\":{\"@id\":\"https:\/\/uninavarra.edu.co\/#\/schema\/logo\/image\/\"},\"sameAs\":[\"https:\/\/www.facebook.com\/UninavarraEduca\",\"https:\/\/x.com\/uninavarraeduca\",\"https:\/\/www.instagram.com\/uninavarra\/?hl=es\",\"https:\/\/www.linkedin.com\/in\/fundacin-universitaria-navarra-uninavarra-b41225222\/\"]}]}<\/script>\n<!-- \/ Yoast SEO plugin. -->","yoast_head_json":{"title":"Estudiantes - Uninavarra","robots":{"index":"index","follow":"follow","max-snippet":"max-snippet:-1","max-image-preview":"max-image-preview:large","max-video-preview":"max-video-preview:-1"},"canonical":"https:\/\/uninavarra.edu.co\/en\/estudiantes\/","og_locale":"en_US","og_type":"article","og_title":"Estudiantes - Uninavarra","og_url":"https:\/\/uninavarra.edu.co\/en\/estudiantes\/","og_site_name":"Uninavarra","article_publisher":"https:\/\/www.facebook.com\/UninavarraEduca","article_modified_time":"2026-02-27T13:42:56+00:00","og_image":[{"width":1920,"height":250,"url":"https:\/\/uninavarra.edu.co\/wp-content\/uploads\/2022\/07\/banner-web-estudiante.png","type":"image\/png"}],"twitter_card":"summary_large_image","twitter_site":"@uninavarraeduca","twitter_misc":{"Est. reading time":"2 minutes"},"schema":{"@context":"https:\/\/schema.org","@graph":[{"@type":"WebPage","@id":"https:\/\/uninavarra.edu.co\/estudiantes\/","url":"https:\/\/uninavarra.edu.co\/estudiantes\/","name":"Estudiantes - Uninavarra","isPartOf":{"@id":"https:\/\/uninavarra.edu.co\/#website"},"primaryImageOfPage":{"@id":"https:\/\/uninavarra.edu.co\/estudiantes\/#primaryimage"},"image":{"@id":"https:\/\/uninavarra.edu.co\/estudiantes\/#primaryimage"},"thumbnailUrl":"https:\/\/uninavarra.edu.co\/wp-content\/uploads\/2022\/07\/banner-web-estudiante.png","datePublished":"2020-05-14T17:03:05+00:00","dateModified":"2026-02-27T13:42:56+00:00","breadcrumb":{"@id":"https:\/\/uninavarra.edu.co\/estudiantes\/#breadcrumb"},"inLanguage":"en-US","potentialAction":[{"@type":"ReadAction","target":["https:\/\/uninavarra.edu.co\/estudiantes\/"]}]},{"@type":"ImageObject","inLanguage":"en-US","@id":"https:\/\/uninavarra.edu.co\/estudiantes\/#primaryimage","url":"https:\/\/uninavarra.edu.co\/wp-content\/uploads\/2022\/07\/banner-web-estudiante.png","contentUrl":"https:\/\/uninavarra.edu.co\/wp-content\/uploads\/2022\/07\/banner-web-estudiante.png","width":1920,"height":250},{"@type":"BreadcrumbList","@id":"https:\/\/uninavarra.edu.co\/estudiantes\/#breadcrumb","itemListElement":[{"@type":"ListItem","position":1,"name":"Home","item":"https:\/\/uninavarra.edu.co\/"},{"@type":"ListItem","position":2,"name":"Estudiantes"}]},{"@type":"WebSite","@id":"https:\/\/uninavarra.edu.co\/#website","url":"https:\/\/uninavarra.edu.co\/","name":"UNINAVARRA","description":"Make your desire to learn a reality","publisher":{"@id":"https:\/\/uninavarra.edu.co\/#organization"},"potentialAction":[{"@type":"SearchAction","target":{"@type":"EntryPoint","urlTemplate":"https:\/\/uninavarra.edu.co\/?s={search_term_string}"},"query-input":{"@type":"PropertyValueSpecification","valueRequired":true,"valueName":"search_term_string"}}],"inLanguage":"en-US"},{"@type":"Organization","@id":"https:\/\/uninavarra.edu.co\/#organization","name":"Navarre University Foundation - UNINAVARRA","url":"https:\/\/uninavarra.edu.co\/","logo":{"@type":"ImageObject","inLanguage":"en-US","@id":"https:\/\/uninavarra.edu.co\/#\/schema\/logo\/image\/","url":"https:\/\/uninavarra.edu.co\/wp-content\/uploads\/2024\/06\/Escudo-uninavarra-Solo.png","contentUrl":"https:\/\/uninavarra.edu.co\/wp-content\/uploads\/2024\/06\/Escudo-uninavarra-Solo.png","width":1500,"height":1401,"caption":"Fundaci\u00f3n Universitaria Navarra - UNINAVARRA"},"image":{"@id":"https:\/\/uninavarra.edu.co\/#\/schema\/logo\/image\/"},"sameAs":["https:\/\/www.facebook.com\/UninavarraEduca","https:\/\/x.com\/uninavarraeduca","https:\/\/www.instagram.com\/uninavarra\/?hl=es","https:\/\/www.linkedin.com\/in\/fundacin-universitaria-navarra-uninavarra-b41225222\/"]}]}},"_links":{"self":[{"href":"https:\/\/uninavarra.edu.co\/en\/wp-json\/wp\/v2\/pages\/25538","targetHints":{"allow":["GET"]}}],"collection":[{"href":"https:\/\/uninavarra.edu.co\/en\/wp-json\/wp\/v2\/pages"}],"about":[{"href":"https:\/\/uninavarra.edu.co\/en\/wp-json\/wp\/v2\/types\/page"}],"author":[{"embeddable":true,"href":"https:\/\/uninavarra.edu.co\/en\/wp-json\/wp\/v2\/users\/12"}],"replies":[{"embeddable":true,"href":"https:\/\/uninavarra.edu.co\/en\/wp-json\/wp\/v2\/comments?post=25538"}],"version-history":[{"count":0,"href":"https:\/\/uninavarra.edu.co\/en\/wp-json\/wp\/v2\/pages\/25538\/revisions"}],"wp:featuredmedia":[{"embeddable":true,"href":"https:\/\/uninavarra.edu.co\/en\/wp-json\/wp\/v2\/media\/49169"}],"wp:attachment":[{"href":"https:\/\/uninavarra.edu.co\/en\/wp-json\/wp\/v2\/media?parent=25538"}],"wp:term":[{"taxonomy":"category","embeddable":true,"href":"https:\/\/uninavarra.edu.co\/en\/wp-json\/wp\/v2\/categories?post=25538"},{"taxonomy":"post_tag","embeddable":true,"href":"https:\/\/uninavarra.edu.co\/en\/wp-json\/wp\/v2\/tags?post=25538"}],"curies":[{"name":"wp","href":"https:\/\/api.w.org\/{rel}","templated":true}]}}