{"id":2379,"date":"2016-04-30T06:43:26","date_gmt":"2016-04-30T11:43:26","guid":{"rendered":"https:\/\/uninavarra.edu.co\/?page_id=2379"},"modified":"2025-12-30T09:12:28","modified_gmt":"2025-12-30T14:12:28","slug":"solicitudes","status":"publish","type":"page","link":"https:\/\/uninavarra.edu.co\/en\/solicitudes\/","title":{"rendered":"Requests"},"content":{"rendered":"<div class=\"wpb-content-wrapper\"><div data-vc-full-width=\"true\" data-vc-full-width-init=\"false\" class=\"wpb-container vc_custom_1672150119765\"><div class=\"container\"><div class=\"vc_row wpb_row vc_row-fluid row  marco-start\"><div class=\"col-sm-12  vc_\">\n\t\t<div class=\"wpb_wrapper\">\n\t\t\t\n\t<div class=\"wpb_raw_code wpb_raw_html wpb_content_element\" >\n\t\t<div class=\"wpb_wrapper\">\n\t\t\t<link rel=\"preconnect\" href=\"https:\/\/fonts.gstatic.com\">\n<link href=\"https:\/\/fonts.googleapis.com\/css2?family=Raleway:ital,wght@0,400;0,700;1,400&display=swap\" rel=\"stylesheet\">\n<link href=\"https:\/\/fonts.googleapis.com\/css2?family=Lato:wght@400;700&display=swap\" rel=\"stylesheet\">\n<link href=\"https:\/\/fonts.googleapis.com\/icon?family=Material+Icons\" rel=\"stylesheet\">\n\n<style>\n\/* Arregla el tama\u00f1o de la letra del slider cina ya que esta en 'rem' *\/ html {font-size: 100%} .navbar-mega .navbar-nav > li .dropdown-menu li a {font-size: 14px !important;}\n\n\/* CAMBIO COLOR DE LA LETRA Y ESTILO *\/\n#wpo-mainbody, #wpo-mainbody h2, #wpo-mainbody h3, #wpo-mainbody h4, #wpo-mainbody p, #wpo-mainbody a, #wpo-mainbody strong, #wpo-mainbody em, #wpo-mainbody th, #wpo-mainbody tr, #wpo-mainbody td, #wpo-mainbody ol, #wpo-mainbody ul, #wpo-mainbody li, #wpo-mainbody :after {\n    font-family: 'Raleway', sans-serif\n}\n\n#wpo-mainbody p {\n    font-size: 18px;\n    line-height: 30px;\n}\n\n#wpo-mainbody li {\n    font-size: 18px;\n    line-height: 30px;\n}\n\n.vc_toggle_title{\n  font-family: 'Raleway', sans-serif;\n}\n.vc_toggle_content{\n font-family: 'Raleway', sans-serif !important;\n}\n\n\n\n\n\n\/*NEEEEWWWWWWWWWWWWWWWWW*\/\n\n\n<\/style>\n\t\t<\/div>\n\t<\/div>\n<div class=\"vc_empty_space\"   style=\"height: 32px\"><span class=\"vc_empty_space_inner\"><\/span><\/div><div class=\"vc_row wpb_row vc_inner vc_row-fluid\"><div class=\"vc_ col-sm-2\"><div class=\"vc_column-inner\"><div class=\"wpb_wrapper\"><\/div><\/div><\/div><div class=\"vc_ col-sm-8\"><div class=\"vc_column-inner\"><div class=\"wpb_wrapper\">\n\t<div class=\"wpb_text_column wpb_content_element\" >\n\t\t<div class=\"wpb_wrapper\">\n\t\t\t<p style=\"text-align: center;\"><span style=\"color: #ffffff; text-align: center; font-size: 20px;\"><strong>Procedure for requesting advertising and communication campaigns (BRIEF)<\/strong><\/span><\/p>\n<p><span style=\"color: #ffffff;\"><strong>\u00a0<\/strong><\/span><\/p>\n<p><span style=\"color: #ffffff;\">The update of UNINAVARRA's new communication campaign request forms is aimed at <strong>main objective<\/strong> strengthen brand positioning, message power and creativity. The complete construction of these formats will allow a quality, more effective and measurable work as well as the decrease in response and approval times.<\/span><\/p>\n<p>&nbsp;<\/p>\n<p><span style=\"color: #ffffff;\">We invite all our collaborators to complete the forms (BRIEF) with clear, sufficient and relevant information for the construction of the different communication campaigns, graphic pieces, videos and event support.<\/span><\/p>\n\n\t\t<\/div>\n\t<\/div>\n<\/div><\/div><\/div><div class=\"vc_ col-sm-2\"><div class=\"vc_column-inner\"><div class=\"wpb_wrapper\"><\/div><\/div><\/div><\/div><div class=\"vc_row wpb_row vc_inner vc_row-fluid\"><div class=\"vc_ col-sm-2\"><div class=\"vc_column-inner\"><div class=\"wpb_wrapper\"><\/div><\/div><\/div><div class=\"vc_ col-sm-8\"><div class=\"vc_column-inner\"><div class=\"wpb_wrapper\">\n\t<div class=\"wpb_text_column wpb_content_element\" >\n\t\t<div class=\"wpb_wrapper\">\n\t\t\t<p><span style=\"color: #ffffff;\">Strategic Brief<\/span><br \/>\n<a class=\"vc_general vc_btn3 vc_btn3-size-md vc_btn3-shape-rounded vc_btn3-style-modern vc_btn3-color-grey\" href=\"https:\/\/uninavarra.edu.co\/wp-content\/uploads\/2023\/03\/GO-FO-01-BRIEF-ESTRATEGICO-2.docx\" target=\"_blank\" rel=\"noopener noreferrer\" download=\"Brief Estrat\u00e9gico\">Download format<\/a><\/p>\n<table width=\"461\">\n<tbody>\n<tr>\n<td width=\"315\"><span style=\"color: #ffffff;\"><strong>TYPE OF APPLICATION<\/strong><\/span><\/td>\n<td width=\"147\"><span style=\"color: #ffffff;\"><strong>RESPONSE TIME<\/strong><\/span><\/td>\n<\/tr>\n<tr>\n<td width=\"315\"><span style=\"color: #ffffff;\">Graphic campaigns<\/span><\/td>\n<td width=\"147\"><span style=\"color: #ffffff;\">1 to 3 business days<\/span><\/td>\n<\/tr>\n<tr>\n<td width=\"315\"><span style=\"color: #ffffff;\">Internal communication pieces<\/span><\/td>\n<td width=\"147\"><span style=\"color: #ffffff;\">1 to 3 business days<\/span><\/td>\n<\/tr>\n<tr>\n<td width=\"315\"><span style=\"color: #ffffff;\">External communication pieces<\/span><\/td>\n<td width=\"147\"><span style=\"color: #ffffff;\">1 to 3 business days<\/span><\/td>\n<\/tr>\n<tr>\n<td width=\"315\"><span style=\"color: #ffffff;\">Creation of communications for Social Networks<\/span><\/td>\n<td width=\"147\"><span style=\"color: #ffffff;\">1 to 3 business days<\/span><\/td>\n<\/tr>\n<tr>\n<td width=\"315\"><span style=\"color: #ffffff;\">Videomarketing<\/span><\/td>\n<td width=\"147\"><span style=\"color: #ffffff;\">2 to 5 working days<\/span><\/td>\n<\/tr>\n<tr>\n<td width=\"315\"><span style=\"color: #ffffff;\">Notes WEB page<\/span><\/td>\n<td width=\"147\"><span style=\"color: #ffffff;\">2 to 5 working days<\/span><\/td>\n<\/tr>\n<\/tbody>\n<\/table>\n<p>&nbsp;<\/p>\n<p><span style=\"color: #ffffff;\">Tactical Brief:<\/span><br \/>\n<a class=\"vc_general vc_btn3 vc_btn3-size-md vc_btn3-shape-rounded vc_btn3-style-modern vc_btn3-color-grey\" href=\"https:\/\/uninavarra.edu.co\/wp-content\/uploads\/2023\/03\/GO-FO-12-BRIEF-TACTICO-DIGITAL-2.docx\" target=\"_blank\" rel=\"noopener noreferrer\" download=\"Brief T\u00e1ctico\">Download format<\/a><\/p>\n<table width=\"461\">\n<tbody>\n<tr>\n<td width=\"315\"><span style=\"color: #ffffff;\"><strong>TYPE OF APPLICATION<\/strong><\/span><\/td>\n<td width=\"147\"><span style=\"color: #ffffff;\"><strong>RESPONSE TIME<\/strong><\/span><\/td>\n<\/tr>\n<tr>\n<td width=\"315\"><span style=\"color: #ffffff;\">Publications in Social Networks<\/span><\/td>\n<td width=\"147\"><span style=\"color: #ffffff;\">1 to 2 working days<\/span><\/td>\n<\/tr>\n<\/tbody>\n<\/table>\n\n\t\t<\/div>\n\t<\/div>\n<\/div><\/div><\/div><div class=\"vc_ col-sm-2\"><div class=\"vc_column-inner\"><div class=\"wpb_wrapper\"><\/div><\/div><\/div><\/div><div class=\"vc_row wpb_row vc_inner vc_row-fluid\"><div class=\"vc_ col-sm-2\"><div class=\"vc_column-inner\"><div class=\"wpb_wrapper\"><\/div><\/div><\/div><div class=\"vc_ col-sm-8\"><div class=\"vc_column-inner\"><div class=\"wpb_wrapper\">\n\t<div class=\"wpb_text_column wpb_content_element\" >\n\t\t<div class=\"wpb_wrapper\">\n\t\t\t<h4 style=\"color: #cc0000; text-align: center;\"><span style=\"font-size: 20px; color: #ffffff;\">Step by step for applications<\/span><\/h4>\n<ol>\n<li style=\"color: #ffffff;\"><span style=\"color: #ffffff;\">Identify the format you wish to request<\/span><\/li>\n<li style=\"color: #ffffff;\"><span style=\"color: #ffffff;\">Download the corresponding document (BRIEF)<\/span><\/li>\n<li style=\"color: #ffffff;\"><span style=\"color: #ffffff;\">Sufficient and clear completion of the working document (BRIEF).<\/span><\/li>\n<li style=\"color: #ffffff;\"><span style=\"color: #ffffff;\">Send your request to the mail: <a style=\"color: #ffffff;\" href=\"mailto:solicitudescomunicaciones@uninavarra.edu.co\"><mark>solicitudescomunicaciones@uninavarra.edu.co<\/mark><\/a> attaching the BRIEF and the files necessary for the complete construction of the application.<\/span><\/li>\n<li style=\"color: #ffffff;\"><span style=\"color: #ffffff;\">You will receive a tracking code for your work order by return of post.<\/span><\/li>\n<li style=\"color: #ffffff;\"><span style=\"color: #ffffff;\">You will receive your completed application within the established deadlines.<\/span><\/li>\n<\/ol>\n\n\t\t<\/div>\n\t<\/div>\n<\/div><\/div><\/div><div class=\"vc_ col-sm-2\"><div class=\"vc_column-inner\"><div class=\"wpb_wrapper\"><\/div><\/div><\/div><\/div>\n\t\t<\/div> \n\t<\/div><\/div><\/div><\/div><div class=\"vc_row-full-width\"><\/div>\n<\/div>","protected":false},"excerpt":{"rendered":"Procedimiento para solicitud de campa\u00f1as publicitarias y de comunicaci\u00f3n. (BRIEF) \u00a0 La actualizaci\u00f3n de los nuevos formatos de solicitudes de campa\u00f1as de comunicaci\u00f3n de UNINAVARRA tiene como objetivo principal fortalecer [...]","protected":false},"author":3,"featured_media":55412,"parent":0,"menu_order":0,"comment_status":"closed","ping_status":"closed","template":"","meta":{"footnotes":""},"categories":[1],"tags":[],"class_list":["post-2379","page","type-page","status-publish","has-post-thumbnail","hentry","category-uncategorized"],"yoast_head":"<!-- This site is optimized with the Yoast SEO plugin v27.2 - https:\/\/yoast.com\/product\/yoast-seo-wordpress\/ -->\n<title>Solicitudes - Uninavarra<\/title>\n<meta name=\"robots\" content=\"index, follow, max-snippet:-1, max-image-preview:large, max-video-preview:-1\" \/>\n<link rel=\"canonical\" href=\"https:\/\/uninavarra.edu.co\/en\/solicitudes\/\" \/>\n<meta property=\"og:locale\" content=\"en_US\" \/>\n<meta property=\"og:type\" content=\"article\" \/>\n<meta property=\"og:title\" content=\"Solicitudes - Uninavarra\" \/>\n<meta property=\"og:url\" content=\"https:\/\/uninavarra.edu.co\/en\/solicitudes\/\" \/>\n<meta property=\"og:site_name\" content=\"Uninavarra\" \/>\n<meta property=\"article:publisher\" content=\"https:\/\/www.facebook.com\/UninavarraEduca\" \/>\n<meta property=\"article:modified_time\" content=\"2025-12-30T14:12:28+00:00\" \/>\n<meta property=\"og:image\" content=\"https:\/\/uninavarra.edu.co\/wp-content\/uploads\/2022\/12\/Banner_comunicaciones.jpg\" \/>\n\t<meta property=\"og:image:width\" content=\"2480\" \/>\n\t<meta property=\"og:image:height\" content=\"276\" \/>\n\t<meta property=\"og:image:type\" content=\"image\/jpeg\" \/>\n<meta name=\"twitter:card\" content=\"summary_large_image\" \/>\n<meta name=\"twitter:site\" content=\"@uninavarraeduca\" \/>\n<meta name=\"twitter:label1\" content=\"Est. reading time\" \/>\n\t<meta name=\"twitter:data1\" content=\"3 minutes\" \/>\n<script type=\"application\/ld+json\" class=\"yoast-schema-graph\">{\"@context\":\"https:\/\/schema.org\",\"@graph\":[{\"@type\":\"WebPage\",\"@id\":\"https:\/\/uninavarra.edu.co\/solicitudes\/\",\"url\":\"https:\/\/uninavarra.edu.co\/solicitudes\/\",\"name\":\"Solicitudes - Uninavarra\",\"isPartOf\":{\"@id\":\"https:\/\/uninavarra.edu.co\/#website\"},\"primaryImageOfPage\":{\"@id\":\"https:\/\/uninavarra.edu.co\/solicitudes\/#primaryimage\"},\"image\":{\"@id\":\"https:\/\/uninavarra.edu.co\/solicitudes\/#primaryimage\"},\"thumbnailUrl\":\"https:\/\/uninavarra.edu.co\/wp-content\/uploads\/2022\/12\/Banner_comunicaciones.jpg\",\"datePublished\":\"2016-04-30T11:43:26+00:00\",\"dateModified\":\"2025-12-30T14:12:28+00:00\",\"breadcrumb\":{\"@id\":\"https:\/\/uninavarra.edu.co\/solicitudes\/#breadcrumb\"},\"inLanguage\":\"en-US\",\"potentialAction\":[{\"@type\":\"ReadAction\",\"target\":[\"https:\/\/uninavarra.edu.co\/solicitudes\/\"]}]},{\"@type\":\"ImageObject\",\"inLanguage\":\"en-US\",\"@id\":\"https:\/\/uninavarra.edu.co\/solicitudes\/#primaryimage\",\"url\":\"https:\/\/uninavarra.edu.co\/wp-content\/uploads\/2022\/12\/Banner_comunicaciones.jpg\",\"contentUrl\":\"https:\/\/uninavarra.edu.co\/wp-content\/uploads\/2022\/12\/Banner_comunicaciones.jpg\",\"width\":2480,\"height\":276},{\"@type\":\"BreadcrumbList\",\"@id\":\"https:\/\/uninavarra.edu.co\/solicitudes\/#breadcrumb\",\"itemListElement\":[{\"@type\":\"ListItem\",\"position\":1,\"name\":\"Home\",\"item\":\"https:\/\/uninavarra.edu.co\/\"},{\"@type\":\"ListItem\",\"position\":2,\"name\":\"Solicitudes\"}]},{\"@type\":\"WebSite\",\"@id\":\"https:\/\/uninavarra.edu.co\/#website\",\"url\":\"https:\/\/uninavarra.edu.co\/\",\"name\":\"UNINAVARRA\",\"description\":\"Haz realidad tu deseo de aprender\",\"publisher\":{\"@id\":\"https:\/\/uninavarra.edu.co\/#organization\"},\"potentialAction\":[{\"@type\":\"SearchAction\",\"target\":{\"@type\":\"EntryPoint\",\"urlTemplate\":\"https:\/\/uninavarra.edu.co\/?s={search_term_string}\"},\"query-input\":{\"@type\":\"PropertyValueSpecification\",\"valueRequired\":true,\"valueName\":\"search_term_string\"}}],\"inLanguage\":\"en-US\"},{\"@type\":\"Organization\",\"@id\":\"https:\/\/uninavarra.edu.co\/#organization\",\"name\":\"Fundaci\u00f3n Universitaria Navarra - UNINAVARRA\",\"url\":\"https:\/\/uninavarra.edu.co\/\",\"logo\":{\"@type\":\"ImageObject\",\"inLanguage\":\"en-US\",\"@id\":\"https:\/\/uninavarra.edu.co\/#\/schema\/logo\/image\/\",\"url\":\"https:\/\/uninavarra.edu.co\/wp-content\/uploads\/2024\/06\/Escudo-uninavarra-Solo.png\",\"contentUrl\":\"https:\/\/uninavarra.edu.co\/wp-content\/uploads\/2024\/06\/Escudo-uninavarra-Solo.png\",\"width\":1500,\"height\":1401,\"caption\":\"Fundaci\u00f3n Universitaria Navarra - UNINAVARRA\"},\"image\":{\"@id\":\"https:\/\/uninavarra.edu.co\/#\/schema\/logo\/image\/\"},\"sameAs\":[\"https:\/\/www.facebook.com\/UninavarraEduca\",\"https:\/\/x.com\/uninavarraeduca\",\"https:\/\/www.instagram.com\/uninavarra\/?hl=es\",\"https:\/\/www.linkedin.com\/in\/fundacin-universitaria-navarra-uninavarra-b41225222\/\"]}]}<\/script>\n<!-- \/ Yoast SEO plugin. -->","yoast_head_json":{"title":"Solicitudes - Uninavarra","robots":{"index":"index","follow":"follow","max-snippet":"max-snippet:-1","max-image-preview":"max-image-preview:large","max-video-preview":"max-video-preview:-1"},"canonical":"https:\/\/uninavarra.edu.co\/en\/solicitudes\/","og_locale":"en_US","og_type":"article","og_title":"Solicitudes - Uninavarra","og_url":"https:\/\/uninavarra.edu.co\/en\/solicitudes\/","og_site_name":"Uninavarra","article_publisher":"https:\/\/www.facebook.com\/UninavarraEduca","article_modified_time":"2025-12-30T14:12:28+00:00","og_image":[{"width":2480,"height":276,"url":"https:\/\/uninavarra.edu.co\/wp-content\/uploads\/2022\/12\/Banner_comunicaciones.jpg","type":"image\/jpeg"}],"twitter_card":"summary_large_image","twitter_site":"@uninavarraeduca","twitter_misc":{"Est. reading time":"3 minutes"},"schema":{"@context":"https:\/\/schema.org","@graph":[{"@type":"WebPage","@id":"https:\/\/uninavarra.edu.co\/solicitudes\/","url":"https:\/\/uninavarra.edu.co\/solicitudes\/","name":"Solicitudes - Uninavarra","isPartOf":{"@id":"https:\/\/uninavarra.edu.co\/#website"},"primaryImageOfPage":{"@id":"https:\/\/uninavarra.edu.co\/solicitudes\/#primaryimage"},"image":{"@id":"https:\/\/uninavarra.edu.co\/solicitudes\/#primaryimage"},"thumbnailUrl":"https:\/\/uninavarra.edu.co\/wp-content\/uploads\/2022\/12\/Banner_comunicaciones.jpg","datePublished":"2016-04-30T11:43:26+00:00","dateModified":"2025-12-30T14:12:28+00:00","breadcrumb":{"@id":"https:\/\/uninavarra.edu.co\/solicitudes\/#breadcrumb"},"inLanguage":"en-US","potentialAction":[{"@type":"ReadAction","target":["https:\/\/uninavarra.edu.co\/solicitudes\/"]}]},{"@type":"ImageObject","inLanguage":"en-US","@id":"https:\/\/uninavarra.edu.co\/solicitudes\/#primaryimage","url":"https:\/\/uninavarra.edu.co\/wp-content\/uploads\/2022\/12\/Banner_comunicaciones.jpg","contentUrl":"https:\/\/uninavarra.edu.co\/wp-content\/uploads\/2022\/12\/Banner_comunicaciones.jpg","width":2480,"height":276},{"@type":"BreadcrumbList","@id":"https:\/\/uninavarra.edu.co\/solicitudes\/#breadcrumb","itemListElement":[{"@type":"ListItem","position":1,"name":"Home","item":"https:\/\/uninavarra.edu.co\/"},{"@type":"ListItem","position":2,"name":"Solicitudes"}]},{"@type":"WebSite","@id":"https:\/\/uninavarra.edu.co\/#website","url":"https:\/\/uninavarra.edu.co\/","name":"UNINAVARRA","description":"Make your desire to learn a reality","publisher":{"@id":"https:\/\/uninavarra.edu.co\/#organization"},"potentialAction":[{"@type":"SearchAction","target":{"@type":"EntryPoint","urlTemplate":"https:\/\/uninavarra.edu.co\/?s={search_term_string}"},"query-input":{"@type":"PropertyValueSpecification","valueRequired":true,"valueName":"search_term_string"}}],"inLanguage":"en-US"},{"@type":"Organization","@id":"https:\/\/uninavarra.edu.co\/#organization","name":"Navarre University Foundation - UNINAVARRA","url":"https:\/\/uninavarra.edu.co\/","logo":{"@type":"ImageObject","inLanguage":"en-US","@id":"https:\/\/uninavarra.edu.co\/#\/schema\/logo\/image\/","url":"https:\/\/uninavarra.edu.co\/wp-content\/uploads\/2024\/06\/Escudo-uninavarra-Solo.png","contentUrl":"https:\/\/uninavarra.edu.co\/wp-content\/uploads\/2024\/06\/Escudo-uninavarra-Solo.png","width":1500,"height":1401,"caption":"Fundaci\u00f3n Universitaria Navarra - UNINAVARRA"},"image":{"@id":"https:\/\/uninavarra.edu.co\/#\/schema\/logo\/image\/"},"sameAs":["https:\/\/www.facebook.com\/UninavarraEduca","https:\/\/x.com\/uninavarraeduca","https:\/\/www.instagram.com\/uninavarra\/?hl=es","https:\/\/www.linkedin.com\/in\/fundacin-universitaria-navarra-uninavarra-b41225222\/"]}]}},"_links":{"self":[{"href":"https:\/\/uninavarra.edu.co\/en\/wp-json\/wp\/v2\/pages\/2379","targetHints":{"allow":["GET"]}}],"collection":[{"href":"https:\/\/uninavarra.edu.co\/en\/wp-json\/wp\/v2\/pages"}],"about":[{"href":"https:\/\/uninavarra.edu.co\/en\/wp-json\/wp\/v2\/types\/page"}],"author":[{"embeddable":true,"href":"https:\/\/uninavarra.edu.co\/en\/wp-json\/wp\/v2\/users\/3"}],"replies":[{"embeddable":true,"href":"https:\/\/uninavarra.edu.co\/en\/wp-json\/wp\/v2\/comments?post=2379"}],"version-history":[{"count":0,"href":"https:\/\/uninavarra.edu.co\/en\/wp-json\/wp\/v2\/pages\/2379\/revisions"}],"wp:featuredmedia":[{"embeddable":true,"href":"https:\/\/uninavarra.edu.co\/en\/wp-json\/wp\/v2\/media\/55412"}],"wp:attachment":[{"href":"https:\/\/uninavarra.edu.co\/en\/wp-json\/wp\/v2\/media?parent=2379"}],"wp:term":[{"taxonomy":"category","embeddable":true,"href":"https:\/\/uninavarra.edu.co\/en\/wp-json\/wp\/v2\/categories?post=2379"},{"taxonomy":"post_tag","embeddable":true,"href":"https:\/\/uninavarra.edu.co\/en\/wp-json\/wp\/v2\/tags?post=2379"}],"curies":[{"name":"wp","href":"https:\/\/api.w.org\/{rel}","templated":true}]}}