{"id":22471,"date":"2020-02-15T09:12:26","date_gmt":"2020-02-15T14:12:26","guid":{"rendered":"https:\/\/uninavarra.edu.co\/?page_id=22471"},"modified":"2021-08-09T11:42:22","modified_gmt":"2021-08-09T16:42:22","slug":"elecciones-docentes-y-estudiantes-2020-1","status":"publish","type":"page","link":"https:\/\/uninavarra.edu.co\/en\/elecciones-docentes-y-estudiantes-2020-1\/","title":{"rendered":"FACULTY AND STUDENT ELECTIONS 2020"},"content":{"rendered":"<div class=\"wpb-content-wrapper\"><div class=\"wpb-container\"><div class=\"container\"><div class=\"vc_row wpb_row vc_row-fluid row\"><div class=\"col-sm-4  vc_\">\n\t\t<div class=\"wpb_wrapper\">\n\t\t\t<div class=\"vc_tta-container\" data-vc-action=\"collapse\"><div class=\"vc_general vc_tta vc_tta-accordion vc_tta-color-juicy-pink vc_tta-style-modern vc_tta-shape-rounded vc_tta-o-shape-group vc_tta-controls-align-default vc_tta-o-no-fill\"><div class=\"vc_tta-panels-container\"><div class=\"vc_tta-panels\"><div class=\"vc_tta-panel vc_active\" id=\"1551827799680-34c4dd71-c8b6\" data-vc-content=\".vc_tta-panel-body\"><div class=\"vc_tta-panel-heading\"><h4 class=\"vc_tta-panel-title vc_tta-controls-icon-position-left\"><a href=\"#1551827799680-34c4dd71-c8b6\" data-vc-accordion data-vc-container=\".vc_tta-container\"><i class=\"vc_tta-icon fa fa-newspaper-o\"><\/i><span class=\"vc_tta-title-text\">Uninavarra Elections<\/span><i class=\"vc_tta-controls-icon vc_tta-controls-icon-triangle\"><\/i><\/a><\/h4><\/div><div class=\"vc_tta-panel-body\"><div class=\"vc_btn3-container vc_btn3-inline vc_do_btn\" ><a class=\"vc_general vc_btn3 vc_btn3-size-md vc_btn3-shape-rounded vc_btn3-style-modern vc_btn3-color-danger\" href=\"https:\/\/uninavarra.edu.co\/wp-content\/uploads\/2020\/10\/ACTA-DE-INSCRITOS-Y-VERIFICACI\u00d3N-DE-REQUISITOS.pdf\" title=\"\">Registration and Verification of Requirements<\/a><\/div><div class=\"vc_btn3-container vc_btn3-inline vc_do_btn\" ><a class=\"vc_general vc_btn3 vc_btn3-size-md vc_btn3-shape-rounded vc_btn3-style-modern vc_btn3-color-danger\" href=\"https:\/\/uninavarra.edu.co\/wp-content\/uploads\/2020\/10\/RESOLUCION-No.-011-Modificaci\u00f3n-Convocatoria-Elecciones-2020-1.pdf\" title=\"\">RESOLUTION No. 011 Modification of Call for 2020 Elections<\/a><\/div><div class=\"vc_btn3-container vc_btn3-inline vc_do_btn\" ><a class=\"vc_general vc_btn3 vc_btn3-size-md vc_btn3-shape-rounded vc_btn3-style-modern vc_btn3-color-danger\" href=\"https:\/\/uninavarra.edu.co\/wp-content\/uploads\/2020\/08\/RESOLUCION-No.-006-Suspensi\u00f3n-T\u00e9rminos-Convocatoria-Elecciones-2020.pdf\" title=\"\">RESOLUTION No. 006 Suspension of Terms Call for 2020 Elections<\/a><\/div><div class=\"vc_btn3-container vc_btn3-inline vc_do_btn\" ><a class=\"vc_general vc_btn3 vc_btn3-size-md vc_btn3-shape-rounded vc_btn3-style-modern vc_btn3-color-danger\" href=\"https:\/\/uninavarra.edu.co\/wp-content\/uploads\/2020\/08\/RESOLUCION-No.-005-Modificaci\u00f3n-Convocatoria-Elecciones-2020.pdf\" title=\"\">RESOLUTION No. 005 Modification Call for 2020 Elections<\/a><\/div><div class=\"vc_btn3-container vc_btn3-inline vc_do_btn\" ><a class=\"vc_general vc_btn3 vc_btn3-size-md vc_btn3-shape-rounded vc_btn3-style-modern vc_btn3-color-danger\" href=\"https:\/\/uninavarra.edu.co\/wp-content\/uploads\/2020\/02\/RESOLUCION-No.-004-Convocatoria-Elecciones-2020.pdf\" title=\"\">RESOLUTION No. 004 Call for 2020 Elections<\/a><\/div><div class=\"vc_btn3-container vc_btn3-inline vc_do_btn\" ><a class=\"vc_general vc_btn3 vc_btn3-size-md vc_btn3-shape-rounded vc_btn3-style-modern vc_btn3-color-danger\" href=\"https:\/\/uninavarra.edu.co\/wp-content\/uploads\/2020\/10\/DO-FO-31-Ficha-de-inscripcion-Estudiantes-V01-1.xlsx\" title=\"\">DO-FO-31 Enrollment Form Students 2020<\/a><\/div><div class=\"vc_btn3-container vc_btn3-inline vc_do_btn\" ><a class=\"vc_general vc_btn3 vc_btn3-size-md vc_btn3-shape-rounded vc_btn3-style-modern vc_btn3-color-danger\" href=\"https:\/\/uninavarra.edu.co\/wp-content\/uploads\/2020\/10\/DO-FO-32-Ficha-de-Inscripci\u00f3n-Docentes-V01-1.xlsx\" title=\"\">DO-FO-32 Teacher Registration Form 2020<\/a><\/div><\/div><\/div><\/div><\/div><\/div><\/div>\n\t\t<\/div> \n\t<\/div><div class=\"col-sm-8  vc_\">\n\t\t<div class=\"wpb_wrapper\">\n\t\t\t<div class=\"vc_btn3-container vc_btn3-center vc_do_btn\" ><a class=\"vc_general vc_btn3 vc_btn3-size-md vc_btn3-shape-rounded vc_btn3-style-modern vc_btn3-block vc_btn3-color-danger\" href=\"https:\/\/uninavarra.edu.co\/wp-content\/uploads\/2020\/10\/Constancia-Secretarial-Resoluci\u00f3n-Homologac\u00ed\u00f3n-Resultados.pdf\" title=\"\">Secretary's Certificate Resolution Approval of 2020 Voting Results<\/a><\/div>\n\t<div class=\"wpb_text_column wpb_content_element\" >\n\t\t<div class=\"wpb_wrapper\">\n\t\t\t<h3 style=\"text-align: center;\">RESULTS<\/h3>\n<hr \/>\n\n\t\t<\/div>\n\t<\/div>\n<div class=\"vc_row wpb_row vc_inner vc_row-fluid\"><div class=\"vc_ col-sm-4\"><div class=\"vc_column-inner\"><div class=\"wpb_wrapper\"><div class=\"vc_btn3-container vc_btn3-center vc_do_btn\" ><a class=\"vc_general vc_btn3 vc_btn3-size-md vc_btn3-shape-rounded vc_btn3-style-modern vc_btn3-block vc_btn3-color-danger\" href=\"https:\/\/uninavarra.edu.co\/wp-content\/uploads\/2020\/10\/ACTA-GENERAL-DE-RESULTADOS-16-octubre-2020.pdf\" title=\"\">GENERAL REPORT OF RESULTS October 16, 2020<\/a><\/div><\/div><\/div><\/div><div class=\"vc_ col-sm-4\"><div class=\"vc_column-inner\"><div class=\"wpb_wrapper\"><div class=\"vc_btn3-container vc_btn3-center vc_do_btn\" ><a class=\"vc_general vc_btn3 vc_btn3-size-md vc_btn3-shape-rounded vc_btn3-style-modern vc_btn3-block vc_btn3-color-danger\" href=\"https:\/\/uninavarra.edu.co\/wp-content\/uploads\/2020\/10\/Resoluci\u00f3n-No.-012-Homologacion-de-resultados-Elecciones-2020.pdf\" title=\"\">Resolution No. 012 - Homologation of 2020 Election Results<\/a><\/div><\/div><\/div><\/div><div class=\"vc_ col-sm-4\"><div class=\"vc_column-inner\"><div class=\"wpb_wrapper\"><div class=\"vc_btn3-container vc_btn3-center vc_do_btn\" ><a class=\"vc_general vc_btn3 vc_btn3-size-md vc_btn3-shape-rounded vc_btn3-style-modern vc_btn3-block vc_btn3-color-danger\" href=\"https:\/\/uninavarra.edu.co\/wp-content\/uploads\/2020\/10\/Resoluci\u00f3n-No-004-Implementaci\u00f3n-del-voto-electr\u00f3nico.pdf\" title=\"\">Resolution No 004 - Implementation of Electronic Voting<\/a><\/div><\/div><\/div><\/div><\/div><div class=\"vc_row wpb_row vc_inner vc_row-fluid\"><div class=\"vc_ col-sm-12\"><div class=\"vc_column-inner\"><div class=\"wpb_wrapper\"><div class=\"vc_btn3-container vc_btn3-center vc_do_btn\" ><a class=\"vc_general vc_btn3 vc_btn3-size-md vc_btn3-shape-rounded vc_btn3-style-modern vc_btn3-block vc_btn3-color-danger\" href=\"https:\/\/uninavarra.edu.co\/wp-content\/uploads\/2020\/10\/LISTADO-DEFINITIVO-DE-INSCRITOS-HABILITADOS.pdf\" title=\"\">DEFINITIVE LIST OF QUALIFIED FACULTY AND STUDENT CANDIDATES<\/a><\/div><\/div><\/div><\/div><\/div><div class=\"vc_row wpb_row vc_inner vc_row-fluid\"><div class=\"vc_ col-sm-6\"><div class=\"vc_column-inner\"><div class=\"wpb_wrapper\"><div class=\"vc_btn3-container vc_btn3-inline vc_do_btn\" ><a class=\"vc_general vc_btn3 vc_btn3-size-md vc_btn3-shape-rounded vc_btn3-style-modern vc_btn3-color-juicy-pink\" href=\"https:\/\/uninavarra.edu.co\/wp-content\/uploads\/2020\/10\/Docentes-Habilitados-para-Votar.pdf\" title=\"\">LIST OF ELIGIBLE VOTERS - TEACHERS<\/a><\/div><\/div><\/div><\/div><div class=\"vc_ col-sm-6\"><div class=\"vc_column-inner\"><div class=\"wpb_wrapper\"><div class=\"vc_btn3-container vc_btn3-inline vc_do_btn\" ><a class=\"vc_general vc_btn3 vc_btn3-size-md vc_btn3-shape-rounded vc_btn3-style-modern vc_btn3-color-juicy-pink\" href=\"https:\/\/uninavarra.edu.co\/wp-content\/uploads\/2020\/10\/Estudiantes-Habilitados-para-Votar-2020-2.pdf\" title=\"\">LIST OF ELIGIBLE VOTERS - STUDENTS<\/a><\/div><\/div><\/div><\/div><\/div>\n\t<div class=\"wpb_text_column wpb_content_element\" >\n\t\t<div class=\"wpb_wrapper\">\n\t\t\t<p><img fetchpriority=\"high\" decoding=\"async\" class=\"alignnone size-large wp-image-31469\" src=\"https:\/\/uninavarra.edu.co\/wp-content\/uploads\/2020\/08\/elecciones-2020-2-INSCRIPCIONES-ABIERTAS-1024x663.jpg\" alt=\"\" width=\"900\" height=\"583\" srcset=\"https:\/\/uninavarra.edu.co\/wp-content\/uploads\/2020\/08\/elecciones-2020-2-INSCRIPCIONES-ABIERTAS-1024x663.jpg 1024w, https:\/\/uninavarra.edu.co\/wp-content\/uploads\/2020\/08\/elecciones-2020-2-INSCRIPCIONES-ABIERTAS-150x97.jpg 150w, https:\/\/uninavarra.edu.co\/wp-content\/uploads\/2020\/08\/elecciones-2020-2-INSCRIPCIONES-ABIERTAS-300x194.jpg 300w, https:\/\/uninavarra.edu.co\/wp-content\/uploads\/2020\/08\/elecciones-2020-2-INSCRIPCIONES-ABIERTAS-768x497.jpg 768w, https:\/\/uninavarra.edu.co\/wp-content\/uploads\/2020\/08\/elecciones-2020-2-INSCRIPCIONES-ABIERTAS-1536x994.jpg 1536w, https:\/\/uninavarra.edu.co\/wp-content\/uploads\/2020\/08\/elecciones-2020-2-INSCRIPCIONES-ABIERTAS.jpg 2000w\" sizes=\"(max-width: 900px) 100vw, 900px\" \/><\/p>\n\n\t\t<\/div>\n\t<\/div>\n\n\t<div class=\"wpb_text_column wpb_content_element\" >\n\t\t<div class=\"wpb_wrapper\">\n\t\t\t\n\t\t<\/div>\n\t<\/div>\n\n\t\t<\/div> \n\t<\/div><\/div><\/div><\/div><div class=\"wpb-container\"><div class=\"container\"><div class=\"vc_row wpb_row vc_row-fluid row\"><div class=\"col-sm-12  vc_\">\n\t\t<div class=\"wpb_wrapper\">\n\t\t\t\n\t\t<\/div> \n\t<\/div><\/div><\/div><\/div>\n<\/div>","protected":false},"excerpt":{"rendered":"Elecciones UninavarraActa de Inscritos y Verificaci\u00f3n de RequisitosRESOLUCI\u00d3N No. 011 Modificaci\u00f3n Convocatoria Elecciones 2020RESOLUCI\u00d3N No. 006 Suspensi\u00f3n T\u00e9rminos Convocatoria Elecciones 2020RESOLUCI\u00d3N No. 005 Modificaci\u00f3n Convocatoria Elecciones 2020RESOLUCI\u00d3N No. 004 Convocatoria [...]","protected":false},"author":3,"featured_media":0,"parent":0,"menu_order":0,"comment_status":"closed","ping_status":"closed","template":"","meta":{"footnotes":""},"categories":[1],"tags":[],"class_list":["post-22471","page","type-page","status-publish","hentry","category-uncategorized"],"yoast_head":"<!-- This site is optimized with the Yoast SEO plugin v27.4 - https:\/\/yoast.com\/product\/yoast-seo-wordpress\/ -->\n<title>ELECCIONES DOCENTES Y ESTUDIANTES 2020 - Uninavarra<\/title>\n<meta name=\"robots\" content=\"index, follow, max-snippet:-1, max-image-preview:large, max-video-preview:-1\" \/>\n<link rel=\"canonical\" href=\"https:\/\/uninavarra.edu.co\/en\/elecciones-docentes-y-estudiantes-2020-1\/\" \/>\n<meta property=\"og:locale\" content=\"en_US\" \/>\n<meta property=\"og:type\" content=\"article\" \/>\n<meta property=\"og:title\" content=\"ELECCIONES DOCENTES Y ESTUDIANTES 2020 - Uninavarra\" \/>\n<meta property=\"og:url\" content=\"https:\/\/uninavarra.edu.co\/en\/elecciones-docentes-y-estudiantes-2020-1\/\" \/>\n<meta property=\"og:site_name\" content=\"Uninavarra\" \/>\n<meta property=\"article:publisher\" content=\"https:\/\/www.facebook.com\/UninavarraEduca\" \/>\n<meta property=\"article:modified_time\" content=\"2021-08-09T16:42:22+00:00\" \/>\n<meta property=\"og:image\" content=\"https:\/\/uninavarra.edu.co\/wp-content\/uploads\/2020\/08\/elecciones-2020-2-INSCRIPCIONES-ABIERTAS-1024x663.jpg\" \/>\n<meta name=\"twitter:card\" content=\"summary_large_image\" \/>\n<meta name=\"twitter:site\" content=\"@uninavarraeduca\" \/>\n<meta name=\"twitter:label1\" content=\"Est. reading time\" \/>\n\t<meta name=\"twitter:data1\" content=\"3 minutes\" \/>\n<script type=\"application\/ld+json\" class=\"yoast-schema-graph\">{\"@context\":\"https:\\\/\\\/schema.org\",\"@graph\":[{\"@type\":\"WebPage\",\"@id\":\"https:\\\/\\\/uninavarra.edu.co\\\/elecciones-docentes-y-estudiantes-2020-1\\\/\",\"url\":\"https:\\\/\\\/uninavarra.edu.co\\\/elecciones-docentes-y-estudiantes-2020-1\\\/\",\"name\":\"ELECCIONES DOCENTES Y ESTUDIANTES 2020 - Uninavarra\",\"isPartOf\":{\"@id\":\"https:\\\/\\\/uninavarra.edu.co\\\/#website\"},\"primaryImageOfPage\":{\"@id\":\"https:\\\/\\\/uninavarra.edu.co\\\/elecciones-docentes-y-estudiantes-2020-1\\\/#primaryimage\"},\"image\":{\"@id\":\"https:\\\/\\\/uninavarra.edu.co\\\/elecciones-docentes-y-estudiantes-2020-1\\\/#primaryimage\"},\"thumbnailUrl\":\"https:\\\/\\\/uninavarra.edu.co\\\/wp-content\\\/uploads\\\/2020\\\/08\\\/elecciones-2020-2-INSCRIPCIONES-ABIERTAS-1024x663.jpg\",\"datePublished\":\"2020-02-15T14:12:26+00:00\",\"dateModified\":\"2021-08-09T16:42:22+00:00\",\"breadcrumb\":{\"@id\":\"https:\\\/\\\/uninavarra.edu.co\\\/elecciones-docentes-y-estudiantes-2020-1\\\/#breadcrumb\"},\"inLanguage\":\"en-US\",\"potentialAction\":[{\"@type\":\"ReadAction\",\"target\":[\"https:\\\/\\\/uninavarra.edu.co\\\/elecciones-docentes-y-estudiantes-2020-1\\\/\"]}]},{\"@type\":\"ImageObject\",\"inLanguage\":\"en-US\",\"@id\":\"https:\\\/\\\/uninavarra.edu.co\\\/elecciones-docentes-y-estudiantes-2020-1\\\/#primaryimage\",\"url\":\"https:\\\/\\\/uninavarra.edu.co\\\/wp-content\\\/uploads\\\/2020\\\/08\\\/elecciones-2020-2-INSCRIPCIONES-ABIERTAS-1024x663.jpg\",\"contentUrl\":\"https:\\\/\\\/uninavarra.edu.co\\\/wp-content\\\/uploads\\\/2020\\\/08\\\/elecciones-2020-2-INSCRIPCIONES-ABIERTAS-1024x663.jpg\"},{\"@type\":\"BreadcrumbList\",\"@id\":\"https:\\\/\\\/uninavarra.edu.co\\\/elecciones-docentes-y-estudiantes-2020-1\\\/#breadcrumb\",\"itemListElement\":[{\"@type\":\"ListItem\",\"position\":1,\"name\":\"Home\",\"item\":\"https:\\\/\\\/uninavarra.edu.co\\\/\"},{\"@type\":\"ListItem\",\"position\":2,\"name\":\"ELECCIONES DOCENTES Y ESTUDIANTES 2020\"}]},{\"@type\":\"WebSite\",\"@id\":\"https:\\\/\\\/uninavarra.edu.co\\\/#website\",\"url\":\"https:\\\/\\\/uninavarra.edu.co\\\/\",\"name\":\"UNINAVARRA\",\"description\":\"Haz realidad tu deseo de aprender\",\"publisher\":{\"@id\":\"https:\\\/\\\/uninavarra.edu.co\\\/#organization\"},\"potentialAction\":[{\"@type\":\"SearchAction\",\"target\":{\"@type\":\"EntryPoint\",\"urlTemplate\":\"https:\\\/\\\/uninavarra.edu.co\\\/?s={search_term_string}\"},\"query-input\":{\"@type\":\"PropertyValueSpecification\",\"valueRequired\":true,\"valueName\":\"search_term_string\"}}],\"inLanguage\":\"en-US\"},{\"@type\":\"Organization\",\"@id\":\"https:\\\/\\\/uninavarra.edu.co\\\/#organization\",\"name\":\"Fundaci\u00f3n Universitaria Navarra - UNINAVARRA\",\"url\":\"https:\\\/\\\/uninavarra.edu.co\\\/\",\"logo\":{\"@type\":\"ImageObject\",\"inLanguage\":\"en-US\",\"@id\":\"https:\\\/\\\/uninavarra.edu.co\\\/#\\\/schema\\\/logo\\\/image\\\/\",\"url\":\"https:\\\/\\\/uninavarra.edu.co\\\/wp-content\\\/uploads\\\/2024\\\/06\\\/Escudo-uninavarra-Solo.png\",\"contentUrl\":\"https:\\\/\\\/uninavarra.edu.co\\\/wp-content\\\/uploads\\\/2024\\\/06\\\/Escudo-uninavarra-Solo.png\",\"width\":1500,\"height\":1401,\"caption\":\"Fundaci\u00f3n Universitaria Navarra - UNINAVARRA\"},\"image\":{\"@id\":\"https:\\\/\\\/uninavarra.edu.co\\\/#\\\/schema\\\/logo\\\/image\\\/\"},\"sameAs\":[\"https:\\\/\\\/www.facebook.com\\\/UninavarraEduca\",\"https:\\\/\\\/x.com\\\/uninavarraeduca\",\"https:\\\/\\\/www.instagram.com\\\/uninavarra\\\/?hl=es\",\"https:\\\/\\\/www.linkedin.com\\\/in\\\/fundacin-universitaria-navarra-uninavarra-b41225222\\\/\"]}]}<\/script>\n<!-- \/ Yoast SEO plugin. -->","yoast_head_json":{"title":"ELECCIONES DOCENTES Y ESTUDIANTES 2020 - Uninavarra","robots":{"index":"index","follow":"follow","max-snippet":"max-snippet:-1","max-image-preview":"max-image-preview:large","max-video-preview":"max-video-preview:-1"},"canonical":"https:\/\/uninavarra.edu.co\/en\/elecciones-docentes-y-estudiantes-2020-1\/","og_locale":"en_US","og_type":"article","og_title":"ELECCIONES DOCENTES Y ESTUDIANTES 2020 - Uninavarra","og_url":"https:\/\/uninavarra.edu.co\/en\/elecciones-docentes-y-estudiantes-2020-1\/","og_site_name":"Uninavarra","article_publisher":"https:\/\/www.facebook.com\/UninavarraEduca","article_modified_time":"2021-08-09T16:42:22+00:00","og_image":[{"url":"https:\/\/uninavarra.edu.co\/wp-content\/uploads\/2020\/08\/elecciones-2020-2-INSCRIPCIONES-ABIERTAS-1024x663.jpg","type":"","width":"","height":""}],"twitter_card":"summary_large_image","twitter_site":"@uninavarraeduca","twitter_misc":{"Est. reading time":"3 minutes"},"schema":{"@context":"https:\/\/schema.org","@graph":[{"@type":"WebPage","@id":"https:\/\/uninavarra.edu.co\/elecciones-docentes-y-estudiantes-2020-1\/","url":"https:\/\/uninavarra.edu.co\/elecciones-docentes-y-estudiantes-2020-1\/","name":"ELECCIONES DOCENTES Y ESTUDIANTES 2020 - Uninavarra","isPartOf":{"@id":"https:\/\/uninavarra.edu.co\/#website"},"primaryImageOfPage":{"@id":"https:\/\/uninavarra.edu.co\/elecciones-docentes-y-estudiantes-2020-1\/#primaryimage"},"image":{"@id":"https:\/\/uninavarra.edu.co\/elecciones-docentes-y-estudiantes-2020-1\/#primaryimage"},"thumbnailUrl":"https:\/\/uninavarra.edu.co\/wp-content\/uploads\/2020\/08\/elecciones-2020-2-INSCRIPCIONES-ABIERTAS-1024x663.jpg","datePublished":"2020-02-15T14:12:26+00:00","dateModified":"2021-08-09T16:42:22+00:00","breadcrumb":{"@id":"https:\/\/uninavarra.edu.co\/elecciones-docentes-y-estudiantes-2020-1\/#breadcrumb"},"inLanguage":"en-US","potentialAction":[{"@type":"ReadAction","target":["https:\/\/uninavarra.edu.co\/elecciones-docentes-y-estudiantes-2020-1\/"]}]},{"@type":"ImageObject","inLanguage":"en-US","@id":"https:\/\/uninavarra.edu.co\/elecciones-docentes-y-estudiantes-2020-1\/#primaryimage","url":"https:\/\/uninavarra.edu.co\/wp-content\/uploads\/2020\/08\/elecciones-2020-2-INSCRIPCIONES-ABIERTAS-1024x663.jpg","contentUrl":"https:\/\/uninavarra.edu.co\/wp-content\/uploads\/2020\/08\/elecciones-2020-2-INSCRIPCIONES-ABIERTAS-1024x663.jpg"},{"@type":"BreadcrumbList","@id":"https:\/\/uninavarra.edu.co\/elecciones-docentes-y-estudiantes-2020-1\/#breadcrumb","itemListElement":[{"@type":"ListItem","position":1,"name":"Home","item":"https:\/\/uninavarra.edu.co\/"},{"@type":"ListItem","position":2,"name":"ELECCIONES DOCENTES Y ESTUDIANTES 2020"}]},{"@type":"WebSite","@id":"https:\/\/uninavarra.edu.co\/#website","url":"https:\/\/uninavarra.edu.co\/","name":"UNINAVARRA","description":"Make your desire to learn a reality","publisher":{"@id":"https:\/\/uninavarra.edu.co\/#organization"},"potentialAction":[{"@type":"SearchAction","target":{"@type":"EntryPoint","urlTemplate":"https:\/\/uninavarra.edu.co\/?s={search_term_string}"},"query-input":{"@type":"PropertyValueSpecification","valueRequired":true,"valueName":"search_term_string"}}],"inLanguage":"en-US"},{"@type":"Organization","@id":"https:\/\/uninavarra.edu.co\/#organization","name":"Navarre University Foundation - UNINAVARRA","url":"https:\/\/uninavarra.edu.co\/","logo":{"@type":"ImageObject","inLanguage":"en-US","@id":"https:\/\/uninavarra.edu.co\/#\/schema\/logo\/image\/","url":"https:\/\/uninavarra.edu.co\/wp-content\/uploads\/2024\/06\/Escudo-uninavarra-Solo.png","contentUrl":"https:\/\/uninavarra.edu.co\/wp-content\/uploads\/2024\/06\/Escudo-uninavarra-Solo.png","width":1500,"height":1401,"caption":"Fundaci\u00f3n Universitaria Navarra - UNINAVARRA"},"image":{"@id":"https:\/\/uninavarra.edu.co\/#\/schema\/logo\/image\/"},"sameAs":["https:\/\/www.facebook.com\/UninavarraEduca","https:\/\/x.com\/uninavarraeduca","https:\/\/www.instagram.com\/uninavarra\/?hl=es","https:\/\/www.linkedin.com\/in\/fundacin-universitaria-navarra-uninavarra-b41225222\/"]}]}},"_links":{"self":[{"href":"https:\/\/uninavarra.edu.co\/en\/wp-json\/wp\/v2\/pages\/22471","targetHints":{"allow":["GET"]}}],"collection":[{"href":"https:\/\/uninavarra.edu.co\/en\/wp-json\/wp\/v2\/pages"}],"about":[{"href":"https:\/\/uninavarra.edu.co\/en\/wp-json\/wp\/v2\/types\/page"}],"author":[{"embeddable":true,"href":"https:\/\/uninavarra.edu.co\/en\/wp-json\/wp\/v2\/users\/3"}],"replies":[{"embeddable":true,"href":"https:\/\/uninavarra.edu.co\/en\/wp-json\/wp\/v2\/comments?post=22471"}],"version-history":[{"count":0,"href":"https:\/\/uninavarra.edu.co\/en\/wp-json\/wp\/v2\/pages\/22471\/revisions"}],"wp:attachment":[{"href":"https:\/\/uninavarra.edu.co\/en\/wp-json\/wp\/v2\/media?parent=22471"}],"wp:term":[{"taxonomy":"category","embeddable":true,"href":"https:\/\/uninavarra.edu.co\/en\/wp-json\/wp\/v2\/categories?post=22471"},{"taxonomy":"post_tag","embeddable":true,"href":"https:\/\/uninavarra.edu.co\/en\/wp-json\/wp\/v2\/tags?post=22471"}],"curies":[{"name":"wp","href":"https:\/\/api.w.org\/{rel}","templated":true}]}}