{"id":21116,"date":"2019-12-02T11:51:44","date_gmt":"2019-12-02T16:51:44","guid":{"rendered":"https:\/\/uninavarra.edu.co\/?page_id=21116"},"modified":"2021-08-09T11:45:20","modified_gmt":"2021-08-09T16:45:20","slug":"politica-objetivos-sgcpo","status":"publish","type":"page","link":"https:\/\/uninavarra.edu.co\/en\/sistema-gestion-calidad-2\/sistema-gestion-cultura-de-paz\/politica-objetivos-sgcpo\/","title":{"rendered":"Policy and Objectives"},"content":{"rendered":"<div class=\"wpb-content-wrapper\"><div class=\"wpb-container\"><div class=\"container\"><div class=\"vc_row wpb_row vc_row-fluid row\"><div class=\"col-sm-12  vc_\">\n\t\t<div class=\"wpb_wrapper\">\n\t\t\t\t\t\t<rs-module-wrap id=\"rev_slider_error_1_wrapper\">\n\t\t\t\t<rs-module id=\"rev_slider_error_1\">\n\t\t\t\t\t<div class=\"rs_error_message_box\">\n\t\t\t\t\t\t<div class=\"rs_error_message_oops\">There is nothing to show here!<\/div>\n\t\t\t\t\t\t<div class=\"rs_error_message_content\">Slider with alias peace-culture not found.<\/div>\n\t\t\t\t\t<\/div>\n\t\t\t\t<\/rs-module>\n\t\t\t<\/rs-module-wrap>\n\t\t\t<script>\n\t\t\t\tvar rs_eslider = document.getElementById(\"rev_slider_error_1\");\n\t\t\t\trs_eslider.style.display = \"none\";\n\t\t\t\tconsole.log(\"Slider with alias cultura-de-paz not found.\");\n\t\t\t<\/script>\n\n\t\t<\/div> \n\t<\/div><\/div><\/div><\/div><div class=\"wpb-container\"><div class=\"container\"><div class=\"vc_row wpb_row vc_row-fluid row\"><div class=\"col-sm-12  vc_\">\n\t\t<div class=\"wpb_wrapper\">\n\t\t\t\n\t<div class=\"wpb_text_column wpb_content_element\" >\n\t\t<div class=\"wpb_wrapper\">\n\t\t\t<h1 style=\"text-align: center;\"><span style=\"color: #ff0000;\">Policy and Objectives<\/span><\/h1>\n\n\t\t<\/div>\n\t<\/div>\n\n\t\t<\/div> \n\t<\/div><\/div><\/div><\/div><div class=\"wpb-container\"><div class=\"container\"><div class=\"vc_row wpb_row vc_row-fluid row\"><div class=\"col-sm-6  vc_\">\n\t\t<div class=\"wpb_wrapper\">\n\t\t\t<div class=\"wpb_single_image wpb_content_element vc_align_left\">\n\t\t<div class=\"wpb_wrapper\">\n\t\t\t\n\t\t\t<a href=\"#\" target=\"_self\"><img fetchpriority=\"high\" decoding=\"async\" width=\"900\" height=\"675\" src=\"https:\/\/uninavarra.edu.co\/wp-content\/uploads\/2019\/12\/Politica-SGCPO.jpg\" class=\"vc_box_border_grey attachment-large\" alt=\"\" title=\"SGCPO Policy\" srcset=\"https:\/\/uninavarra.edu.co\/wp-content\/uploads\/2019\/12\/Politica-SGCPO.jpg 960w, https:\/\/uninavarra.edu.co\/wp-content\/uploads\/2019\/12\/Politica-SGCPO-150x113.jpg 150w, https:\/\/uninavarra.edu.co\/wp-content\/uploads\/2019\/12\/Politica-SGCPO-300x225.jpg 300w, https:\/\/uninavarra.edu.co\/wp-content\/uploads\/2019\/12\/Politica-SGCPO-768x576.jpg 768w\" sizes=\"(max-width: 900px) 100vw, 900px\" \/><\/a>\n\t\t<\/div> \n\t<\/div>\n\t\t<\/div> \n\t<\/div><div class=\"col-sm-6  vc_\">\n\t\t<div class=\"wpb_wrapper\">\n\t\t\t<div class=\"wpb_single_image wpb_content_element vc_align_left\">\n\t\t<div class=\"wpb_wrapper\">\n\t\t\t\n\t\t\t<a href=\"#\" target=\"_self\"><img decoding=\"async\" width=\"900\" height=\"675\" src=\"https:\/\/uninavarra.edu.co\/wp-content\/uploads\/2019\/12\/Objetivos.jpg\" class=\"vc_box_border_grey attachment-large\" alt=\"\" title=\"Objectives\" srcset=\"https:\/\/uninavarra.edu.co\/wp-content\/uploads\/2019\/12\/Objetivos.jpg 960w, https:\/\/uninavarra.edu.co\/wp-content\/uploads\/2019\/12\/Objetivos-150x113.jpg 150w, https:\/\/uninavarra.edu.co\/wp-content\/uploads\/2019\/12\/Objetivos-300x225.jpg 300w, https:\/\/uninavarra.edu.co\/wp-content\/uploads\/2019\/12\/Objetivos-768x576.jpg 768w\" sizes=\"(max-width: 900px) 100vw, 900px\" \/><\/a>\n\t\t<\/div> \n\t<\/div>\n\t\t<\/div> \n\t<\/div><\/div><\/div><\/div><div class=\"wpb-container\"><div class=\"container\"><div class=\"vc_row wpb_row vc_row-fluid row\"><div class=\"col-sm-3  vc_\">\n\t\t<div class=\"wpb_wrapper\">\n\t\t\t<div class=\"vc_btn3-container vc_btn3-inline vc_do_btn\" ><button class=\"vc_general vc_btn3 vc_btn3-size-md vc_btn3-shape-rounded vc_btn3-style-modern vc_btn3-color-danger\">Policy and Objectives<\/button><\/div>\n\t\t<\/div> \n\t<\/div><div class=\"col-sm-3  vc_\">\n\t\t<div class=\"wpb_wrapper\">\n\t\t\t<div class=\"vc_btn3-container vc_btn3-inline vc_do_btn\" ><button class=\"vc_general vc_btn3 vc_btn3-size-md vc_btn3-shape-rounded vc_btn3-style-modern vc_btn3-color-danger\">Anti-bribery and anti-corruption pact<\/button><\/div>\n\t\t<\/div> \n\t<\/div><div class=\"col-sm-3  vc_\">\n\t\t<div class=\"wpb_wrapper\">\n\t\t\t<div class=\"vc_btn3-container vc_btn3-inline vc_do_btn\" ><button class=\"vc_general vc_btn3 vc_btn3-size-md vc_btn3-shape-rounded vc_btn3-style-modern vc_btn3-color-danger\">Culture of Peace Management System<\/button><\/div>\n\t\t<\/div> \n\t<\/div><div class=\"col-sm-3  vc_\">\n\t\t<div class=\"wpb_wrapper\">\n\t\t\t<div class=\"vc_btn3-container vc_btn3-inline vc_do_btn\" ><button class=\"vc_general vc_btn3 vc_btn3-size-md vc_btn3-shape-rounded vc_btn3-style-modern vc_btn3-color-danger\">Culture of Peace Training<\/button><\/div>\n\t\t<\/div> \n\t<\/div><\/div><\/div><\/div><div class=\"wpb-container\"><div class=\"container\"><div class=\"vc_row wpb_row vc_row-fluid row\"><div class=\"col-sm-4  vc_\">\n\t\t<div class=\"wpb_wrapper\">\n\t\t\t\n\t\t<\/div> \n\t<\/div><div class=\"col-sm-4  vc_\">\n\t\t<div class=\"wpb_wrapper\">\n\t\t\t\n\t\t<\/div> \n\t<\/div><div class=\"col-sm-4  vc_\">\n\t\t<div class=\"wpb_wrapper\">\n\t\t\t\n\t<div class=\"wpb_text_column wpb_content_element\" >\n\t\t<div class=\"wpb_wrapper\">\n\t\t\t<p><span style=\"color: #000080; font-size: 16px;\"><strong>Human Resources<\/strong><\/span><\/p>\n<p><span style=\"color: #000080; font-size: 16px;\"><strong>Peace Office Director<\/strong><\/span><br \/>\n<span style=\"color: #000080; font-size: 16px;\">Dr. Sheiber Cuenca<\/span><br \/>\n<span style=\"color: #000080; font-size: 16px;\"><strong>E-mail: <\/strong><u>oficinadepaz@Uninavarra.edu.co<\/u><\/span><\/p>\n<p><span style=\"color: #000080; font-size: 16px;\"><strong>Dean Faculty of Education<\/strong><\/span><br \/>\n<span style=\"color: #000080; font-size: 16px;\">Dr. Juliana Jaramillo<\/span><br \/>\n<span style=\"color: #000080; font-size: 16px;\"><strong>E-mail: <\/strong><u>facultadeducacion@uninavarra.edu.co<\/u><\/span><\/p>\n<p><span style=\"color: #000080; font-size: 16px;\"><strong>Vice Rector for Graduate Studies and Outreach<\/strong><\/span><br \/>\n<span style=\"color: #000080; font-size: 16px;\">Dr. Martha Abella<\/span><br \/>\n<span style=\"color: #000080; font-size: 16px;\"><strong>E-mail: <u>v<\/u><\/strong><u>iceposgrados@uninavarra.edu.co<\/u><\/span><\/p>\n<p><span style=\"color: #000080; font-size: 16px;\"><strong>Culture of Peace Management System Coordinator<\/strong><\/span><br \/>\n<span style=\"color: #000080; font-size: 16px;\">Shirly Ardila<\/span><br \/>\n<span style=\"color: #000080; font-size: 16px;\"><strong>E-mail: <\/strong>calidad@uninavarra.edu.co<\/span><\/p>\n\n\t\t<\/div>\n\t<\/div>\n\n\t\t<\/div> \n\t<\/div><\/div><\/div><\/div>\n<\/div>","protected":false},"excerpt":{"rendered":"There is nothing to show here! Slider with alias cultura-de-paz not found. Pol\u00edtica y Objetivos SGCPO Pol\u00edtica y Objetivos SGCPO Pacto antisoborno y anticorrupci\u00f3n Sistema de Gesti\u00f3n Cultura de Paz [...]","protected":false},"author":3,"featured_media":0,"parent":21096,"menu_order":0,"comment_status":"closed","ping_status":"closed","template":"","meta":{"footnotes":""},"categories":[1],"tags":[],"class_list":["post-21116","page","type-page","status-publish","hentry","category-uncategorized"],"yoast_head":"<!-- This site is optimized with the Yoast SEO plugin v27.2 - https:\/\/yoast.com\/product\/yoast-seo-wordpress\/ -->\n<title>Pol\u00edtica y Objetivos SGCPO - Uninavarra<\/title>\n<meta name=\"robots\" content=\"index, follow, max-snippet:-1, max-image-preview:large, max-video-preview:-1\" \/>\n<link rel=\"canonical\" href=\"https:\/\/uninavarra.edu.co\/en\/sistema-gestion-calidad-2\/sistema-gestion-cultura-de-paz\/politica-objetivos-sgcpo\/\" \/>\n<meta property=\"og:locale\" content=\"en_US\" \/>\n<meta property=\"og:type\" content=\"article\" \/>\n<meta property=\"og:title\" content=\"Pol\u00edtica y Objetivos SGCPO - Uninavarra\" \/>\n<meta property=\"og:url\" content=\"https:\/\/uninavarra.edu.co\/en\/sistema-gestion-calidad-2\/sistema-gestion-cultura-de-paz\/politica-objetivos-sgcpo\/\" \/>\n<meta property=\"og:site_name\" content=\"Uninavarra\" \/>\n<meta property=\"article:publisher\" content=\"https:\/\/www.facebook.com\/UninavarraEduca\" \/>\n<meta property=\"article:modified_time\" content=\"2021-08-09T16:45:20+00:00\" \/>\n<meta name=\"twitter:card\" content=\"summary_large_image\" \/>\n<meta name=\"twitter:site\" content=\"@uninavarraeduca\" \/>\n<meta name=\"twitter:label1\" content=\"Est. reading time\" \/>\n\t<meta name=\"twitter:data1\" content=\"1 minute\" \/>\n<script type=\"application\/ld+json\" class=\"yoast-schema-graph\">{\"@context\":\"https:\/\/schema.org\",\"@graph\":[{\"@type\":\"WebPage\",\"@id\":\"https:\/\/uninavarra.edu.co\/sistema-gestion-calidad-2\/sistema-gestion-cultura-de-paz\/politica-objetivos-sgcpo\/\",\"url\":\"https:\/\/uninavarra.edu.co\/sistema-gestion-calidad-2\/sistema-gestion-cultura-de-paz\/politica-objetivos-sgcpo\/\",\"name\":\"Pol\u00edtica y Objetivos SGCPO - Uninavarra\",\"isPartOf\":{\"@id\":\"https:\/\/uninavarra.edu.co\/#website\"},\"datePublished\":\"2019-12-02T16:51:44+00:00\",\"dateModified\":\"2021-08-09T16:45:20+00:00\",\"breadcrumb\":{\"@id\":\"https:\/\/uninavarra.edu.co\/sistema-gestion-calidad-2\/sistema-gestion-cultura-de-paz\/politica-objetivos-sgcpo\/#breadcrumb\"},\"inLanguage\":\"en-US\",\"potentialAction\":[{\"@type\":\"ReadAction\",\"target\":[\"https:\/\/uninavarra.edu.co\/sistema-gestion-calidad-2\/sistema-gestion-cultura-de-paz\/politica-objetivos-sgcpo\/\"]}]},{\"@type\":\"BreadcrumbList\",\"@id\":\"https:\/\/uninavarra.edu.co\/sistema-gestion-calidad-2\/sistema-gestion-cultura-de-paz\/politica-objetivos-sgcpo\/#breadcrumb\",\"itemListElement\":[{\"@type\":\"ListItem\",\"position\":1,\"name\":\"Home\",\"item\":\"https:\/\/uninavarra.edu.co\/\"},{\"@type\":\"ListItem\",\"position\":2,\"name\":\"Sistemas de Gesti\u00f3n\",\"item\":\"https:\/\/uninavarra.edu.co\/sistema-gestion-calidad-2\/\"},{\"@type\":\"ListItem\",\"position\":3,\"name\":\"Sistema de Gesti\u00f3n de Cultura de Paz\",\"item\":\"https:\/\/uninavarra.edu.co\/sistema-gestion-calidad-2\/sistema-gestion-cultura-de-paz\/\"},{\"@type\":\"ListItem\",\"position\":4,\"name\":\"Pol\u00edtica y Objetivos SGCPO\"}]},{\"@type\":\"WebSite\",\"@id\":\"https:\/\/uninavarra.edu.co\/#website\",\"url\":\"https:\/\/uninavarra.edu.co\/\",\"name\":\"UNINAVARRA\",\"description\":\"Haz realidad tu deseo de aprender\",\"publisher\":{\"@id\":\"https:\/\/uninavarra.edu.co\/#organization\"},\"potentialAction\":[{\"@type\":\"SearchAction\",\"target\":{\"@type\":\"EntryPoint\",\"urlTemplate\":\"https:\/\/uninavarra.edu.co\/?s={search_term_string}\"},\"query-input\":{\"@type\":\"PropertyValueSpecification\",\"valueRequired\":true,\"valueName\":\"search_term_string\"}}],\"inLanguage\":\"en-US\"},{\"@type\":\"Organization\",\"@id\":\"https:\/\/uninavarra.edu.co\/#organization\",\"name\":\"Fundaci\u00f3n Universitaria Navarra - UNINAVARRA\",\"url\":\"https:\/\/uninavarra.edu.co\/\",\"logo\":{\"@type\":\"ImageObject\",\"inLanguage\":\"en-US\",\"@id\":\"https:\/\/uninavarra.edu.co\/#\/schema\/logo\/image\/\",\"url\":\"https:\/\/uninavarra.edu.co\/wp-content\/uploads\/2024\/06\/Escudo-uninavarra-Solo.png\",\"contentUrl\":\"https:\/\/uninavarra.edu.co\/wp-content\/uploads\/2024\/06\/Escudo-uninavarra-Solo.png\",\"width\":1500,\"height\":1401,\"caption\":\"Fundaci\u00f3n Universitaria Navarra - UNINAVARRA\"},\"image\":{\"@id\":\"https:\/\/uninavarra.edu.co\/#\/schema\/logo\/image\/\"},\"sameAs\":[\"https:\/\/www.facebook.com\/UninavarraEduca\",\"https:\/\/x.com\/uninavarraeduca\",\"https:\/\/www.instagram.com\/uninavarra\/?hl=es\",\"https:\/\/www.linkedin.com\/in\/fundacin-universitaria-navarra-uninavarra-b41225222\/\"]}]}<\/script>\n<!-- \/ Yoast SEO plugin. -->","yoast_head_json":{"title":"Pol\u00edtica y Objetivos SGCPO - Uninavarra","robots":{"index":"index","follow":"follow","max-snippet":"max-snippet:-1","max-image-preview":"max-image-preview:large","max-video-preview":"max-video-preview:-1"},"canonical":"https:\/\/uninavarra.edu.co\/en\/sistema-gestion-calidad-2\/sistema-gestion-cultura-de-paz\/politica-objetivos-sgcpo\/","og_locale":"en_US","og_type":"article","og_title":"Pol\u00edtica y Objetivos SGCPO - Uninavarra","og_url":"https:\/\/uninavarra.edu.co\/en\/sistema-gestion-calidad-2\/sistema-gestion-cultura-de-paz\/politica-objetivos-sgcpo\/","og_site_name":"Uninavarra","article_publisher":"https:\/\/www.facebook.com\/UninavarraEduca","article_modified_time":"2021-08-09T16:45:20+00:00","twitter_card":"summary_large_image","twitter_site":"@uninavarraeduca","twitter_misc":{"Est. reading time":"1 minute"},"schema":{"@context":"https:\/\/schema.org","@graph":[{"@type":"WebPage","@id":"https:\/\/uninavarra.edu.co\/sistema-gestion-calidad-2\/sistema-gestion-cultura-de-paz\/politica-objetivos-sgcpo\/","url":"https:\/\/uninavarra.edu.co\/sistema-gestion-calidad-2\/sistema-gestion-cultura-de-paz\/politica-objetivos-sgcpo\/","name":"Pol\u00edtica y Objetivos SGCPO - Uninavarra","isPartOf":{"@id":"https:\/\/uninavarra.edu.co\/#website"},"datePublished":"2019-12-02T16:51:44+00:00","dateModified":"2021-08-09T16:45:20+00:00","breadcrumb":{"@id":"https:\/\/uninavarra.edu.co\/sistema-gestion-calidad-2\/sistema-gestion-cultura-de-paz\/politica-objetivos-sgcpo\/#breadcrumb"},"inLanguage":"en-US","potentialAction":[{"@type":"ReadAction","target":["https:\/\/uninavarra.edu.co\/sistema-gestion-calidad-2\/sistema-gestion-cultura-de-paz\/politica-objetivos-sgcpo\/"]}]},{"@type":"BreadcrumbList","@id":"https:\/\/uninavarra.edu.co\/sistema-gestion-calidad-2\/sistema-gestion-cultura-de-paz\/politica-objetivos-sgcpo\/#breadcrumb","itemListElement":[{"@type":"ListItem","position":1,"name":"Home","item":"https:\/\/uninavarra.edu.co\/"},{"@type":"ListItem","position":2,"name":"Sistemas de Gesti\u00f3n","item":"https:\/\/uninavarra.edu.co\/sistema-gestion-calidad-2\/"},{"@type":"ListItem","position":3,"name":"Sistema de Gesti\u00f3n de Cultura de Paz","item":"https:\/\/uninavarra.edu.co\/sistema-gestion-calidad-2\/sistema-gestion-cultura-de-paz\/"},{"@type":"ListItem","position":4,"name":"Pol\u00edtica y Objetivos SGCPO"}]},{"@type":"WebSite","@id":"https:\/\/uninavarra.edu.co\/#website","url":"https:\/\/uninavarra.edu.co\/","name":"UNINAVARRA","description":"Make your desire to learn a reality","publisher":{"@id":"https:\/\/uninavarra.edu.co\/#organization"},"potentialAction":[{"@type":"SearchAction","target":{"@type":"EntryPoint","urlTemplate":"https:\/\/uninavarra.edu.co\/?s={search_term_string}"},"query-input":{"@type":"PropertyValueSpecification","valueRequired":true,"valueName":"search_term_string"}}],"inLanguage":"en-US"},{"@type":"Organization","@id":"https:\/\/uninavarra.edu.co\/#organization","name":"Navarre University Foundation - UNINAVARRA","url":"https:\/\/uninavarra.edu.co\/","logo":{"@type":"ImageObject","inLanguage":"en-US","@id":"https:\/\/uninavarra.edu.co\/#\/schema\/logo\/image\/","url":"https:\/\/uninavarra.edu.co\/wp-content\/uploads\/2024\/06\/Escudo-uninavarra-Solo.png","contentUrl":"https:\/\/uninavarra.edu.co\/wp-content\/uploads\/2024\/06\/Escudo-uninavarra-Solo.png","width":1500,"height":1401,"caption":"Fundaci\u00f3n Universitaria Navarra - UNINAVARRA"},"image":{"@id":"https:\/\/uninavarra.edu.co\/#\/schema\/logo\/image\/"},"sameAs":["https:\/\/www.facebook.com\/UninavarraEduca","https:\/\/x.com\/uninavarraeduca","https:\/\/www.instagram.com\/uninavarra\/?hl=es","https:\/\/www.linkedin.com\/in\/fundacin-universitaria-navarra-uninavarra-b41225222\/"]}]}},"_links":{"self":[{"href":"https:\/\/uninavarra.edu.co\/en\/wp-json\/wp\/v2\/pages\/21116","targetHints":{"allow":["GET"]}}],"collection":[{"href":"https:\/\/uninavarra.edu.co\/en\/wp-json\/wp\/v2\/pages"}],"about":[{"href":"https:\/\/uninavarra.edu.co\/en\/wp-json\/wp\/v2\/types\/page"}],"author":[{"embeddable":true,"href":"https:\/\/uninavarra.edu.co\/en\/wp-json\/wp\/v2\/users\/3"}],"replies":[{"embeddable":true,"href":"https:\/\/uninavarra.edu.co\/en\/wp-json\/wp\/v2\/comments?post=21116"}],"version-history":[{"count":0,"href":"https:\/\/uninavarra.edu.co\/en\/wp-json\/wp\/v2\/pages\/21116\/revisions"}],"up":[{"embeddable":true,"href":"https:\/\/uninavarra.edu.co\/en\/wp-json\/wp\/v2\/pages\/21096"}],"wp:attachment":[{"href":"https:\/\/uninavarra.edu.co\/en\/wp-json\/wp\/v2\/media?parent=21116"}],"wp:term":[{"taxonomy":"category","embeddable":true,"href":"https:\/\/uninavarra.edu.co\/en\/wp-json\/wp\/v2\/categories?post=21116"},{"taxonomy":"post_tag","embeddable":true,"href":"https:\/\/uninavarra.edu.co\/en\/wp-json\/wp\/v2\/tags?post=21116"}],"curies":[{"name":"wp","href":"https:\/\/api.w.org\/{rel}","templated":true}]}}