{"id":20778,"date":"2019-11-06T15:49:43","date_gmt":"2019-11-06T20:49:43","guid":{"rendered":"https:\/\/uninavarra.edu.co\/?page_id=20778"},"modified":"2025-11-29T10:32:59","modified_gmt":"2025-11-29T15:32:59","slug":"biblioteca","status":"publish","type":"page","link":"https:\/\/uninavarra.edu.co\/en\/estudiantes\/biblioteca\/","title":{"rendered":"Library"},"content":{"rendered":"<div class=\"wpb-content-wrapper\"><div class=\"wpb-container\"><div class=\"container\"><div class=\"vc_row wpb_row vc_row-fluid row\"><div class=\"col-sm-3 imagen  vc_\">\n\t\t<div class=\"wpb_wrapper\">\n\t\t\t<div class=\"wpb_single_image wpb_content_element vc_align_left\">\n\t\t<div class=\"wpb_wrapper\">\n\t\t\t\n\t\t\t<a href=\"#\" target=\"_self\"><img fetchpriority=\"high\" decoding=\"async\" width=\"350\" height=\"233\" src=\"https:\/\/uninavarra.edu.co\/wp-content\/uploads\/2019\/11\/biblioteca_3-1.png\" class=\"vc_box_border_grey attachment-full\" alt=\"\" title=\"library_3-1\" srcset=\"https:\/\/uninavarra.edu.co\/wp-content\/uploads\/2019\/11\/biblioteca_3-1.png 350w, https:\/\/uninavarra.edu.co\/wp-content\/uploads\/2019\/11\/biblioteca_3-1-150x100.png 150w, https:\/\/uninavarra.edu.co\/wp-content\/uploads\/2019\/11\/biblioteca_3-1-300x200.png 300w\" sizes=\"(max-width: 350px) 100vw, 350px\" \/><\/a>\n\t\t<\/div> \n\t<\/div>\n\t\t<\/div> \n\t<\/div><div class=\"col-sm-9  vc_\">\n\t\t<div class=\"wpb_wrapper\">\n\t\t\t<div class=\"vc_empty_space\"   style=\"height: 48px\"><span class=\"vc_empty_space_inner\"><\/span><\/div>\n\t<div class=\"wpb_text_column wpb_content_element\" >\n\t\t<div class=\"wpb_wrapper\">\n\t\t\t<p style=\"font-weight: 400; text-align: justify;\"><span style=\"font-size: 20px;\">For the fulfillment of the substantive functions of social projection, extension, teaching and research, the Fundaci\u00f3n Universitaria Navarra-Uninavarra-, makes available to the academic community, the Library.\u00a0<a href=\"https:\/\/uninavarra.edu.co\/wp-content\/uploads\/2018\/05\/paginawebeve.pdf\" target=\"_blank\" rel=\"noopener\">ABNER LOZANO LOSADA<\/a>with the educational means to contribute to the formation of our students.<\/span><\/p>\n\n\t\t<\/div>\n\t<\/div>\n\n\t\t<\/div> \n\t<\/div><\/div><\/div><\/div><div class=\"wpb-container\"><div class=\"container\"><div class=\"vc_row wpb_row vc_row-fluid row\"><div class=\"col-sm-12  vc_\">\n\t\t<div class=\"wpb_wrapper\">\n\t\t\t\n\t<div class=\"wpb_text_column wpb_content_element\" >\n\t\t<div class=\"wpb_wrapper\">\n\t\t\t<p><span style=\"font-size: 1.5rem; color: #808080;\"><em>\"Try to be a teacher rather than a professor. There are many teachers; it is enough to have a good memory, a little method in the exposition and to know how to unite what is useful with what is pleasant. The teacher is more than that, he is the one who gives himself completely to his pupils, who knows no selfishness and teaches all that he knows; in this way, alone, he will leave disciples worthy of him. He is like a tree that is judged by the good quality of its fruit.\"<\/em>\u00a0Abner Lozano Losada.<\/span><\/p>\n\n\t\t<\/div>\n\t<\/div>\n\n\t\t<\/div> \n\t<\/div><\/div><\/div><\/div><div class=\"wpb-container\"><div class=\"container\"><div class=\"vc_row wpb_row vc_row-fluid row\"><div class=\"col-sm-12  vc_\">\n\t\t<div class=\"wpb_wrapper\">\n\t\t\t\n\t<div class=\"wpb_text_column wpb_content_element\" >\n\t\t<div class=\"wpb_wrapper\">\n\t\t\t<h2 class=\"section-title\" style=\"text-align: center;\">About the library<\/h2>\n\n\t\t<\/div>\n\t<\/div>\n\n\t\t<\/div> \n\t<\/div><\/div><\/div><\/div><div class=\"wpb-container\"><div class=\"container\"><div class=\"vc_row wpb_row vc_row-fluid row\"><div class=\"col-sm-12  vc_\">\n\t\t<div class=\"wpb_wrapper\">\n\t\t\t\n\t\t<\/div> \n\t<\/div><\/div><\/div><\/div><div class=\"wpb-container\"><div class=\"container\"><div class=\"vc_row wpb_row vc_row-fluid row\"><div class=\"col-sm-12  vc_\">\n\t\t<div class=\"wpb_wrapper\">\n\t\t\t\n\t<div class=\"wpb_text_column wpb_content_element\" >\n\t\t<div class=\"wpb_wrapper\">\n\t\t\t<p style=\"text-align: center;\"><a class=\"vc_general vc_btn3 vc_btn3-size-lg vc_btn3-shape-rounded vc_btn3-style-modern vc_btn3-icon-left vc_btn3-color-danger\" style=\"display: inline-flex; align-items: center;\" role=\"button\" href=\"#collapseExampleaf9\" data-toggle=\"collapse\" aria-expanded=\"false\" aria-controls=\"collapseExampleaf9\"><i class=\"vc_btn3-icon fas fa-book\"><\/i> Regulations<\/a><\/p>\n<div id=\"collapseExampleaf9\" class=\"collapse\">\n<div class=\"card card-body\">\n<ul class=\"icon documentos\">\n<li><a href=\"https:\/\/uninavarra.edu.co\/wp-content\/uploads\/2023\/04\/Resolucion-No-001-Presidente-Por-la-cual-se-modifica-el-valor-de-la-sancion-economica.pdf\" target=\"_blank\" rel=\"noopener noreferrer\">RESOLUTION No. 001 OF 2017 (APRIL 03) Whereby the value of the economic penalty referred to in article sixteen, numeral 1, paragraph b) of Agreement 003 of January 20, 2017 is modified.<\/a><\/li>\n<li><a href=\"https:\/\/uninavarra.edu.co\/wp-content\/uploads\/2023\/04\/ACUERDO-No.-003-DE-2017-Reglamento-de-Biblioteca.pdf\" target=\"_blank\" rel=\"noopener noreferrer\">AGREEMENT No. 003 OF 2017 (JANUARY 20) \"By which the General Regulations of the Library and the External Loan of Materials Regulations of the Navarra University Foundation UNINAVARRA-\" are updated and unified.<\/a><\/li>\n<li><a href=\"https:\/\/uninavarra.edu.co\/wp-content\/uploads\/2025\/11\/Acuerdo-007-de-2020-Modificacion-Reglamento-Biblioteca.pdf\">AGREEMENT No. 007 OF 2020(JULY 02) \u201cBy which articles 4\u00b0, 5\u00b0, 7\u00b0 and 14\u00b0 of Agreement 003 of January 20, 2017 are modified, by which the General Regulations of the Library and Regulations for the External Loan of Materials of the Navarra University Foundation -UNINAVARRA were updated and unified\u201d.\u201d<\/a><\/li>\n<\/ul>\n<\/div>\n<\/div>\n\n\t\t<\/div>\n\t<\/div>\n\n\t\t<\/div> \n\t<\/div><\/div><\/div><\/div><div class=\"wpb-container\"><div class=\"container\"><div class=\"vc_row wpb_row vc_row-fluid row\"><div class=\"col-sm-12  vc_\">\n\t\t<div class=\"wpb_wrapper\">\n\t\t\t\n\t<div class=\"wpb_text_column wpb_content_element\" >\n\t\t<div class=\"wpb_wrapper\">\n\t\t\t<h2 class=\"section-title\" style=\"text-align: center;\">Information resources<\/h2>\n\n\t\t<\/div>\n\t<\/div>\n\n\t\t<\/div> \n\t<\/div><\/div><\/div><\/div><div class=\"wpb-container\"><div class=\"container\"><div class=\"vc_row wpb_row vc_row-fluid row\"><div class=\"col-sm-12  vc_\">\n\t\t<div class=\"wpb_wrapper\">\n\t\t\t\n\t\t<\/div> \n\t<\/div><\/div><\/div><\/div><div class=\"wpb-container\"><div class=\"container\"><div class=\"vc_row wpb_row vc_row-fluid row\"><div class=\"col-sm-3  vc_\">\n\t\t<div class=\"wpb_wrapper\">\n\t\t\t<div class=\"vc_btn3-container vc_btn3-center vc_do_btn\" ><a class=\"vc_general vc_btn3 vc_btn3-size-lg vc_btn3-shape-rounded vc_btn3-style-modern vc_btn3-icon-left vc_btn3-color-danger\" href=\"#spu-93063\" title=\"\"><i class=\"vc_btn3-icon fas fa-book-open\"><\/i> Bibliographic catalog<\/a><\/div>\n\t\t<\/div> \n\t<\/div><div class=\"col-sm-3  vc_\">\n\t\t<div class=\"wpb_wrapper\">\n\t\t\t<div class=\"vc_btn3-container vc_btn3-center vc_do_btn\" ><a class=\"vc_general vc_btn3 vc_btn3-size-lg vc_btn3-shape-rounded vc_btn3-style-modern vc_btn3-icon-left vc_btn3-color-danger\" href=\"#spu-93060\" title=\"\" target=\"_blank\"><i class=\"vc_btn3-icon fas fa-location-arrow\"><\/i> Access path to the databases ( Tutorial )<\/a><\/div>\n\t\t<\/div> \n\t<\/div><div class=\"col-sm-3  vc_\">\n\t\t<div class=\"wpb_wrapper\">\n\t\t\t<div class=\"vc_btn3-container vc_btn3-center vc_do_btn\" ><a class=\"vc_general vc_btn3 vc_btn3-size-lg vc_btn3-shape-rounded vc_btn3-style-modern vc_btn3-icon-left vc_btn3-color-danger\" href=\"https:\/\/uninavarra.edu.co\/estudiantes\/bases-de-datos-academicas\/\" title=\"\"><i class=\"vc_btn3-icon fas fa-tasks\"><\/i> Databases<\/a><\/div>\n\t\t<\/div> \n\t<\/div><div class=\"col-sm-3  vc_\">\n\t\t<div class=\"wpb_wrapper\">\n\t\t\t<div class=\"vc_btn3-container vc_btn3-center vc_do_btn\" ><a class=\"vc_general vc_btn3 vc_btn3-size-lg vc_btn3-shape-rounded vc_btn3-style-modern vc_btn3-icon-left vc_btn3-color-danger\" href=\"https:\/\/repositorio.uninavarra.edu.co\/\" title=\"\" target=\"_blank\"><i class=\"vc_btn3-icon fas fa-users\"><\/i> Institutional Repository Uninavarra<\/a><\/div>\n\t\t<\/div> \n\t<\/div><\/div><\/div><\/div><div class=\"wpb-container\"><div class=\"container\"><div class=\"vc_row wpb_row vc_row-fluid row\"><div class=\"col-sm-12  vc_\">\n\t\t<div class=\"wpb_wrapper\">\n\t\t\t\n\t<div class=\"wpb_text_column wpb_content_element\" >\n\t\t<div class=\"wpb_wrapper\">\n\t\t\t<h2 class=\"section-title\" style=\"text-align: center;\">Services<\/h2>\n\n\t\t<\/div>\n\t<\/div>\n\n\t\t<\/div> \n\t<\/div><\/div><\/div><\/div><div class=\"wpb-container\"><div class=\"container\"><div class=\"vc_row wpb_row vc_row-fluid row\"><div class=\"col-sm-12  vc_\">\n\t\t<div class=\"wpb_wrapper\">\n\t\t\t\n\t\t<\/div> \n\t<\/div><\/div><\/div><\/div><div class=\"wpb-container\"><div class=\"container\"><div class=\"vc_row wpb_row vc_row-fluid row\"><div class=\"col-sm-3  vc_\">\n\t\t<div class=\"wpb_wrapper\">\n\t\t\t\n\t\t<\/div> \n\t<\/div><div class=\"col-sm-3  vc_\">\n\t\t<div class=\"wpb_wrapper\">\n\t\t\t<div class=\"vc_btn3-container vc_btn3-center vc_do_btn\" ><a class=\"vc_general vc_btn3 vc_btn3-size-lg vc_btn3-shape-rounded vc_btn3-style-modern vc_btn3-icon-left vc_btn3-color-danger\" href=\"https:\/\/uninavarra.edu.co\/?p=92631\" title=\"\" target=\"_blank\"><i class=\"vc_btn3-icon fas fa-chalkboard-teacher\"><\/i> Database Training<\/a><\/div>\n\t\t<\/div> \n\t<\/div><div class=\"col-sm-3  vc_\">\n\t\t<div class=\"wpb_wrapper\">\n\t\t\t<div class=\"vc_btn3-container vc_btn3-right vc_do_btn\" ><a class=\"vc_general vc_btn3 vc_btn3-size-lg vc_btn3-shape-rounded vc_btn3-style-modern vc_btn3-icon-left vc_btn3-color-danger\" href=\"https:\/\/uninavarra.edu.co\/con-ins-biblioteca\/\" title=\"\" target=\"_blank\"><i class=\"vc_btn3-icon far fa-address-book\"><\/i> Interlibrary loan agreements<\/a><\/div>\n\t\t<\/div> \n\t<\/div><div class=\"col-sm-3  vc_\">\n\t\t<div class=\"wpb_wrapper\">\n\t\t\t\n\t\t<\/div> \n\t<\/div><\/div><\/div><\/div><div class=\"wpb-container\"><div class=\"container\"><div class=\"vc_row wpb_row vc_row-fluid row\"><div class=\"col-sm-12  vc_\">\n\t\t<div class=\"wpb_wrapper\">\n\t\t\t\n\t<div class=\"wpb_text_column wpb_content_element\" >\n\t\t<div class=\"wpb_wrapper\">\n\t\t\t<h2 class=\"section-title\" style=\"text-align: center;\">Library services<\/h2>\n\n\t\t<\/div>\n\t<\/div>\n\n\t\t<\/div> \n\t<\/div><\/div><\/div><\/div><div class=\"wpb-container\"><div class=\"container\"><div class=\"vc_row wpb_row vc_row-fluid row\"><div class=\"col-sm-12  vc_\">\n\t\t<div class=\"wpb_wrapper\">\n\t\t\t\n\t<div class=\"wpb_video_widget wpb_content_element vc_clearfix   vc_video-aspect-ratio-169 vc_video-el-width-100 vc_video-align-left\" >\n\t\t<div class=\"wpb_wrapper\">\n\t\t\t\n\t\t\t<div class=\"wpb_video_wrapper\"><iframe title=\"TUTORIAL LIBRARY\" width=\"500\" height=\"281\" src=\"https:\/\/www.youtube.com\/embed\/IxSIOyQbXbI?feature=oembed\" frameborder=\"0\" allow=\"accelerometer; autoplay; clipboard-write; encrypted-media; gyroscope; picture-in-picture; web-share\" allowfullscreen><\/iframe><\/div>\n\t\t<\/div>\n\t<\/div>\n\n\t\t<\/div> \n\t<\/div><\/div><\/div><\/div><div class=\"wpb-container\"><div class=\"container\"><div class=\"vc_row wpb_row vc_row-fluid row\"><div class=\"col-sm-12  vc_\">\n\t\t<div class=\"wpb_wrapper\">\n\t\t\t\n\t<div class=\"wpb_text_column wpb_content_element\" >\n\t\t<div class=\"wpb_wrapper\">\n\t\t\t<h2 class=\"section-title\" style=\"text-align: center;\">Opening hours \"Abner Lozano Losada\" Library<\/h2>\n\n\t\t<\/div>\n\t<\/div>\n\n\t\t<\/div> \n\t<\/div><\/div><\/div><\/div><div class=\"wpb-container\"><div class=\"container\"><div class=\"vc_row wpb_row vc_row-fluid row\"><div class=\"col-sm-3  vc_\">\n\t\t<div class=\"wpb_wrapper\">\n\t\t\t\n\t\t<\/div> \n\t<\/div><div class=\"col-sm-3  vc_\">\n\t\t<div class=\"wpb_wrapper\">\n\t\t\t\n\t<div class=\"wpb_text_column wpb_content_element\" >\n\t\t<div class=\"wpb_wrapper\">\n\t\t\t<h3 style=\"text-align: center;\"><span style=\"color: #e20411;\">Headquarters:<\/span><\/h3>\n<div>\n<hr \/>\n<\/div>\n<p>&nbsp;<\/p>\n<p style=\"font-weight: 400; text-align: center;\"><span style=\"font-size: 20px;\">Monday to Friday from 7:00 a.m. to 8:00 p.m.<\/span><\/p>\n<p style=\"font-weight: 400; text-align: center;\"><span style=\"font-size: 20px;\">Saturdays from 9:00 a.m. to 4:00 p.m.<\/span><\/p>\n<p style=\"font-weight: 400; text-align: center;\"><span style=\"font-size: 20px;\">Sundays from 9:00 am to 12:00 m<\/span><\/p>\n\n\t\t<\/div>\n\t<\/div>\n\n\t\t<\/div> \n\t<\/div><div class=\"col-sm-3  vc_\">\n\t\t<div class=\"wpb_wrapper\">\n\t\t\t\n\t<div class=\"wpb_text_column wpb_content_element\" >\n\t\t<div class=\"wpb_wrapper\">\n\t\t\t<h3 style=\"text-align: center;\"><span style=\"color: #e20411;\">Navarra Park Headquarters:<\/span><\/h3>\n<div>\n<hr \/>\n<\/div>\n<p>&nbsp;<\/p>\n<p style=\"font-weight: 400; text-align: center;\"><span style=\"font-size: 20px;\">Monday to Friday from 4:00 pm to 8:00 pm<\/span><\/p>\n<p style=\"font-weight: 400; text-align: center;\"><span style=\"font-size: 20px;\">Saturdays from 9:00 a.m. to 12:00 noon<\/span><\/p>\n\n\t\t<\/div>\n\t<\/div>\n\n\t\t<\/div> \n\t<\/div><div class=\"col-sm-3  vc_\">\n\t\t<div class=\"wpb_wrapper\">\n\t\t\t\n\t\t<\/div> \n\t<\/div><\/div><\/div><\/div>\n<\/div>","protected":false},"excerpt":{"rendered":"Para el cumplimiento de las funciones sustantivas, de proyecci\u00f3n social, extensi\u00f3n, docencia e investigaci\u00f3n, La Fundaci\u00f3n Universitaria Navarra-Uninavarra-, pone a disposici\u00f3n de la comunidad acad\u00e9mica, la Biblioteca\u00a0ABNER LOZANO LOSADA, con [...]","protected":false},"author":7,"featured_media":679,"parent":25538,"menu_order":0,"comment_status":"closed","ping_status":"closed","template":"","meta":{"footnotes":""},"categories":[1],"tags":[],"class_list":["post-20778","page","type-page","status-publish","has-post-thumbnail","hentry","category-uncategorized"],"yoast_head":"<!-- This site is optimized with the Yoast SEO plugin v27.4 - https:\/\/yoast.com\/product\/yoast-seo-wordpress\/ -->\n<title>Biblioteca - Uninavarra<\/title>\n<meta name=\"robots\" content=\"index, follow, max-snippet:-1, max-image-preview:large, max-video-preview:-1\" \/>\n<link rel=\"canonical\" href=\"https:\/\/uninavarra.edu.co\/en\/estudiantes\/biblioteca\/\" \/>\n<meta property=\"og:locale\" content=\"en_US\" \/>\n<meta property=\"og:type\" content=\"article\" \/>\n<meta property=\"og:title\" content=\"Biblioteca - Uninavarra\" \/>\n<meta property=\"og:url\" content=\"https:\/\/uninavarra.edu.co\/en\/estudiantes\/biblioteca\/\" \/>\n<meta property=\"og:site_name\" content=\"Uninavarra\" \/>\n<meta property=\"article:publisher\" content=\"https:\/\/www.facebook.com\/UninavarraEduca\" \/>\n<meta property=\"article:modified_time\" content=\"2025-11-29T15:32:59+00:00\" \/>\n<meta property=\"og:image\" content=\"https:\/\/uninavarra.edu.co\/wp-content\/uploads\/2016\/01\/BIBLIO-2.jpg\" \/>\n\t<meta property=\"og:image:width\" content=\"1200\" \/>\n\t<meta property=\"og:image:height\" content=\"837\" \/>\n\t<meta property=\"og:image:type\" content=\"image\/jpeg\" \/>\n<meta name=\"twitter:card\" content=\"summary_large_image\" \/>\n<meta name=\"twitter:site\" content=\"@uninavarraeduca\" \/>\n<meta name=\"twitter:label1\" content=\"Est. reading time\" \/>\n\t<meta name=\"twitter:data1\" content=\"3 minutes\" \/>\n<script type=\"application\/ld+json\" class=\"yoast-schema-graph\">{\"@context\":\"https:\\\/\\\/schema.org\",\"@graph\":[{\"@type\":\"WebPage\",\"@id\":\"https:\\\/\\\/uninavarra.edu.co\\\/estudiantes\\\/biblioteca\\\/\",\"url\":\"https:\\\/\\\/uninavarra.edu.co\\\/estudiantes\\\/biblioteca\\\/\",\"name\":\"Biblioteca - Uninavarra\",\"isPartOf\":{\"@id\":\"https:\\\/\\\/uninavarra.edu.co\\\/#website\"},\"primaryImageOfPage\":{\"@id\":\"https:\\\/\\\/uninavarra.edu.co\\\/estudiantes\\\/biblioteca\\\/#primaryimage\"},\"image\":{\"@id\":\"https:\\\/\\\/uninavarra.edu.co\\\/estudiantes\\\/biblioteca\\\/#primaryimage\"},\"thumbnailUrl\":\"https:\\\/\\\/uninavarra.edu.co\\\/wp-content\\\/uploads\\\/2016\\\/01\\\/BIBLIO-2.jpg\",\"datePublished\":\"2019-11-06T20:49:43+00:00\",\"dateModified\":\"2025-11-29T15:32:59+00:00\",\"breadcrumb\":{\"@id\":\"https:\\\/\\\/uninavarra.edu.co\\\/estudiantes\\\/biblioteca\\\/#breadcrumb\"},\"inLanguage\":\"en-US\",\"potentialAction\":[{\"@type\":\"ReadAction\",\"target\":[\"https:\\\/\\\/uninavarra.edu.co\\\/estudiantes\\\/biblioteca\\\/\"]}]},{\"@type\":\"ImageObject\",\"inLanguage\":\"en-US\",\"@id\":\"https:\\\/\\\/uninavarra.edu.co\\\/estudiantes\\\/biblioteca\\\/#primaryimage\",\"url\":\"https:\\\/\\\/uninavarra.edu.co\\\/wp-content\\\/uploads\\\/2016\\\/01\\\/BIBLIO-2.jpg\",\"contentUrl\":\"https:\\\/\\\/uninavarra.edu.co\\\/wp-content\\\/uploads\\\/2016\\\/01\\\/BIBLIO-2.jpg\",\"width\":1200,\"height\":837,\"caption\":\"Biblioteca\"},{\"@type\":\"BreadcrumbList\",\"@id\":\"https:\\\/\\\/uninavarra.edu.co\\\/estudiantes\\\/biblioteca\\\/#breadcrumb\",\"itemListElement\":[{\"@type\":\"ListItem\",\"position\":1,\"name\":\"Home\",\"item\":\"https:\\\/\\\/uninavarra.edu.co\\\/\"},{\"@type\":\"ListItem\",\"position\":2,\"name\":\"Estudiantes\",\"item\":\"https:\\\/\\\/uninavarra.edu.co\\\/estudiantes\\\/\"},{\"@type\":\"ListItem\",\"position\":3,\"name\":\"Biblioteca\"}]},{\"@type\":\"WebSite\",\"@id\":\"https:\\\/\\\/uninavarra.edu.co\\\/#website\",\"url\":\"https:\\\/\\\/uninavarra.edu.co\\\/\",\"name\":\"UNINAVARRA\",\"description\":\"Haz realidad tu deseo de aprender\",\"publisher\":{\"@id\":\"https:\\\/\\\/uninavarra.edu.co\\\/#organization\"},\"potentialAction\":[{\"@type\":\"SearchAction\",\"target\":{\"@type\":\"EntryPoint\",\"urlTemplate\":\"https:\\\/\\\/uninavarra.edu.co\\\/?s={search_term_string}\"},\"query-input\":{\"@type\":\"PropertyValueSpecification\",\"valueRequired\":true,\"valueName\":\"search_term_string\"}}],\"inLanguage\":\"en-US\"},{\"@type\":\"Organization\",\"@id\":\"https:\\\/\\\/uninavarra.edu.co\\\/#organization\",\"name\":\"Fundaci\u00f3n Universitaria Navarra - UNINAVARRA\",\"url\":\"https:\\\/\\\/uninavarra.edu.co\\\/\",\"logo\":{\"@type\":\"ImageObject\",\"inLanguage\":\"en-US\",\"@id\":\"https:\\\/\\\/uninavarra.edu.co\\\/#\\\/schema\\\/logo\\\/image\\\/\",\"url\":\"https:\\\/\\\/uninavarra.edu.co\\\/wp-content\\\/uploads\\\/2024\\\/06\\\/Escudo-uninavarra-Solo.png\",\"contentUrl\":\"https:\\\/\\\/uninavarra.edu.co\\\/wp-content\\\/uploads\\\/2024\\\/06\\\/Escudo-uninavarra-Solo.png\",\"width\":1500,\"height\":1401,\"caption\":\"Fundaci\u00f3n Universitaria Navarra - UNINAVARRA\"},\"image\":{\"@id\":\"https:\\\/\\\/uninavarra.edu.co\\\/#\\\/schema\\\/logo\\\/image\\\/\"},\"sameAs\":[\"https:\\\/\\\/www.facebook.com\\\/UninavarraEduca\",\"https:\\\/\\\/x.com\\\/uninavarraeduca\",\"https:\\\/\\\/www.instagram.com\\\/uninavarra\\\/?hl=es\",\"https:\\\/\\\/www.linkedin.com\\\/in\\\/fundacin-universitaria-navarra-uninavarra-b41225222\\\/\"]}]}<\/script>\n<!-- \/ Yoast SEO plugin. -->","yoast_head_json":{"title":"Biblioteca - Uninavarra","robots":{"index":"index","follow":"follow","max-snippet":"max-snippet:-1","max-image-preview":"max-image-preview:large","max-video-preview":"max-video-preview:-1"},"canonical":"https:\/\/uninavarra.edu.co\/en\/estudiantes\/biblioteca\/","og_locale":"en_US","og_type":"article","og_title":"Biblioteca - Uninavarra","og_url":"https:\/\/uninavarra.edu.co\/en\/estudiantes\/biblioteca\/","og_site_name":"Uninavarra","article_publisher":"https:\/\/www.facebook.com\/UninavarraEduca","article_modified_time":"2025-11-29T15:32:59+00:00","og_image":[{"width":1200,"height":837,"url":"https:\/\/uninavarra.edu.co\/wp-content\/uploads\/2016\/01\/BIBLIO-2.jpg","type":"image\/jpeg"}],"twitter_card":"summary_large_image","twitter_site":"@uninavarraeduca","twitter_misc":{"Est. reading time":"3 minutes"},"schema":{"@context":"https:\/\/schema.org","@graph":[{"@type":"WebPage","@id":"https:\/\/uninavarra.edu.co\/estudiantes\/biblioteca\/","url":"https:\/\/uninavarra.edu.co\/estudiantes\/biblioteca\/","name":"Biblioteca - Uninavarra","isPartOf":{"@id":"https:\/\/uninavarra.edu.co\/#website"},"primaryImageOfPage":{"@id":"https:\/\/uninavarra.edu.co\/estudiantes\/biblioteca\/#primaryimage"},"image":{"@id":"https:\/\/uninavarra.edu.co\/estudiantes\/biblioteca\/#primaryimage"},"thumbnailUrl":"https:\/\/uninavarra.edu.co\/wp-content\/uploads\/2016\/01\/BIBLIO-2.jpg","datePublished":"2019-11-06T20:49:43+00:00","dateModified":"2025-11-29T15:32:59+00:00","breadcrumb":{"@id":"https:\/\/uninavarra.edu.co\/estudiantes\/biblioteca\/#breadcrumb"},"inLanguage":"en-US","potentialAction":[{"@type":"ReadAction","target":["https:\/\/uninavarra.edu.co\/estudiantes\/biblioteca\/"]}]},{"@type":"ImageObject","inLanguage":"en-US","@id":"https:\/\/uninavarra.edu.co\/estudiantes\/biblioteca\/#primaryimage","url":"https:\/\/uninavarra.edu.co\/wp-content\/uploads\/2016\/01\/BIBLIO-2.jpg","contentUrl":"https:\/\/uninavarra.edu.co\/wp-content\/uploads\/2016\/01\/BIBLIO-2.jpg","width":1200,"height":837,"caption":"Biblioteca"},{"@type":"BreadcrumbList","@id":"https:\/\/uninavarra.edu.co\/estudiantes\/biblioteca\/#breadcrumb","itemListElement":[{"@type":"ListItem","position":1,"name":"Home","item":"https:\/\/uninavarra.edu.co\/"},{"@type":"ListItem","position":2,"name":"Estudiantes","item":"https:\/\/uninavarra.edu.co\/estudiantes\/"},{"@type":"ListItem","position":3,"name":"Biblioteca"}]},{"@type":"WebSite","@id":"https:\/\/uninavarra.edu.co\/#website","url":"https:\/\/uninavarra.edu.co\/","name":"UNINAVARRA","description":"Make your desire to learn a reality","publisher":{"@id":"https:\/\/uninavarra.edu.co\/#organization"},"potentialAction":[{"@type":"SearchAction","target":{"@type":"EntryPoint","urlTemplate":"https:\/\/uninavarra.edu.co\/?s={search_term_string}"},"query-input":{"@type":"PropertyValueSpecification","valueRequired":true,"valueName":"search_term_string"}}],"inLanguage":"en-US"},{"@type":"Organization","@id":"https:\/\/uninavarra.edu.co\/#organization","name":"Navarre University Foundation - UNINAVARRA","url":"https:\/\/uninavarra.edu.co\/","logo":{"@type":"ImageObject","inLanguage":"en-US","@id":"https:\/\/uninavarra.edu.co\/#\/schema\/logo\/image\/","url":"https:\/\/uninavarra.edu.co\/wp-content\/uploads\/2024\/06\/Escudo-uninavarra-Solo.png","contentUrl":"https:\/\/uninavarra.edu.co\/wp-content\/uploads\/2024\/06\/Escudo-uninavarra-Solo.png","width":1500,"height":1401,"caption":"Fundaci\u00f3n Universitaria Navarra - UNINAVARRA"},"image":{"@id":"https:\/\/uninavarra.edu.co\/#\/schema\/logo\/image\/"},"sameAs":["https:\/\/www.facebook.com\/UninavarraEduca","https:\/\/x.com\/uninavarraeduca","https:\/\/www.instagram.com\/uninavarra\/?hl=es","https:\/\/www.linkedin.com\/in\/fundacin-universitaria-navarra-uninavarra-b41225222\/"]}]}},"_links":{"self":[{"href":"https:\/\/uninavarra.edu.co\/en\/wp-json\/wp\/v2\/pages\/20778","targetHints":{"allow":["GET"]}}],"collection":[{"href":"https:\/\/uninavarra.edu.co\/en\/wp-json\/wp\/v2\/pages"}],"about":[{"href":"https:\/\/uninavarra.edu.co\/en\/wp-json\/wp\/v2\/types\/page"}],"author":[{"embeddable":true,"href":"https:\/\/uninavarra.edu.co\/en\/wp-json\/wp\/v2\/users\/7"}],"replies":[{"embeddable":true,"href":"https:\/\/uninavarra.edu.co\/en\/wp-json\/wp\/v2\/comments?post=20778"}],"version-history":[{"count":0,"href":"https:\/\/uninavarra.edu.co\/en\/wp-json\/wp\/v2\/pages\/20778\/revisions"}],"up":[{"embeddable":true,"href":"https:\/\/uninavarra.edu.co\/en\/wp-json\/wp\/v2\/pages\/25538"}],"wp:featuredmedia":[{"embeddable":true,"href":"https:\/\/uninavarra.edu.co\/en\/wp-json\/wp\/v2\/media\/679"}],"wp:attachment":[{"href":"https:\/\/uninavarra.edu.co\/en\/wp-json\/wp\/v2\/media?parent=20778"}],"wp:term":[{"taxonomy":"category","embeddable":true,"href":"https:\/\/uninavarra.edu.co\/en\/wp-json\/wp\/v2\/categories?post=20778"},{"taxonomy":"post_tag","embeddable":true,"href":"https:\/\/uninavarra.edu.co\/en\/wp-json\/wp\/v2\/tags?post=20778"}],"curies":[{"name":"wp","href":"https:\/\/api.w.org\/{rel}","templated":true}]}}