{"id":17756,"date":"2019-06-27T16:11:24","date_gmt":"2019-06-27T21:11:24","guid":{"rendered":"https:\/\/uninavarra.edu.co\/?page_id=17756"},"modified":"2021-08-09T11:42:21","modified_gmt":"2021-08-09T16:42:21","slug":"espiritualidad","status":"publish","type":"page","link":"https:\/\/uninavarra.edu.co\/en\/bienestar-universitario\/desarrollo-humano\/espiritualidad\/","title":{"rendered":"Spirituality"},"content":{"rendered":"<div class=\"wpb-content-wrapper\"><div class=\"wpb-container \"><div class=\"container\"><div class=\"vc_row wpb_row vc_row-fluid row \"><div class=\"col-sm-12  vc_\">\n\t\t<div class=\"wpb_wrapper \">\n\t\t\t\n\t<div class=\"wpb_text_column wpb_content_element\" >\n\t\t<div class=\"wpb_wrapper\">\n\t\t\t<p class=\"volver\" style=\"text-align: right;\"><a href=\"https:\/\/uninavarra.edu.co\/estudiantes\/bienestar-universitario\/desarrollo-humano\/\"><i class=\"fas fa-backward\"><\/i>Volver a Desarrollo Humano<\/a><\/p>\n\n\t\t<\/div>\n\t<\/div>\n\n\t<div class=\"wpb_text_column wpb_content_element\" >\n\t\t<div class=\"wpb_wrapper\">\n\t\t\t<h1 style=\"text-align: center;\">ESPIRITUALIDAD<\/h1>\n\n\t\t<\/div>\n\t<\/div>\n<div class=\"wpb_images_carousel wpb_content_element vc_clearfix wpb_content_element slider wpb_animate_when_almost_visible wpb_fadeIn fadeIn\"><div class=\"wpb_wrapper\"><div id=\"vc_images-carousel-1-1777975702\" data-ride=\"vc_carousel\" data-wrap=\"true\" style=\"width: 1024px;\" data-interval=\"5000\" data-auto-height=\"yes\" data-mode=\"horizontal\" data-partial=\"false\" data-per-view=\"1\" data-hide-on-end=\"false\" class=\"vc_slide vc_images_carousel\"><ol class=\"vc_carousel-indicators\"><li data-target=\"#vc_images-carousel-1-1777975702\" data-slide-to=\"0\"><\/li><li data-target=\"#vc_images-carousel-1-1777975702\" data-slide-to=\"1\"><\/li><li data-target=\"#vc_images-carousel-1-1777975702\" data-slide-to=\"2\"><\/li><li data-target=\"#vc_images-carousel-1-1777975702\" data-slide-to=\"3\"><\/li><li data-target=\"#vc_images-carousel-1-1777975702\" data-slide-to=\"4\"><\/li><li data-target=\"#vc_images-carousel-1-1777975702\" data-slide-to=\"5\"><\/li><\/ol><div class=\"vc_carousel-inner\"><div class=\"vc_carousel-slideline\"><div class=\"vc_carousel-slideline-inner\"><div class=\"vc_item\"><div class=\"vc_inner\"><a class=\"\" href=\"https:\/\/uninavarra.edu.co\/wp-content\/uploads\/2019\/06\/IMG_4216-1024x683.jpg\" data-lightbox=\"lightbox[rel-17756-634620709]\"><img fetchpriority=\"high\" decoding=\"async\" width=\"900\" height=\"600\" src=\"https:\/\/uninavarra.edu.co\/wp-content\/uploads\/2019\/06\/IMG_4216-1024x683.jpg\" class=\"attachment-large\" alt=\"\" title=\"IMG_4216\" srcset=\"https:\/\/uninavarra.edu.co\/wp-content\/uploads\/2019\/06\/IMG_4216-1024x683.jpg 1024w, https:\/\/uninavarra.edu.co\/wp-content\/uploads\/2019\/06\/IMG_4216-300x200.jpg 300w, https:\/\/uninavarra.edu.co\/wp-content\/uploads\/2019\/06\/IMG_4216-150x100.jpg 150w, https:\/\/uninavarra.edu.co\/wp-content\/uploads\/2019\/06\/IMG_4216-768x512.jpg 768w, https:\/\/uninavarra.edu.co\/wp-content\/uploads\/2019\/06\/IMG_4216-1536x1024.jpg 1536w, https:\/\/uninavarra.edu.co\/wp-content\/uploads\/2019\/06\/IMG_4216.jpg 1987w\" sizes=\"(max-width: 900px) 100vw, 900px\" \/><\/a><\/div><\/div><div class=\"vc_item\"><div class=\"vc_inner\"><a class=\"\" href=\"https:\/\/uninavarra.edu.co\/wp-content\/uploads\/2019\/06\/IMG_4220-1024x683.jpg\" data-lightbox=\"lightbox[rel-17756-634620709]\"><img decoding=\"async\" width=\"900\" height=\"600\" src=\"https:\/\/uninavarra.edu.co\/wp-content\/uploads\/2019\/06\/IMG_4220-1024x683.jpg\" class=\"attachment-large\" alt=\"\" title=\"IMG_4220\" srcset=\"https:\/\/uninavarra.edu.co\/wp-content\/uploads\/2019\/06\/IMG_4220-1024x683.jpg 1024w, https:\/\/uninavarra.edu.co\/wp-content\/uploads\/2019\/06\/IMG_4220-300x200.jpg 300w, https:\/\/uninavarra.edu.co\/wp-content\/uploads\/2019\/06\/IMG_4220-150x100.jpg 150w, https:\/\/uninavarra.edu.co\/wp-content\/uploads\/2019\/06\/IMG_4220-768x512.jpg 768w, https:\/\/uninavarra.edu.co\/wp-content\/uploads\/2019\/06\/IMG_4220-1536x1024.jpg 1536w, https:\/\/uninavarra.edu.co\/wp-content\/uploads\/2019\/06\/IMG_4220.jpg 1987w\" sizes=\"(max-width: 900px) 100vw, 900px\" \/><\/a><\/div><\/div><div class=\"vc_item\"><div class=\"vc_inner\"><a class=\"\" href=\"https:\/\/uninavarra.edu.co\/wp-content\/uploads\/2019\/06\/1234-1024x682.jpg\" data-lightbox=\"lightbox[rel-17756-634620709]\"><img decoding=\"async\" width=\"900\" height=\"599\" src=\"https:\/\/uninavarra.edu.co\/wp-content\/uploads\/2019\/06\/1234-1024x682.jpg\" class=\"attachment-large\" alt=\"\" title=\"1234\" srcset=\"https:\/\/uninavarra.edu.co\/wp-content\/uploads\/2019\/06\/1234-1024x682.jpg 1024w, https:\/\/uninavarra.edu.co\/wp-content\/uploads\/2019\/06\/1234-300x200.jpg 300w, https:\/\/uninavarra.edu.co\/wp-content\/uploads\/2019\/06\/1234-150x100.jpg 150w, https:\/\/uninavarra.edu.co\/wp-content\/uploads\/2019\/06\/1234-768x512.jpg 768w, https:\/\/uninavarra.edu.co\/wp-content\/uploads\/2019\/06\/1234-1536x1024.jpg 1536w, https:\/\/uninavarra.edu.co\/wp-content\/uploads\/2019\/06\/1234.jpg 2000w\" sizes=\"(max-width: 900px) 100vw, 900px\" \/><\/a><\/div><\/div><div class=\"vc_item\"><div class=\"vc_inner\"><a class=\"\" href=\"https:\/\/uninavarra.edu.co\/wp-content\/uploads\/2019\/06\/12345-1024x682.jpg\" data-lightbox=\"lightbox[rel-17756-634620709]\"><img loading=\"lazy\" decoding=\"async\" width=\"900\" height=\"599\" src=\"https:\/\/uninavarra.edu.co\/wp-content\/uploads\/2019\/06\/12345-1024x682.jpg\" class=\"attachment-large\" alt=\"\" title=\"12345\" srcset=\"https:\/\/uninavarra.edu.co\/wp-content\/uploads\/2019\/06\/12345-1024x682.jpg 1024w, https:\/\/uninavarra.edu.co\/wp-content\/uploads\/2019\/06\/12345-300x200.jpg 300w, https:\/\/uninavarra.edu.co\/wp-content\/uploads\/2019\/06\/12345-150x100.jpg 150w, https:\/\/uninavarra.edu.co\/wp-content\/uploads\/2019\/06\/12345-768x512.jpg 768w, https:\/\/uninavarra.edu.co\/wp-content\/uploads\/2019\/06\/12345-1536x1024.jpg 1536w, https:\/\/uninavarra.edu.co\/wp-content\/uploads\/2019\/06\/12345.jpg 2000w\" sizes=\"(max-width: 900px) 100vw, 900px\" \/><\/a><\/div><\/div><div class=\"vc_item\"><div class=\"vc_inner\"><a class=\"\" href=\"https:\/\/uninavarra.edu.co\/wp-content\/uploads\/2019\/06\/IMG_4212-1024x683.jpg\" data-lightbox=\"lightbox[rel-17756-634620709]\"><img loading=\"lazy\" decoding=\"async\" width=\"900\" height=\"600\" src=\"https:\/\/uninavarra.edu.co\/wp-content\/uploads\/2019\/06\/IMG_4212-1024x683.jpg\" class=\"attachment-large\" alt=\"\" title=\"IMG_4212\" srcset=\"https:\/\/uninavarra.edu.co\/wp-content\/uploads\/2019\/06\/IMG_4212-1024x683.jpg 1024w, https:\/\/uninavarra.edu.co\/wp-content\/uploads\/2019\/06\/IMG_4212-300x200.jpg 300w, https:\/\/uninavarra.edu.co\/wp-content\/uploads\/2019\/06\/IMG_4212-150x100.jpg 150w, https:\/\/uninavarra.edu.co\/wp-content\/uploads\/2019\/06\/IMG_4212-768x512.jpg 768w, https:\/\/uninavarra.edu.co\/wp-content\/uploads\/2019\/06\/IMG_4212-1536x1024.jpg 1536w, https:\/\/uninavarra.edu.co\/wp-content\/uploads\/2019\/06\/IMG_4212.jpg 1987w\" sizes=\"(max-width: 900px) 100vw, 900px\" \/><\/a><\/div><\/div><div class=\"vc_item\"><div class=\"vc_inner\"><a class=\"\" href=\"https:\/\/uninavarra.edu.co\/wp-content\/uploads\/2019\/06\/IMG_4213-1024x683.jpg\" data-lightbox=\"lightbox[rel-17756-634620709]\"><img loading=\"lazy\" decoding=\"async\" width=\"900\" height=\"600\" src=\"https:\/\/uninavarra.edu.co\/wp-content\/uploads\/2019\/06\/IMG_4213-1024x683.jpg\" class=\"attachment-large\" alt=\"\" title=\"IMG_4213\" srcset=\"https:\/\/uninavarra.edu.co\/wp-content\/uploads\/2019\/06\/IMG_4213-1024x683.jpg 1024w, https:\/\/uninavarra.edu.co\/wp-content\/uploads\/2019\/06\/IMG_4213-300x200.jpg 300w, https:\/\/uninavarra.edu.co\/wp-content\/uploads\/2019\/06\/IMG_4213-150x100.jpg 150w, https:\/\/uninavarra.edu.co\/wp-content\/uploads\/2019\/06\/IMG_4213-768x512.jpg 768w, https:\/\/uninavarra.edu.co\/wp-content\/uploads\/2019\/06\/IMG_4213-1536x1024.jpg 1536w, https:\/\/uninavarra.edu.co\/wp-content\/uploads\/2019\/06\/IMG_4213.jpg 1987w\" sizes=\"(max-width: 900px) 100vw, 900px\" \/><\/a><\/div><\/div><\/div><\/div><\/div><a class=\"vc_left vc_carousel-control\" href=\"#vc_images-carousel-1-1777975702\" data-slide=\"prev\"><span class=\"icon-prev\"><\/span><\/a><a class=\"vc_right vc_carousel-control\" href=\"#vc_images-carousel-1-1777975702\" data-slide=\"next\"><span class=\"icon-next\"><\/span><\/a><\/div><\/div><\/div>\n\t<div class=\"wpb_text_column wpb_content_element\" >\n\t\t<div class=\"wpb_wrapper\">\n\t\t\t<p style=\"text-align: justify;\">En t\u00e9rminos simb\u00f3licos, el esp\u00edritu es el aliento de la vida, es la fuente de nuestro sentido de origen, de nuestros deseos, valores y sue\u00f1os m\u00e1s profundos.<\/p>\n<p style=\"text-align: justify;\">La espiritualidad no una cosa aparte de nuestras vidas por ello la Fundaci\u00f3n Universitaria UniNavarra tiene como objetivo fortalecer esta esfera del ser humano con el fin de formar profesionales \u00edntegros que reconocen sus emociones de manera asertiva por tanto desde este tipo de encuentros se busca promover relaciones sanas y que cada uno de nuestros integrantes de esta familia Navarrista sean promotores de una cultura de paz.<\/p>\n\n\t\t<\/div>\n\t<\/div>\n\n\t\t<\/div> \n\t<\/div><\/div><\/div><\/div>\n<\/div>","protected":false},"excerpt":{"rendered":"Volver a Desarrollo Humano ESPIRITUALIDAD En t\u00e9rminos simb\u00f3licos, el esp\u00edritu es el aliento de la vida, es la fuente de nuestro sentido de origen, de nuestros deseos, valores y sue\u00f1os [...]","protected":false},"author":7,"featured_media":0,"parent":17693,"menu_order":0,"comment_status":"closed","ping_status":"closed","template":"","meta":{"footnotes":""},"categories":[1],"tags":[],"class_list":["post-17756","page","type-page","status-publish","hentry","category-uncategorized"],"yoast_head":"<!-- This site is optimized with the Yoast SEO plugin v27.4 - https:\/\/yoast.com\/product\/yoast-seo-wordpress\/ -->\n<title>Espiritualidad - Uninavarra<\/title>\n<meta name=\"robots\" content=\"index, follow, max-snippet:-1, max-image-preview:large, max-video-preview:-1\" \/>\n<link rel=\"canonical\" href=\"https:\/\/uninavarra.edu.co\/en\/bienestar-universitario\/desarrollo-humano\/espiritualidad\/\" \/>\n<meta property=\"og:locale\" content=\"en_US\" \/>\n<meta property=\"og:type\" content=\"article\" \/>\n<meta property=\"og:title\" content=\"Espiritualidad - Uninavarra\" \/>\n<meta property=\"og:url\" content=\"https:\/\/uninavarra.edu.co\/en\/bienestar-universitario\/desarrollo-humano\/espiritualidad\/\" \/>\n<meta property=\"og:site_name\" content=\"Uninavarra\" \/>\n<meta property=\"article:publisher\" content=\"https:\/\/www.facebook.com\/UninavarraEduca\" \/>\n<meta property=\"article:modified_time\" content=\"2021-08-09T16:42:21+00:00\" \/>\n<meta name=\"twitter:card\" content=\"summary_large_image\" \/>\n<meta name=\"twitter:site\" content=\"@uninavarraeduca\" \/>\n<meta name=\"twitter:label1\" content=\"Est. reading time\" \/>\n\t<meta name=\"twitter:data1\" content=\"1 minute\" \/>\n<script type=\"application\/ld+json\" class=\"yoast-schema-graph\">{\"@context\":\"https:\\\/\\\/schema.org\",\"@graph\":[{\"@type\":\"WebPage\",\"@id\":\"https:\\\/\\\/uninavarra.edu.co\\\/bienestar-universitario\\\/desarrollo-humano\\\/espiritualidad\\\/\",\"url\":\"https:\\\/\\\/uninavarra.edu.co\\\/bienestar-universitario\\\/desarrollo-humano\\\/espiritualidad\\\/\",\"name\":\"Espiritualidad - Uninavarra\",\"isPartOf\":{\"@id\":\"https:\\\/\\\/uninavarra.edu.co\\\/#website\"},\"datePublished\":\"2019-06-27T21:11:24+00:00\",\"dateModified\":\"2021-08-09T16:42:21+00:00\",\"breadcrumb\":{\"@id\":\"https:\\\/\\\/uninavarra.edu.co\\\/bienestar-universitario\\\/desarrollo-humano\\\/espiritualidad\\\/#breadcrumb\"},\"inLanguage\":\"en-US\",\"potentialAction\":[{\"@type\":\"ReadAction\",\"target\":[\"https:\\\/\\\/uninavarra.edu.co\\\/bienestar-universitario\\\/desarrollo-humano\\\/espiritualidad\\\/\"]}]},{\"@type\":\"BreadcrumbList\",\"@id\":\"https:\\\/\\\/uninavarra.edu.co\\\/bienestar-universitario\\\/desarrollo-humano\\\/espiritualidad\\\/#breadcrumb\",\"itemListElement\":[{\"@type\":\"ListItem\",\"position\":1,\"name\":\"Home\",\"item\":\"https:\\\/\\\/uninavarra.edu.co\\\/\"},{\"@type\":\"ListItem\",\"position\":2,\"name\":\"Bienestar Universitario\",\"item\":\"https:\\\/\\\/uninavarra.edu.co\\\/bienestar-universitario\\\/\"},{\"@type\":\"ListItem\",\"position\":3,\"name\":\"Desarrollo Humano\",\"item\":\"https:\\\/\\\/uninavarra.edu.co\\\/bienestar-universitario\\\/desarrollo-humano\\\/\"},{\"@type\":\"ListItem\",\"position\":4,\"name\":\"Espiritualidad\"}]},{\"@type\":\"WebSite\",\"@id\":\"https:\\\/\\\/uninavarra.edu.co\\\/#website\",\"url\":\"https:\\\/\\\/uninavarra.edu.co\\\/\",\"name\":\"UNINAVARRA\",\"description\":\"Haz realidad tu deseo de aprender\",\"publisher\":{\"@id\":\"https:\\\/\\\/uninavarra.edu.co\\\/#organization\"},\"potentialAction\":[{\"@type\":\"SearchAction\",\"target\":{\"@type\":\"EntryPoint\",\"urlTemplate\":\"https:\\\/\\\/uninavarra.edu.co\\\/?s={search_term_string}\"},\"query-input\":{\"@type\":\"PropertyValueSpecification\",\"valueRequired\":true,\"valueName\":\"search_term_string\"}}],\"inLanguage\":\"en-US\"},{\"@type\":\"Organization\",\"@id\":\"https:\\\/\\\/uninavarra.edu.co\\\/#organization\",\"name\":\"Fundaci\u00f3n Universitaria Navarra - UNINAVARRA\",\"url\":\"https:\\\/\\\/uninavarra.edu.co\\\/\",\"logo\":{\"@type\":\"ImageObject\",\"inLanguage\":\"en-US\",\"@id\":\"https:\\\/\\\/uninavarra.edu.co\\\/#\\\/schema\\\/logo\\\/image\\\/\",\"url\":\"https:\\\/\\\/uninavarra.edu.co\\\/wp-content\\\/uploads\\\/2024\\\/06\\\/Escudo-uninavarra-Solo.png\",\"contentUrl\":\"https:\\\/\\\/uninavarra.edu.co\\\/wp-content\\\/uploads\\\/2024\\\/06\\\/Escudo-uninavarra-Solo.png\",\"width\":1500,\"height\":1401,\"caption\":\"Fundaci\u00f3n Universitaria Navarra - UNINAVARRA\"},\"image\":{\"@id\":\"https:\\\/\\\/uninavarra.edu.co\\\/#\\\/schema\\\/logo\\\/image\\\/\"},\"sameAs\":[\"https:\\\/\\\/www.facebook.com\\\/UninavarraEduca\",\"https:\\\/\\\/x.com\\\/uninavarraeduca\",\"https:\\\/\\\/www.instagram.com\\\/uninavarra\\\/?hl=es\",\"https:\\\/\\\/www.linkedin.com\\\/in\\\/fundacin-universitaria-navarra-uninavarra-b41225222\\\/\"]}]}<\/script>\n<!-- \/ Yoast SEO plugin. -->","yoast_head_json":{"title":"Espiritualidad - Uninavarra","robots":{"index":"index","follow":"follow","max-snippet":"max-snippet:-1","max-image-preview":"max-image-preview:large","max-video-preview":"max-video-preview:-1"},"canonical":"https:\/\/uninavarra.edu.co\/en\/bienestar-universitario\/desarrollo-humano\/espiritualidad\/","og_locale":"en_US","og_type":"article","og_title":"Espiritualidad - Uninavarra","og_url":"https:\/\/uninavarra.edu.co\/en\/bienestar-universitario\/desarrollo-humano\/espiritualidad\/","og_site_name":"Uninavarra","article_publisher":"https:\/\/www.facebook.com\/UninavarraEduca","article_modified_time":"2021-08-09T16:42:21+00:00","twitter_card":"summary_large_image","twitter_site":"@uninavarraeduca","twitter_misc":{"Est. reading time":"1 minute"},"schema":{"@context":"https:\/\/schema.org","@graph":[{"@type":"WebPage","@id":"https:\/\/uninavarra.edu.co\/bienestar-universitario\/desarrollo-humano\/espiritualidad\/","url":"https:\/\/uninavarra.edu.co\/bienestar-universitario\/desarrollo-humano\/espiritualidad\/","name":"Espiritualidad - Uninavarra","isPartOf":{"@id":"https:\/\/uninavarra.edu.co\/#website"},"datePublished":"2019-06-27T21:11:24+00:00","dateModified":"2021-08-09T16:42:21+00:00","breadcrumb":{"@id":"https:\/\/uninavarra.edu.co\/bienestar-universitario\/desarrollo-humano\/espiritualidad\/#breadcrumb"},"inLanguage":"en-US","potentialAction":[{"@type":"ReadAction","target":["https:\/\/uninavarra.edu.co\/bienestar-universitario\/desarrollo-humano\/espiritualidad\/"]}]},{"@type":"BreadcrumbList","@id":"https:\/\/uninavarra.edu.co\/bienestar-universitario\/desarrollo-humano\/espiritualidad\/#breadcrumb","itemListElement":[{"@type":"ListItem","position":1,"name":"Home","item":"https:\/\/uninavarra.edu.co\/"},{"@type":"ListItem","position":2,"name":"Bienestar Universitario","item":"https:\/\/uninavarra.edu.co\/bienestar-universitario\/"},{"@type":"ListItem","position":3,"name":"Desarrollo Humano","item":"https:\/\/uninavarra.edu.co\/bienestar-universitario\/desarrollo-humano\/"},{"@type":"ListItem","position":4,"name":"Espiritualidad"}]},{"@type":"WebSite","@id":"https:\/\/uninavarra.edu.co\/#website","url":"https:\/\/uninavarra.edu.co\/","name":"UNINAVARRA","description":"Make your desire to learn a reality","publisher":{"@id":"https:\/\/uninavarra.edu.co\/#organization"},"potentialAction":[{"@type":"SearchAction","target":{"@type":"EntryPoint","urlTemplate":"https:\/\/uninavarra.edu.co\/?s={search_term_string}"},"query-input":{"@type":"PropertyValueSpecification","valueRequired":true,"valueName":"search_term_string"}}],"inLanguage":"en-US"},{"@type":"Organization","@id":"https:\/\/uninavarra.edu.co\/#organization","name":"Navarre University Foundation - UNINAVARRA","url":"https:\/\/uninavarra.edu.co\/","logo":{"@type":"ImageObject","inLanguage":"en-US","@id":"https:\/\/uninavarra.edu.co\/#\/schema\/logo\/image\/","url":"https:\/\/uninavarra.edu.co\/wp-content\/uploads\/2024\/06\/Escudo-uninavarra-Solo.png","contentUrl":"https:\/\/uninavarra.edu.co\/wp-content\/uploads\/2024\/06\/Escudo-uninavarra-Solo.png","width":1500,"height":1401,"caption":"Fundaci\u00f3n Universitaria Navarra - UNINAVARRA"},"image":{"@id":"https:\/\/uninavarra.edu.co\/#\/schema\/logo\/image\/"},"sameAs":["https:\/\/www.facebook.com\/UninavarraEduca","https:\/\/x.com\/uninavarraeduca","https:\/\/www.instagram.com\/uninavarra\/?hl=es","https:\/\/www.linkedin.com\/in\/fundacin-universitaria-navarra-uninavarra-b41225222\/"]}]}},"_links":{"self":[{"href":"https:\/\/uninavarra.edu.co\/en\/wp-json\/wp\/v2\/pages\/17756","targetHints":{"allow":["GET"]}}],"collection":[{"href":"https:\/\/uninavarra.edu.co\/en\/wp-json\/wp\/v2\/pages"}],"about":[{"href":"https:\/\/uninavarra.edu.co\/en\/wp-json\/wp\/v2\/types\/page"}],"author":[{"embeddable":true,"href":"https:\/\/uninavarra.edu.co\/en\/wp-json\/wp\/v2\/users\/7"}],"replies":[{"embeddable":true,"href":"https:\/\/uninavarra.edu.co\/en\/wp-json\/wp\/v2\/comments?post=17756"}],"version-history":[{"count":0,"href":"https:\/\/uninavarra.edu.co\/en\/wp-json\/wp\/v2\/pages\/17756\/revisions"}],"up":[{"embeddable":true,"href":"https:\/\/uninavarra.edu.co\/en\/wp-json\/wp\/v2\/pages\/17693"}],"wp:attachment":[{"href":"https:\/\/uninavarra.edu.co\/en\/wp-json\/wp\/v2\/media?parent=17756"}],"wp:term":[{"taxonomy":"category","embeddable":true,"href":"https:\/\/uninavarra.edu.co\/en\/wp-json\/wp\/v2\/categories?post=17756"},{"taxonomy":"post_tag","embeddable":true,"href":"https:\/\/uninavarra.edu.co\/en\/wp-json\/wp\/v2\/tags?post=17756"}],"curies":[{"name":"wp","href":"https:\/\/api.w.org\/{rel}","templated":true}]}}