{"id":17743,"date":"2019-06-27T14:22:45","date_gmt":"2019-06-27T19:22:45","guid":{"rendered":"https:\/\/uninavarra.edu.co\/?page_id=17743"},"modified":"2021-08-09T11:42:21","modified_gmt":"2021-08-09T16:42:21","slug":"dia-del-estudiante-navarrista","status":"publish","type":"page","link":"https:\/\/uninavarra.edu.co\/en\/bienestar-universitario\/desarrollo-humano\/dia-del-estudiante-navarrista\/","title":{"rendered":"Navarrese Student Day"},"content":{"rendered":"<div class=\"wpb-content-wrapper\"><div class=\"wpb-container \"><div class=\"container\"><div class=\"vc_row wpb_row vc_row-fluid row \"><div class=\"col-sm-12  vc_\">\n\t\t<div class=\"wpb_wrapper \">\n\t\t\t\n\t<div class=\"wpb_text_column wpb_content_element\" >\n\t\t<div class=\"wpb_wrapper\">\n\t\t\t<p class=\"volver\" style=\"text-align: right;\"><a href=\"https:\/\/uninavarra.edu.co\/estudiantes\/bienestar-universitario\/desarrollo-humano\/\"><i class=\"fas fa-backward\"><\/i>Volver a Desarrollo Humano<\/a><\/p>\n\n\t\t<\/div>\n\t<\/div>\n\n\t<div class=\"wpb_text_column wpb_content_element\" >\n\t\t<div class=\"wpb_wrapper\">\n\t\t\t<h1 style=\"text-align: center;\">D\u00cdA DEL ESTUDIANTE NAVARRISTA<\/h1>\n\n\t\t<\/div>\n\t<\/div>\n<div class=\"wpb_images_carousel wpb_content_element vc_clearfix wpb_content_element slider wpb_animate_when_almost_visible wpb_fadeIn fadeIn\"><div class=\"wpb_wrapper\"><div id=\"vc_images-carousel-1-1777976626\" data-ride=\"vc_carousel\" data-wrap=\"true\" style=\"width: 1024px;\" data-interval=\"5000\" data-auto-height=\"yes\" data-mode=\"horizontal\" data-partial=\"false\" data-per-view=\"1\" data-hide-on-end=\"false\" class=\"vc_slide vc_images_carousel\"><ol class=\"vc_carousel-indicators\"><li data-target=\"#vc_images-carousel-1-1777976626\" data-slide-to=\"0\"><\/li><li data-target=\"#vc_images-carousel-1-1777976626\" data-slide-to=\"1\"><\/li><li data-target=\"#vc_images-carousel-1-1777976626\" data-slide-to=\"2\"><\/li><li data-target=\"#vc_images-carousel-1-1777976626\" data-slide-to=\"3\"><\/li><li data-target=\"#vc_images-carousel-1-1777976626\" data-slide-to=\"4\"><\/li><li data-target=\"#vc_images-carousel-1-1777976626\" data-slide-to=\"5\"><\/li><li data-target=\"#vc_images-carousel-1-1777976626\" data-slide-to=\"6\"><\/li><\/ol><div class=\"vc_carousel-inner\"><div class=\"vc_carousel-slideline\"><div class=\"vc_carousel-slideline-inner\"><div class=\"vc_item\"><div class=\"vc_inner\"><a class=\"\" href=\"https:\/\/uninavarra.edu.co\/wp-content\/uploads\/2019\/06\/IMG_3905-1024x685.jpg\" data-lightbox=\"lightbox[rel-17743-2154554789]\"><img fetchpriority=\"high\" decoding=\"async\" width=\"900\" height=\"602\" src=\"https:\/\/uninavarra.edu.co\/wp-content\/uploads\/2019\/06\/IMG_3905-1024x685.jpg\" class=\"attachment-large\" alt=\"\" title=\"IMG_3905\" srcset=\"https:\/\/uninavarra.edu.co\/wp-content\/uploads\/2019\/06\/IMG_3905-1024x685.jpg 1024w, https:\/\/uninavarra.edu.co\/wp-content\/uploads\/2019\/06\/IMG_3905-300x201.jpg 300w, https:\/\/uninavarra.edu.co\/wp-content\/uploads\/2019\/06\/IMG_3905-150x100.jpg 150w, https:\/\/uninavarra.edu.co\/wp-content\/uploads\/2019\/06\/IMG_3905-768x513.jpg 768w, https:\/\/uninavarra.edu.co\/wp-content\/uploads\/2019\/06\/IMG_3905.jpg 1080w\" sizes=\"(max-width: 900px) 100vw, 900px\" \/><\/a><\/div><\/div><div class=\"vc_item\"><div class=\"vc_inner\"><a class=\"\" href=\"https:\/\/uninavarra.edu.co\/wp-content\/uploads\/2019\/06\/IMG_3906-1024x685.jpg\" data-lightbox=\"lightbox[rel-17743-2154554789]\"><img decoding=\"async\" width=\"900\" height=\"602\" src=\"https:\/\/uninavarra.edu.co\/wp-content\/uploads\/2019\/06\/IMG_3906-1024x685.jpg\" class=\"attachment-large\" alt=\"\" title=\"IMG_3906\" srcset=\"https:\/\/uninavarra.edu.co\/wp-content\/uploads\/2019\/06\/IMG_3906-1024x685.jpg 1024w, https:\/\/uninavarra.edu.co\/wp-content\/uploads\/2019\/06\/IMG_3906-300x201.jpg 300w, https:\/\/uninavarra.edu.co\/wp-content\/uploads\/2019\/06\/IMG_3906-150x100.jpg 150w, https:\/\/uninavarra.edu.co\/wp-content\/uploads\/2019\/06\/IMG_3906-768x513.jpg 768w, https:\/\/uninavarra.edu.co\/wp-content\/uploads\/2019\/06\/IMG_3906.jpg 1080w\" sizes=\"(max-width: 900px) 100vw, 900px\" \/><\/a><\/div><\/div><div class=\"vc_item\"><div class=\"vc_inner\"><a class=\"\" href=\"https:\/\/uninavarra.edu.co\/wp-content\/uploads\/2019\/06\/IMG_3907-1024x685.jpg\" data-lightbox=\"lightbox[rel-17743-2154554789]\"><img decoding=\"async\" width=\"900\" height=\"602\" src=\"https:\/\/uninavarra.edu.co\/wp-content\/uploads\/2019\/06\/IMG_3907-1024x685.jpg\" class=\"attachment-large\" alt=\"\" title=\"IMG_3907\" srcset=\"https:\/\/uninavarra.edu.co\/wp-content\/uploads\/2019\/06\/IMG_3907-1024x685.jpg 1024w, https:\/\/uninavarra.edu.co\/wp-content\/uploads\/2019\/06\/IMG_3907-300x201.jpg 300w, https:\/\/uninavarra.edu.co\/wp-content\/uploads\/2019\/06\/IMG_3907-150x100.jpg 150w, https:\/\/uninavarra.edu.co\/wp-content\/uploads\/2019\/06\/IMG_3907-768x513.jpg 768w, https:\/\/uninavarra.edu.co\/wp-content\/uploads\/2019\/06\/IMG_3907.jpg 1080w\" sizes=\"(max-width: 900px) 100vw, 900px\" \/><\/a><\/div><\/div><div class=\"vc_item\"><div class=\"vc_inner\"><a class=\"\" href=\"https:\/\/uninavarra.edu.co\/wp-content\/uploads\/2019\/06\/IMG_3908-1024x681.jpg\" data-lightbox=\"lightbox[rel-17743-2154554789]\"><img loading=\"lazy\" decoding=\"async\" width=\"900\" height=\"599\" src=\"https:\/\/uninavarra.edu.co\/wp-content\/uploads\/2019\/06\/IMG_3908-1024x681.jpg\" class=\"attachment-large\" alt=\"\" title=\"IMG_3908\" srcset=\"https:\/\/uninavarra.edu.co\/wp-content\/uploads\/2019\/06\/IMG_3908-1024x681.jpg 1024w, https:\/\/uninavarra.edu.co\/wp-content\/uploads\/2019\/06\/IMG_3908-300x199.jpg 300w, https:\/\/uninavarra.edu.co\/wp-content\/uploads\/2019\/06\/IMG_3908-150x100.jpg 150w, https:\/\/uninavarra.edu.co\/wp-content\/uploads\/2019\/06\/IMG_3908-768x511.jpg 768w, https:\/\/uninavarra.edu.co\/wp-content\/uploads\/2019\/06\/IMG_3908.jpg 1080w\" sizes=\"(max-width: 900px) 100vw, 900px\" \/><\/a><\/div><\/div><div class=\"vc_item\"><div class=\"vc_inner\"><a class=\"\" href=\"https:\/\/uninavarra.edu.co\/wp-content\/uploads\/2019\/06\/IMG_3902-1024x685.jpg\" data-lightbox=\"lightbox[rel-17743-2154554789]\"><img loading=\"lazy\" decoding=\"async\" width=\"900\" height=\"602\" src=\"https:\/\/uninavarra.edu.co\/wp-content\/uploads\/2019\/06\/IMG_3902-1024x685.jpg\" class=\"attachment-large\" alt=\"\" title=\"IMG_3902\" srcset=\"https:\/\/uninavarra.edu.co\/wp-content\/uploads\/2019\/06\/IMG_3902-1024x685.jpg 1024w, https:\/\/uninavarra.edu.co\/wp-content\/uploads\/2019\/06\/IMG_3902-300x201.jpg 300w, https:\/\/uninavarra.edu.co\/wp-content\/uploads\/2019\/06\/IMG_3902-150x100.jpg 150w, https:\/\/uninavarra.edu.co\/wp-content\/uploads\/2019\/06\/IMG_3902-768x513.jpg 768w, https:\/\/uninavarra.edu.co\/wp-content\/uploads\/2019\/06\/IMG_3902.jpg 1080w\" sizes=\"(max-width: 900px) 100vw, 900px\" \/><\/a><\/div><\/div><div class=\"vc_item\"><div class=\"vc_inner\"><a class=\"\" href=\"https:\/\/uninavarra.edu.co\/wp-content\/uploads\/2019\/06\/IMG_3903-1024x685.jpg\" data-lightbox=\"lightbox[rel-17743-2154554789]\"><img loading=\"lazy\" decoding=\"async\" width=\"900\" height=\"602\" src=\"https:\/\/uninavarra.edu.co\/wp-content\/uploads\/2019\/06\/IMG_3903-1024x685.jpg\" class=\"attachment-large\" alt=\"\" title=\"IMG_3903\" srcset=\"https:\/\/uninavarra.edu.co\/wp-content\/uploads\/2019\/06\/IMG_3903-1024x685.jpg 1024w, https:\/\/uninavarra.edu.co\/wp-content\/uploads\/2019\/06\/IMG_3903-300x201.jpg 300w, https:\/\/uninavarra.edu.co\/wp-content\/uploads\/2019\/06\/IMG_3903-150x100.jpg 150w, https:\/\/uninavarra.edu.co\/wp-content\/uploads\/2019\/06\/IMG_3903-768x513.jpg 768w, https:\/\/uninavarra.edu.co\/wp-content\/uploads\/2019\/06\/IMG_3903.jpg 1080w\" sizes=\"(max-width: 900px) 100vw, 900px\" \/><\/a><\/div><\/div><div class=\"vc_item\"><div class=\"vc_inner\"><a class=\"\" href=\"https:\/\/uninavarra.edu.co\/wp-content\/uploads\/2019\/06\/IMG_3904-1024x681.jpg\" data-lightbox=\"lightbox[rel-17743-2154554789]\"><img loading=\"lazy\" decoding=\"async\" width=\"900\" height=\"599\" src=\"https:\/\/uninavarra.edu.co\/wp-content\/uploads\/2019\/06\/IMG_3904-1024x681.jpg\" class=\"attachment-large\" alt=\"\" title=\"IMG_3904\" srcset=\"https:\/\/uninavarra.edu.co\/wp-content\/uploads\/2019\/06\/IMG_3904-1024x681.jpg 1024w, https:\/\/uninavarra.edu.co\/wp-content\/uploads\/2019\/06\/IMG_3904-300x199.jpg 300w, https:\/\/uninavarra.edu.co\/wp-content\/uploads\/2019\/06\/IMG_3904-150x100.jpg 150w, https:\/\/uninavarra.edu.co\/wp-content\/uploads\/2019\/06\/IMG_3904-768x511.jpg 768w, https:\/\/uninavarra.edu.co\/wp-content\/uploads\/2019\/06\/IMG_3904.jpg 1080w\" sizes=\"(max-width: 900px) 100vw, 900px\" \/><\/a><\/div><\/div><\/div><\/div><\/div><a class=\"vc_left vc_carousel-control\" href=\"#vc_images-carousel-1-1777976626\" data-slide=\"prev\"><span class=\"icon-prev\"><\/span><\/a><a class=\"vc_right vc_carousel-control\" href=\"#vc_images-carousel-1-1777976626\" data-slide=\"next\"><span class=\"icon-next\"><\/span><\/a><\/div><\/div><\/div>\n\t<div class=\"wpb_text_column wpb_content_element\" >\n\t\t<div class=\"wpb_wrapper\">\n\t\t\t<p style=\"text-align: justify;\">Esta celebraci\u00f3n se institucionaliz\u00f3 todos los 25 de abril como el DIA DEL ESTUDIANTE NAVARRISTA, exaltando el proceso de consolidaci\u00f3n de todas aquellas etapas de desarrollo humano en el proceso de ingreso a la vida universitaria.<\/p>\n<p style=\"text-align: justify;\">Nuestros estudiantes Navarristas son creativos, innovadores espont\u00e1neos; aspectos caracter\u00edsticos forjados desde la ni\u00f1ez; donde a trav\u00e9s del juego el ni\u00f1o (a), logra aprender procesos b\u00e1sicos importantes, a desarrollar su pensamiento l\u00f3gico, su creatividad e imaginaci\u00f3n; el sentido del deber, el respeto, el amor propio; entre otros aspectos que se reflejan en nuestra comunidad estudiantil.<\/p>\n\n\t\t<\/div>\n\t<\/div>\n\n\t\t<\/div> \n\t<\/div><\/div><\/div><\/div>\n<\/div>","protected":false},"excerpt":{"rendered":"Volver a Desarrollo Humano D\u00cdA DEL ESTUDIANTE NAVARRISTA Esta celebraci\u00f3n se institucionaliz\u00f3 todos los 25 de abril como el DIA DEL ESTUDIANTE NAVARRISTA, exaltando el proceso de consolidaci\u00f3n de todas [...]","protected":false},"author":7,"featured_media":0,"parent":17693,"menu_order":0,"comment_status":"closed","ping_status":"closed","template":"","meta":{"footnotes":""},"categories":[1],"tags":[],"class_list":["post-17743","page","type-page","status-publish","hentry","category-uncategorized"],"yoast_head":"<!-- This site is optimized with the Yoast SEO plugin v27.4 - https:\/\/yoast.com\/product\/yoast-seo-wordpress\/ -->\n<title>D\u00eda del Estudiante Navarrista - Uninavarra<\/title>\n<meta name=\"robots\" content=\"index, follow, max-snippet:-1, max-image-preview:large, max-video-preview:-1\" \/>\n<link rel=\"canonical\" href=\"https:\/\/uninavarra.edu.co\/en\/bienestar-universitario\/desarrollo-humano\/dia-del-estudiante-navarrista\/\" \/>\n<meta property=\"og:locale\" content=\"en_US\" \/>\n<meta property=\"og:type\" content=\"article\" \/>\n<meta property=\"og:title\" content=\"D\u00eda del Estudiante Navarrista - Uninavarra\" \/>\n<meta property=\"og:url\" content=\"https:\/\/uninavarra.edu.co\/en\/bienestar-universitario\/desarrollo-humano\/dia-del-estudiante-navarrista\/\" \/>\n<meta property=\"og:site_name\" content=\"Uninavarra\" \/>\n<meta property=\"article:publisher\" content=\"https:\/\/www.facebook.com\/UninavarraEduca\" \/>\n<meta property=\"article:modified_time\" content=\"2021-08-09T16:42:21+00:00\" \/>\n<meta name=\"twitter:card\" content=\"summary_large_image\" \/>\n<meta name=\"twitter:site\" content=\"@uninavarraeduca\" \/>\n<meta name=\"twitter:label1\" content=\"Est. reading time\" \/>\n\t<meta name=\"twitter:data1\" content=\"1 minute\" \/>\n<script type=\"application\/ld+json\" class=\"yoast-schema-graph\">{\"@context\":\"https:\\\/\\\/schema.org\",\"@graph\":[{\"@type\":\"WebPage\",\"@id\":\"https:\\\/\\\/uninavarra.edu.co\\\/bienestar-universitario\\\/desarrollo-humano\\\/dia-del-estudiante-navarrista\\\/\",\"url\":\"https:\\\/\\\/uninavarra.edu.co\\\/bienestar-universitario\\\/desarrollo-humano\\\/dia-del-estudiante-navarrista\\\/\",\"name\":\"D\u00eda del Estudiante Navarrista - Uninavarra\",\"isPartOf\":{\"@id\":\"https:\\\/\\\/uninavarra.edu.co\\\/#website\"},\"datePublished\":\"2019-06-27T19:22:45+00:00\",\"dateModified\":\"2021-08-09T16:42:21+00:00\",\"breadcrumb\":{\"@id\":\"https:\\\/\\\/uninavarra.edu.co\\\/bienestar-universitario\\\/desarrollo-humano\\\/dia-del-estudiante-navarrista\\\/#breadcrumb\"},\"inLanguage\":\"en-US\",\"potentialAction\":[{\"@type\":\"ReadAction\",\"target\":[\"https:\\\/\\\/uninavarra.edu.co\\\/bienestar-universitario\\\/desarrollo-humano\\\/dia-del-estudiante-navarrista\\\/\"]}]},{\"@type\":\"BreadcrumbList\",\"@id\":\"https:\\\/\\\/uninavarra.edu.co\\\/bienestar-universitario\\\/desarrollo-humano\\\/dia-del-estudiante-navarrista\\\/#breadcrumb\",\"itemListElement\":[{\"@type\":\"ListItem\",\"position\":1,\"name\":\"Home\",\"item\":\"https:\\\/\\\/uninavarra.edu.co\\\/\"},{\"@type\":\"ListItem\",\"position\":2,\"name\":\"Bienestar Universitario\",\"item\":\"https:\\\/\\\/uninavarra.edu.co\\\/bienestar-universitario\\\/\"},{\"@type\":\"ListItem\",\"position\":3,\"name\":\"Desarrollo Humano\",\"item\":\"https:\\\/\\\/uninavarra.edu.co\\\/bienestar-universitario\\\/desarrollo-humano\\\/\"},{\"@type\":\"ListItem\",\"position\":4,\"name\":\"D\u00eda del Estudiante Navarrista\"}]},{\"@type\":\"WebSite\",\"@id\":\"https:\\\/\\\/uninavarra.edu.co\\\/#website\",\"url\":\"https:\\\/\\\/uninavarra.edu.co\\\/\",\"name\":\"UNINAVARRA\",\"description\":\"Haz realidad tu deseo de aprender\",\"publisher\":{\"@id\":\"https:\\\/\\\/uninavarra.edu.co\\\/#organization\"},\"potentialAction\":[{\"@type\":\"SearchAction\",\"target\":{\"@type\":\"EntryPoint\",\"urlTemplate\":\"https:\\\/\\\/uninavarra.edu.co\\\/?s={search_term_string}\"},\"query-input\":{\"@type\":\"PropertyValueSpecification\",\"valueRequired\":true,\"valueName\":\"search_term_string\"}}],\"inLanguage\":\"en-US\"},{\"@type\":\"Organization\",\"@id\":\"https:\\\/\\\/uninavarra.edu.co\\\/#organization\",\"name\":\"Fundaci\u00f3n Universitaria Navarra - UNINAVARRA\",\"url\":\"https:\\\/\\\/uninavarra.edu.co\\\/\",\"logo\":{\"@type\":\"ImageObject\",\"inLanguage\":\"en-US\",\"@id\":\"https:\\\/\\\/uninavarra.edu.co\\\/#\\\/schema\\\/logo\\\/image\\\/\",\"url\":\"https:\\\/\\\/uninavarra.edu.co\\\/wp-content\\\/uploads\\\/2024\\\/06\\\/Escudo-uninavarra-Solo.png\",\"contentUrl\":\"https:\\\/\\\/uninavarra.edu.co\\\/wp-content\\\/uploads\\\/2024\\\/06\\\/Escudo-uninavarra-Solo.png\",\"width\":1500,\"height\":1401,\"caption\":\"Fundaci\u00f3n Universitaria Navarra - UNINAVARRA\"},\"image\":{\"@id\":\"https:\\\/\\\/uninavarra.edu.co\\\/#\\\/schema\\\/logo\\\/image\\\/\"},\"sameAs\":[\"https:\\\/\\\/www.facebook.com\\\/UninavarraEduca\",\"https:\\\/\\\/x.com\\\/uninavarraeduca\",\"https:\\\/\\\/www.instagram.com\\\/uninavarra\\\/?hl=es\",\"https:\\\/\\\/www.linkedin.com\\\/in\\\/fundacin-universitaria-navarra-uninavarra-b41225222\\\/\"]}]}<\/script>\n<!-- \/ Yoast SEO plugin. -->","yoast_head_json":{"title":"D\u00eda del Estudiante Navarrista - Uninavarra","robots":{"index":"index","follow":"follow","max-snippet":"max-snippet:-1","max-image-preview":"max-image-preview:large","max-video-preview":"max-video-preview:-1"},"canonical":"https:\/\/uninavarra.edu.co\/en\/bienestar-universitario\/desarrollo-humano\/dia-del-estudiante-navarrista\/","og_locale":"en_US","og_type":"article","og_title":"D\u00eda del Estudiante Navarrista - Uninavarra","og_url":"https:\/\/uninavarra.edu.co\/en\/bienestar-universitario\/desarrollo-humano\/dia-del-estudiante-navarrista\/","og_site_name":"Uninavarra","article_publisher":"https:\/\/www.facebook.com\/UninavarraEduca","article_modified_time":"2021-08-09T16:42:21+00:00","twitter_card":"summary_large_image","twitter_site":"@uninavarraeduca","twitter_misc":{"Est. reading time":"1 minute"},"schema":{"@context":"https:\/\/schema.org","@graph":[{"@type":"WebPage","@id":"https:\/\/uninavarra.edu.co\/bienestar-universitario\/desarrollo-humano\/dia-del-estudiante-navarrista\/","url":"https:\/\/uninavarra.edu.co\/bienestar-universitario\/desarrollo-humano\/dia-del-estudiante-navarrista\/","name":"D\u00eda del Estudiante Navarrista - Uninavarra","isPartOf":{"@id":"https:\/\/uninavarra.edu.co\/#website"},"datePublished":"2019-06-27T19:22:45+00:00","dateModified":"2021-08-09T16:42:21+00:00","breadcrumb":{"@id":"https:\/\/uninavarra.edu.co\/bienestar-universitario\/desarrollo-humano\/dia-del-estudiante-navarrista\/#breadcrumb"},"inLanguage":"en-US","potentialAction":[{"@type":"ReadAction","target":["https:\/\/uninavarra.edu.co\/bienestar-universitario\/desarrollo-humano\/dia-del-estudiante-navarrista\/"]}]},{"@type":"BreadcrumbList","@id":"https:\/\/uninavarra.edu.co\/bienestar-universitario\/desarrollo-humano\/dia-del-estudiante-navarrista\/#breadcrumb","itemListElement":[{"@type":"ListItem","position":1,"name":"Home","item":"https:\/\/uninavarra.edu.co\/"},{"@type":"ListItem","position":2,"name":"Bienestar Universitario","item":"https:\/\/uninavarra.edu.co\/bienestar-universitario\/"},{"@type":"ListItem","position":3,"name":"Desarrollo Humano","item":"https:\/\/uninavarra.edu.co\/bienestar-universitario\/desarrollo-humano\/"},{"@type":"ListItem","position":4,"name":"D\u00eda del Estudiante Navarrista"}]},{"@type":"WebSite","@id":"https:\/\/uninavarra.edu.co\/#website","url":"https:\/\/uninavarra.edu.co\/","name":"UNINAVARRA","description":"Make your desire to learn a reality","publisher":{"@id":"https:\/\/uninavarra.edu.co\/#organization"},"potentialAction":[{"@type":"SearchAction","target":{"@type":"EntryPoint","urlTemplate":"https:\/\/uninavarra.edu.co\/?s={search_term_string}"},"query-input":{"@type":"PropertyValueSpecification","valueRequired":true,"valueName":"search_term_string"}}],"inLanguage":"en-US"},{"@type":"Organization","@id":"https:\/\/uninavarra.edu.co\/#organization","name":"Navarre University Foundation - UNINAVARRA","url":"https:\/\/uninavarra.edu.co\/","logo":{"@type":"ImageObject","inLanguage":"en-US","@id":"https:\/\/uninavarra.edu.co\/#\/schema\/logo\/image\/","url":"https:\/\/uninavarra.edu.co\/wp-content\/uploads\/2024\/06\/Escudo-uninavarra-Solo.png","contentUrl":"https:\/\/uninavarra.edu.co\/wp-content\/uploads\/2024\/06\/Escudo-uninavarra-Solo.png","width":1500,"height":1401,"caption":"Fundaci\u00f3n Universitaria Navarra - UNINAVARRA"},"image":{"@id":"https:\/\/uninavarra.edu.co\/#\/schema\/logo\/image\/"},"sameAs":["https:\/\/www.facebook.com\/UninavarraEduca","https:\/\/x.com\/uninavarraeduca","https:\/\/www.instagram.com\/uninavarra\/?hl=es","https:\/\/www.linkedin.com\/in\/fundacin-universitaria-navarra-uninavarra-b41225222\/"]}]}},"_links":{"self":[{"href":"https:\/\/uninavarra.edu.co\/en\/wp-json\/wp\/v2\/pages\/17743","targetHints":{"allow":["GET"]}}],"collection":[{"href":"https:\/\/uninavarra.edu.co\/en\/wp-json\/wp\/v2\/pages"}],"about":[{"href":"https:\/\/uninavarra.edu.co\/en\/wp-json\/wp\/v2\/types\/page"}],"author":[{"embeddable":true,"href":"https:\/\/uninavarra.edu.co\/en\/wp-json\/wp\/v2\/users\/7"}],"replies":[{"embeddable":true,"href":"https:\/\/uninavarra.edu.co\/en\/wp-json\/wp\/v2\/comments?post=17743"}],"version-history":[{"count":0,"href":"https:\/\/uninavarra.edu.co\/en\/wp-json\/wp\/v2\/pages\/17743\/revisions"}],"up":[{"embeddable":true,"href":"https:\/\/uninavarra.edu.co\/en\/wp-json\/wp\/v2\/pages\/17693"}],"wp:attachment":[{"href":"https:\/\/uninavarra.edu.co\/en\/wp-json\/wp\/v2\/media?parent=17743"}],"wp:term":[{"taxonomy":"category","embeddable":true,"href":"https:\/\/uninavarra.edu.co\/en\/wp-json\/wp\/v2\/categories?post=17743"},{"taxonomy":"post_tag","embeddable":true,"href":"https:\/\/uninavarra.edu.co\/en\/wp-json\/wp\/v2\/tags?post=17743"}],"curies":[{"name":"wp","href":"https:\/\/api.w.org\/{rel}","templated":true}]}}