{"id":17721,"date":"2019-06-27T10:21:26","date_gmt":"2019-06-27T15:21:26","guid":{"rendered":"https:\/\/uninavarra.edu.co\/?page_id=17721"},"modified":"2021-08-09T11:42:21","modified_gmt":"2021-08-09T16:42:21","slug":"dia-del-maestro","status":"publish","type":"page","link":"https:\/\/uninavarra.edu.co\/en\/bienestar-universitario\/desarrollo-humano\/dia-del-maestro\/","title":{"rendered":"Teacher's Day"},"content":{"rendered":"<div class=\"wpb-content-wrapper\"><div class=\"wpb-container \"><div class=\"container\"><div class=\"vc_row wpb_row vc_row-fluid row \"><div class=\"col-sm-12  vc_\">\n\t\t<div class=\"wpb_wrapper \">\n\t\t\t\n\t<div class=\"wpb_text_column wpb_content_element\" >\n\t\t<div class=\"wpb_wrapper\">\n\t\t\t<p class=\"volver\" style=\"text-align: right;\"><a href=\"https:\/\/uninavarra.edu.co\/estudiantes\/bienestar-universitario\/desarrollo-humano\/\"><i class=\"fas fa-backward\"><\/i>Volver a Desarrollo Humano<\/a><\/p>\n\n\t\t<\/div>\n\t<\/div>\n\n\t<div class=\"wpb_text_column wpb_content_element\" >\n\t\t<div class=\"wpb_wrapper\">\n\t\t\t<h1 style=\"text-align: center;\"><strong>D\u00cdA DEL MAESTRO<\/strong><\/h1>\n\n\t\t<\/div>\n\t<\/div>\n<div class=\"wpb_images_carousel wpb_content_element vc_clearfix wpb_content_element slider\"><div class=\"wpb_wrapper\"><div id=\"vc_images-carousel-1-1777976183\" data-ride=\"vc_carousel\" data-wrap=\"true\" style=\"width: 1024px;\" data-interval=\"5000\" data-auto-height=\"yes\" data-mode=\"horizontal\" data-partial=\"false\" data-per-view=\"1\" data-hide-on-end=\"false\" class=\"vc_slide vc_images_carousel\"><ol class=\"vc_carousel-indicators\"><li data-target=\"#vc_images-carousel-1-1777976183\" data-slide-to=\"0\"><\/li><li data-target=\"#vc_images-carousel-1-1777976183\" data-slide-to=\"1\"><\/li><li data-target=\"#vc_images-carousel-1-1777976183\" data-slide-to=\"2\"><\/li><li data-target=\"#vc_images-carousel-1-1777976183\" data-slide-to=\"3\"><\/li><li data-target=\"#vc_images-carousel-1-1777976183\" data-slide-to=\"4\"><\/li><li data-target=\"#vc_images-carousel-1-1777976183\" data-slide-to=\"5\"><\/li><li data-target=\"#vc_images-carousel-1-1777976183\" data-slide-to=\"6\"><\/li><li data-target=\"#vc_images-carousel-1-1777976183\" data-slide-to=\"7\"><\/li><li data-target=\"#vc_images-carousel-1-1777976183\" data-slide-to=\"8\"><\/li><li data-target=\"#vc_images-carousel-1-1777976183\" data-slide-to=\"9\"><\/li><li data-target=\"#vc_images-carousel-1-1777976183\" data-slide-to=\"10\"><\/li><li data-target=\"#vc_images-carousel-1-1777976183\" data-slide-to=\"11\"><\/li><li data-target=\"#vc_images-carousel-1-1777976183\" data-slide-to=\"12\"><\/li><\/ol><div class=\"vc_carousel-inner\"><div class=\"vc_carousel-slideline\"><div class=\"vc_carousel-slideline-inner\"><div class=\"vc_item\"><div class=\"vc_inner\"><a class=\"\" href=\"https:\/\/uninavarra.edu.co\/wp-content\/uploads\/2019\/06\/IMG_3914-1024x683.jpg\" data-lightbox=\"lightbox[rel-17721-3169900511]\"><img fetchpriority=\"high\" decoding=\"async\" width=\"900\" height=\"600\" src=\"https:\/\/uninavarra.edu.co\/wp-content\/uploads\/2019\/06\/IMG_3914-1024x683.jpg\" class=\"attachment-large\" alt=\"\" title=\"IMG_3914\" srcset=\"https:\/\/uninavarra.edu.co\/wp-content\/uploads\/2019\/06\/IMG_3914-1024x683.jpg 1024w, https:\/\/uninavarra.edu.co\/wp-content\/uploads\/2019\/06\/IMG_3914-300x200.jpg 300w, https:\/\/uninavarra.edu.co\/wp-content\/uploads\/2019\/06\/IMG_3914-150x100.jpg 150w, https:\/\/uninavarra.edu.co\/wp-content\/uploads\/2019\/06\/IMG_3914-768x512.jpg 768w, https:\/\/uninavarra.edu.co\/wp-content\/uploads\/2019\/06\/IMG_3914-1536x1024.jpg 1536w, https:\/\/uninavarra.edu.co\/wp-content\/uploads\/2019\/06\/IMG_3914.jpg 1944w\" sizes=\"(max-width: 900px) 100vw, 900px\" \/><\/a><\/div><\/div><div class=\"vc_item\"><div class=\"vc_inner\"><a class=\"\" href=\"https:\/\/uninavarra.edu.co\/wp-content\/uploads\/2019\/06\/IMG_3915-1024x683.jpg\" data-lightbox=\"lightbox[rel-17721-3169900511]\"><img decoding=\"async\" width=\"900\" height=\"600\" src=\"https:\/\/uninavarra.edu.co\/wp-content\/uploads\/2019\/06\/IMG_3915-1024x683.jpg\" class=\"attachment-large\" alt=\"\" title=\"IMG_3915\" srcset=\"https:\/\/uninavarra.edu.co\/wp-content\/uploads\/2019\/06\/IMG_3915-1024x683.jpg 1024w, https:\/\/uninavarra.edu.co\/wp-content\/uploads\/2019\/06\/IMG_3915-300x200.jpg 300w, https:\/\/uninavarra.edu.co\/wp-content\/uploads\/2019\/06\/IMG_3915-150x100.jpg 150w, https:\/\/uninavarra.edu.co\/wp-content\/uploads\/2019\/06\/IMG_3915-768x512.jpg 768w, https:\/\/uninavarra.edu.co\/wp-content\/uploads\/2019\/06\/IMG_3915-1536x1024.jpg 1536w, https:\/\/uninavarra.edu.co\/wp-content\/uploads\/2019\/06\/IMG_3915.jpg 1944w\" sizes=\"(max-width: 900px) 100vw, 900px\" \/><\/a><\/div><\/div><div class=\"vc_item\"><div class=\"vc_inner\"><a class=\"\" href=\"https:\/\/uninavarra.edu.co\/wp-content\/uploads\/2019\/06\/IMG_3916-1024x683.jpg\" data-lightbox=\"lightbox[rel-17721-3169900511]\"><img decoding=\"async\" width=\"900\" height=\"600\" src=\"https:\/\/uninavarra.edu.co\/wp-content\/uploads\/2019\/06\/IMG_3916-1024x683.jpg\" class=\"attachment-large\" alt=\"\" title=\"IMG_3916\" srcset=\"https:\/\/uninavarra.edu.co\/wp-content\/uploads\/2019\/06\/IMG_3916-1024x683.jpg 1024w, https:\/\/uninavarra.edu.co\/wp-content\/uploads\/2019\/06\/IMG_3916-300x200.jpg 300w, https:\/\/uninavarra.edu.co\/wp-content\/uploads\/2019\/06\/IMG_3916-150x100.jpg 150w, https:\/\/uninavarra.edu.co\/wp-content\/uploads\/2019\/06\/IMG_3916-768x512.jpg 768w, https:\/\/uninavarra.edu.co\/wp-content\/uploads\/2019\/06\/IMG_3916-1536x1024.jpg 1536w, https:\/\/uninavarra.edu.co\/wp-content\/uploads\/2019\/06\/IMG_3916.jpg 1944w\" sizes=\"(max-width: 900px) 100vw, 900px\" \/><\/a><\/div><\/div><div class=\"vc_item\"><div class=\"vc_inner\"><a class=\"\" href=\"https:\/\/uninavarra.edu.co\/wp-content\/uploads\/2019\/06\/IMG_3917-1024x683.jpg\" data-lightbox=\"lightbox[rel-17721-3169900511]\"><img loading=\"lazy\" decoding=\"async\" width=\"900\" height=\"600\" src=\"https:\/\/uninavarra.edu.co\/wp-content\/uploads\/2019\/06\/IMG_3917-1024x683.jpg\" class=\"attachment-large\" alt=\"\" title=\"IMG_3917\" srcset=\"https:\/\/uninavarra.edu.co\/wp-content\/uploads\/2019\/06\/IMG_3917-1024x683.jpg 1024w, https:\/\/uninavarra.edu.co\/wp-content\/uploads\/2019\/06\/IMG_3917-300x200.jpg 300w, https:\/\/uninavarra.edu.co\/wp-content\/uploads\/2019\/06\/IMG_3917-150x100.jpg 150w, https:\/\/uninavarra.edu.co\/wp-content\/uploads\/2019\/06\/IMG_3917-768x512.jpg 768w, https:\/\/uninavarra.edu.co\/wp-content\/uploads\/2019\/06\/IMG_3917-1536x1024.jpg 1536w, https:\/\/uninavarra.edu.co\/wp-content\/uploads\/2019\/06\/IMG_3917.jpg 1944w\" sizes=\"(max-width: 900px) 100vw, 900px\" \/><\/a><\/div><\/div><div class=\"vc_item\"><div class=\"vc_inner\"><a class=\"\" href=\"https:\/\/uninavarra.edu.co\/wp-content\/uploads\/2019\/06\/IMG_3918-1024x683.jpg\" data-lightbox=\"lightbox[rel-17721-3169900511]\"><img loading=\"lazy\" decoding=\"async\" width=\"900\" height=\"600\" src=\"https:\/\/uninavarra.edu.co\/wp-content\/uploads\/2019\/06\/IMG_3918-1024x683.jpg\" class=\"attachment-large\" alt=\"\" title=\"IMG_3918\" srcset=\"https:\/\/uninavarra.edu.co\/wp-content\/uploads\/2019\/06\/IMG_3918-1024x683.jpg 1024w, https:\/\/uninavarra.edu.co\/wp-content\/uploads\/2019\/06\/IMG_3918-300x200.jpg 300w, https:\/\/uninavarra.edu.co\/wp-content\/uploads\/2019\/06\/IMG_3918-150x100.jpg 150w, https:\/\/uninavarra.edu.co\/wp-content\/uploads\/2019\/06\/IMG_3918-768x512.jpg 768w, https:\/\/uninavarra.edu.co\/wp-content\/uploads\/2019\/06\/IMG_3918-1536x1024.jpg 1536w, https:\/\/uninavarra.edu.co\/wp-content\/uploads\/2019\/06\/IMG_3918.jpg 1944w\" sizes=\"(max-width: 900px) 100vw, 900px\" \/><\/a><\/div><\/div><div class=\"vc_item\"><div class=\"vc_inner\"><a class=\"\" href=\"https:\/\/uninavarra.edu.co\/wp-content\/uploads\/2019\/06\/IMG_3919-1024x683.jpg\" data-lightbox=\"lightbox[rel-17721-3169900511]\"><img loading=\"lazy\" decoding=\"async\" width=\"900\" height=\"600\" src=\"https:\/\/uninavarra.edu.co\/wp-content\/uploads\/2019\/06\/IMG_3919-1024x683.jpg\" class=\"attachment-large\" alt=\"\" title=\"IMG_3919\" srcset=\"https:\/\/uninavarra.edu.co\/wp-content\/uploads\/2019\/06\/IMG_3919-1024x683.jpg 1024w, https:\/\/uninavarra.edu.co\/wp-content\/uploads\/2019\/06\/IMG_3919-300x200.jpg 300w, https:\/\/uninavarra.edu.co\/wp-content\/uploads\/2019\/06\/IMG_3919-150x100.jpg 150w, https:\/\/uninavarra.edu.co\/wp-content\/uploads\/2019\/06\/IMG_3919-768x512.jpg 768w, https:\/\/uninavarra.edu.co\/wp-content\/uploads\/2019\/06\/IMG_3919-1536x1024.jpg 1536w, https:\/\/uninavarra.edu.co\/wp-content\/uploads\/2019\/06\/IMG_3919.jpg 1944w\" sizes=\"(max-width: 900px) 100vw, 900px\" \/><\/a><\/div><\/div><div class=\"vc_item\"><div class=\"vc_inner\"><a class=\"\" href=\"https:\/\/uninavarra.edu.co\/wp-content\/uploads\/2019\/06\/IMG_3920-1024x683.jpg\" data-lightbox=\"lightbox[rel-17721-3169900511]\"><img loading=\"lazy\" decoding=\"async\" width=\"900\" height=\"600\" src=\"https:\/\/uninavarra.edu.co\/wp-content\/uploads\/2019\/06\/IMG_3920-1024x683.jpg\" class=\"attachment-large\" alt=\"\" title=\"IMG_3920\" srcset=\"https:\/\/uninavarra.edu.co\/wp-content\/uploads\/2019\/06\/IMG_3920-1024x683.jpg 1024w, https:\/\/uninavarra.edu.co\/wp-content\/uploads\/2019\/06\/IMG_3920-300x200.jpg 300w, https:\/\/uninavarra.edu.co\/wp-content\/uploads\/2019\/06\/IMG_3920-150x100.jpg 150w, https:\/\/uninavarra.edu.co\/wp-content\/uploads\/2019\/06\/IMG_3920-768x512.jpg 768w, https:\/\/uninavarra.edu.co\/wp-content\/uploads\/2019\/06\/IMG_3920-1536x1024.jpg 1536w, https:\/\/uninavarra.edu.co\/wp-content\/uploads\/2019\/06\/IMG_3920.jpg 1944w\" sizes=\"(max-width: 900px) 100vw, 900px\" \/><\/a><\/div><\/div><div class=\"vc_item\"><div class=\"vc_inner\"><a class=\"\" href=\"https:\/\/uninavarra.edu.co\/wp-content\/uploads\/2019\/06\/IMG_3921-1024x683.jpg\" data-lightbox=\"lightbox[rel-17721-3169900511]\"><img loading=\"lazy\" decoding=\"async\" width=\"900\" height=\"600\" src=\"https:\/\/uninavarra.edu.co\/wp-content\/uploads\/2019\/06\/IMG_3921-1024x683.jpg\" class=\"attachment-large\" alt=\"\" title=\"IMG_3921\" srcset=\"https:\/\/uninavarra.edu.co\/wp-content\/uploads\/2019\/06\/IMG_3921-1024x683.jpg 1024w, https:\/\/uninavarra.edu.co\/wp-content\/uploads\/2019\/06\/IMG_3921-300x200.jpg 300w, https:\/\/uninavarra.edu.co\/wp-content\/uploads\/2019\/06\/IMG_3921-150x100.jpg 150w, https:\/\/uninavarra.edu.co\/wp-content\/uploads\/2019\/06\/IMG_3921-768x512.jpg 768w, https:\/\/uninavarra.edu.co\/wp-content\/uploads\/2019\/06\/IMG_3921-1536x1024.jpg 1536w, https:\/\/uninavarra.edu.co\/wp-content\/uploads\/2019\/06\/IMG_3921.jpg 1944w\" sizes=\"(max-width: 900px) 100vw, 900px\" \/><\/a><\/div><\/div><div class=\"vc_item\"><div class=\"vc_inner\"><a class=\"\" href=\"https:\/\/uninavarra.edu.co\/wp-content\/uploads\/2019\/06\/IMG_3909-1024x683.jpg\" data-lightbox=\"lightbox[rel-17721-3169900511]\"><img loading=\"lazy\" decoding=\"async\" width=\"900\" height=\"600\" src=\"https:\/\/uninavarra.edu.co\/wp-content\/uploads\/2019\/06\/IMG_3909-1024x683.jpg\" class=\"attachment-large\" alt=\"\" title=\"IMG_3909\" srcset=\"https:\/\/uninavarra.edu.co\/wp-content\/uploads\/2019\/06\/IMG_3909-1024x683.jpg 1024w, https:\/\/uninavarra.edu.co\/wp-content\/uploads\/2019\/06\/IMG_3909-300x200.jpg 300w, https:\/\/uninavarra.edu.co\/wp-content\/uploads\/2019\/06\/IMG_3909-150x100.jpg 150w, https:\/\/uninavarra.edu.co\/wp-content\/uploads\/2019\/06\/IMG_3909-768x512.jpg 768w, https:\/\/uninavarra.edu.co\/wp-content\/uploads\/2019\/06\/IMG_3909-1536x1024.jpg 1536w, https:\/\/uninavarra.edu.co\/wp-content\/uploads\/2019\/06\/IMG_3909.jpg 1944w\" sizes=\"(max-width: 900px) 100vw, 900px\" \/><\/a><\/div><\/div><div class=\"vc_item\"><div class=\"vc_inner\"><a class=\"\" href=\"https:\/\/uninavarra.edu.co\/wp-content\/uploads\/2019\/06\/IMG_3910-1024x683.jpg\" data-lightbox=\"lightbox[rel-17721-3169900511]\"><img loading=\"lazy\" decoding=\"async\" width=\"900\" height=\"600\" src=\"https:\/\/uninavarra.edu.co\/wp-content\/uploads\/2019\/06\/IMG_3910-1024x683.jpg\" class=\"attachment-large\" alt=\"\" title=\"IMG_3910\" srcset=\"https:\/\/uninavarra.edu.co\/wp-content\/uploads\/2019\/06\/IMG_3910-1024x683.jpg 1024w, https:\/\/uninavarra.edu.co\/wp-content\/uploads\/2019\/06\/IMG_3910-300x200.jpg 300w, https:\/\/uninavarra.edu.co\/wp-content\/uploads\/2019\/06\/IMG_3910-150x100.jpg 150w, https:\/\/uninavarra.edu.co\/wp-content\/uploads\/2019\/06\/IMG_3910-768x512.jpg 768w, https:\/\/uninavarra.edu.co\/wp-content\/uploads\/2019\/06\/IMG_3910-1536x1024.jpg 1536w, https:\/\/uninavarra.edu.co\/wp-content\/uploads\/2019\/06\/IMG_3910.jpg 1944w\" sizes=\"(max-width: 900px) 100vw, 900px\" \/><\/a><\/div><\/div><div class=\"vc_item\"><div class=\"vc_inner\"><a class=\"\" href=\"https:\/\/uninavarra.edu.co\/wp-content\/uploads\/2019\/06\/IMG_3911-1024x683.jpg\" data-lightbox=\"lightbox[rel-17721-3169900511]\"><img loading=\"lazy\" decoding=\"async\" width=\"900\" height=\"600\" src=\"https:\/\/uninavarra.edu.co\/wp-content\/uploads\/2019\/06\/IMG_3911-1024x683.jpg\" class=\"attachment-large\" alt=\"\" title=\"IMG_3911\" srcset=\"https:\/\/uninavarra.edu.co\/wp-content\/uploads\/2019\/06\/IMG_3911-1024x683.jpg 1024w, https:\/\/uninavarra.edu.co\/wp-content\/uploads\/2019\/06\/IMG_3911-300x200.jpg 300w, https:\/\/uninavarra.edu.co\/wp-content\/uploads\/2019\/06\/IMG_3911-150x100.jpg 150w, https:\/\/uninavarra.edu.co\/wp-content\/uploads\/2019\/06\/IMG_3911-768x512.jpg 768w, https:\/\/uninavarra.edu.co\/wp-content\/uploads\/2019\/06\/IMG_3911-1536x1024.jpg 1536w, https:\/\/uninavarra.edu.co\/wp-content\/uploads\/2019\/06\/IMG_3911.jpg 1944w\" sizes=\"(max-width: 900px) 100vw, 900px\" \/><\/a><\/div><\/div><div class=\"vc_item\"><div class=\"vc_inner\"><a class=\"\" href=\"https:\/\/uninavarra.edu.co\/wp-content\/uploads\/2019\/06\/IMG_3912-1024x683.jpg\" data-lightbox=\"lightbox[rel-17721-3169900511]\"><img loading=\"lazy\" decoding=\"async\" width=\"900\" height=\"600\" src=\"https:\/\/uninavarra.edu.co\/wp-content\/uploads\/2019\/06\/IMG_3912-1024x683.jpg\" class=\"attachment-large\" alt=\"\" title=\"IMG_3912\" srcset=\"https:\/\/uninavarra.edu.co\/wp-content\/uploads\/2019\/06\/IMG_3912-1024x683.jpg 1024w, https:\/\/uninavarra.edu.co\/wp-content\/uploads\/2019\/06\/IMG_3912-300x200.jpg 300w, https:\/\/uninavarra.edu.co\/wp-content\/uploads\/2019\/06\/IMG_3912-150x100.jpg 150w, https:\/\/uninavarra.edu.co\/wp-content\/uploads\/2019\/06\/IMG_3912-768x512.jpg 768w, https:\/\/uninavarra.edu.co\/wp-content\/uploads\/2019\/06\/IMG_3912-1536x1024.jpg 1536w, https:\/\/uninavarra.edu.co\/wp-content\/uploads\/2019\/06\/IMG_3912.jpg 1944w\" sizes=\"(max-width: 900px) 100vw, 900px\" \/><\/a><\/div><\/div><div class=\"vc_item\"><div class=\"vc_inner\"><a class=\"\" href=\"https:\/\/uninavarra.edu.co\/wp-content\/uploads\/2019\/06\/IMG_3913-1024x683.jpg\" data-lightbox=\"lightbox[rel-17721-3169900511]\"><img loading=\"lazy\" decoding=\"async\" width=\"900\" height=\"600\" src=\"https:\/\/uninavarra.edu.co\/wp-content\/uploads\/2019\/06\/IMG_3913-1024x683.jpg\" class=\"attachment-large\" alt=\"\" title=\"IMG_3913\" srcset=\"https:\/\/uninavarra.edu.co\/wp-content\/uploads\/2019\/06\/IMG_3913-1024x683.jpg 1024w, https:\/\/uninavarra.edu.co\/wp-content\/uploads\/2019\/06\/IMG_3913-300x200.jpg 300w, https:\/\/uninavarra.edu.co\/wp-content\/uploads\/2019\/06\/IMG_3913-150x100.jpg 150w, https:\/\/uninavarra.edu.co\/wp-content\/uploads\/2019\/06\/IMG_3913-768x512.jpg 768w, https:\/\/uninavarra.edu.co\/wp-content\/uploads\/2019\/06\/IMG_3913-1536x1024.jpg 1536w, https:\/\/uninavarra.edu.co\/wp-content\/uploads\/2019\/06\/IMG_3913.jpg 1944w\" sizes=\"(max-width: 900px) 100vw, 900px\" \/><\/a><\/div><\/div><\/div><\/div><\/div><a class=\"vc_left vc_carousel-control\" href=\"#vc_images-carousel-1-1777976183\" data-slide=\"prev\"><span class=\"icon-prev\"><\/span><\/a><a class=\"vc_right vc_carousel-control\" href=\"#vc_images-carousel-1-1777976183\" data-slide=\"next\"><span class=\"icon-next\"><\/span><\/a><\/div><\/div><\/div>\n\t<div class=\"wpb_text_column wpb_content_element\" >\n\t\t<div class=\"wpb_wrapper\">\n\t\t\t<p style=\"text-align: justify; margin-top: 15px;\"><span style=\"font-size: 20px; font-family: georgia, palatino, serif;\">La Direcci\u00f3n de Bienestar Universitario y de Talento Humano enaltece la vocaci\u00f3n de nuestros docentes y su esfuerzo por aportar en la mejora continua de nuestra Instituci\u00f3n, por ello decidi\u00f3 conmemorar el D\u00eda del Maestro Uninavarra 2019.\u00a0 En esta ocasi\u00f3n se realiz\u00f3 una muestra art\u00edstica de tres pa\u00edses invitados: Brasil Argentina y el Caribe Colombiano; quienes amenizaron esta velada con el prop\u00f3sito de fomentar el intercambio cultural entre colegas.<\/span><\/p>\n\n\t\t<\/div>\n\t<\/div>\n\n\t\t<\/div> \n\t<\/div><\/div><\/div><\/div>\n<\/div>","protected":false},"excerpt":{"rendered":"Volver a Desarrollo Humano D\u00cdA DEL MAESTRO La Direcci\u00f3n de Bienestar Universitario y de Talento Humano enaltece la vocaci\u00f3n de nuestros docentes y su esfuerzo por aportar en la mejora [...]","protected":false},"author":7,"featured_media":0,"parent":17693,"menu_order":0,"comment_status":"closed","ping_status":"closed","template":"","meta":{"footnotes":""},"categories":[1],"tags":[],"class_list":["post-17721","page","type-page","status-publish","hentry","category-uncategorized"],"yoast_head":"<!-- This site is optimized with the Yoast SEO plugin v27.4 - https:\/\/yoast.com\/product\/yoast-seo-wordpress\/ -->\n<title>D\u00eda del Maestro - Uninavarra<\/title>\n<meta name=\"robots\" content=\"index, follow, max-snippet:-1, max-image-preview:large, max-video-preview:-1\" \/>\n<link rel=\"canonical\" href=\"https:\/\/uninavarra.edu.co\/en\/bienestar-universitario\/desarrollo-humano\/dia-del-maestro\/\" \/>\n<meta property=\"og:locale\" content=\"en_US\" \/>\n<meta property=\"og:type\" content=\"article\" \/>\n<meta property=\"og:title\" content=\"D\u00eda del Maestro - Uninavarra\" \/>\n<meta property=\"og:url\" content=\"https:\/\/uninavarra.edu.co\/en\/bienestar-universitario\/desarrollo-humano\/dia-del-maestro\/\" \/>\n<meta property=\"og:site_name\" content=\"Uninavarra\" \/>\n<meta property=\"article:publisher\" content=\"https:\/\/www.facebook.com\/UninavarraEduca\" \/>\n<meta property=\"article:modified_time\" content=\"2021-08-09T16:42:21+00:00\" \/>\n<meta name=\"twitter:card\" content=\"summary_large_image\" \/>\n<meta name=\"twitter:site\" content=\"@uninavarraeduca\" \/>\n<meta name=\"twitter:label1\" content=\"Est. reading time\" \/>\n\t<meta name=\"twitter:data1\" content=\"1 minute\" \/>\n<script type=\"application\/ld+json\" class=\"yoast-schema-graph\">{\"@context\":\"https:\\\/\\\/schema.org\",\"@graph\":[{\"@type\":\"WebPage\",\"@id\":\"https:\\\/\\\/uninavarra.edu.co\\\/bienestar-universitario\\\/desarrollo-humano\\\/dia-del-maestro\\\/\",\"url\":\"https:\\\/\\\/uninavarra.edu.co\\\/bienestar-universitario\\\/desarrollo-humano\\\/dia-del-maestro\\\/\",\"name\":\"D\u00eda del Maestro - Uninavarra\",\"isPartOf\":{\"@id\":\"https:\\\/\\\/uninavarra.edu.co\\\/#website\"},\"datePublished\":\"2019-06-27T15:21:26+00:00\",\"dateModified\":\"2021-08-09T16:42:21+00:00\",\"breadcrumb\":{\"@id\":\"https:\\\/\\\/uninavarra.edu.co\\\/bienestar-universitario\\\/desarrollo-humano\\\/dia-del-maestro\\\/#breadcrumb\"},\"inLanguage\":\"en-US\",\"potentialAction\":[{\"@type\":\"ReadAction\",\"target\":[\"https:\\\/\\\/uninavarra.edu.co\\\/bienestar-universitario\\\/desarrollo-humano\\\/dia-del-maestro\\\/\"]}]},{\"@type\":\"BreadcrumbList\",\"@id\":\"https:\\\/\\\/uninavarra.edu.co\\\/bienestar-universitario\\\/desarrollo-humano\\\/dia-del-maestro\\\/#breadcrumb\",\"itemListElement\":[{\"@type\":\"ListItem\",\"position\":1,\"name\":\"Home\",\"item\":\"https:\\\/\\\/uninavarra.edu.co\\\/\"},{\"@type\":\"ListItem\",\"position\":2,\"name\":\"Bienestar Universitario\",\"item\":\"https:\\\/\\\/uninavarra.edu.co\\\/bienestar-universitario\\\/\"},{\"@type\":\"ListItem\",\"position\":3,\"name\":\"Desarrollo Humano\",\"item\":\"https:\\\/\\\/uninavarra.edu.co\\\/bienestar-universitario\\\/desarrollo-humano\\\/\"},{\"@type\":\"ListItem\",\"position\":4,\"name\":\"D\u00eda del Maestro\"}]},{\"@type\":\"WebSite\",\"@id\":\"https:\\\/\\\/uninavarra.edu.co\\\/#website\",\"url\":\"https:\\\/\\\/uninavarra.edu.co\\\/\",\"name\":\"UNINAVARRA\",\"description\":\"Haz realidad tu deseo de aprender\",\"publisher\":{\"@id\":\"https:\\\/\\\/uninavarra.edu.co\\\/#organization\"},\"potentialAction\":[{\"@type\":\"SearchAction\",\"target\":{\"@type\":\"EntryPoint\",\"urlTemplate\":\"https:\\\/\\\/uninavarra.edu.co\\\/?s={search_term_string}\"},\"query-input\":{\"@type\":\"PropertyValueSpecification\",\"valueRequired\":true,\"valueName\":\"search_term_string\"}}],\"inLanguage\":\"en-US\"},{\"@type\":\"Organization\",\"@id\":\"https:\\\/\\\/uninavarra.edu.co\\\/#organization\",\"name\":\"Fundaci\u00f3n Universitaria Navarra - UNINAVARRA\",\"url\":\"https:\\\/\\\/uninavarra.edu.co\\\/\",\"logo\":{\"@type\":\"ImageObject\",\"inLanguage\":\"en-US\",\"@id\":\"https:\\\/\\\/uninavarra.edu.co\\\/#\\\/schema\\\/logo\\\/image\\\/\",\"url\":\"https:\\\/\\\/uninavarra.edu.co\\\/wp-content\\\/uploads\\\/2024\\\/06\\\/Escudo-uninavarra-Solo.png\",\"contentUrl\":\"https:\\\/\\\/uninavarra.edu.co\\\/wp-content\\\/uploads\\\/2024\\\/06\\\/Escudo-uninavarra-Solo.png\",\"width\":1500,\"height\":1401,\"caption\":\"Fundaci\u00f3n Universitaria Navarra - UNINAVARRA\"},\"image\":{\"@id\":\"https:\\\/\\\/uninavarra.edu.co\\\/#\\\/schema\\\/logo\\\/image\\\/\"},\"sameAs\":[\"https:\\\/\\\/www.facebook.com\\\/UninavarraEduca\",\"https:\\\/\\\/x.com\\\/uninavarraeduca\",\"https:\\\/\\\/www.instagram.com\\\/uninavarra\\\/?hl=es\",\"https:\\\/\\\/www.linkedin.com\\\/in\\\/fundacin-universitaria-navarra-uninavarra-b41225222\\\/\"]}]}<\/script>\n<!-- \/ Yoast SEO plugin. -->","yoast_head_json":{"title":"D\u00eda del Maestro - Uninavarra","robots":{"index":"index","follow":"follow","max-snippet":"max-snippet:-1","max-image-preview":"max-image-preview:large","max-video-preview":"max-video-preview:-1"},"canonical":"https:\/\/uninavarra.edu.co\/en\/bienestar-universitario\/desarrollo-humano\/dia-del-maestro\/","og_locale":"en_US","og_type":"article","og_title":"D\u00eda del Maestro - Uninavarra","og_url":"https:\/\/uninavarra.edu.co\/en\/bienestar-universitario\/desarrollo-humano\/dia-del-maestro\/","og_site_name":"Uninavarra","article_publisher":"https:\/\/www.facebook.com\/UninavarraEduca","article_modified_time":"2021-08-09T16:42:21+00:00","twitter_card":"summary_large_image","twitter_site":"@uninavarraeduca","twitter_misc":{"Est. reading time":"1 minute"},"schema":{"@context":"https:\/\/schema.org","@graph":[{"@type":"WebPage","@id":"https:\/\/uninavarra.edu.co\/bienestar-universitario\/desarrollo-humano\/dia-del-maestro\/","url":"https:\/\/uninavarra.edu.co\/bienestar-universitario\/desarrollo-humano\/dia-del-maestro\/","name":"D\u00eda del Maestro - Uninavarra","isPartOf":{"@id":"https:\/\/uninavarra.edu.co\/#website"},"datePublished":"2019-06-27T15:21:26+00:00","dateModified":"2021-08-09T16:42:21+00:00","breadcrumb":{"@id":"https:\/\/uninavarra.edu.co\/bienestar-universitario\/desarrollo-humano\/dia-del-maestro\/#breadcrumb"},"inLanguage":"en-US","potentialAction":[{"@type":"ReadAction","target":["https:\/\/uninavarra.edu.co\/bienestar-universitario\/desarrollo-humano\/dia-del-maestro\/"]}]},{"@type":"BreadcrumbList","@id":"https:\/\/uninavarra.edu.co\/bienestar-universitario\/desarrollo-humano\/dia-del-maestro\/#breadcrumb","itemListElement":[{"@type":"ListItem","position":1,"name":"Home","item":"https:\/\/uninavarra.edu.co\/"},{"@type":"ListItem","position":2,"name":"Bienestar Universitario","item":"https:\/\/uninavarra.edu.co\/bienestar-universitario\/"},{"@type":"ListItem","position":3,"name":"Desarrollo Humano","item":"https:\/\/uninavarra.edu.co\/bienestar-universitario\/desarrollo-humano\/"},{"@type":"ListItem","position":4,"name":"D\u00eda del Maestro"}]},{"@type":"WebSite","@id":"https:\/\/uninavarra.edu.co\/#website","url":"https:\/\/uninavarra.edu.co\/","name":"UNINAVARRA","description":"Make your desire to learn a reality","publisher":{"@id":"https:\/\/uninavarra.edu.co\/#organization"},"potentialAction":[{"@type":"SearchAction","target":{"@type":"EntryPoint","urlTemplate":"https:\/\/uninavarra.edu.co\/?s={search_term_string}"},"query-input":{"@type":"PropertyValueSpecification","valueRequired":true,"valueName":"search_term_string"}}],"inLanguage":"en-US"},{"@type":"Organization","@id":"https:\/\/uninavarra.edu.co\/#organization","name":"Navarre University Foundation - UNINAVARRA","url":"https:\/\/uninavarra.edu.co\/","logo":{"@type":"ImageObject","inLanguage":"en-US","@id":"https:\/\/uninavarra.edu.co\/#\/schema\/logo\/image\/","url":"https:\/\/uninavarra.edu.co\/wp-content\/uploads\/2024\/06\/Escudo-uninavarra-Solo.png","contentUrl":"https:\/\/uninavarra.edu.co\/wp-content\/uploads\/2024\/06\/Escudo-uninavarra-Solo.png","width":1500,"height":1401,"caption":"Fundaci\u00f3n Universitaria Navarra - UNINAVARRA"},"image":{"@id":"https:\/\/uninavarra.edu.co\/#\/schema\/logo\/image\/"},"sameAs":["https:\/\/www.facebook.com\/UninavarraEduca","https:\/\/x.com\/uninavarraeduca","https:\/\/www.instagram.com\/uninavarra\/?hl=es","https:\/\/www.linkedin.com\/in\/fundacin-universitaria-navarra-uninavarra-b41225222\/"]}]}},"_links":{"self":[{"href":"https:\/\/uninavarra.edu.co\/en\/wp-json\/wp\/v2\/pages\/17721","targetHints":{"allow":["GET"]}}],"collection":[{"href":"https:\/\/uninavarra.edu.co\/en\/wp-json\/wp\/v2\/pages"}],"about":[{"href":"https:\/\/uninavarra.edu.co\/en\/wp-json\/wp\/v2\/types\/page"}],"author":[{"embeddable":true,"href":"https:\/\/uninavarra.edu.co\/en\/wp-json\/wp\/v2\/users\/7"}],"replies":[{"embeddable":true,"href":"https:\/\/uninavarra.edu.co\/en\/wp-json\/wp\/v2\/comments?post=17721"}],"version-history":[{"count":0,"href":"https:\/\/uninavarra.edu.co\/en\/wp-json\/wp\/v2\/pages\/17721\/revisions"}],"up":[{"embeddable":true,"href":"https:\/\/uninavarra.edu.co\/en\/wp-json\/wp\/v2\/pages\/17693"}],"wp:attachment":[{"href":"https:\/\/uninavarra.edu.co\/en\/wp-json\/wp\/v2\/media?parent=17721"}],"wp:term":[{"taxonomy":"category","embeddable":true,"href":"https:\/\/uninavarra.edu.co\/en\/wp-json\/wp\/v2\/categories?post=17721"},{"taxonomy":"post_tag","embeddable":true,"href":"https:\/\/uninavarra.edu.co\/en\/wp-json\/wp\/v2\/tags?post=17721"}],"curies":[{"name":"wp","href":"https:\/\/api.w.org\/{rel}","templated":true}]}}