{"id":16887,"date":"2019-05-09T18:28:44","date_gmt":"2019-05-09T23:28:44","guid":{"rendered":"https:\/\/uninavarra.edu.co\/?page_id=16887"},"modified":"2026-02-05T07:53:00","modified_gmt":"2026-02-05T12:53:00","slug":"navarra-emprende","status":"publish","type":"page","link":"https:\/\/uninavarra.edu.co\/en\/ciina\/grupos-de-investigacion\/navarra-emprende\/","title":{"rendered":"Research Group: Navarra Emprende"},"content":{"rendered":"<div class=\"wpb-content-wrapper\"><div class=\"wpb-container\"><div class=\"container\"><div class=\"vc_row wpb_row vc_row-fluid row\"><div class=\"col-sm-3  vc_\">\n\t\t<div class=\"wpb_wrapper\">\n\t\t\t<div class=\"wpb_single_image wpb_content_element vc_align_right\">\n\t\t<div class=\"wpb_wrapper\">\n\t\t\t\n\t\t\t<a href=\"#\" target=\"_self\"><img fetchpriority=\"high\" decoding=\"async\" width=\"300\" height=\"300\" src=\"https:\/\/uninavarra.edu.co\/wp-content\/uploads\/2015\/10\/Gesti\u00f3n-Organizacional-300x300.jpg\" class=\"vc_box_border_grey attachment-medium\" alt=\"\" title=\"Organizational Management\" srcset=\"https:\/\/uninavarra.edu.co\/wp-content\/uploads\/2015\/10\/Gesti\u00f3n-Organizacional-300x300.jpg 300w, https:\/\/uninavarra.edu.co\/wp-content\/uploads\/2015\/10\/Gesti\u00f3n-Organizacional-150x150.jpg 150w, https:\/\/uninavarra.edu.co\/wp-content\/uploads\/2015\/10\/Gesti\u00f3n-Organizacional.jpg 512w\" sizes=\"(max-width: 300px) 100vw, 300px\" \/><\/a>\n\t\t<\/div> \n\t<\/div>\n\t\t<\/div> \n\t<\/div><div class=\"col-sm-9  vc_\">\n\t\t<div class=\"wpb_wrapper\">\n\t\t\t\n\t<div class=\"wpb_text_column wpb_content_element\" >\n\t\t<div class=\"wpb_wrapper\">\n\t\t\t<p><strong>Name of the Research Group:<\/strong>\u00a0<span style=\"text-decoration: underline; color: #0000ff;\"><span style=\"font-size: 20px;\"><a style=\"color: #0000ff; text-decoration: underline;\" href=\"https:\/\/scienti.minciencias.gov.co\/gruplac\/jsp\/visualiza\/visualizagr.jsp?nro=00000000020001\">Navarra Emprende<\/a><\/span><\/span><br \/>\n<strong>Classification before MINCIENCIAS (Call 957 of 2024):<\/strong>\u00a0<span style=\"color: #e30613;\"><strong><span style=\"font-size: 20px;\">Category Recognized<\/span><\/strong><\/span><br \/>\n<strong>Group Code:\u00a0<\/strong>COL0197975<\/p>\n<p><strong>Research Group Leader: <\/strong><span style=\"text-decoration: underline; font-size: 20px; color: #0000ff;\"><a style=\"color: #0000ff; text-decoration: underline;\" href=\"https:\/\/scienti.minciencias.gov.co\/cvlac\/visualizador\/generarCurriculoCv.do?cod_rh=0000887137\">Arley Gutierrez Pinilla<\/a><\/span><br \/>\n<strong>Contact us:\u00a0<\/strong><span style=\"text-decoration: underline; color: #0000ff;\"><a style=\"color: #0000ff; text-decoration: underline; font-size: 20px;\" href=\"mailto:gestorinvestigacionadministrativas@uninavarra.edu.co\">gestorinvestigacionadministrativas@uninavarra.edu.co<\/a><\/span><\/p>\n<p><strong>Lines of Research:<\/strong><\/p>\n<ul class=\"icon\">\n<li>Strategic Management<\/li>\n<li>Quality management.<\/li>\n<li>Public Management<\/li>\n<\/ul>\n<p><strong>Members of the Research Group:<\/strong><\/p>\n<ul class=\"icon\">\n<li>Arley Gutierrez Pinilla<\/li>\n<li>Sandra Liliana Navarro Parra<\/li>\n<li>Alexander Palomo Sarmiento<\/li>\n<li>Francisco Javier Matiz Bulla<\/li>\n<li>John Jairo Cardenas Perez<\/li>\n<li>Jose Eduardo Corredor Torres<\/li>\n<li>Juli\u00e1n Felipe Bello L\u00f3pez<\/li>\n<li>Katherin Torres Posada<\/li>\n<li>Liliana Pardo Herrera<\/li>\n<li>Ricardo P\u00e9rez S\u00e1enz<\/li>\n<li>Shirley Conde Garz\u00f3n<\/li>\n<li>Constanza Paola Tamayo Quimbaya<\/li>\n<li>Carlos Francisco Covaleda Polo<\/li>\n<li>Edison Oswaldo Delgado Rivas<\/li>\n<li>Juan Carlos Ayala Serrano<\/li>\n<li>Juan Pablo Mosquera Baham\u00f3n<\/li>\n<li>Magda Liliana Cuellar Velasquez<\/li>\n<li>Mar\u00eda Fidela Garz\u00f3n Moya<\/li>\n<li>Miguel Perez Gomez<\/li>\n<li>Natalia Torres Forero<\/li>\n<li>Olga N\u00fa\u00f1ez Barrera<\/li>\n<\/ul>\n<p><strong>Research Seminars:<\/strong><\/p>\n<ul class=\"icon lista_semilleros\">\n<li>Financial Merakis\n<ul>\n<li><strong>Leader: <\/strong>Gloria Liliana Gonzalez Gonzalez<\/li>\n<\/ul>\n<\/li>\n<li>Enterprise Digital Transformation\n<ul>\n<li><strong>Leader: <\/strong>Juan Carlos Ayala Serrano<\/li>\n<\/ul>\n<\/li>\n<\/ul>\n\n\t\t<\/div>\n\t<\/div>\n\n\t\t<\/div> \n\t<\/div><\/div><\/div><\/div>\n<\/div>","protected":false},"excerpt":{"rendered":"Nombre del Grupo de Investigaci\u00f3n:\u00a0Navarra Emprende Clasificaci\u00f3n ante MINCIENCIAS (Convocatoria 957 de 2024):\u00a0Categor\u00eda Reconocido C\u00f3digo Grupo:\u00a0COL0197975 L\u00edder del Grupo de Investigaci\u00f3n: Arley Guti\u00e9rrez Pinilla Contacto:\u00a0gestorinvestigacionadministrativas@uninavarra.edu.co L\u00edneas de Investigaci\u00f3n: Gerencia Estrat\u00e9gica [...]","protected":false},"author":13,"featured_media":0,"parent":9765,"menu_order":0,"comment_status":"closed","ping_status":"closed","template":"","meta":{"footnotes":""},"categories":[1],"tags":[],"class_list":["post-16887","page","type-page","status-publish","hentry","category-uncategorized"],"yoast_head":"<!-- This site is optimized with the Yoast SEO plugin v27.2 - https:\/\/yoast.com\/product\/yoast-seo-wordpress\/ -->\n<title>Grupo de Investigaci\u00f3n: Navarra Emprende - Uninavarra<\/title>\n<meta name=\"robots\" content=\"index, follow, max-snippet:-1, max-image-preview:large, max-video-preview:-1\" \/>\n<link rel=\"canonical\" href=\"https:\/\/uninavarra.edu.co\/en\/ciina\/grupos-de-investigacion\/navarra-emprende\/\" \/>\n<meta property=\"og:locale\" content=\"en_US\" \/>\n<meta property=\"og:type\" content=\"article\" \/>\n<meta property=\"og:title\" content=\"Grupo de Investigaci\u00f3n: Navarra Emprende - Uninavarra\" \/>\n<meta property=\"og:url\" content=\"https:\/\/uninavarra.edu.co\/en\/ciina\/grupos-de-investigacion\/navarra-emprende\/\" \/>\n<meta property=\"og:site_name\" content=\"Uninavarra\" \/>\n<meta property=\"article:publisher\" content=\"https:\/\/www.facebook.com\/UninavarraEduca\" \/>\n<meta property=\"article:modified_time\" content=\"2026-02-05T12:53:00+00:00\" \/>\n<meta name=\"twitter:card\" content=\"summary_large_image\" \/>\n<meta name=\"twitter:site\" content=\"@uninavarraeduca\" \/>\n<meta name=\"twitter:label1\" content=\"Est. reading time\" \/>\n\t<meta name=\"twitter:data1\" content=\"1 minute\" \/>\n<script type=\"application\/ld+json\" class=\"yoast-schema-graph\">{\"@context\":\"https:\/\/schema.org\",\"@graph\":[{\"@type\":\"WebPage\",\"@id\":\"https:\/\/uninavarra.edu.co\/ciina\/grupos-de-investigacion\/navarra-emprende\/\",\"url\":\"https:\/\/uninavarra.edu.co\/ciina\/grupos-de-investigacion\/navarra-emprende\/\",\"name\":\"Grupo de Investigaci\u00f3n: Navarra Emprende - Uninavarra\",\"isPartOf\":{\"@id\":\"https:\/\/uninavarra.edu.co\/#website\"},\"datePublished\":\"2019-05-09T23:28:44+00:00\",\"dateModified\":\"2026-02-05T12:53:00+00:00\",\"breadcrumb\":{\"@id\":\"https:\/\/uninavarra.edu.co\/ciina\/grupos-de-investigacion\/navarra-emprende\/#breadcrumb\"},\"inLanguage\":\"en-US\",\"potentialAction\":[{\"@type\":\"ReadAction\",\"target\":[\"https:\/\/uninavarra.edu.co\/ciina\/grupos-de-investigacion\/navarra-emprende\/\"]}]},{\"@type\":\"BreadcrumbList\",\"@id\":\"https:\/\/uninavarra.edu.co\/ciina\/grupos-de-investigacion\/navarra-emprende\/#breadcrumb\",\"itemListElement\":[{\"@type\":\"ListItem\",\"position\":1,\"name\":\"Home\",\"item\":\"https:\/\/uninavarra.edu.co\/\"},{\"@type\":\"ListItem\",\"position\":2,\"name\":\"CIINA\",\"item\":\"https:\/\/uninavarra.edu.co\/ciina\/\"},{\"@type\":\"ListItem\",\"position\":3,\"name\":\"Grupos de Investigaci\u00f3n\",\"item\":\"https:\/\/uninavarra.edu.co\/ciina\/grupos-de-investigacion\/\"},{\"@type\":\"ListItem\",\"position\":4,\"name\":\"Grupo de Investigaci\u00f3n: Navarra Emprende\"}]},{\"@type\":\"WebSite\",\"@id\":\"https:\/\/uninavarra.edu.co\/#website\",\"url\":\"https:\/\/uninavarra.edu.co\/\",\"name\":\"UNINAVARRA\",\"description\":\"Haz realidad tu deseo de aprender\",\"publisher\":{\"@id\":\"https:\/\/uninavarra.edu.co\/#organization\"},\"potentialAction\":[{\"@type\":\"SearchAction\",\"target\":{\"@type\":\"EntryPoint\",\"urlTemplate\":\"https:\/\/uninavarra.edu.co\/?s={search_term_string}\"},\"query-input\":{\"@type\":\"PropertyValueSpecification\",\"valueRequired\":true,\"valueName\":\"search_term_string\"}}],\"inLanguage\":\"en-US\"},{\"@type\":\"Organization\",\"@id\":\"https:\/\/uninavarra.edu.co\/#organization\",\"name\":\"Fundaci\u00f3n Universitaria Navarra - UNINAVARRA\",\"url\":\"https:\/\/uninavarra.edu.co\/\",\"logo\":{\"@type\":\"ImageObject\",\"inLanguage\":\"en-US\",\"@id\":\"https:\/\/uninavarra.edu.co\/#\/schema\/logo\/image\/\",\"url\":\"https:\/\/uninavarra.edu.co\/wp-content\/uploads\/2024\/06\/Escudo-uninavarra-Solo.png\",\"contentUrl\":\"https:\/\/uninavarra.edu.co\/wp-content\/uploads\/2024\/06\/Escudo-uninavarra-Solo.png\",\"width\":1500,\"height\":1401,\"caption\":\"Fundaci\u00f3n Universitaria Navarra - UNINAVARRA\"},\"image\":{\"@id\":\"https:\/\/uninavarra.edu.co\/#\/schema\/logo\/image\/\"},\"sameAs\":[\"https:\/\/www.facebook.com\/UninavarraEduca\",\"https:\/\/x.com\/uninavarraeduca\",\"https:\/\/www.instagram.com\/uninavarra\/?hl=es\",\"https:\/\/www.linkedin.com\/in\/fundacin-universitaria-navarra-uninavarra-b41225222\/\"]}]}<\/script>\n<!-- \/ Yoast SEO plugin. -->","yoast_head_json":{"title":"Grupo de Investigaci\u00f3n: Navarra Emprende - Uninavarra","robots":{"index":"index","follow":"follow","max-snippet":"max-snippet:-1","max-image-preview":"max-image-preview:large","max-video-preview":"max-video-preview:-1"},"canonical":"https:\/\/uninavarra.edu.co\/en\/ciina\/grupos-de-investigacion\/navarra-emprende\/","og_locale":"en_US","og_type":"article","og_title":"Grupo de Investigaci\u00f3n: Navarra Emprende - Uninavarra","og_url":"https:\/\/uninavarra.edu.co\/en\/ciina\/grupos-de-investigacion\/navarra-emprende\/","og_site_name":"Uninavarra","article_publisher":"https:\/\/www.facebook.com\/UninavarraEduca","article_modified_time":"2026-02-05T12:53:00+00:00","twitter_card":"summary_large_image","twitter_site":"@uninavarraeduca","twitter_misc":{"Est. reading time":"1 minute"},"schema":{"@context":"https:\/\/schema.org","@graph":[{"@type":"WebPage","@id":"https:\/\/uninavarra.edu.co\/ciina\/grupos-de-investigacion\/navarra-emprende\/","url":"https:\/\/uninavarra.edu.co\/ciina\/grupos-de-investigacion\/navarra-emprende\/","name":"Grupo de Investigaci\u00f3n: Navarra Emprende - Uninavarra","isPartOf":{"@id":"https:\/\/uninavarra.edu.co\/#website"},"datePublished":"2019-05-09T23:28:44+00:00","dateModified":"2026-02-05T12:53:00+00:00","breadcrumb":{"@id":"https:\/\/uninavarra.edu.co\/ciina\/grupos-de-investigacion\/navarra-emprende\/#breadcrumb"},"inLanguage":"en-US","potentialAction":[{"@type":"ReadAction","target":["https:\/\/uninavarra.edu.co\/ciina\/grupos-de-investigacion\/navarra-emprende\/"]}]},{"@type":"BreadcrumbList","@id":"https:\/\/uninavarra.edu.co\/ciina\/grupos-de-investigacion\/navarra-emprende\/#breadcrumb","itemListElement":[{"@type":"ListItem","position":1,"name":"Home","item":"https:\/\/uninavarra.edu.co\/"},{"@type":"ListItem","position":2,"name":"CIINA","item":"https:\/\/uninavarra.edu.co\/ciina\/"},{"@type":"ListItem","position":3,"name":"Grupos de Investigaci\u00f3n","item":"https:\/\/uninavarra.edu.co\/ciina\/grupos-de-investigacion\/"},{"@type":"ListItem","position":4,"name":"Grupo de Investigaci\u00f3n: Navarra Emprende"}]},{"@type":"WebSite","@id":"https:\/\/uninavarra.edu.co\/#website","url":"https:\/\/uninavarra.edu.co\/","name":"UNINAVARRA","description":"Make your desire to learn a reality","publisher":{"@id":"https:\/\/uninavarra.edu.co\/#organization"},"potentialAction":[{"@type":"SearchAction","target":{"@type":"EntryPoint","urlTemplate":"https:\/\/uninavarra.edu.co\/?s={search_term_string}"},"query-input":{"@type":"PropertyValueSpecification","valueRequired":true,"valueName":"search_term_string"}}],"inLanguage":"en-US"},{"@type":"Organization","@id":"https:\/\/uninavarra.edu.co\/#organization","name":"Navarre University Foundation - UNINAVARRA","url":"https:\/\/uninavarra.edu.co\/","logo":{"@type":"ImageObject","inLanguage":"en-US","@id":"https:\/\/uninavarra.edu.co\/#\/schema\/logo\/image\/","url":"https:\/\/uninavarra.edu.co\/wp-content\/uploads\/2024\/06\/Escudo-uninavarra-Solo.png","contentUrl":"https:\/\/uninavarra.edu.co\/wp-content\/uploads\/2024\/06\/Escudo-uninavarra-Solo.png","width":1500,"height":1401,"caption":"Fundaci\u00f3n Universitaria Navarra - UNINAVARRA"},"image":{"@id":"https:\/\/uninavarra.edu.co\/#\/schema\/logo\/image\/"},"sameAs":["https:\/\/www.facebook.com\/UninavarraEduca","https:\/\/x.com\/uninavarraeduca","https:\/\/www.instagram.com\/uninavarra\/?hl=es","https:\/\/www.linkedin.com\/in\/fundacin-universitaria-navarra-uninavarra-b41225222\/"]}]}},"_links":{"self":[{"href":"https:\/\/uninavarra.edu.co\/en\/wp-json\/wp\/v2\/pages\/16887","targetHints":{"allow":["GET"]}}],"collection":[{"href":"https:\/\/uninavarra.edu.co\/en\/wp-json\/wp\/v2\/pages"}],"about":[{"href":"https:\/\/uninavarra.edu.co\/en\/wp-json\/wp\/v2\/types\/page"}],"author":[{"embeddable":true,"href":"https:\/\/uninavarra.edu.co\/en\/wp-json\/wp\/v2\/users\/13"}],"replies":[{"embeddable":true,"href":"https:\/\/uninavarra.edu.co\/en\/wp-json\/wp\/v2\/comments?post=16887"}],"version-history":[{"count":0,"href":"https:\/\/uninavarra.edu.co\/en\/wp-json\/wp\/v2\/pages\/16887\/revisions"}],"up":[{"embeddable":true,"href":"https:\/\/uninavarra.edu.co\/en\/wp-json\/wp\/v2\/pages\/9765"}],"wp:attachment":[{"href":"https:\/\/uninavarra.edu.co\/en\/wp-json\/wp\/v2\/media?parent=16887"}],"wp:term":[{"taxonomy":"category","embeddable":true,"href":"https:\/\/uninavarra.edu.co\/en\/wp-json\/wp\/v2\/categories?post=16887"},{"taxonomy":"post_tag","embeddable":true,"href":"https:\/\/uninavarra.edu.co\/en\/wp-json\/wp\/v2\/tags?post=16887"}],"curies":[{"name":"wp","href":"https:\/\/api.w.org\/{rel}","templated":true}]}}