{"id":16885,"date":"2019-05-09T18:27:21","date_gmt":"2019-05-09T23:27:21","guid":{"rendered":"https:\/\/uninavarra.edu.co\/?page_id=16885"},"modified":"2026-02-05T08:16:06","modified_gmt":"2026-02-05T13:16:06","slug":"cuidados-salud-imagenes-diagnosticas","status":"publish","type":"page","link":"https:\/\/uninavarra.edu.co\/en\/ciina\/grupos-de-investigacion\/cuidados-salud-imagenes-diagnosticas\/","title":{"rendered":"Research Group: Health Care and Diagnostic Imaging"},"content":{"rendered":"<div class=\"wpb-content-wrapper\"><div class=\"wpb-container\"><div class=\"container\"><div class=\"vc_row wpb_row vc_row-fluid row\"><div class=\"col-sm-3  vc_\">\n\t\t<div class=\"wpb_wrapper\">\n\t\t\t<div class=\"wpb_single_image wpb_content_element vc_align_right\">\n\t\t<div class=\"wpb_wrapper\">\n\t\t\t\n\t\t\t<a href=\"#\" target=\"_self\"><img fetchpriority=\"high\" decoding=\"async\" width=\"300\" height=\"300\" src=\"https:\/\/uninavarra.edu.co\/wp-content\/uploads\/2020\/11\/enfermeria-300x300.jpg\" class=\"vc_box_border_grey attachment-medium\" alt=\"\" title=\"nursing\" srcset=\"https:\/\/uninavarra.edu.co\/wp-content\/uploads\/2020\/11\/enfermeria-300x300.jpg 300w, https:\/\/uninavarra.edu.co\/wp-content\/uploads\/2020\/11\/enfermeria-150x150.jpg 150w, https:\/\/uninavarra.edu.co\/wp-content\/uploads\/2020\/11\/enfermeria-768x768.jpg 768w, https:\/\/uninavarra.edu.co\/wp-content\/uploads\/2020\/11\/enfermeria-1024x1024.jpg 1024w, https:\/\/uninavarra.edu.co\/wp-content\/uploads\/2020\/11\/enfermeria-1536x1536.jpg 1536w, https:\/\/uninavarra.edu.co\/wp-content\/uploads\/2020\/11\/enfermeria-2048x2048.jpg 2048w\" sizes=\"(max-width: 300px) 100vw, 300px\" \/><\/a>\n\t\t<\/div> \n\t<\/div>\n\t\t<\/div> \n\t<\/div><div class=\"col-sm-9  vc_\">\n\t\t<div class=\"wpb_wrapper\">\n\t\t\t\n\t<div class=\"wpb_text_column wpb_content_element\" >\n\t\t<div class=\"wpb_wrapper\">\n\t\t\t<p><strong>Name of the Research Group:<\/strong>\u00a0<a href=\"https:\/\/scienti.minciencias.gov.co\/gruplac\/jsp\/visualiza\/visualizagr.jsp?nro=00000000021506\"><span style=\"text-decoration: underline; color: #0000ff;\"><span style=\"font-size: 20px;\">Health Care and Diagnostic Imaging<\/span><\/span><\/a><br \/>\n<strong>Classification before MINCIENCIAS (Call 957 of 2024): <span style=\"font-size: 20px; color: #e30613;\">Category B<\/span><\/strong><br \/>\n<strong>Group Code:<\/strong> COL0213039<\/p>\n<p><strong>Research Group Leader:<\/strong> <span style=\"text-decoration: underline; color: #0000ff;\"><span style=\"font-size: 20px;\">Sandra Milena Mesa Rodr\u00edguez<\/span><\/span><br \/>\n<strong>Contact us:<\/strong> <a href=\"mailto:direccionenfermeria@unavarra.edu.co\"><span style=\"text-decoration: underline; color: #0000ff;\">direccionenfermeria@unavarra.edu.co<\/span><\/a><\/p>\n<p><strong>Lines of Research:<\/strong><\/p>\n<ul class=\"icon\">\n<li>Primary Health Care<\/li>\n<li>Basic Sciences<\/li>\n<li>Clinical Sciences<\/li>\n<li>Health <a href=\"https:\/\/uninavarra.edu.co\/ciinaa\/grupos-de-investigacion\/cuidados-salud-imagenes-diagnosticas\/\">Public<\/a><\/li>\n<\/ul>\n<p><strong>Members of the Research Group:<\/strong><\/p>\n<ul class=\"icon\">\n<li>Edna Fabiola Gal\u00e1n Gonz\u00e1lez<\/li>\n<li>Liliana Molina S\u00e1nchez<\/li>\n<li>Ana Gasc\u00f3n Catal\u00e1n<\/li>\n<li>Ana Mar\u00eda Ma\u00f1osca Ram\u00edrez<\/li>\n<li>Iv\u00e1n Rodrigo L\u00f3pez Benavides<\/li>\n<li>Jonathan Padilla Doval<\/li>\n<li>Liliana Campos Quintero<\/li>\n<li>Luis Humberto Rodriguez<\/li>\n<li>Luz \u00c1ngela Pe\u00f1a Losada<\/li>\n<li>Marcela Paredes Laverde<\/li>\n<li>Nubia Amparo Ruiz Suarez<\/li>\n<li>Sandra Milena Mesa Rodr\u00edguez<\/li>\n<li>Anny Briyith Aquite Agudelo<\/li>\n<li>Eidy Lorena Mahecha Gamboa<\/li>\n<li>Fabian Andres Leyva Montealegre<\/li>\n<li>Gustavo Adolfo Albornoz Borilla<\/li>\n<li>Jhonatan Lavao Osorio<\/li>\n<li>Jonathan Padilla Doval<\/li>\n<li>Leonardo Sanchez Torres<\/li>\n<li>Liliana Molina S\u00e1nchez<\/li>\n<li>Yaneth Ximena Vargas \u00c1lvarez<\/li>\n<li>Yina Marcela Ortega Pe\u00f1a<\/li>\n<\/ul>\n<p><strong>Research Seminars:<\/strong><\/p>\n<ul class=\"icon lista_semilleros\">\n<li>Genetics and Metabolism - SIGEMET:\n<ul>\n<li><strong>Leader:<\/strong> Jonathan Padilla Doval<\/li>\n<li><strong>Participating teachers:<\/strong> Nubia Amparo Ruiz - Lida Carolina Pach\u00f3n Valero<\/li>\n<\/ul>\n<\/li>\n<li>Navarra Nursing: science and research:\n<ul>\n<li><strong>Leader:<\/strong> Liliana Molina S\u00e1nchez<\/li>\n<li><strong>Participating teacher:<\/strong> Leonardo Sanchez Torres<\/li>\n<\/ul>\n<\/li>\n<li>Public Health Nursing Research - SEINSAP\u00daE:\n<ul>\n<li><strong>Leader:<\/strong> Oscar Arbey Agudelo Guti\u00e9rrez<\/li>\n<li><strong>Participating teacher:<\/strong> Eduardo Mahecha Reyes<\/li>\n<\/ul>\n<\/li>\n<li>\u201cConrad's Legacy:\n<ul>\n<li><strong>Leader:<\/strong> Carlos Iv\u00e1n Hermosa Fierro<\/li>\n<\/ul>\n<\/li>\n<\/ul>\n\n\t\t<\/div>\n\t<\/div>\n\n\t\t<\/div> \n\t<\/div><\/div><\/div><\/div>\n<\/div>","protected":false},"excerpt":{"rendered":"Nombre del Grupo de Investigaci\u00f3n:\u00a0Cuidados de la Salud e Im\u00e1genes Diagn\u00f3sticas Clasificaci\u00f3n ante MINCIENCIAS (Convocatoria 957 de 2024): Categor\u00eda B C\u00f3digo Grupo: COL0213039 L\u00edder del Grupo de Investigaci\u00f3n: Sandra Milena [...]","protected":false},"author":13,"featured_media":0,"parent":9765,"menu_order":0,"comment_status":"closed","ping_status":"closed","template":"","meta":{"footnotes":""},"categories":[1],"tags":[],"class_list":["post-16885","page","type-page","status-publish","hentry","category-uncategorized"],"yoast_head":"<!-- This site is optimized with the Yoast SEO plugin v27.2 - https:\/\/yoast.com\/product\/yoast-seo-wordpress\/ -->\n<title>Grupo de Investigaci\u00f3n: Cuidados de la Salud e Im\u00e1genes Diagn\u00f3sticas - Uninavarra<\/title>\n<meta name=\"robots\" content=\"index, follow, max-snippet:-1, max-image-preview:large, max-video-preview:-1\" \/>\n<link rel=\"canonical\" href=\"https:\/\/uninavarra.edu.co\/en\/ciina\/grupos-de-investigacion\/cuidados-salud-imagenes-diagnosticas\/\" \/>\n<meta property=\"og:locale\" content=\"en_US\" \/>\n<meta property=\"og:type\" content=\"article\" \/>\n<meta property=\"og:title\" content=\"Grupo de Investigaci\u00f3n: Cuidados de la Salud e Im\u00e1genes Diagn\u00f3sticas - Uninavarra\" \/>\n<meta property=\"og:url\" content=\"https:\/\/uninavarra.edu.co\/en\/ciina\/grupos-de-investigacion\/cuidados-salud-imagenes-diagnosticas\/\" \/>\n<meta property=\"og:site_name\" content=\"Uninavarra\" \/>\n<meta property=\"article:publisher\" content=\"https:\/\/www.facebook.com\/UninavarraEduca\" \/>\n<meta property=\"article:modified_time\" content=\"2026-02-05T13:16:06+00:00\" \/>\n<meta name=\"twitter:card\" content=\"summary_large_image\" \/>\n<meta name=\"twitter:site\" content=\"@uninavarraeduca\" \/>\n<meta name=\"twitter:label1\" content=\"Est. reading time\" \/>\n\t<meta name=\"twitter:data1\" content=\"1 minute\" \/>\n<script type=\"application\/ld+json\" class=\"yoast-schema-graph\">{\"@context\":\"https:\/\/schema.org\",\"@graph\":[{\"@type\":\"WebPage\",\"@id\":\"https:\/\/uninavarra.edu.co\/ciina\/grupos-de-investigacion\/cuidados-salud-imagenes-diagnosticas\/\",\"url\":\"https:\/\/uninavarra.edu.co\/ciina\/grupos-de-investigacion\/cuidados-salud-imagenes-diagnosticas\/\",\"name\":\"Grupo de Investigaci\u00f3n: Cuidados de la Salud e Im\u00e1genes Diagn\u00f3sticas - Uninavarra\",\"isPartOf\":{\"@id\":\"https:\/\/uninavarra.edu.co\/#website\"},\"datePublished\":\"2019-05-09T23:27:21+00:00\",\"dateModified\":\"2026-02-05T13:16:06+00:00\",\"breadcrumb\":{\"@id\":\"https:\/\/uninavarra.edu.co\/ciina\/grupos-de-investigacion\/cuidados-salud-imagenes-diagnosticas\/#breadcrumb\"},\"inLanguage\":\"en-US\",\"potentialAction\":[{\"@type\":\"ReadAction\",\"target\":[\"https:\/\/uninavarra.edu.co\/ciina\/grupos-de-investigacion\/cuidados-salud-imagenes-diagnosticas\/\"]}]},{\"@type\":\"BreadcrumbList\",\"@id\":\"https:\/\/uninavarra.edu.co\/ciina\/grupos-de-investigacion\/cuidados-salud-imagenes-diagnosticas\/#breadcrumb\",\"itemListElement\":[{\"@type\":\"ListItem\",\"position\":1,\"name\":\"Home\",\"item\":\"https:\/\/uninavarra.edu.co\/\"},{\"@type\":\"ListItem\",\"position\":2,\"name\":\"CIINA\",\"item\":\"https:\/\/uninavarra.edu.co\/ciina\/\"},{\"@type\":\"ListItem\",\"position\":3,\"name\":\"Grupos de Investigaci\u00f3n\",\"item\":\"https:\/\/uninavarra.edu.co\/ciina\/grupos-de-investigacion\/\"},{\"@type\":\"ListItem\",\"position\":4,\"name\":\"Grupo de Investigaci\u00f3n: Cuidados de la Salud e Im\u00e1genes Diagn\u00f3sticas\"}]},{\"@type\":\"WebSite\",\"@id\":\"https:\/\/uninavarra.edu.co\/#website\",\"url\":\"https:\/\/uninavarra.edu.co\/\",\"name\":\"UNINAVARRA\",\"description\":\"Haz realidad tu deseo de aprender\",\"publisher\":{\"@id\":\"https:\/\/uninavarra.edu.co\/#organization\"},\"potentialAction\":[{\"@type\":\"SearchAction\",\"target\":{\"@type\":\"EntryPoint\",\"urlTemplate\":\"https:\/\/uninavarra.edu.co\/?s={search_term_string}\"},\"query-input\":{\"@type\":\"PropertyValueSpecification\",\"valueRequired\":true,\"valueName\":\"search_term_string\"}}],\"inLanguage\":\"en-US\"},{\"@type\":\"Organization\",\"@id\":\"https:\/\/uninavarra.edu.co\/#organization\",\"name\":\"Fundaci\u00f3n Universitaria Navarra - UNINAVARRA\",\"url\":\"https:\/\/uninavarra.edu.co\/\",\"logo\":{\"@type\":\"ImageObject\",\"inLanguage\":\"en-US\",\"@id\":\"https:\/\/uninavarra.edu.co\/#\/schema\/logo\/image\/\",\"url\":\"https:\/\/uninavarra.edu.co\/wp-content\/uploads\/2024\/06\/Escudo-uninavarra-Solo.png\",\"contentUrl\":\"https:\/\/uninavarra.edu.co\/wp-content\/uploads\/2024\/06\/Escudo-uninavarra-Solo.png\",\"width\":1500,\"height\":1401,\"caption\":\"Fundaci\u00f3n Universitaria Navarra - UNINAVARRA\"},\"image\":{\"@id\":\"https:\/\/uninavarra.edu.co\/#\/schema\/logo\/image\/\"},\"sameAs\":[\"https:\/\/www.facebook.com\/UninavarraEduca\",\"https:\/\/x.com\/uninavarraeduca\",\"https:\/\/www.instagram.com\/uninavarra\/?hl=es\",\"https:\/\/www.linkedin.com\/in\/fundacin-universitaria-navarra-uninavarra-b41225222\/\"]}]}<\/script>\n<!-- \/ Yoast SEO plugin. -->","yoast_head_json":{"title":"Grupo de Investigaci\u00f3n: Cuidados de la Salud e Im\u00e1genes Diagn\u00f3sticas - Uninavarra","robots":{"index":"index","follow":"follow","max-snippet":"max-snippet:-1","max-image-preview":"max-image-preview:large","max-video-preview":"max-video-preview:-1"},"canonical":"https:\/\/uninavarra.edu.co\/en\/ciina\/grupos-de-investigacion\/cuidados-salud-imagenes-diagnosticas\/","og_locale":"en_US","og_type":"article","og_title":"Grupo de Investigaci\u00f3n: Cuidados de la Salud e Im\u00e1genes Diagn\u00f3sticas - Uninavarra","og_url":"https:\/\/uninavarra.edu.co\/en\/ciina\/grupos-de-investigacion\/cuidados-salud-imagenes-diagnosticas\/","og_site_name":"Uninavarra","article_publisher":"https:\/\/www.facebook.com\/UninavarraEduca","article_modified_time":"2026-02-05T13:16:06+00:00","twitter_card":"summary_large_image","twitter_site":"@uninavarraeduca","twitter_misc":{"Est. reading time":"1 minute"},"schema":{"@context":"https:\/\/schema.org","@graph":[{"@type":"WebPage","@id":"https:\/\/uninavarra.edu.co\/ciina\/grupos-de-investigacion\/cuidados-salud-imagenes-diagnosticas\/","url":"https:\/\/uninavarra.edu.co\/ciina\/grupos-de-investigacion\/cuidados-salud-imagenes-diagnosticas\/","name":"Grupo de Investigaci\u00f3n: Cuidados de la Salud e Im\u00e1genes Diagn\u00f3sticas - Uninavarra","isPartOf":{"@id":"https:\/\/uninavarra.edu.co\/#website"},"datePublished":"2019-05-09T23:27:21+00:00","dateModified":"2026-02-05T13:16:06+00:00","breadcrumb":{"@id":"https:\/\/uninavarra.edu.co\/ciina\/grupos-de-investigacion\/cuidados-salud-imagenes-diagnosticas\/#breadcrumb"},"inLanguage":"en-US","potentialAction":[{"@type":"ReadAction","target":["https:\/\/uninavarra.edu.co\/ciina\/grupos-de-investigacion\/cuidados-salud-imagenes-diagnosticas\/"]}]},{"@type":"BreadcrumbList","@id":"https:\/\/uninavarra.edu.co\/ciina\/grupos-de-investigacion\/cuidados-salud-imagenes-diagnosticas\/#breadcrumb","itemListElement":[{"@type":"ListItem","position":1,"name":"Home","item":"https:\/\/uninavarra.edu.co\/"},{"@type":"ListItem","position":2,"name":"CIINA","item":"https:\/\/uninavarra.edu.co\/ciina\/"},{"@type":"ListItem","position":3,"name":"Grupos de Investigaci\u00f3n","item":"https:\/\/uninavarra.edu.co\/ciina\/grupos-de-investigacion\/"},{"@type":"ListItem","position":4,"name":"Grupo de Investigaci\u00f3n: Cuidados de la Salud e Im\u00e1genes Diagn\u00f3sticas"}]},{"@type":"WebSite","@id":"https:\/\/uninavarra.edu.co\/#website","url":"https:\/\/uninavarra.edu.co\/","name":"UNINAVARRA","description":"Make your desire to learn a reality","publisher":{"@id":"https:\/\/uninavarra.edu.co\/#organization"},"potentialAction":[{"@type":"SearchAction","target":{"@type":"EntryPoint","urlTemplate":"https:\/\/uninavarra.edu.co\/?s={search_term_string}"},"query-input":{"@type":"PropertyValueSpecification","valueRequired":true,"valueName":"search_term_string"}}],"inLanguage":"en-US"},{"@type":"Organization","@id":"https:\/\/uninavarra.edu.co\/#organization","name":"Navarre University Foundation - UNINAVARRA","url":"https:\/\/uninavarra.edu.co\/","logo":{"@type":"ImageObject","inLanguage":"en-US","@id":"https:\/\/uninavarra.edu.co\/#\/schema\/logo\/image\/","url":"https:\/\/uninavarra.edu.co\/wp-content\/uploads\/2024\/06\/Escudo-uninavarra-Solo.png","contentUrl":"https:\/\/uninavarra.edu.co\/wp-content\/uploads\/2024\/06\/Escudo-uninavarra-Solo.png","width":1500,"height":1401,"caption":"Fundaci\u00f3n Universitaria Navarra - UNINAVARRA"},"image":{"@id":"https:\/\/uninavarra.edu.co\/#\/schema\/logo\/image\/"},"sameAs":["https:\/\/www.facebook.com\/UninavarraEduca","https:\/\/x.com\/uninavarraeduca","https:\/\/www.instagram.com\/uninavarra\/?hl=es","https:\/\/www.linkedin.com\/in\/fundacin-universitaria-navarra-uninavarra-b41225222\/"]}]}},"_links":{"self":[{"href":"https:\/\/uninavarra.edu.co\/en\/wp-json\/wp\/v2\/pages\/16885","targetHints":{"allow":["GET"]}}],"collection":[{"href":"https:\/\/uninavarra.edu.co\/en\/wp-json\/wp\/v2\/pages"}],"about":[{"href":"https:\/\/uninavarra.edu.co\/en\/wp-json\/wp\/v2\/types\/page"}],"author":[{"embeddable":true,"href":"https:\/\/uninavarra.edu.co\/en\/wp-json\/wp\/v2\/users\/13"}],"replies":[{"embeddable":true,"href":"https:\/\/uninavarra.edu.co\/en\/wp-json\/wp\/v2\/comments?post=16885"}],"version-history":[{"count":0,"href":"https:\/\/uninavarra.edu.co\/en\/wp-json\/wp\/v2\/pages\/16885\/revisions"}],"up":[{"embeddable":true,"href":"https:\/\/uninavarra.edu.co\/en\/wp-json\/wp\/v2\/pages\/9765"}],"wp:attachment":[{"href":"https:\/\/uninavarra.edu.co\/en\/wp-json\/wp\/v2\/media?parent=16885"}],"wp:term":[{"taxonomy":"category","embeddable":true,"href":"https:\/\/uninavarra.edu.co\/en\/wp-json\/wp\/v2\/categories?post=16885"},{"taxonomy":"post_tag","embeddable":true,"href":"https:\/\/uninavarra.edu.co\/en\/wp-json\/wp\/v2\/tags?post=16885"}],"curies":[{"name":"wp","href":"https:\/\/api.w.org\/{rel}","templated":true}]}}