{"id":16880,"date":"2019-05-09T18:22:16","date_gmt":"2019-05-09T23:22:16","guid":{"rendered":"https:\/\/uninavarra.edu.co\/?page_id=16880"},"modified":"2026-02-05T08:05:20","modified_gmt":"2026-02-05T13:05:20","slug":"navarra-ingenierias","status":"publish","type":"page","link":"https:\/\/uninavarra.edu.co\/en\/ciina\/grupos-de-investigacion\/navarra-ingenierias\/","title":{"rendered":"Research Group: Navarra Ingenier\u00edas"},"content":{"rendered":"<div class=\"wpb-content-wrapper\"><div class=\"wpb-container\"><div class=\"container\"><div class=\"vc_row wpb_row vc_row-fluid row\"><div class=\"col-sm-3  vc_\">\n\t\t<div class=\"wpb_wrapper\">\n\t\t\t<div class=\"wpb_single_image wpb_content_element vc_align_right\">\n\t\t<div class=\"wpb_wrapper\">\n\t\t\t\n\t\t\t<a href=\"#\" target=\"_self\"><img fetchpriority=\"high\" decoding=\"async\" width=\"300\" height=\"300\" src=\"https:\/\/uninavarra.edu.co\/wp-content\/uploads\/2025\/06\/Imagen-1-300x300.png\" class=\"vc_box_border_grey attachment-medium\" alt=\"\" title=\"Image 1\" srcset=\"https:\/\/uninavarra.edu.co\/wp-content\/uploads\/2025\/06\/Imagen-1-300x300.png 300w, https:\/\/uninavarra.edu.co\/wp-content\/uploads\/2025\/06\/Imagen-1-150x150.png 150w, https:\/\/uninavarra.edu.co\/wp-content\/uploads\/2025\/06\/Imagen-1-768x768.png 768w, https:\/\/uninavarra.edu.co\/wp-content\/uploads\/2025\/06\/Imagen-1-12x12.png 12w, https:\/\/uninavarra.edu.co\/wp-content\/uploads\/2025\/06\/Imagen-1.png 1024w\" sizes=\"(max-width: 300px) 100vw, 300px\" \/><\/a>\n\t\t<\/div> \n\t<\/div>\n\t\t<\/div> \n\t<\/div><div class=\"col-sm-9  vc_\">\n\t\t<div class=\"wpb_wrapper\">\n\t\t\t\n\t<div class=\"wpb_text_column wpb_content_element\" >\n\t\t<div class=\"wpb_wrapper\">\n\t\t\t<div style=\"font-family: Arial, sans-serif;\">\n<p><strong>Name of the Research Group:<\/strong>\u00a0<span style=\"text-decoration: underline;\"><span style=\"font-size: 20px; color: #0000ff;\"><a style=\"color: #0000ff; text-decoration: underline;\" href=\"https:\/\/scienti.colciencias.gov.co\/gruplac\/jsp\/visualiza\/visualizagr.jsp?nro=00000000019000\">Navarra Engineering<\/a><\/span><\/span><br \/>\n<strong>State before MINCIENCIAS: <span style=\"color: #e30613; font-size: 20px;\">Category C<\/span><\/strong><br \/>\n<strong>Group Code:<\/strong> COL0187988<\/p>\n<p><strong>Call 957 of 2024<\/strong><\/p>\n<p><strong>Research Group Leader:<\/strong> <span style=\"text-decoration: underline; color: #0000ff;\"><span style=\"font-size: 20px;\"><a style=\"color: #0000ff; text-decoration: underline;\" href=\"https:\/\/scienti.minciencias.gov.co\/cvlac\/visualizador\/generarCurriculoCv.do?cod_rh=0001769587\" target=\"_blank\" rel=\"noopener noreferrer\">Mar\u00eda Daniela Pulido Osorio<\/a><\/span><\/span><br \/>\n<strong>Contact us:<\/strong> <span style=\"text-decoration: underline;\"><span style=\"color: #0000ff;\"><a style=\"color: #0000ff; font-size: 20px; text-decoration: underline;\" href=\"liderinvestigacion@uninavarra.edu.co\" target=\"_blank\" rel=\"noopener noreferrer\">liderinvestigacion@uninavarra.edu.co<\/a><\/span><\/span><\/p>\n<p><strong>Lines of Research:<\/strong><\/p>\n<ul class=\"icon\">\n<li>Study and Management of Natural Resources and Ecosystems<\/li>\n<li>Industrial Processes<\/li>\n<li>Agroecological Production<\/li>\n<\/ul>\n<p><strong>Members of the Research Group:<\/strong><\/p>\n<ul class=\"icon\">\n<li>William Eduardo Navarro Parra<\/li>\n<li>Leidy Johana D\u00edaz S\u00e1nchez<\/li>\n<li>Eduardo Pastrana Granados<\/li>\n<li>Juan David Parra Quintero<\/li>\n<li>Jhon Sebasti\u00e1n Perd\u00f3mo Gonz\u00e1lez<\/li>\n<li>Alexander Castro Mora<\/li>\n<li>Cristian Felipe Valderrama L\u00f3pez<\/li>\n<li>Jesus Mauricio Gonzalez Martinez<\/li>\n<li>Pedro Torres Silva<\/li>\n<li>Ronald Saul Gutierrez Rios<\/li>\n<li>Vladymeer Le\u00f3n Cu\u00e9llar<\/li>\n<li>Violedy Andrea Jimenez Cardozo<\/li>\n<li>Mar\u00eda Daniela Pulido Osorio<\/li>\n<li>Adriana Trinidad Quimbaya Cabrera<\/li>\n<li>Alcides Polan\u00eda Pati\u00f1o<\/li>\n<li>Alexander Castro Mora<\/li>\n<li>Christian Felipe Valderrama L\u00f3pez<\/li>\n<li>Danitza Mar\u00eda Cort\u00e9s P\u00e9rez<\/li>\n<li>Diana Maria Sanchez Santos<\/li>\n<li>Evelin Zapata Rios<\/li>\n<li>Jose Adel Barrera Cardozo<\/li>\n<li>Jose Daniel Charry Cuellar<\/li>\n<li>Juan David Cabrera Roa<\/li>\n<li>Katherin Torres Posada<\/li>\n<li>Leidy Johana Diaz S\u00e1nchez<\/li>\n<li>Leonel Sanoni Charry Villalba<\/li>\n<li>Luis Miguel Serrano Bermudez<\/li>\n<li>Maira Alexandra Ma\u00f1osca Velasquez<\/li>\n<li>Mar\u00eda Natalia Monta\u00f1ez Velasquez<\/li>\n<li>Nicol\u00e1s Esquivel Camacho<\/li>\n<li>Jesus Ignacio Herrera Lopez<\/li>\n<li>Paola Villegas Guzman<\/li>\n<\/ul>\n<p>&nbsp;<\/p>\n<p><strong>Research Seminars:<\/strong><\/p>\n<ul class=\"icon lista_semilleros\">\n<li>Environmental engineering program:\n<ul>\n<li>Semillero de investigaci\u00f3n en Gesti\u00f3n y Saneamiento Ambiental (GIGESAAM).<\/li>\n<li><strong>Leader:<\/strong>\u00a0Eduardo Pastrana Granados<\/li>\n<li>Benthic Fauna and Habitability Conditions in Huila's Ecosystems - FABENCHU.<\/li>\n<li><strong>Leader:<\/strong>\u00a0Mar\u00eda Daniela Pulido Osorio<\/li>\n<\/ul>\n<\/li>\n<\/ul>\n<ul class=\"icon lista_semilleros\">\n<li>Industrial engineering program:\n<ul>\n<li>Industrial Design and Energy Integration Research Seminar.<\/li>\n<li><strong>Leader:\u00a0<\/strong>Juan David Parra Quintero<\/li>\n<li>Multifaceted Descartianos.<\/li>\n<li><strong>Leader:<\/strong>\u00a0Daniel Enrique Ovalle Cerquera<\/li>\n<\/ul>\n<\/li>\n<\/ul>\n<\/div>\n\n\t\t<\/div>\n\t<\/div>\n\n\t\t<\/div> \n\t<\/div><\/div><\/div><\/div>\n<\/div>","protected":false},"excerpt":{"rendered":"Nombre del Grupo de Investigaci\u00f3n:\u00a0Navarra Ingenier\u00edas Estado ante MINCIENCIAS: Categor\u00eda C C\u00f3digo Grupo: COL0187988 Convocatoria 957 de 2024 L\u00edder del Grupo de Investigaci\u00f3n: Mar\u00eda Daniela Pulido Osorio Contacto: liderinvestigacion@uninavarra.edu.co L\u00edneas [...]","protected":false},"author":13,"featured_media":0,"parent":9765,"menu_order":0,"comment_status":"closed","ping_status":"closed","template":"","meta":{"footnotes":""},"categories":[1],"tags":[],"class_list":["post-16880","page","type-page","status-publish","hentry","category-uncategorized"],"yoast_head":"<!-- This site is optimized with the Yoast SEO plugin v27.2 - https:\/\/yoast.com\/product\/yoast-seo-wordpress\/ -->\n<title>Grupo de Investigaci\u00f3n: Navarra Ingenier\u00edas - Uninavarra<\/title>\n<meta name=\"robots\" content=\"index, follow, max-snippet:-1, max-image-preview:large, max-video-preview:-1\" \/>\n<link rel=\"canonical\" href=\"https:\/\/uninavarra.edu.co\/en\/ciina\/grupos-de-investigacion\/navarra-ingenierias\/\" \/>\n<meta property=\"og:locale\" content=\"en_US\" \/>\n<meta property=\"og:type\" content=\"article\" \/>\n<meta property=\"og:title\" content=\"Grupo de Investigaci\u00f3n: Navarra Ingenier\u00edas - Uninavarra\" \/>\n<meta property=\"og:url\" content=\"https:\/\/uninavarra.edu.co\/en\/ciina\/grupos-de-investigacion\/navarra-ingenierias\/\" \/>\n<meta property=\"og:site_name\" content=\"Uninavarra\" \/>\n<meta property=\"article:publisher\" content=\"https:\/\/www.facebook.com\/UninavarraEduca\" \/>\n<meta property=\"article:modified_time\" content=\"2026-02-05T13:05:20+00:00\" \/>\n<meta name=\"twitter:card\" content=\"summary_large_image\" \/>\n<meta name=\"twitter:site\" content=\"@uninavarraeduca\" \/>\n<meta name=\"twitter:label1\" content=\"Est. reading time\" \/>\n\t<meta name=\"twitter:data1\" content=\"1 minute\" \/>\n<script type=\"application\/ld+json\" class=\"yoast-schema-graph\">{\"@context\":\"https:\/\/schema.org\",\"@graph\":[{\"@type\":\"WebPage\",\"@id\":\"https:\/\/uninavarra.edu.co\/ciina\/grupos-de-investigacion\/navarra-ingenierias\/\",\"url\":\"https:\/\/uninavarra.edu.co\/ciina\/grupos-de-investigacion\/navarra-ingenierias\/\",\"name\":\"Grupo de Investigaci\u00f3n: Navarra Ingenier\u00edas - Uninavarra\",\"isPartOf\":{\"@id\":\"https:\/\/uninavarra.edu.co\/#website\"},\"datePublished\":\"2019-05-09T23:22:16+00:00\",\"dateModified\":\"2026-02-05T13:05:20+00:00\",\"breadcrumb\":{\"@id\":\"https:\/\/uninavarra.edu.co\/ciina\/grupos-de-investigacion\/navarra-ingenierias\/#breadcrumb\"},\"inLanguage\":\"en-US\",\"potentialAction\":[{\"@type\":\"ReadAction\",\"target\":[\"https:\/\/uninavarra.edu.co\/ciina\/grupos-de-investigacion\/navarra-ingenierias\/\"]}]},{\"@type\":\"BreadcrumbList\",\"@id\":\"https:\/\/uninavarra.edu.co\/ciina\/grupos-de-investigacion\/navarra-ingenierias\/#breadcrumb\",\"itemListElement\":[{\"@type\":\"ListItem\",\"position\":1,\"name\":\"Home\",\"item\":\"https:\/\/uninavarra.edu.co\/\"},{\"@type\":\"ListItem\",\"position\":2,\"name\":\"CIINA\",\"item\":\"https:\/\/uninavarra.edu.co\/ciina\/\"},{\"@type\":\"ListItem\",\"position\":3,\"name\":\"Grupos de Investigaci\u00f3n\",\"item\":\"https:\/\/uninavarra.edu.co\/ciina\/grupos-de-investigacion\/\"},{\"@type\":\"ListItem\",\"position\":4,\"name\":\"Grupo de Investigaci\u00f3n: Navarra Ingenier\u00edas\"}]},{\"@type\":\"WebSite\",\"@id\":\"https:\/\/uninavarra.edu.co\/#website\",\"url\":\"https:\/\/uninavarra.edu.co\/\",\"name\":\"UNINAVARRA\",\"description\":\"Haz realidad tu deseo de aprender\",\"publisher\":{\"@id\":\"https:\/\/uninavarra.edu.co\/#organization\"},\"potentialAction\":[{\"@type\":\"SearchAction\",\"target\":{\"@type\":\"EntryPoint\",\"urlTemplate\":\"https:\/\/uninavarra.edu.co\/?s={search_term_string}\"},\"query-input\":{\"@type\":\"PropertyValueSpecification\",\"valueRequired\":true,\"valueName\":\"search_term_string\"}}],\"inLanguage\":\"en-US\"},{\"@type\":\"Organization\",\"@id\":\"https:\/\/uninavarra.edu.co\/#organization\",\"name\":\"Fundaci\u00f3n Universitaria Navarra - UNINAVARRA\",\"url\":\"https:\/\/uninavarra.edu.co\/\",\"logo\":{\"@type\":\"ImageObject\",\"inLanguage\":\"en-US\",\"@id\":\"https:\/\/uninavarra.edu.co\/#\/schema\/logo\/image\/\",\"url\":\"https:\/\/uninavarra.edu.co\/wp-content\/uploads\/2024\/06\/Escudo-uninavarra-Solo.png\",\"contentUrl\":\"https:\/\/uninavarra.edu.co\/wp-content\/uploads\/2024\/06\/Escudo-uninavarra-Solo.png\",\"width\":1500,\"height\":1401,\"caption\":\"Fundaci\u00f3n Universitaria Navarra - UNINAVARRA\"},\"image\":{\"@id\":\"https:\/\/uninavarra.edu.co\/#\/schema\/logo\/image\/\"},\"sameAs\":[\"https:\/\/www.facebook.com\/UninavarraEduca\",\"https:\/\/x.com\/uninavarraeduca\",\"https:\/\/www.instagram.com\/uninavarra\/?hl=es\",\"https:\/\/www.linkedin.com\/in\/fundacin-universitaria-navarra-uninavarra-b41225222\/\"]}]}<\/script>\n<!-- \/ Yoast SEO plugin. -->","yoast_head_json":{"title":"Grupo de Investigaci\u00f3n: Navarra Ingenier\u00edas - Uninavarra","robots":{"index":"index","follow":"follow","max-snippet":"max-snippet:-1","max-image-preview":"max-image-preview:large","max-video-preview":"max-video-preview:-1"},"canonical":"https:\/\/uninavarra.edu.co\/en\/ciina\/grupos-de-investigacion\/navarra-ingenierias\/","og_locale":"en_US","og_type":"article","og_title":"Grupo de Investigaci\u00f3n: Navarra Ingenier\u00edas - Uninavarra","og_url":"https:\/\/uninavarra.edu.co\/en\/ciina\/grupos-de-investigacion\/navarra-ingenierias\/","og_site_name":"Uninavarra","article_publisher":"https:\/\/www.facebook.com\/UninavarraEduca","article_modified_time":"2026-02-05T13:05:20+00:00","twitter_card":"summary_large_image","twitter_site":"@uninavarraeduca","twitter_misc":{"Est. reading time":"1 minute"},"schema":{"@context":"https:\/\/schema.org","@graph":[{"@type":"WebPage","@id":"https:\/\/uninavarra.edu.co\/ciina\/grupos-de-investigacion\/navarra-ingenierias\/","url":"https:\/\/uninavarra.edu.co\/ciina\/grupos-de-investigacion\/navarra-ingenierias\/","name":"Grupo de Investigaci\u00f3n: Navarra Ingenier\u00edas - Uninavarra","isPartOf":{"@id":"https:\/\/uninavarra.edu.co\/#website"},"datePublished":"2019-05-09T23:22:16+00:00","dateModified":"2026-02-05T13:05:20+00:00","breadcrumb":{"@id":"https:\/\/uninavarra.edu.co\/ciina\/grupos-de-investigacion\/navarra-ingenierias\/#breadcrumb"},"inLanguage":"en-US","potentialAction":[{"@type":"ReadAction","target":["https:\/\/uninavarra.edu.co\/ciina\/grupos-de-investigacion\/navarra-ingenierias\/"]}]},{"@type":"BreadcrumbList","@id":"https:\/\/uninavarra.edu.co\/ciina\/grupos-de-investigacion\/navarra-ingenierias\/#breadcrumb","itemListElement":[{"@type":"ListItem","position":1,"name":"Home","item":"https:\/\/uninavarra.edu.co\/"},{"@type":"ListItem","position":2,"name":"CIINA","item":"https:\/\/uninavarra.edu.co\/ciina\/"},{"@type":"ListItem","position":3,"name":"Grupos de Investigaci\u00f3n","item":"https:\/\/uninavarra.edu.co\/ciina\/grupos-de-investigacion\/"},{"@type":"ListItem","position":4,"name":"Grupo de Investigaci\u00f3n: Navarra Ingenier\u00edas"}]},{"@type":"WebSite","@id":"https:\/\/uninavarra.edu.co\/#website","url":"https:\/\/uninavarra.edu.co\/","name":"UNINAVARRA","description":"Make your desire to learn a reality","publisher":{"@id":"https:\/\/uninavarra.edu.co\/#organization"},"potentialAction":[{"@type":"SearchAction","target":{"@type":"EntryPoint","urlTemplate":"https:\/\/uninavarra.edu.co\/?s={search_term_string}"},"query-input":{"@type":"PropertyValueSpecification","valueRequired":true,"valueName":"search_term_string"}}],"inLanguage":"en-US"},{"@type":"Organization","@id":"https:\/\/uninavarra.edu.co\/#organization","name":"Navarre University Foundation - UNINAVARRA","url":"https:\/\/uninavarra.edu.co\/","logo":{"@type":"ImageObject","inLanguage":"en-US","@id":"https:\/\/uninavarra.edu.co\/#\/schema\/logo\/image\/","url":"https:\/\/uninavarra.edu.co\/wp-content\/uploads\/2024\/06\/Escudo-uninavarra-Solo.png","contentUrl":"https:\/\/uninavarra.edu.co\/wp-content\/uploads\/2024\/06\/Escudo-uninavarra-Solo.png","width":1500,"height":1401,"caption":"Fundaci\u00f3n Universitaria Navarra - UNINAVARRA"},"image":{"@id":"https:\/\/uninavarra.edu.co\/#\/schema\/logo\/image\/"},"sameAs":["https:\/\/www.facebook.com\/UninavarraEduca","https:\/\/x.com\/uninavarraeduca","https:\/\/www.instagram.com\/uninavarra\/?hl=es","https:\/\/www.linkedin.com\/in\/fundacin-universitaria-navarra-uninavarra-b41225222\/"]}]}},"_links":{"self":[{"href":"https:\/\/uninavarra.edu.co\/en\/wp-json\/wp\/v2\/pages\/16880","targetHints":{"allow":["GET"]}}],"collection":[{"href":"https:\/\/uninavarra.edu.co\/en\/wp-json\/wp\/v2\/pages"}],"about":[{"href":"https:\/\/uninavarra.edu.co\/en\/wp-json\/wp\/v2\/types\/page"}],"author":[{"embeddable":true,"href":"https:\/\/uninavarra.edu.co\/en\/wp-json\/wp\/v2\/users\/13"}],"replies":[{"embeddable":true,"href":"https:\/\/uninavarra.edu.co\/en\/wp-json\/wp\/v2\/comments?post=16880"}],"version-history":[{"count":0,"href":"https:\/\/uninavarra.edu.co\/en\/wp-json\/wp\/v2\/pages\/16880\/revisions"}],"up":[{"embeddable":true,"href":"https:\/\/uninavarra.edu.co\/en\/wp-json\/wp\/v2\/pages\/9765"}],"wp:attachment":[{"href":"https:\/\/uninavarra.edu.co\/en\/wp-json\/wp\/v2\/media?parent=16880"}],"wp:term":[{"taxonomy":"category","embeddable":true,"href":"https:\/\/uninavarra.edu.co\/en\/wp-json\/wp\/v2\/categories?post=16880"},{"taxonomy":"post_tag","embeddable":true,"href":"https:\/\/uninavarra.edu.co\/en\/wp-json\/wp\/v2\/tags?post=16880"}],"curies":[{"name":"wp","href":"https:\/\/api.w.org\/{rel}","templated":true}]}}