{"id":16206,"date":"2019-04-17T11:27:55","date_gmt":"2019-04-17T16:27:55","guid":{"rendered":"https:\/\/uninavarra.edu.co\/?page_id=16206"},"modified":"2024-04-30T10:01:29","modified_gmt":"2024-04-30T15:01:29","slug":"manualpracticodeurgenciascardiovasculares","status":"publish","type":"page","link":"https:\/\/uninavarra.edu.co\/en\/ciina\/editorial-uninavarra\/libros\/manualpracticodeurgenciascardiovasculares\/","title":{"rendered":"Practical Manual of Cardiovascular Emergencies"},"content":{"rendered":"<div class=\"wpb-content-wrapper\"><div class=\"wpb-container\"><div class=\"container\"><div class=\"vc_row wpb_row vc_row-fluid row\"><div class=\"col-sm-3  vc_\">\n\t\t<div class=\"wpb_wrapper\">\n\t\t\t<div class=\"wpb_single_image wpb_content_element vc_align_center\">\n\t\t<div class=\"wpb_wrapper\">\n\t\t\t\n\t\t\t<a href=\"https:\/\/uninavarra.edu.co\/wp-content\/uploads\/2019\/05\/Libro-Urgencias-Cardiovasculares-Miniatura.jpg\" target=\"_self\"><img fetchpriority=\"high\" decoding=\"async\" width=\"2561\" height=\"3296\" src=\"https:\/\/uninavarra.edu.co\/wp-content\/uploads\/2020\/11\/Libro-Urgencias-Cardiovasculares-scaled.jpg\" class=\"vc_box_border_grey attachment-full\" alt=\"Libro Urgencias Cardiovasculares\" title=\"Book Cardiovascular Emergencies\" \/><\/a>\n\t\t<\/div> \n\t<\/div>\n\t\t<\/div> \n\t<\/div><div class=\"col-sm-9  vc_\">\n\t\t<div class=\"wpb_wrapper\">\n\t\t\t\n\t<div class=\"wpb_text_column wpb_content_element\" >\n\t\t<div class=\"wpb_wrapper\">\n\t\t\t<p style=\"text-align: justify;\"><strong>Authors:<\/strong> Abner Lozano Losada, Doris Andrea Gonzalez Pinilla<\/p>\n<p style=\"text-align: justify;\"><strong>ISBN:<\/strong> 978-958-52066-3-2<\/p>\n<p style=\"text-align: justify;\"><strong>Price:<\/strong> $150.000<\/p>\n<p style=\"text-align: justify;\"><strong>Description:<\/strong> This manual was prepared with the scientific authority of the Medil\u00e1ser Clinic of Neiva, which is not only a pioneer in the cardiovascular surgery program, but also in the creation of the first cardiovascular ICU and of invasive (hemodynamics) and non-invasive (transthoracic echocardiography, transesophageal, electrophysiology) diagnostic methods for the diagnosis and treatment of acute and non-acute cardiovascular pathology in the region. The management of acute cardiovascular patients is increasingly complex, the population treated is older and has a greater number of comorbidities. Diagnostic and therapeutic techniques, although undoubtedly improved, increasingly require a higher degree of specialization and training. This Practical Manual of Cardiovascular Emergencies is intended to serve as an aid to a fundamental part of the training of undergraduate and postgraduate students of medicine and other specialties involved in the care of the acute cardiovascular patient.<\/p>\n<p class=\"comprar\" style=\"text-align: justify;\"><a href=\"https:\/\/uninavarra.edu.co\/wp-content\/uploads\/2023\/04\/Urgencias-Cardiovasculares-P-1-16.pdf\">Table of Contents<\/a>\u00a0 \u00a0<a href=\"https:\/\/uninavarra.edu.co\/?page_id=9826&amp;preview=true\">Buy<\/a><\/p>\n<h4 style=\"text-align: justify;\"><\/h4>\n\n\t\t<\/div>\n\t<\/div>\n\n\t\t<\/div> \n\t<\/div><\/div><\/div><\/div>\n<\/div>","protected":false},"excerpt":{"rendered":"Autores: Abner Lozano Losada,\u00a0Doris Andrea Gonz\u00e1lez Pinilla ISBN: 978-958-52066-3-2 Precio: $150.000 Descripci\u00f3n: Este manual fue elaborado con la autoridad cient\u00edfica de la Cl\u00ednica Medil\u00e1ser de Neiva, que no solo es [...]","protected":false},"author":13,"featured_media":0,"parent":31344,"menu_order":0,"comment_status":"closed","ping_status":"closed","template":"","meta":{"footnotes":""},"categories":[1],"tags":[],"class_list":["post-16206","page","type-page","status-publish","hentry","category-uncategorized"],"yoast_head":"<!-- This site is optimized with the Yoast SEO plugin v27.4 - https:\/\/yoast.com\/product\/yoast-seo-wordpress\/ -->\n<title>Manual Pr\u00e1ctico de Urgencias Cardiovasculares - Uninavarra<\/title>\n<meta name=\"robots\" content=\"index, follow, max-snippet:-1, max-image-preview:large, max-video-preview:-1\" \/>\n<link rel=\"canonical\" href=\"https:\/\/uninavarra.edu.co\/en\/ciina\/editorial-uninavarra\/libros\/manualpracticodeurgenciascardiovasculares\/\" \/>\n<meta property=\"og:locale\" content=\"en_US\" \/>\n<meta property=\"og:type\" content=\"article\" \/>\n<meta property=\"og:title\" content=\"Manual Pr\u00e1ctico de Urgencias Cardiovasculares - Uninavarra\" \/>\n<meta property=\"og:url\" content=\"https:\/\/uninavarra.edu.co\/en\/ciina\/editorial-uninavarra\/libros\/manualpracticodeurgenciascardiovasculares\/\" \/>\n<meta property=\"og:site_name\" content=\"Uninavarra\" \/>\n<meta property=\"article:publisher\" content=\"https:\/\/www.facebook.com\/UninavarraEduca\" \/>\n<meta property=\"article:modified_time\" content=\"2024-04-30T15:01:29+00:00\" \/>\n<meta name=\"twitter:card\" content=\"summary_large_image\" \/>\n<meta name=\"twitter:site\" content=\"@uninavarraeduca\" \/>\n<meta name=\"twitter:label1\" content=\"Est. reading time\" \/>\n\t<meta name=\"twitter:data1\" content=\"1 minute\" \/>\n<script type=\"application\/ld+json\" class=\"yoast-schema-graph\">{\"@context\":\"https:\\\/\\\/schema.org\",\"@graph\":[{\"@type\":\"WebPage\",\"@id\":\"https:\\\/\\\/uninavarra.edu.co\\\/ciina\\\/editorial-uninavarra\\\/libros\\\/manualpracticodeurgenciascardiovasculares\\\/\",\"url\":\"https:\\\/\\\/uninavarra.edu.co\\\/ciina\\\/editorial-uninavarra\\\/libros\\\/manualpracticodeurgenciascardiovasculares\\\/\",\"name\":\"Manual Pr\u00e1ctico de Urgencias Cardiovasculares - Uninavarra\",\"isPartOf\":{\"@id\":\"https:\\\/\\\/uninavarra.edu.co\\\/#website\"},\"datePublished\":\"2019-04-17T16:27:55+00:00\",\"dateModified\":\"2024-04-30T15:01:29+00:00\",\"breadcrumb\":{\"@id\":\"https:\\\/\\\/uninavarra.edu.co\\\/ciina\\\/editorial-uninavarra\\\/libros\\\/manualpracticodeurgenciascardiovasculares\\\/#breadcrumb\"},\"inLanguage\":\"en-US\",\"potentialAction\":[{\"@type\":\"ReadAction\",\"target\":[\"https:\\\/\\\/uninavarra.edu.co\\\/ciina\\\/editorial-uninavarra\\\/libros\\\/manualpracticodeurgenciascardiovasculares\\\/\"]}]},{\"@type\":\"BreadcrumbList\",\"@id\":\"https:\\\/\\\/uninavarra.edu.co\\\/ciina\\\/editorial-uninavarra\\\/libros\\\/manualpracticodeurgenciascardiovasculares\\\/#breadcrumb\",\"itemListElement\":[{\"@type\":\"ListItem\",\"position\":1,\"name\":\"Home\",\"item\":\"https:\\\/\\\/uninavarra.edu.co\\\/\"},{\"@type\":\"ListItem\",\"position\":2,\"name\":\"CIINA\",\"item\":\"https:\\\/\\\/uninavarra.edu.co\\\/ciina\\\/\"},{\"@type\":\"ListItem\",\"position\":3,\"name\":\"Editorial UNINAVARRA\",\"item\":\"https:\\\/\\\/uninavarra.edu.co\\\/ciina\\\/editorial-uninavarra\\\/\"},{\"@type\":\"ListItem\",\"position\":4,\"name\":\"Libros\",\"item\":\"https:\\\/\\\/uninavarra.edu.co\\\/ciina\\\/editorial-uninavarra\\\/libros\\\/\"},{\"@type\":\"ListItem\",\"position\":5,\"name\":\"Manual Pr\u00e1ctico de Urgencias Cardiovasculares\"}]},{\"@type\":\"WebSite\",\"@id\":\"https:\\\/\\\/uninavarra.edu.co\\\/#website\",\"url\":\"https:\\\/\\\/uninavarra.edu.co\\\/\",\"name\":\"UNINAVARRA\",\"description\":\"Haz realidad tu deseo de aprender\",\"publisher\":{\"@id\":\"https:\\\/\\\/uninavarra.edu.co\\\/#organization\"},\"potentialAction\":[{\"@type\":\"SearchAction\",\"target\":{\"@type\":\"EntryPoint\",\"urlTemplate\":\"https:\\\/\\\/uninavarra.edu.co\\\/?s={search_term_string}\"},\"query-input\":{\"@type\":\"PropertyValueSpecification\",\"valueRequired\":true,\"valueName\":\"search_term_string\"}}],\"inLanguage\":\"en-US\"},{\"@type\":\"Organization\",\"@id\":\"https:\\\/\\\/uninavarra.edu.co\\\/#organization\",\"name\":\"Fundaci\u00f3n Universitaria Navarra - UNINAVARRA\",\"url\":\"https:\\\/\\\/uninavarra.edu.co\\\/\",\"logo\":{\"@type\":\"ImageObject\",\"inLanguage\":\"en-US\",\"@id\":\"https:\\\/\\\/uninavarra.edu.co\\\/#\\\/schema\\\/logo\\\/image\\\/\",\"url\":\"https:\\\/\\\/uninavarra.edu.co\\\/wp-content\\\/uploads\\\/2024\\\/06\\\/Escudo-uninavarra-Solo.png\",\"contentUrl\":\"https:\\\/\\\/uninavarra.edu.co\\\/wp-content\\\/uploads\\\/2024\\\/06\\\/Escudo-uninavarra-Solo.png\",\"width\":1500,\"height\":1401,\"caption\":\"Fundaci\u00f3n Universitaria Navarra - UNINAVARRA\"},\"image\":{\"@id\":\"https:\\\/\\\/uninavarra.edu.co\\\/#\\\/schema\\\/logo\\\/image\\\/\"},\"sameAs\":[\"https:\\\/\\\/www.facebook.com\\\/UninavarraEduca\",\"https:\\\/\\\/x.com\\\/uninavarraeduca\",\"https:\\\/\\\/www.instagram.com\\\/uninavarra\\\/?hl=es\",\"https:\\\/\\\/www.linkedin.com\\\/in\\\/fundacin-universitaria-navarra-uninavarra-b41225222\\\/\"]}]}<\/script>\n<!-- \/ Yoast SEO plugin. -->","yoast_head_json":{"title":"Manual Pr\u00e1ctico de Urgencias Cardiovasculares - Uninavarra","robots":{"index":"index","follow":"follow","max-snippet":"max-snippet:-1","max-image-preview":"max-image-preview:large","max-video-preview":"max-video-preview:-1"},"canonical":"https:\/\/uninavarra.edu.co\/en\/ciina\/editorial-uninavarra\/libros\/manualpracticodeurgenciascardiovasculares\/","og_locale":"en_US","og_type":"article","og_title":"Manual Pr\u00e1ctico de Urgencias Cardiovasculares - Uninavarra","og_url":"https:\/\/uninavarra.edu.co\/en\/ciina\/editorial-uninavarra\/libros\/manualpracticodeurgenciascardiovasculares\/","og_site_name":"Uninavarra","article_publisher":"https:\/\/www.facebook.com\/UninavarraEduca","article_modified_time":"2024-04-30T15:01:29+00:00","twitter_card":"summary_large_image","twitter_site":"@uninavarraeduca","twitter_misc":{"Est. reading time":"1 minute"},"schema":{"@context":"https:\/\/schema.org","@graph":[{"@type":"WebPage","@id":"https:\/\/uninavarra.edu.co\/ciina\/editorial-uninavarra\/libros\/manualpracticodeurgenciascardiovasculares\/","url":"https:\/\/uninavarra.edu.co\/ciina\/editorial-uninavarra\/libros\/manualpracticodeurgenciascardiovasculares\/","name":"Manual Pr\u00e1ctico de Urgencias Cardiovasculares - Uninavarra","isPartOf":{"@id":"https:\/\/uninavarra.edu.co\/#website"},"datePublished":"2019-04-17T16:27:55+00:00","dateModified":"2024-04-30T15:01:29+00:00","breadcrumb":{"@id":"https:\/\/uninavarra.edu.co\/ciina\/editorial-uninavarra\/libros\/manualpracticodeurgenciascardiovasculares\/#breadcrumb"},"inLanguage":"en-US","potentialAction":[{"@type":"ReadAction","target":["https:\/\/uninavarra.edu.co\/ciina\/editorial-uninavarra\/libros\/manualpracticodeurgenciascardiovasculares\/"]}]},{"@type":"BreadcrumbList","@id":"https:\/\/uninavarra.edu.co\/ciina\/editorial-uninavarra\/libros\/manualpracticodeurgenciascardiovasculares\/#breadcrumb","itemListElement":[{"@type":"ListItem","position":1,"name":"Home","item":"https:\/\/uninavarra.edu.co\/"},{"@type":"ListItem","position":2,"name":"CIINA","item":"https:\/\/uninavarra.edu.co\/ciina\/"},{"@type":"ListItem","position":3,"name":"Editorial UNINAVARRA","item":"https:\/\/uninavarra.edu.co\/ciina\/editorial-uninavarra\/"},{"@type":"ListItem","position":4,"name":"Libros","item":"https:\/\/uninavarra.edu.co\/ciina\/editorial-uninavarra\/libros\/"},{"@type":"ListItem","position":5,"name":"Manual Pr\u00e1ctico de Urgencias Cardiovasculares"}]},{"@type":"WebSite","@id":"https:\/\/uninavarra.edu.co\/#website","url":"https:\/\/uninavarra.edu.co\/","name":"UNINAVARRA","description":"Make your desire to learn a reality","publisher":{"@id":"https:\/\/uninavarra.edu.co\/#organization"},"potentialAction":[{"@type":"SearchAction","target":{"@type":"EntryPoint","urlTemplate":"https:\/\/uninavarra.edu.co\/?s={search_term_string}"},"query-input":{"@type":"PropertyValueSpecification","valueRequired":true,"valueName":"search_term_string"}}],"inLanguage":"en-US"},{"@type":"Organization","@id":"https:\/\/uninavarra.edu.co\/#organization","name":"Navarre University Foundation - UNINAVARRA","url":"https:\/\/uninavarra.edu.co\/","logo":{"@type":"ImageObject","inLanguage":"en-US","@id":"https:\/\/uninavarra.edu.co\/#\/schema\/logo\/image\/","url":"https:\/\/uninavarra.edu.co\/wp-content\/uploads\/2024\/06\/Escudo-uninavarra-Solo.png","contentUrl":"https:\/\/uninavarra.edu.co\/wp-content\/uploads\/2024\/06\/Escudo-uninavarra-Solo.png","width":1500,"height":1401,"caption":"Fundaci\u00f3n Universitaria Navarra - UNINAVARRA"},"image":{"@id":"https:\/\/uninavarra.edu.co\/#\/schema\/logo\/image\/"},"sameAs":["https:\/\/www.facebook.com\/UninavarraEduca","https:\/\/x.com\/uninavarraeduca","https:\/\/www.instagram.com\/uninavarra\/?hl=es","https:\/\/www.linkedin.com\/in\/fundacin-universitaria-navarra-uninavarra-b41225222\/"]}]}},"_links":{"self":[{"href":"https:\/\/uninavarra.edu.co\/en\/wp-json\/wp\/v2\/pages\/16206","targetHints":{"allow":["GET"]}}],"collection":[{"href":"https:\/\/uninavarra.edu.co\/en\/wp-json\/wp\/v2\/pages"}],"about":[{"href":"https:\/\/uninavarra.edu.co\/en\/wp-json\/wp\/v2\/types\/page"}],"author":[{"embeddable":true,"href":"https:\/\/uninavarra.edu.co\/en\/wp-json\/wp\/v2\/users\/13"}],"replies":[{"embeddable":true,"href":"https:\/\/uninavarra.edu.co\/en\/wp-json\/wp\/v2\/comments?post=16206"}],"version-history":[{"count":0,"href":"https:\/\/uninavarra.edu.co\/en\/wp-json\/wp\/v2\/pages\/16206\/revisions"}],"up":[{"embeddable":true,"href":"https:\/\/uninavarra.edu.co\/en\/wp-json\/wp\/v2\/pages\/31344"}],"wp:attachment":[{"href":"https:\/\/uninavarra.edu.co\/en\/wp-json\/wp\/v2\/media?parent=16206"}],"wp:term":[{"taxonomy":"category","embeddable":true,"href":"https:\/\/uninavarra.edu.co\/en\/wp-json\/wp\/v2\/categories?post=16206"},{"taxonomy":"post_tag","embeddable":true,"href":"https:\/\/uninavarra.edu.co\/en\/wp-json\/wp\/v2\/tags?post=16206"}],"curies":[{"name":"wp","href":"https:\/\/api.w.org\/{rel}","templated":true}]}}