{"id":1420,"date":"2016-03-08T15:12:08","date_gmt":"2016-03-08T20:12:08","guid":{"rendered":"https:\/\/uninavarra.edu.co\/?page_id=1420"},"modified":"2024-07-28T07:26:38","modified_gmt":"2024-07-28T12:26:38","slug":"gestiontecnologica","status":"publish","type":"page","link":"https:\/\/uninavarra.edu.co\/en\/sistema-gestion-calidad-2\/gestiontecnologica\/","title":{"rendered":"Institutional Technology Management"},"content":{"rendered":"<div class=\"wpb-content-wrapper\"><div class=\"wpb-container\"><div class=\"container\"><div class=\"vc_row wpb_row vc_row-fluid row\"><div class=\"col-sm-4  vc_\">\n\t\t<div class=\"wpb_wrapper\">\n\t\t\t<div class=\"vc_btn3-container vc_btn3-inline vc_do_btn\" ><a class=\"vc_general vc_btn3 vc_btn3-size-md vc_btn3-shape-rounded vc_btn3-style-modern vc_btn3-color-danger\" href=\"https:\/\/uninavarra.edu.co\/uninavarra\/sistema-de-gestion-de-calidad\/#1527280798949-72e63b51-b26c\" title=\"\">Quality Processes<\/a><\/div>\n\t<div class=\"wpb_text_column wpb_content_element\" >\n\t\t<div class=\"wpb_wrapper\">\n\t\t\t<p><strong><span style=\"font-size: 20px;\"><span style=\"font-size: 20px;\">Institutional Technology Management\u00a0<\/span><\/span><\/strong><\/p>\n<ul>\n<li>Characterization<\/li>\n<li>Procedures<\/li>\n<li>Plans<\/li>\n<li>Instructions<\/li>\n<li><a href=\"https:\/\/uninavarra.edu.co\/wp-content\/uploads\/2017\/03\/AC-FO-06-Indicadores-de-Gesti\u00f3n-semestre-2016-2.xls\" target=\"_blank\" rel=\"noopener noreferrer\">Management Indicator<\/a><\/li>\n<\/ul>\n\n\t\t<\/div>\n\t<\/div>\n<div class=\"vc_empty_space\"   style=\"height: 32px\"><span class=\"vc_empty_space_inner\"><\/span><\/div><div class=\"vc_btn3-container vc_btn3-inline vc_do_btn\" ><a class=\"vc_general vc_btn3 vc_btn3-size-md vc_btn3-shape-rounded vc_btn3-style-modern vc_btn3-color-danger\" href=\"https:\/\/uninavarra.edu.co\/pqr\/\" title=\"\">Register PQRS<\/a><\/div>\n\t\t<\/div> \n\t<\/div><div class=\"col-sm-8  vc_\">\n\t\t<div class=\"wpb_wrapper\">\n\t\t\t\n\t<div class=\"wpb_text_column wpb_content_element\" >\n\t\t<div class=\"wpb_wrapper\">\n\t\t\t<table class=\"lista\" style=\"width: 757.309px;\" align=\"center\">\n<tbody>\n<tr class=\"categoria\">\n<td style=\"width: 674px;\" colspan=\"2\" align=\"center\" bgcolor=\"#990000\"><span style=\"color: #ffffff; font-size: 20px;\"><strong>Characterization <\/strong>( 1 )<\/span><\/td>\n<\/tr>\n<tr class=\"datos\">\n<td style=\"width: 674px;\" colspan=\"2\"><img decoding=\"async\" style=\"width: 16px; height: 16px;\" src=\"https:\/\/uninavarra.edu.co\/wp-content\/uploads\/2018\/06\/pdf.gif\" alt=\"\" \/>\u00a0GT-CP-01 ICT Management Characterization V04<\/td>\n<\/tr>\n<tr class=\"categoria\">\n<td style=\"width: 674px;\" colspan=\"2\" align=\"center\" bgcolor=\"#990000\"><span style=\"color: #ffffff; font-size: 20px;\"><strong>Procedures <\/strong>( 2 )<\/span><\/td>\n<\/tr>\n<tr class=\"datos\">\n<td style=\"width: 709.309px;\" colspan=\"2\"><img decoding=\"async\" style=\"width: 16px; height: 16px;\" src=\"https:\/\/uninavarra.edu.co\/wp-content\/uploads\/2018\/06\/pdf.gif\" alt=\"\" \/>\u00a0GT-PR-01 Computer Equipment Maintenance Procedure V04<\/td>\n<\/tr>\n<tr class=\"datos\">\n<td style=\"width: 709.309px;\" colspan=\"2\"><img decoding=\"async\" style=\"width: 16px; height: 16px;\" src=\"https:\/\/uninavarra.edu.co\/wp-content\/uploads\/2018\/06\/pdf.gif\" alt=\"\" \/>\u00a0GT-PR-04 Backup Procedure Backups V04<\/td>\n<\/tr>\n<tr class=\"categoria\">\n<td style=\"width: 674px;\" colspan=\"2\" align=\"center\" bgcolor=\"#990000\"><span style=\"font-size: 20px; color: #ffffff;\"><strong>Formats <\/strong>( 4 )<\/span><\/td>\n<\/tr>\n<tr class=\"datos\">\n<td style=\"width: 709.309px;\" colspan=\"2\"><img decoding=\"async\" style=\"width: 16px; height: 16px;\" src=\"https:\/\/uninavarra.edu.co\/wp-content\/uploads\/2018\/06\/xlsx.gif\" alt=\"\" \/>\u00a0<a href=\"https:\/\/uninavarra.edu.co\/wp-content\/uploads\/2019\/03\/GT-FO-01-FORMATO-HOJAS-DE-VIDA-EQUIPOS-V03.xlsx\" rel=\"nofollow\">GT-FO-01 Format for equipment resumes V03<\/a><\/td>\n<\/tr>\n<tr class=\"datos\">\n<td style=\"width: 709.309px;\" colspan=\"2\"><img decoding=\"async\" style=\"width: 16px; height: 16px;\" src=\"https:\/\/uninavarra.edu.co\/wp-content\/uploads\/2018\/06\/xlsx.gif\" alt=\"\" \/>\u00a0<a href=\"https:\/\/uninavarra.edu.co\/wp-content\/uploads\/2018\/06\/GT-FO-05-Cronograma_Mantenimiento-V02.xls\" rel=\"nofollow\">GT-FO-05 Maintenance Schedule V02<\/a><\/td>\n<\/tr>\n<tr class=\"datos\">\n<td style=\"width: 709.309px;\" colspan=\"2\"><img decoding=\"async\" class=\"alignnone wp-image-10036\" src=\"https:\/\/uninavarra.edu.co\/wp-content\/uploads\/2018\/06\/docx.gif\" alt=\"\" width=\"17\" height=\"17\" \/>\u00a0<a href=\"https:\/\/uninavarra.edu.co\/wp-content\/uploads\/2018\/02\/GT-FO-09-Solicitud-de-soporte-Tecnico-a-Salas-de-computo.doc\" rel=\"nofollow\">GT-FO-09 Request for technical support to computer rooms<\/a><\/td>\n<\/tr>\n<tr class=\"datos\">\n<td style=\"width: 709.309px;\" colspan=\"2\"><img decoding=\"async\" class=\"alignnone wp-image-10036\" src=\"https:\/\/uninavarra.edu.co\/wp-content\/uploads\/2018\/06\/docx.gif\" alt=\"\" width=\"17\" height=\"17\" \/>\u00a0<a href=\"https:\/\/uninavarra.edu.co\/wp-content\/uploads\/2018\/04\/GT-FO-10-FORMATO-DE-CAPACITACION-SISTEMAS-DE-INFORMACION-V02.docx\" rel=\"nofollow\">GT-FO-10 Information Systems Training Format V02<\/a><\/td>\n<\/tr>\n<tr class=\"categoria\">\n<td style=\"width: 674px;\" colspan=\"2\" align=\"center\" bgcolor=\"#990000\"><span style=\"font-size: 20px; color: #ffffff;\"><strong>Instructions <\/strong>( 2 )<\/span><\/td>\n<\/tr>\n<tr class=\"datos\">\n<td style=\"width: 709.309px;\" colspan=\"2\"><img decoding=\"async\" style=\"width: 16px; height: 16px;\" src=\"https:\/\/uninavarra.edu.co\/wp-content\/uploads\/2018\/06\/pdf.gif\" alt=\"\" \/>\u00a0GT-IT-01 Instructions for equipment backup in the cloud V02<\/td>\n<\/tr>\n<tr class=\"datos\">\n<td style=\"width: 709.309px;\" colspan=\"2\"><img decoding=\"async\" style=\"width: 16px; height: 16px;\" src=\"https:\/\/uninavarra.edu.co\/wp-content\/uploads\/2018\/06\/pdf.gif\" alt=\"\" \/>\u00a0GT-IT-02 Help Desk Instructions for Use<\/td>\n<\/tr>\n<tr class=\"categoria\">\n<td style=\"width: 674px;\" colspan=\"2\" align=\"center\" bgcolor=\"#990000\"><span style=\"font-size: 20px; color: #ffffff;\"><strong>Management Indicator <\/strong>( 0 )<\/span><\/td>\n<\/tr>\n<tr class=\"datos\">\n<td style=\"width: 709.309px;\" colspan=\"2\"><\/td>\n<\/tr>\n<\/tbody>\n<\/table>\n\n\t\t<\/div>\n\t<\/div>\n\n\t\t<\/div> \n\t<\/div><\/div><\/div><\/div>\n<\/div>","protected":false},"excerpt":{"rendered":"Procesos de Calidad Gesti\u00f3n Tecnol\u00f3gica\u00a0Institucional\u00a0 Caracterizaci\u00f3n Procedimientos Planes Instructivo Indicador de Gesti\u00f3n Registrar PQRS Caracterizaci\u00f3n ( 1 ) \u00a0GT-CP-01 Caracterizaci\u00f3n Gesti\u00f3n TIC\u00b4S V04 Procedimientos ( 2 ) \u00a0GT-PR-01 Procedimiento de [...]","protected":false},"author":3,"featured_media":0,"parent":1039,"menu_order":0,"comment_status":"closed","ping_status":"closed","template":"","meta":{"footnotes":""},"categories":[1],"tags":[],"class_list":["post-1420","page","type-page","status-publish","hentry","category-uncategorized"],"yoast_head":"<!-- This site is optimized with the Yoast SEO plugin v27.4 - https:\/\/yoast.com\/product\/yoast-seo-wordpress\/ -->\n<title>Gesti\u00f3n Tecnol\u00f3gica Institucional - Uninavarra<\/title>\n<meta name=\"robots\" content=\"index, follow, max-snippet:-1, max-image-preview:large, max-video-preview:-1\" \/>\n<link rel=\"canonical\" href=\"https:\/\/uninavarra.edu.co\/en\/sistema-gestion-calidad-2\/gestiontecnologica\/\" \/>\n<meta property=\"og:locale\" content=\"en_US\" \/>\n<meta property=\"og:type\" content=\"article\" \/>\n<meta property=\"og:title\" content=\"Gesti\u00f3n Tecnol\u00f3gica Institucional - Uninavarra\" \/>\n<meta property=\"og:url\" content=\"https:\/\/uninavarra.edu.co\/en\/sistema-gestion-calidad-2\/gestiontecnologica\/\" \/>\n<meta property=\"og:site_name\" content=\"Uninavarra\" \/>\n<meta property=\"article:publisher\" content=\"https:\/\/www.facebook.com\/UninavarraEduca\" \/>\n<meta property=\"article:modified_time\" content=\"2024-07-28T12:26:38+00:00\" \/>\n<meta property=\"og:image\" content=\"https:\/\/uninavarra.edu.co\/wp-content\/uploads\/2018\/06\/pdf.gif\" \/>\n<meta name=\"twitter:card\" content=\"summary_large_image\" \/>\n<meta name=\"twitter:site\" content=\"@uninavarraeduca\" \/>\n<meta name=\"twitter:label1\" content=\"Est. reading time\" \/>\n\t<meta name=\"twitter:data1\" content=\"1 minute\" \/>\n<script type=\"application\/ld+json\" class=\"yoast-schema-graph\">{\"@context\":\"https:\\\/\\\/schema.org\",\"@graph\":[{\"@type\":\"WebPage\",\"@id\":\"https:\\\/\\\/uninavarra.edu.co\\\/en\\\/sistema-gestion-calidad-2\\\/gestiontecnologica\\\/\",\"url\":\"https:\\\/\\\/uninavarra.edu.co\\\/en\\\/sistema-gestion-calidad-2\\\/gestiontecnologica\\\/\",\"name\":\"Gesti\u00f3n Tecnol\u00f3gica Institucional - Uninavarra\",\"isPartOf\":{\"@id\":\"https:\\\/\\\/uninavarra.edu.co\\\/#website\"},\"primaryImageOfPage\":{\"@id\":\"https:\\\/\\\/uninavarra.edu.co\\\/en\\\/sistema-gestion-calidad-2\\\/gestiontecnologica\\\/#primaryimage\"},\"image\":{\"@id\":\"https:\\\/\\\/uninavarra.edu.co\\\/en\\\/sistema-gestion-calidad-2\\\/gestiontecnologica\\\/#primaryimage\"},\"thumbnailUrl\":\"https:\\\/\\\/uninavarra.edu.co\\\/wp-content\\\/uploads\\\/2018\\\/06\\\/pdf.gif\",\"datePublished\":\"2016-03-08T20:12:08+00:00\",\"dateModified\":\"2024-07-28T12:26:38+00:00\",\"breadcrumb\":{\"@id\":\"https:\\\/\\\/uninavarra.edu.co\\\/en\\\/sistema-gestion-calidad-2\\\/gestiontecnologica\\\/#breadcrumb\"},\"inLanguage\":\"en-US\",\"potentialAction\":[{\"@type\":\"ReadAction\",\"target\":[\"https:\\\/\\\/uninavarra.edu.co\\\/en\\\/sistema-gestion-calidad-2\\\/gestiontecnologica\\\/\"]}]},{\"@type\":\"ImageObject\",\"inLanguage\":\"en-US\",\"@id\":\"https:\\\/\\\/uninavarra.edu.co\\\/en\\\/sistema-gestion-calidad-2\\\/gestiontecnologica\\\/#primaryimage\",\"url\":\"https:\\\/\\\/uninavarra.edu.co\\\/wp-content\\\/uploads\\\/2018\\\/06\\\/pdf.gif\",\"contentUrl\":\"https:\\\/\\\/uninavarra.edu.co\\\/wp-content\\\/uploads\\\/2018\\\/06\\\/pdf.gif\"},{\"@type\":\"BreadcrumbList\",\"@id\":\"https:\\\/\\\/uninavarra.edu.co\\\/en\\\/sistema-gestion-calidad-2\\\/gestiontecnologica\\\/#breadcrumb\",\"itemListElement\":[{\"@type\":\"ListItem\",\"position\":1,\"name\":\"Home\",\"item\":\"https:\\\/\\\/uninavarra.edu.co\\\/\"},{\"@type\":\"ListItem\",\"position\":2,\"name\":\"Sistemas de Gesti\u00f3n\",\"item\":\"https:\\\/\\\/uninavarra.edu.co\\\/sistema-gestion-calidad-2\\\/\"},{\"@type\":\"ListItem\",\"position\":3,\"name\":\"Gesti\u00f3n Tecnol\u00f3gica Institucional\"}]},{\"@type\":\"WebSite\",\"@id\":\"https:\\\/\\\/uninavarra.edu.co\\\/#website\",\"url\":\"https:\\\/\\\/uninavarra.edu.co\\\/\",\"name\":\"UNINAVARRA\",\"description\":\"Haz realidad tu deseo de aprender\",\"publisher\":{\"@id\":\"https:\\\/\\\/uninavarra.edu.co\\\/#organization\"},\"potentialAction\":[{\"@type\":\"SearchAction\",\"target\":{\"@type\":\"EntryPoint\",\"urlTemplate\":\"https:\\\/\\\/uninavarra.edu.co\\\/?s={search_term_string}\"},\"query-input\":{\"@type\":\"PropertyValueSpecification\",\"valueRequired\":true,\"valueName\":\"search_term_string\"}}],\"inLanguage\":\"en-US\"},{\"@type\":\"Organization\",\"@id\":\"https:\\\/\\\/uninavarra.edu.co\\\/#organization\",\"name\":\"Fundaci\u00f3n Universitaria Navarra - UNINAVARRA\",\"url\":\"https:\\\/\\\/uninavarra.edu.co\\\/\",\"logo\":{\"@type\":\"ImageObject\",\"inLanguage\":\"en-US\",\"@id\":\"https:\\\/\\\/uninavarra.edu.co\\\/#\\\/schema\\\/logo\\\/image\\\/\",\"url\":\"https:\\\/\\\/uninavarra.edu.co\\\/wp-content\\\/uploads\\\/2024\\\/06\\\/Escudo-uninavarra-Solo.png\",\"contentUrl\":\"https:\\\/\\\/uninavarra.edu.co\\\/wp-content\\\/uploads\\\/2024\\\/06\\\/Escudo-uninavarra-Solo.png\",\"width\":1500,\"height\":1401,\"caption\":\"Fundaci\u00f3n Universitaria Navarra - UNINAVARRA\"},\"image\":{\"@id\":\"https:\\\/\\\/uninavarra.edu.co\\\/#\\\/schema\\\/logo\\\/image\\\/\"},\"sameAs\":[\"https:\\\/\\\/www.facebook.com\\\/UninavarraEduca\",\"https:\\\/\\\/x.com\\\/uninavarraeduca\",\"https:\\\/\\\/www.instagram.com\\\/uninavarra\\\/?hl=es\",\"https:\\\/\\\/www.linkedin.com\\\/in\\\/fundacin-universitaria-navarra-uninavarra-b41225222\\\/\"]}]}<\/script>\n<!-- \/ Yoast SEO plugin. -->","yoast_head_json":{"title":"Gesti\u00f3n Tecnol\u00f3gica Institucional - Uninavarra","robots":{"index":"index","follow":"follow","max-snippet":"max-snippet:-1","max-image-preview":"max-image-preview:large","max-video-preview":"max-video-preview:-1"},"canonical":"https:\/\/uninavarra.edu.co\/en\/sistema-gestion-calidad-2\/gestiontecnologica\/","og_locale":"en_US","og_type":"article","og_title":"Gesti\u00f3n Tecnol\u00f3gica Institucional - Uninavarra","og_url":"https:\/\/uninavarra.edu.co\/en\/sistema-gestion-calidad-2\/gestiontecnologica\/","og_site_name":"Uninavarra","article_publisher":"https:\/\/www.facebook.com\/UninavarraEduca","article_modified_time":"2024-07-28T12:26:38+00:00","og_image":[{"url":"https:\/\/uninavarra.edu.co\/wp-content\/uploads\/2018\/06\/pdf.gif","type":"","width":"","height":""}],"twitter_card":"summary_large_image","twitter_site":"@uninavarraeduca","twitter_misc":{"Est. reading time":"1 minute"},"schema":{"@context":"https:\/\/schema.org","@graph":[{"@type":"WebPage","@id":"https:\/\/uninavarra.edu.co\/en\/sistema-gestion-calidad-2\/gestiontecnologica\/","url":"https:\/\/uninavarra.edu.co\/en\/sistema-gestion-calidad-2\/gestiontecnologica\/","name":"Gesti\u00f3n Tecnol\u00f3gica Institucional - Uninavarra","isPartOf":{"@id":"https:\/\/uninavarra.edu.co\/#website"},"primaryImageOfPage":{"@id":"https:\/\/uninavarra.edu.co\/en\/sistema-gestion-calidad-2\/gestiontecnologica\/#primaryimage"},"image":{"@id":"https:\/\/uninavarra.edu.co\/en\/sistema-gestion-calidad-2\/gestiontecnologica\/#primaryimage"},"thumbnailUrl":"https:\/\/uninavarra.edu.co\/wp-content\/uploads\/2018\/06\/pdf.gif","datePublished":"2016-03-08T20:12:08+00:00","dateModified":"2024-07-28T12:26:38+00:00","breadcrumb":{"@id":"https:\/\/uninavarra.edu.co\/en\/sistema-gestion-calidad-2\/gestiontecnologica\/#breadcrumb"},"inLanguage":"en-US","potentialAction":[{"@type":"ReadAction","target":["https:\/\/uninavarra.edu.co\/en\/sistema-gestion-calidad-2\/gestiontecnologica\/"]}]},{"@type":"ImageObject","inLanguage":"en-US","@id":"https:\/\/uninavarra.edu.co\/en\/sistema-gestion-calidad-2\/gestiontecnologica\/#primaryimage","url":"https:\/\/uninavarra.edu.co\/wp-content\/uploads\/2018\/06\/pdf.gif","contentUrl":"https:\/\/uninavarra.edu.co\/wp-content\/uploads\/2018\/06\/pdf.gif"},{"@type":"BreadcrumbList","@id":"https:\/\/uninavarra.edu.co\/en\/sistema-gestion-calidad-2\/gestiontecnologica\/#breadcrumb","itemListElement":[{"@type":"ListItem","position":1,"name":"Home","item":"https:\/\/uninavarra.edu.co\/"},{"@type":"ListItem","position":2,"name":"Sistemas de Gesti\u00f3n","item":"https:\/\/uninavarra.edu.co\/sistema-gestion-calidad-2\/"},{"@type":"ListItem","position":3,"name":"Gesti\u00f3n Tecnol\u00f3gica Institucional"}]},{"@type":"WebSite","@id":"https:\/\/uninavarra.edu.co\/#website","url":"https:\/\/uninavarra.edu.co\/","name":"UNINAVARRA","description":"Make your desire to learn a reality","publisher":{"@id":"https:\/\/uninavarra.edu.co\/#organization"},"potentialAction":[{"@type":"SearchAction","target":{"@type":"EntryPoint","urlTemplate":"https:\/\/uninavarra.edu.co\/?s={search_term_string}"},"query-input":{"@type":"PropertyValueSpecification","valueRequired":true,"valueName":"search_term_string"}}],"inLanguage":"en-US"},{"@type":"Organization","@id":"https:\/\/uninavarra.edu.co\/#organization","name":"Navarre University Foundation - UNINAVARRA","url":"https:\/\/uninavarra.edu.co\/","logo":{"@type":"ImageObject","inLanguage":"en-US","@id":"https:\/\/uninavarra.edu.co\/#\/schema\/logo\/image\/","url":"https:\/\/uninavarra.edu.co\/wp-content\/uploads\/2024\/06\/Escudo-uninavarra-Solo.png","contentUrl":"https:\/\/uninavarra.edu.co\/wp-content\/uploads\/2024\/06\/Escudo-uninavarra-Solo.png","width":1500,"height":1401,"caption":"Fundaci\u00f3n Universitaria Navarra - UNINAVARRA"},"image":{"@id":"https:\/\/uninavarra.edu.co\/#\/schema\/logo\/image\/"},"sameAs":["https:\/\/www.facebook.com\/UninavarraEduca","https:\/\/x.com\/uninavarraeduca","https:\/\/www.instagram.com\/uninavarra\/?hl=es","https:\/\/www.linkedin.com\/in\/fundacin-universitaria-navarra-uninavarra-b41225222\/"]}]}},"_links":{"self":[{"href":"https:\/\/uninavarra.edu.co\/en\/wp-json\/wp\/v2\/pages\/1420","targetHints":{"allow":["GET"]}}],"collection":[{"href":"https:\/\/uninavarra.edu.co\/en\/wp-json\/wp\/v2\/pages"}],"about":[{"href":"https:\/\/uninavarra.edu.co\/en\/wp-json\/wp\/v2\/types\/page"}],"author":[{"embeddable":true,"href":"https:\/\/uninavarra.edu.co\/en\/wp-json\/wp\/v2\/users\/3"}],"replies":[{"embeddable":true,"href":"https:\/\/uninavarra.edu.co\/en\/wp-json\/wp\/v2\/comments?post=1420"}],"version-history":[{"count":0,"href":"https:\/\/uninavarra.edu.co\/en\/wp-json\/wp\/v2\/pages\/1420\/revisions"}],"up":[{"embeddable":true,"href":"https:\/\/uninavarra.edu.co\/en\/wp-json\/wp\/v2\/pages\/1039"}],"wp:attachment":[{"href":"https:\/\/uninavarra.edu.co\/en\/wp-json\/wp\/v2\/media?parent=1420"}],"wp:term":[{"taxonomy":"category","embeddable":true,"href":"https:\/\/uninavarra.edu.co\/en\/wp-json\/wp\/v2\/categories?post=1420"},{"taxonomy":"post_tag","embeddable":true,"href":"https:\/\/uninavarra.edu.co\/en\/wp-json\/wp\/v2\/tags?post=1420"}],"curies":[{"name":"wp","href":"https:\/\/api.w.org\/{rel}","templated":true}]}}