{"id":12932,"date":"2018-11-16T12:53:49","date_gmt":"2018-11-16T17:53:49","guid":{"rendered":"https:\/\/uninavarra.edu.co\/?page_id=12932"},"modified":"2021-08-09T11:47:12","modified_gmt":"2021-08-09T16:47:12","slug":"cooperacioninternacional","status":"publish","type":"page","link":"https:\/\/uninavarra.edu.co\/en\/sistema-gestion-calidad-2\/cooperacioninternacional\/","title":{"rendered":"INTERNATIONAL COOPERATION"},"content":{"rendered":"<div class=\"wpb-content-wrapper\"><div class=\"wpb-container\"><div class=\"container\"><div class=\"vc_row wpb_row vc_row-fluid row\"><div class=\"col-sm-4  vc_\">\n\t\t<div class=\"wpb_wrapper\">\n\t\t\t<div class=\"vc_btn3-container vc_btn3-inline vc_do_btn\" ><a class=\"vc_general vc_btn3 vc_btn3-size-md vc_btn3-shape-rounded vc_btn3-style-modern vc_btn3-color-danger\" href=\"https:\/\/uninavarra.edu.co\/uninavarra\/sistema-de-gestion-de-calidad\/#1527280798949-72e63b51-b26c\" title=\"\">Quality Processes<\/a><\/div>\n\t<div class=\"wpb_text_column wpb_content_element\" >\n\t\t<div class=\"wpb_wrapper\">\n\t\t\t<p><strong><span style=\"font-size: 20px;\"><span style=\"font-size: 20px;\">International Cooperation<\/span><\/span><\/strong><\/p>\n<ul>\n<li><a href=\"https:\/\/uninavarra.edu.co\/wp-content\/uploads\/2019\/06\/CI-CP-01-Caracterizacion-Cooperaci\u00f3n-internacional-01.pdf\">Characterization<\/a><\/li>\n<li>Procedures<\/li>\n<li>Plans<\/li>\n<li>Instructions<\/li>\n<li>Management Indicator<\/li>\n<\/ul>\n\n\t\t<\/div>\n\t<\/div>\n<div class=\"vc_empty_space\"   style=\"height: 32px\"><span class=\"vc_empty_space_inner\"><\/span><\/div><div class=\"vc_btn3-container vc_btn3-inline vc_do_btn\" ><a class=\"vc_general vc_btn3 vc_btn3-size-md vc_btn3-shape-rounded vc_btn3-style-modern vc_btn3-color-danger\" href=\"https:\/\/uninavarra.edu.co\/pqr\/\" title=\"\">Register PQRS<\/a><\/div>\n\t\t<\/div> \n\t<\/div><div class=\"col-sm-8  vc_\">\n\t\t<div class=\"wpb_wrapper\">\n\t\t\t\n\t<div class=\"wpb_text_column wpb_content_element\" >\n\t\t<div class=\"wpb_wrapper\">\n\t\t\t<table class=\"lista\" style=\"width: 757.309px;\" align=\"center\">\n<tbody>\n<tr class=\"categoria\" style=\"height: 28px;\">\n<td style=\"width: 747px; height: 28px;\" colspan=\"2\" align=\"center\" bgcolor=\"#990000\"><span style=\"color: #ffffff; font-size: 20px;\"><strong>Characterization <\/strong>( 0 )<\/span><\/td>\n<\/tr>\n<tr class=\"datos\" style=\"height: 21px;\">\n<td style=\"width: 747px; height: 21px;\" colspan=\"2\"><img decoding=\"async\" style=\"width: 16px; height: 16px;\" src=\"https:\/\/uninavarra.edu.co\/wp-content\/uploads\/2018\/06\/pdf.gif\" alt=\"\" \/>\u00a0<a href=\"https:\/\/uninavarra.edu.co\/wp-content\/uploads\/2019\/07\/CI-CP-01-Caracterizacion-Cooperaci\u00f3n-internacional-01.pdf\">CI-CP-01 Characterization International Cooperation 01<\/a><\/td>\n<\/tr>\n<tr class=\"categoria\" style=\"height: 28px;\">\n<td style=\"width: 747px; height: 28px;\" colspan=\"2\" align=\"center\" bgcolor=\"#990000\"><span style=\"color: #ffffff; font-size: 20px;\"><strong>Procedures <\/strong>( 2 )<\/span><\/td>\n<\/tr>\n<tr class=\"datos\" style=\"height: 21px;\">\n<td style=\"height: 21px; width: 747px;\" colspan=\"2\"><img decoding=\"async\" style=\"width: 16px; height: 16px;\" src=\"https:\/\/uninavarra.edu.co\/wp-content\/uploads\/2018\/06\/pdf.gif\" alt=\"\" \/>\u00a0<a href=\"https:\/\/uninavarra.edu.co\/wp-content\/uploads\/2018\/11\/CI-PR-01-PROCEDIMIENTO-MOVILIDAD-ESTUDIANTIL-SALIENTE.pdf\">CI-PR-01 Outgoing Student Mobility Procedure<\/a><\/td>\n<\/tr>\n<tr>\n<td style=\"width: 747px;\" colspan=\"2\"><img decoding=\"async\" style=\"width: 16px; height: 16px;\" src=\"https:\/\/uninavarra.edu.co\/wp-content\/uploads\/2018\/06\/pdf.gif\" alt=\"\" \/>\u00a0<a href=\"https:\/\/uninavarra.edu.co\/wp-content\/uploads\/2018\/11\/CI-PR-02-PROCEDIMIENTO-MOVILIDAD-ESTUDIANTIL-ENTRANTE.pdf\">CI-PR-02 Procedure for incoming student mobility<\/a><\/td>\n<\/tr>\n<tr>\n<td style=\"width: 747px;\" colspan=\"2\"><img decoding=\"async\" style=\"width: 16px; height: 16px;\" src=\"https:\/\/uninavarra.edu.co\/wp-content\/uploads\/2018\/06\/pdf.gif\" alt=\"\" \/>\u00a0<a href=\"https:\/\/uninavarra.edu.co\/wp-content\/uploads\/2019\/05\/CI-PR-03-PROCEDIMIENTO-MOVILIDAD-DOCENTE-ENTRANTE-V01.pdf\">CI-PR-03 Incoming Teacher Mobility Procedure V01<\/a><\/td>\n<\/tr>\n<tr class=\"categoria\" style=\"height: 28px;\">\n<td style=\"width: 747px; height: 28px;\" colspan=\"2\" align=\"center\" bgcolor=\"#990000\"><span style=\"font-size: 20px; color: #ffffff;\"><strong>Formats <\/strong>( 6 )<\/span><\/td>\n<\/tr>\n<tr class=\"datos\" style=\"height: 21px;\">\n<td style=\"width: 747px; height: 21px;\" colspan=\"2\"><img decoding=\"async\" class=\"alignnone wp-image-10036\" src=\"https:\/\/uninavarra.edu.co\/wp-content\/uploads\/2018\/06\/docx.gif\" alt=\"\" width=\"17\" height=\"17\" \/>\u00a0<a href=\"https:\/\/uninavarra.edu.co\/wp-content\/uploads\/2018\/11\/CI-FO-01-Formato-de-Solicitud-de-Movilidad-Acad\u00e9mica-o-Investigativa-Estudiantil-Saliente.docx\" rel=\"nofollow\">CI-FO-01 Outgoing Student Academic or Research Mobility Application Form<\/a><\/td>\n<\/tr>\n<tr class=\"datos\" style=\"height: 21px;\">\n<td style=\"width: 747px; height: 21px;\" colspan=\"2\"><img decoding=\"async\" class=\"alignnone wp-image-10036\" src=\"https:\/\/uninavarra.edu.co\/wp-content\/uploads\/2018\/06\/docx.gif\" alt=\"\" width=\"17\" height=\"17\" \/>\u00a0<a href=\"https:\/\/uninavarra.edu.co\/wp-content\/uploads\/2018\/11\/CI-FO-02-Carta-aceptacion-terminos.docx\" rel=\"nofollow\">CI-FO-02 Letter of acceptance terms<\/a><\/td>\n<\/tr>\n<tr class=\"datos\" style=\"height: 21px;\">\n<td style=\"width: 747px; height: 21px;\" colspan=\"2\"><img decoding=\"async\" class=\"alignnone wp-image-10036\" src=\"https:\/\/uninavarra.edu.co\/wp-content\/uploads\/2018\/06\/docx.gif\" alt=\"\" width=\"17\" height=\"17\" \/>\u00a0<a href=\"https:\/\/uninavarra.edu.co\/wp-content\/uploads\/2018\/11\/CI-FO-03-Carta-compromiso-retorno.docx\" rel=\"nofollow\">CI-FO-03 Return commitment letter<\/a><\/td>\n<\/tr>\n<tr class=\"datos\" style=\"height: 21px;\">\n<td style=\"height: 21px; width: 747px;\" colspan=\"2\"><img decoding=\"async\" class=\"alignnone wp-image-10036\" src=\"https:\/\/uninavarra.edu.co\/wp-content\/uploads\/2018\/06\/docx.gif\" alt=\"\" width=\"17\" height=\"17\" \/>\u00a0<a href=\"https:\/\/uninavarra.edu.co\/wp-content\/uploads\/2019\/03\/CI-FO-04-Formato-Solicitud-de-Movilidad-Acad\u00e9mica-o-Investigativa-Estudiantil-Entrante.docx\" rel=\"nofollow\">CI-FO-04 Incoming Student Academic or Research Mobility Application Form<\/a><\/td>\n<\/tr>\n<tr style=\"height: 21px;\">\n<td style=\"height: 21px; width: 747px;\" colspan=\"2\"><img decoding=\"async\" class=\"alignnone wp-image-10036\" src=\"https:\/\/uninavarra.edu.co\/wp-content\/uploads\/2018\/06\/docx.gif\" alt=\"\" width=\"17\" height=\"17\" \/>\u00a0<a href=\"https:\/\/uninavarra.edu.co\/wp-content\/uploads\/2018\/11\/CI-FO-05-Plantilla-Minuta-Convenio-Marco-Cooperaci\u00f3n.doc\" rel=\"nofollow\">CI-FO-05 Template of minutes of the framework cooperation agreement<\/a><\/td>\n<\/tr>\n<tr style=\"height: 21px;\">\n<td style=\"height: 21px; width: 747px;\" colspan=\"2\"><img decoding=\"async\" class=\"alignnone wp-image-10036\" src=\"https:\/\/uninavarra.edu.co\/wp-content\/uploads\/2018\/06\/docx.gif\" alt=\"\" width=\"17\" height=\"17\" \/>\u00a0<a href=\"https:\/\/uninavarra.edu.co\/wp-content\/uploads\/2018\/11\/CI-FO-06-Plantilla-Minuta-Convenio-Especifico-Movilidad-Est-Docentes.doc\" rel=\"nofollow\">CI-FO-06 Template of minutes of specific agreement for mobility of teachers<\/a><\/td>\n<\/tr>\n<tr>\n<td style=\"width: 747px;\" colspan=\"2\"><img decoding=\"async\" class=\"alignnone wp-image-10036\" src=\"https:\/\/uninavarra.edu.co\/wp-content\/uploads\/2018\/06\/docx.gif\" alt=\"\" width=\"17\" height=\"17\" \/>\u00a0<a href=\"https:\/\/uninavarra.edu.co\/wp-content\/uploads\/2019\/05\/CI-FO-07-Plantilla-acuerdo-de-pr\u00f3rroga-convenio-Cooperaci\u00f3n-Internacional.docx\" rel=\"nofollow\">CI-FO-07 International Cooperation Agreement Extension Agreement Template<\/a><\/td>\n<\/tr>\n<tr>\n<td style=\"width: 747px;\" colspan=\"2\"><img decoding=\"async\" class=\"alignnone wp-image-10036\" src=\"https:\/\/uninavarra.edu.co\/wp-content\/uploads\/2018\/06\/docx.gif\" alt=\"\" width=\"17\" height=\"17\" \/>\u00a0<a href=\"https:\/\/uninavarra.edu.co\/wp-content\/uploads\/2019\/05\/CI-FO-08-Plantilla-Carta-de-Respaldo-de-Solicitud-de-visa-de-trabajo_Extranjeros.docx\" rel=\"nofollow\">CI-FO-08 Template letter of support for foreign work visa request<\/a><\/td>\n<\/tr>\n<tr>\n<td style=\"width: 747px;\" colspan=\"2\"><img decoding=\"async\" class=\"alignnone wp-image-10036\" src=\"https:\/\/uninavarra.edu.co\/wp-content\/uploads\/2018\/06\/docx.gif\" alt=\"\" width=\"17\" height=\"17\" \/>\u00a0<a href=\"https:\/\/uninavarra.edu.co\/wp-content\/uploads\/2019\/05\/CI-FO-09-Formato-de-Solicitud-de-Inscripci\u00f3n-Examen-Lengua-Extranjera.docx\" rel=\"nofollow\">CI-FO-09 Foreign Language Examination Application Form<\/a><\/td>\n<\/tr>\n<tr class=\"categoria\" style=\"height: 28px;\">\n<td style=\"width: 665px; height: 28px;\" colspan=\"2\" align=\"center\" bgcolor=\"#990000\"><span style=\"font-size: 20px; color: #ffffff;\"><strong>Instructions <\/strong>( 0 )<\/span><\/td>\n<\/tr>\n<tr class=\"datos\" style=\"height: 21px;\">\n<td style=\"width: 747px; height: 21px;\" colspan=\"2\"><img decoding=\"async\" style=\"width: 16px; height: 16px;\" src=\"https:\/\/uninavarra.edu.co\/wp-content\/uploads\/2018\/06\/pdf.gif\" alt=\"\" \/>\u00a0GT-IT-01-instructive<\/td>\n<\/tr>\n<tr class=\"categoria\" style=\"height: 28px;\">\n<td style=\"width: 665px; height: 28px;\" colspan=\"2\" align=\"center\" bgcolor=\"#990000\"><span style=\"font-size: 20px; color: #ffffff;\"><strong>Management Indicator <\/strong>( 0 )<\/span><\/td>\n<\/tr>\n<tr class=\"datos\" style=\"height: 21px;\">\n<td style=\"width: 747px; height: 21px;\" colspan=\"2\"><img decoding=\"async\" style=\"width: 16px; height: 16px;\" src=\"https:\/\/uninavarra.edu.co\/wp-content\/uploads\/2018\/06\/xlsx.gif\" alt=\"\" \/>\u00a0AC-FO-06 Indicators<\/td>\n<\/tr>\n<\/tbody>\n<\/table>\n\n\t\t<\/div>\n\t<\/div>\n\n\t\t<\/div> \n\t<\/div><\/div><\/div><\/div>\n<\/div>","protected":false},"excerpt":{"rendered":"Procesos de Calidad Cooperaci\u00f3n Internacional Caracterizaci\u00f3n Procedimientos Planes Instructivo Indicador de Gesti\u00f3n Registrar PQRS Caracterizaci\u00f3n ( 0 ) \u00a0CI-CP-01 Caracterizaci\u00f3n Cooperaci\u00f3n internacional 01 Procedimientos ( 2 ) \u00a0CI-PR-01 Procedimiento movilidad [...]","protected":false},"author":3,"featured_media":0,"parent":1039,"menu_order":0,"comment_status":"closed","ping_status":"closed","template":"","meta":{"footnotes":""},"categories":[1],"tags":[],"class_list":["post-12932","page","type-page","status-publish","hentry","category-uncategorized"],"yoast_head":"<!-- This site is optimized with the Yoast SEO plugin v27.4 - https:\/\/yoast.com\/product\/yoast-seo-wordpress\/ -->\n<title>COOPERACI\u00d3N INTERNACIONAL - Uninavarra<\/title>\n<meta name=\"robots\" content=\"index, follow, max-snippet:-1, max-image-preview:large, max-video-preview:-1\" \/>\n<link rel=\"canonical\" href=\"https:\/\/uninavarra.edu.co\/en\/sistema-gestion-calidad-2\/cooperacioninternacional\/\" \/>\n<meta property=\"og:locale\" content=\"en_US\" \/>\n<meta property=\"og:type\" content=\"article\" \/>\n<meta property=\"og:title\" content=\"COOPERACI\u00d3N INTERNACIONAL - Uninavarra\" \/>\n<meta property=\"og:url\" content=\"https:\/\/uninavarra.edu.co\/en\/sistema-gestion-calidad-2\/cooperacioninternacional\/\" \/>\n<meta property=\"og:site_name\" content=\"Uninavarra\" \/>\n<meta property=\"article:publisher\" content=\"https:\/\/www.facebook.com\/UninavarraEduca\" \/>\n<meta property=\"article:modified_time\" content=\"2021-08-09T16:47:12+00:00\" \/>\n<meta property=\"og:image\" content=\"https:\/\/uninavarra.edu.co\/wp-content\/uploads\/2018\/06\/pdf.gif\" \/>\n<meta name=\"twitter:card\" content=\"summary_large_image\" \/>\n<meta name=\"twitter:site\" content=\"@uninavarraeduca\" \/>\n<meta name=\"twitter:label1\" content=\"Est. reading time\" \/>\n\t<meta name=\"twitter:data1\" content=\"1 minute\" \/>\n<script type=\"application\/ld+json\" class=\"yoast-schema-graph\">{\"@context\":\"https:\\\/\\\/schema.org\",\"@graph\":[{\"@type\":\"WebPage\",\"@id\":\"https:\\\/\\\/uninavarra.edu.co\\\/sistema-gestion-calidad-2\\\/cooperacioninternacional\\\/\",\"url\":\"https:\\\/\\\/uninavarra.edu.co\\\/sistema-gestion-calidad-2\\\/cooperacioninternacional\\\/\",\"name\":\"COOPERACI\u00d3N INTERNACIONAL - Uninavarra\",\"isPartOf\":{\"@id\":\"https:\\\/\\\/uninavarra.edu.co\\\/#website\"},\"primaryImageOfPage\":{\"@id\":\"https:\\\/\\\/uninavarra.edu.co\\\/sistema-gestion-calidad-2\\\/cooperacioninternacional\\\/#primaryimage\"},\"image\":{\"@id\":\"https:\\\/\\\/uninavarra.edu.co\\\/sistema-gestion-calidad-2\\\/cooperacioninternacional\\\/#primaryimage\"},\"thumbnailUrl\":\"https:\\\/\\\/uninavarra.edu.co\\\/wp-content\\\/uploads\\\/2018\\\/06\\\/pdf.gif\",\"datePublished\":\"2018-11-16T17:53:49+00:00\",\"dateModified\":\"2021-08-09T16:47:12+00:00\",\"breadcrumb\":{\"@id\":\"https:\\\/\\\/uninavarra.edu.co\\\/sistema-gestion-calidad-2\\\/cooperacioninternacional\\\/#breadcrumb\"},\"inLanguage\":\"en-US\",\"potentialAction\":[{\"@type\":\"ReadAction\",\"target\":[\"https:\\\/\\\/uninavarra.edu.co\\\/sistema-gestion-calidad-2\\\/cooperacioninternacional\\\/\"]}]},{\"@type\":\"ImageObject\",\"inLanguage\":\"en-US\",\"@id\":\"https:\\\/\\\/uninavarra.edu.co\\\/sistema-gestion-calidad-2\\\/cooperacioninternacional\\\/#primaryimage\",\"url\":\"https:\\\/\\\/uninavarra.edu.co\\\/wp-content\\\/uploads\\\/2018\\\/06\\\/pdf.gif\",\"contentUrl\":\"https:\\\/\\\/uninavarra.edu.co\\\/wp-content\\\/uploads\\\/2018\\\/06\\\/pdf.gif\"},{\"@type\":\"BreadcrumbList\",\"@id\":\"https:\\\/\\\/uninavarra.edu.co\\\/sistema-gestion-calidad-2\\\/cooperacioninternacional\\\/#breadcrumb\",\"itemListElement\":[{\"@type\":\"ListItem\",\"position\":1,\"name\":\"Home\",\"item\":\"https:\\\/\\\/uninavarra.edu.co\\\/\"},{\"@type\":\"ListItem\",\"position\":2,\"name\":\"Sistemas de Gesti\u00f3n\",\"item\":\"https:\\\/\\\/uninavarra.edu.co\\\/sistema-gestion-calidad-2\\\/\"},{\"@type\":\"ListItem\",\"position\":3,\"name\":\"COOPERACI\u00d3N INTERNACIONAL\"}]},{\"@type\":\"WebSite\",\"@id\":\"https:\\\/\\\/uninavarra.edu.co\\\/#website\",\"url\":\"https:\\\/\\\/uninavarra.edu.co\\\/\",\"name\":\"UNINAVARRA\",\"description\":\"Haz realidad tu deseo de aprender\",\"publisher\":{\"@id\":\"https:\\\/\\\/uninavarra.edu.co\\\/#organization\"},\"potentialAction\":[{\"@type\":\"SearchAction\",\"target\":{\"@type\":\"EntryPoint\",\"urlTemplate\":\"https:\\\/\\\/uninavarra.edu.co\\\/?s={search_term_string}\"},\"query-input\":{\"@type\":\"PropertyValueSpecification\",\"valueRequired\":true,\"valueName\":\"search_term_string\"}}],\"inLanguage\":\"en-US\"},{\"@type\":\"Organization\",\"@id\":\"https:\\\/\\\/uninavarra.edu.co\\\/#organization\",\"name\":\"Fundaci\u00f3n Universitaria Navarra - UNINAVARRA\",\"url\":\"https:\\\/\\\/uninavarra.edu.co\\\/\",\"logo\":{\"@type\":\"ImageObject\",\"inLanguage\":\"en-US\",\"@id\":\"https:\\\/\\\/uninavarra.edu.co\\\/#\\\/schema\\\/logo\\\/image\\\/\",\"url\":\"https:\\\/\\\/uninavarra.edu.co\\\/wp-content\\\/uploads\\\/2024\\\/06\\\/Escudo-uninavarra-Solo.png\",\"contentUrl\":\"https:\\\/\\\/uninavarra.edu.co\\\/wp-content\\\/uploads\\\/2024\\\/06\\\/Escudo-uninavarra-Solo.png\",\"width\":1500,\"height\":1401,\"caption\":\"Fundaci\u00f3n Universitaria Navarra - UNINAVARRA\"},\"image\":{\"@id\":\"https:\\\/\\\/uninavarra.edu.co\\\/#\\\/schema\\\/logo\\\/image\\\/\"},\"sameAs\":[\"https:\\\/\\\/www.facebook.com\\\/UninavarraEduca\",\"https:\\\/\\\/x.com\\\/uninavarraeduca\",\"https:\\\/\\\/www.instagram.com\\\/uninavarra\\\/?hl=es\",\"https:\\\/\\\/www.linkedin.com\\\/in\\\/fundacin-universitaria-navarra-uninavarra-b41225222\\\/\"]}]}<\/script>\n<!-- \/ Yoast SEO plugin. -->","yoast_head_json":{"title":"COOPERACI\u00d3N INTERNACIONAL - Uninavarra","robots":{"index":"index","follow":"follow","max-snippet":"max-snippet:-1","max-image-preview":"max-image-preview:large","max-video-preview":"max-video-preview:-1"},"canonical":"https:\/\/uninavarra.edu.co\/en\/sistema-gestion-calidad-2\/cooperacioninternacional\/","og_locale":"en_US","og_type":"article","og_title":"COOPERACI\u00d3N INTERNACIONAL - Uninavarra","og_url":"https:\/\/uninavarra.edu.co\/en\/sistema-gestion-calidad-2\/cooperacioninternacional\/","og_site_name":"Uninavarra","article_publisher":"https:\/\/www.facebook.com\/UninavarraEduca","article_modified_time":"2021-08-09T16:47:12+00:00","og_image":[{"url":"https:\/\/uninavarra.edu.co\/wp-content\/uploads\/2018\/06\/pdf.gif","type":"","width":"","height":""}],"twitter_card":"summary_large_image","twitter_site":"@uninavarraeduca","twitter_misc":{"Est. reading time":"1 minute"},"schema":{"@context":"https:\/\/schema.org","@graph":[{"@type":"WebPage","@id":"https:\/\/uninavarra.edu.co\/sistema-gestion-calidad-2\/cooperacioninternacional\/","url":"https:\/\/uninavarra.edu.co\/sistema-gestion-calidad-2\/cooperacioninternacional\/","name":"COOPERACI\u00d3N INTERNACIONAL - Uninavarra","isPartOf":{"@id":"https:\/\/uninavarra.edu.co\/#website"},"primaryImageOfPage":{"@id":"https:\/\/uninavarra.edu.co\/sistema-gestion-calidad-2\/cooperacioninternacional\/#primaryimage"},"image":{"@id":"https:\/\/uninavarra.edu.co\/sistema-gestion-calidad-2\/cooperacioninternacional\/#primaryimage"},"thumbnailUrl":"https:\/\/uninavarra.edu.co\/wp-content\/uploads\/2018\/06\/pdf.gif","datePublished":"2018-11-16T17:53:49+00:00","dateModified":"2021-08-09T16:47:12+00:00","breadcrumb":{"@id":"https:\/\/uninavarra.edu.co\/sistema-gestion-calidad-2\/cooperacioninternacional\/#breadcrumb"},"inLanguage":"en-US","potentialAction":[{"@type":"ReadAction","target":["https:\/\/uninavarra.edu.co\/sistema-gestion-calidad-2\/cooperacioninternacional\/"]}]},{"@type":"ImageObject","inLanguage":"en-US","@id":"https:\/\/uninavarra.edu.co\/sistema-gestion-calidad-2\/cooperacioninternacional\/#primaryimage","url":"https:\/\/uninavarra.edu.co\/wp-content\/uploads\/2018\/06\/pdf.gif","contentUrl":"https:\/\/uninavarra.edu.co\/wp-content\/uploads\/2018\/06\/pdf.gif"},{"@type":"BreadcrumbList","@id":"https:\/\/uninavarra.edu.co\/sistema-gestion-calidad-2\/cooperacioninternacional\/#breadcrumb","itemListElement":[{"@type":"ListItem","position":1,"name":"Home","item":"https:\/\/uninavarra.edu.co\/"},{"@type":"ListItem","position":2,"name":"Sistemas de Gesti\u00f3n","item":"https:\/\/uninavarra.edu.co\/sistema-gestion-calidad-2\/"},{"@type":"ListItem","position":3,"name":"COOPERACI\u00d3N INTERNACIONAL"}]},{"@type":"WebSite","@id":"https:\/\/uninavarra.edu.co\/#website","url":"https:\/\/uninavarra.edu.co\/","name":"UNINAVARRA","description":"Make your desire to learn a reality","publisher":{"@id":"https:\/\/uninavarra.edu.co\/#organization"},"potentialAction":[{"@type":"SearchAction","target":{"@type":"EntryPoint","urlTemplate":"https:\/\/uninavarra.edu.co\/?s={search_term_string}"},"query-input":{"@type":"PropertyValueSpecification","valueRequired":true,"valueName":"search_term_string"}}],"inLanguage":"en-US"},{"@type":"Organization","@id":"https:\/\/uninavarra.edu.co\/#organization","name":"Navarre University Foundation - UNINAVARRA","url":"https:\/\/uninavarra.edu.co\/","logo":{"@type":"ImageObject","inLanguage":"en-US","@id":"https:\/\/uninavarra.edu.co\/#\/schema\/logo\/image\/","url":"https:\/\/uninavarra.edu.co\/wp-content\/uploads\/2024\/06\/Escudo-uninavarra-Solo.png","contentUrl":"https:\/\/uninavarra.edu.co\/wp-content\/uploads\/2024\/06\/Escudo-uninavarra-Solo.png","width":1500,"height":1401,"caption":"Fundaci\u00f3n Universitaria Navarra - UNINAVARRA"},"image":{"@id":"https:\/\/uninavarra.edu.co\/#\/schema\/logo\/image\/"},"sameAs":["https:\/\/www.facebook.com\/UninavarraEduca","https:\/\/x.com\/uninavarraeduca","https:\/\/www.instagram.com\/uninavarra\/?hl=es","https:\/\/www.linkedin.com\/in\/fundacin-universitaria-navarra-uninavarra-b41225222\/"]}]}},"_links":{"self":[{"href":"https:\/\/uninavarra.edu.co\/en\/wp-json\/wp\/v2\/pages\/12932","targetHints":{"allow":["GET"]}}],"collection":[{"href":"https:\/\/uninavarra.edu.co\/en\/wp-json\/wp\/v2\/pages"}],"about":[{"href":"https:\/\/uninavarra.edu.co\/en\/wp-json\/wp\/v2\/types\/page"}],"author":[{"embeddable":true,"href":"https:\/\/uninavarra.edu.co\/en\/wp-json\/wp\/v2\/users\/3"}],"replies":[{"embeddable":true,"href":"https:\/\/uninavarra.edu.co\/en\/wp-json\/wp\/v2\/comments?post=12932"}],"version-history":[{"count":0,"href":"https:\/\/uninavarra.edu.co\/en\/wp-json\/wp\/v2\/pages\/12932\/revisions"}],"up":[{"embeddable":true,"href":"https:\/\/uninavarra.edu.co\/en\/wp-json\/wp\/v2\/pages\/1039"}],"wp:attachment":[{"href":"https:\/\/uninavarra.edu.co\/en\/wp-json\/wp\/v2\/media?parent=12932"}],"wp:term":[{"taxonomy":"category","embeddable":true,"href":"https:\/\/uninavarra.edu.co\/en\/wp-json\/wp\/v2\/categories?post=12932"},{"taxonomy":"post_tag","embeddable":true,"href":"https:\/\/uninavarra.edu.co\/en\/wp-json\/wp\/v2\/tags?post=12932"}],"curies":[{"name":"wp","href":"https:\/\/api.w.org\/{rel}","templated":true}]}}