{"id":1285,"date":"2016-03-07T11:59:09","date_gmt":"2016-03-07T16:59:09","guid":{"rendered":"https:\/\/uninavarra.edu.co\/?page_id=1285"},"modified":"2024-07-28T07:25:48","modified_gmt":"2024-07-28T12:25:48","slug":"gestionadministrativa","status":"publish","type":"page","link":"https:\/\/uninavarra.edu.co\/en\/sistema-gestion-calidad-2\/gestionadministrativa\/","title":{"rendered":"Administrative Management"},"content":{"rendered":"<div class=\"wpb-content-wrapper\"><div class=\"wpb-container\"><div class=\"container\"><div class=\"vc_row wpb_row vc_row-fluid row\"><div class=\"col-sm-4  vc_\">\n\t\t<div class=\"wpb_wrapper\">\n\t\t\t<div class=\"vc_btn3-container vc_btn3-inline vc_do_btn\" ><a class=\"vc_general vc_btn3 vc_btn3-size-md vc_btn3-shape-rounded vc_btn3-style-modern vc_btn3-color-danger\" href=\"https:\/\/uninavarra.edu.co\/uninavarra\/sistema-de-gestion-de-calidad\/#1527280798949-72e63b51-b26c\" title=\"\">Quality Processes<\/a><\/div>\n\t<div class=\"wpb_text_column wpb_content_element\" >\n\t\t<div class=\"wpb_wrapper\">\n\t\t\t<p><strong><span style=\"font-size: 20px;\">Administrative Management<\/span><\/strong><\/p>\n<ul class=\"icon\">\n<li>Characterization<\/li>\n<li>Procedures<\/li>\n<li>Instructions<\/li>\n<li>Plans<\/li>\n<li>Management Indicator<\/li>\n<\/ul>\n\n\t\t<\/div>\n\t<\/div>\n<div class=\"vc_empty_space\"   style=\"height: 32px\"><span class=\"vc_empty_space_inner\"><\/span><\/div><div class=\"vc_btn3-container vc_btn3-inline vc_do_btn\" ><a class=\"vc_general vc_btn3 vc_btn3-size-md vc_btn3-shape-rounded vc_btn3-style-modern vc_btn3-color-danger\" href=\"https:\/\/uninavarra.edu.co\/pqr\/\" title=\"\">Register PQRS<\/a><\/div>\n\t\t<\/div> \n\t<\/div><div class=\"col-sm-8  vc_\">\n\t\t<div class=\"wpb_wrapper\">\n\t\t\t\n\t<div class=\"wpb_text_column wpb_content_element\" >\n\t\t<div class=\"wpb_wrapper\">\n\t\t\t<table class=\"lista\" style=\"width: 757.309px; height: 664px;\" align=\"center\">\n<tbody>\n<tr class=\"categoria\" style=\"height: 28px;\">\n<td style=\"height: 28px;\" colspan=\"2\" align=\"center\" bgcolor=\"#990000\"><span style=\"color: #ffffff; font-size: 20px;\"><strong>Characterization <\/strong>( 1 )<\/span><\/td>\n<\/tr>\n<tr>\n<td style=\"width: 747px;\" colspan=\"2\"><span style=\"color: #ffffff; font-size: 20px;\"><strong><img decoding=\"async\" style=\"width: 16px; height: 16px;\" src=\"https:\/\/uninavarra.edu.co\/wp-content\/uploads\/2018\/06\/pdf.gif\" alt=\"\" \/><\/strong><span style=\"font-size: 16px;\"><a href=\"https:\/\/uninavarra.edu.co\/wp-content\/uploads\/2019\/04\/GF-CP-01-Caracterizacion-Gesti\u00f3n-Administrativa-V04.pdf\" rel=\"nofollow\">GF-CP-01 Administrative Management Characterization V04<\/a><\/span><\/span><\/td>\n<\/tr>\n<tr class=\"categoria\" style=\"height: 28px;\">\n<td style=\"width: 747px; height: 28px;\" colspan=\"2\" align=\"center\" bgcolor=\"#990000\"><span style=\"color: #ffffff;\"><span style=\"font-size: 20px;\"><b>Guides<\/b><\/span><b style=\"font-size: 20px;\">\u00a0( 1 )<\/b><\/span><\/td>\n<\/tr>\n<tr class=\"datos\" style=\"height: 21px;\">\n<td style=\"width: 747px; height: 21px;\" colspan=\"2\"><img decoding=\"async\" style=\"width: 16px; height: 16px;\" src=\"https:\/\/uninavarra.edu.co\/wp-content\/uploads\/2018\/06\/pdf.gif\" alt=\"\" \/>\u00a0<a href=\"https:\/\/uninavarra.edu.co\/wp-content\/uploads\/2019\/08\/GF-DA-01-Pautas-International-House-Revisado-Juridica.pdf\">GF-DA-01 Revised International House Legal Review Guidelines<\/a><\/td>\n<\/tr>\n<tr class=\"categoria\" style=\"height: 28px;\">\n<td style=\"width: 747px; height: 28px;\" colspan=\"2\" align=\"center\" bgcolor=\"#990000\"><span style=\"color: #ffffff; font-size: 20px;\"><strong>Procedures <\/strong>( 3 )<\/span><\/td>\n<\/tr>\n<tr class=\"datos\" style=\"height: 21px;\">\n<td style=\"width: 747px; height: 21px;\" colspan=\"2\"><img decoding=\"async\" style=\"width: 16px; height: 16px;\" src=\"https:\/\/uninavarra.edu.co\/wp-content\/uploads\/2018\/06\/pdf.gif\" alt=\"\" \/>\u00a0<a href=\"https:\/\/uninavarra.edu.co\/wp-content\/uploads\/2019\/04\/GF-PR-01-SELECCI\u00d3N-EVALUACION-SEGUIMIENTO-Y-REEVALUACI\u00d3N-DE-PROVEEDORES_V7.pdf\" rel=\"nofollow\">GF-PR-01 Supplier selection, evaluation, follow-up and re-evaluation V7<\/a><\/td>\n<\/tr>\n<tr class=\"datos\" style=\"height: 21px;\">\n<td style=\"width: 747px; height: 21px;\" colspan=\"2\"><img decoding=\"async\" style=\"width: 16px; height: 16px;\" src=\"https:\/\/uninavarra.edu.co\/wp-content\/uploads\/2018\/06\/pdf.gif\" alt=\"\" \/>\u00a0GF-PR-02 Purchasing Procedure V5<\/td>\n<\/tr>\n<tr class=\"datos\" style=\"height: 21px;\">\n<td style=\"width: 747px; height: 21px;\" colspan=\"2\"><img decoding=\"async\" style=\"width: 16px; height: 16px;\" src=\"https:\/\/uninavarra.edu.co\/wp-content\/uploads\/2018\/06\/pdf.gif\" alt=\"\" \/>\u00a0GF-PR-03 Infrastructure Maintenance Procedure V02<\/td>\n<\/tr>\n<tr class=\"categoria\" style=\"height: 28px;\">\n<td style=\"width: 747px; height: 28px;\" colspan=\"2\" align=\"center\" bgcolor=\"#990000\"><span style=\"font-size: 20px; color: #ffffff;\"><strong>Formats <\/strong>( 21 )<\/span><\/td>\n<\/tr>\n<tr class=\"datos\" style=\"height: 21px;\">\n<td style=\"width: 747px; height: 21px;\" colspan=\"2\"><img decoding=\"async\" style=\"width: 16px; height: 16px;\" src=\"https:\/\/uninavarra.edu.co\/wp-content\/uploads\/2018\/06\/xlsx.gif\" alt=\"\" \/>\u00a0<a href=\"https:\/\/uninavarra.edu.co\/wp-content\/uploads\/2018\/10\/GF-FO-01-Solicitud-de-Materiales-y-Equipos_V7.xlsx\" rel=\"nofollow\">GF-FO-01 Request for materials and equipment_V7<\/a><\/td>\n<\/tr>\n<tr class=\"datos\" style=\"height: 21px;\">\n<td style=\"width: 747px; height: 21px;\" colspan=\"2\"><img decoding=\"async\" style=\"width: 16px; height: 16px;\" src=\"https:\/\/uninavarra.edu.co\/wp-content\/uploads\/2018\/06\/xlsx.gif\" alt=\"\" \/>\u00a0<a href=\"https:\/\/uninavarra.edu.co\/wp-content\/uploads\/2016\/03\/GF-FO-02-Control-de-Entrega-y-Recibido-de-Elementos-y-o-Equipos_V4.xlsx\" rel=\"nofollow\">GF-FO-02 Control of delivery and receipt of items and equipment_V4<\/a><\/td>\n<\/tr>\n<tr class=\"datos\" style=\"height: 21px;\">\n<td style=\"width: 747px; height: 21px;\" colspan=\"2\"><img decoding=\"async\" class=\"alignnone wp-image-10036\" src=\"https:\/\/uninavarra.edu.co\/wp-content\/uploads\/2018\/06\/docx.gif\" alt=\"\" width=\"17\" height=\"17\" \/>\u00a0<a href=\"https:\/\/uninavarra.edu.co\/wp-content\/uploads\/2016\/03\/GF-FO-03-Control-de-Correspondencia-Recibida_V4.docx\" rel=\"nofollow\">GF-FO-03 Control of incoming correspondence_V4<\/a><\/td>\n<\/tr>\n<tr class=\"datos\" style=\"height: 21px;\">\n<td style=\"width: 747px; height: 21px;\" colspan=\"2\"><img decoding=\"async\" style=\"width: 16px; height: 16px;\" src=\"https:\/\/uninavarra.edu.co\/wp-content\/uploads\/2018\/06\/xlsx.gif\" alt=\"\" \/>\u00a0<a href=\"https:\/\/uninavarra.edu.co\/wp-content\/uploads\/2018\/05\/GF-FO-11-Orden-de-Servicio-V03.xlsx\" rel=\"nofollow\">GF-FO-11 Service Order V03<\/a><\/td>\n<\/tr>\n<tr class=\"datos\" style=\"height: 21px;\">\n<td style=\"width: 747px; height: 21px;\" colspan=\"2\"><img decoding=\"async\" style=\"width: 16px; height: 16px;\" src=\"https:\/\/uninavarra.edu.co\/wp-content\/uploads\/2018\/06\/xlsx.gif\" alt=\"\" \/>\u00a0<a href=\"https:\/\/uninavarra.edu.co\/wp-content\/uploads\/2018\/09\/GF-FO-12-Orden-de-Compra-V03.xlsx\" rel=\"nofollow\">GF-FO-12 Purchase Order V03<\/a><\/td>\n<\/tr>\n<tr class=\"datos\" style=\"height: 21px;\">\n<td style=\"width: 747px; height: 21px;\" colspan=\"2\"><img decoding=\"async\" style=\"width: 16px; height: 16px;\" src=\"https:\/\/uninavarra.edu.co\/wp-content\/uploads\/2018\/06\/xlsx.gif\" alt=\"\" \/>\u00a0<a href=\"https:\/\/uninavarra.edu.co\/wp-content\/uploads\/2016\/03\/GF-FO-18-Control-de-Entrada-y-Salida-de-Equipos.xlsx\" rel=\"nofollow\">GF-FO-18 Control of incoming and outgoing equipment<\/a><\/td>\n<\/tr>\n<tr class=\"datos\" style=\"height: 21px;\">\n<td style=\"height: 21px; width: 747px;\" colspan=\"2\"><img decoding=\"async\" class=\"alignnone wp-image-10036\" src=\"https:\/\/uninavarra.edu.co\/wp-content\/uploads\/2018\/06\/docx.gif\" alt=\"\" width=\"17\" height=\"17\" \/>\u00a0<a href=\"https:\/\/uninavarra.edu.co\/wp-content\/uploads\/2016\/03\/GF-FO-19-Control-de-Correspondencia-Enviada.docx\" rel=\"nofollow\">GF-FO-19 Control of sent correspondence<\/a><\/td>\n<\/tr>\n<tr style=\"height: 21px;\">\n<td style=\"width: 747px; height: 21px;\" colspan=\"2\"><img decoding=\"async\" style=\"width: 16px; height: 16px;\" src=\"https:\/\/uninavarra.edu.co\/wp-content\/uploads\/2018\/06\/xlsx.gif\" alt=\"\" \/>\u00a0<a href=\"https:\/\/uninavarra.edu.co\/wp-content\/uploads\/2019\/03\/GF-FO-20-Inscripci\u00f3n-y-o-actualizaci\u00f3n-de-Proveedores-1.xlsx\" rel=\"nofollow\">GF-FO-20 Supplier Registration and or Update<\/a><\/td>\n<\/tr>\n<tr class=\"datos\" style=\"height: 21px;\">\n<td style=\"width: 747px; height: 21px;\" colspan=\"2\"><img decoding=\"async\" style=\"width: 16px; height: 16px;\" src=\"https:\/\/uninavarra.edu.co\/wp-content\/uploads\/2018\/06\/xlsx.gif\" alt=\"\" \/>\u00a0<a href=\"https:\/\/uninavarra.edu.co\/wp-content\/uploads\/2018\/11\/GF-FO-21-Evaluaci\u00f3n-inicial-y-reevaluaci\u00f3n-de-proveedores-V04.xlsx\" rel=\"nofollow\">GF-FO-21 Initial evaluation and re-evaluation of suppliers V04<\/a><\/td>\n<\/tr>\n<tr class=\"datos\" style=\"height: 21px;\">\n<td style=\"width: 747px; height: 21px;\" colspan=\"2\"><img decoding=\"async\" style=\"width: 16px; height: 16px;\" src=\"https:\/\/uninavarra.edu.co\/wp-content\/uploads\/2018\/06\/xlsx.gif\" alt=\"\" \/>\u00a0<a href=\"https:\/\/uninavarra.edu.co\/wp-content\/uploads\/2016\/03\/GF-FO-22-Listado-de-Proveedores-aprobados.xlsx\" rel=\"nofollow\">GF-FO-22 List of approved suppliers<\/a><\/td>\n<\/tr>\n<tr class=\"datos\" style=\"height: 21px;\">\n<td style=\"width: 747px; height: 21px;\" colspan=\"2\"><img decoding=\"async\" style=\"width: 16px; height: 16px;\" src=\"https:\/\/uninavarra.edu.co\/wp-content\/uploads\/2018\/06\/xlsx.gif\" alt=\"\" \/>\u00a0<a href=\"https:\/\/uninavarra.edu.co\/wp-content\/uploads\/2018\/02\/GF-FO-23-Cronograma-de-mantenimiento-V02.xlsx\" rel=\"nofollow\">GF-FO-23 Maintenance Schedule V02<\/a><\/td>\n<\/tr>\n<tr class=\"datos\" style=\"height: 21px;\">\n<td style=\"width: 747px; height: 21px;\" colspan=\"2\"><img decoding=\"async\" style=\"width: 16px; height: 16px;\" src=\"https:\/\/uninavarra.edu.co\/wp-content\/uploads\/2018\/06\/xlsx.gif\" alt=\"\" \/>\u00a0<a href=\"https:\/\/uninavarra.edu.co\/wp-content\/uploads\/2018\/12\/GF-FO-24-CUADRO-COMPARATIVO-DE-COTIZACIONES-V3.xlsx\">GF-FO-24 Comparative table of quotations V3<\/a><\/td>\n<\/tr>\n<tr class=\"datos\" style=\"height: 21px;\">\n<td style=\"width: 747px; height: 21px;\" colspan=\"2\"><img decoding=\"async\" class=\"alignnone wp-image-10036\" src=\"https:\/\/uninavarra.edu.co\/wp-content\/uploads\/2018\/06\/docx.gif\" alt=\"\" width=\"17\" height=\"17\" \/>\u00a0<a href=\"https:\/\/uninavarra.edu.co\/wp-content\/uploads\/2016\/03\/GF-FO-25-ACTA-DE-RECIBIDO-A-SATISFACCION.docx\" rel=\"nofollow\">GF-FO-25 Statement of Receipt to Satisfaction<\/a><\/td>\n<\/tr>\n<tr class=\"datos\" style=\"height: 21px;\">\n<td style=\"width: 747px; height: 21px;\" colspan=\"2\"><img decoding=\"async\" class=\"alignnone wp-image-10036\" src=\"https:\/\/uninavarra.edu.co\/wp-content\/uploads\/2018\/06\/docx.gif\" alt=\"\" width=\"17\" height=\"17\" \/>\u00a0<a href=\"https:\/\/uninavarra.edu.co\/wp-content\/uploads\/2016\/05\/GF-FO-27-Reporte-Da\u00f1os-Administrativos.docx\" rel=\"nofollow\">GF-FO-27 Administrative Damage Report<\/a><\/td>\n<\/tr>\n<tr class=\"datos\" style=\"height: 21px;\">\n<td style=\"width: 747px; height: 21px;\" colspan=\"2\"><img decoding=\"async\" style=\"width: 16px; height: 16px;\" src=\"https:\/\/uninavarra.edu.co\/wp-content\/uploads\/2018\/06\/xlsx.gif\" alt=\"\" \/>\u00a0<a href=\"https:\/\/uninavarra.edu.co\/wp-content\/uploads\/2018\/02\/GF-FO-31-Hoja-de-vida-Equipos-Uninavarra.xlsx\" rel=\"nofollow\">GF-FO-31 UNINAVARRA Equipment Resume<\/a><\/td>\n<\/tr>\n<tr class=\"datos\" style=\"height: 21px;\">\n<td style=\"width: 747px; height: 21px;\" colspan=\"2\"><img decoding=\"async\" style=\"width: 16px; height: 16px;\" src=\"https:\/\/uninavarra.edu.co\/wp-content\/uploads\/2018\/06\/xlsx.gif\" alt=\"\" \/>\u00a0<a href=\"https:\/\/uninavarra.edu.co\/wp-content\/uploads\/2018\/03\/GF-FO-33-Solicitud-de-Libros-y-Revistas-V02-1.xlsx\" rel=\"nofollow\">GF-FO-33 Request for books and periodicals V02<\/a><\/td>\n<\/tr>\n<tr class=\"datos\" style=\"height: 21px;\">\n<td style=\"width: 747px; height: 21px;\" colspan=\"2\"><img decoding=\"async\" style=\"width: 16px; height: 16px;\" src=\"https:\/\/uninavarra.edu.co\/wp-content\/uploads\/2018\/06\/xlsx.gif\" alt=\"\" \/>\u00a0<a href=\"https:\/\/uninavarra.edu.co\/wp-content\/uploads\/2018\/03\/GF-FO-34-Solicitud-de-Tiquetes-y-hospedaje-V01.xlsx\" rel=\"nofollow\">GF-FO-34 Request for tickets and lodging V01<\/a><\/td>\n<\/tr>\n<tr class=\"datos\" style=\"height: 21px;\">\n<td style=\"height: 21px; width: 747px;\" colspan=\"2\"><img decoding=\"async\" class=\"alignnone wp-image-10036\" src=\"https:\/\/uninavarra.edu.co\/wp-content\/uploads\/2018\/06\/docx.gif\" alt=\"\" width=\"17\" height=\"17\" \/>\u00a0<a href=\"https:\/\/uninavarra.edu.co\/wp-content\/uploads\/2018\/04\/GF-FO-35-Inspecci\u00f3n-de-productos-comprados.docx\" rel=\"nofollow\">GF-FO-35 Inspection of purchased products<\/a><\/td>\n<\/tr>\n<tr style=\"height: 21px;\">\n<td style=\"height: 21px; width: 747px;\" colspan=\"2\"><img decoding=\"async\" style=\"width: 16px; height: 16px;\" src=\"https:\/\/uninavarra.edu.co\/wp-content\/uploads\/2018\/06\/xlsx.gif\" alt=\"\" \/>\u00a0<a href=\"https:\/\/uninavarra.edu.co\/wp-content\/uploads\/2018\/07\/GF-FO-36-Seguimiento-de-proveedores-V01.xlsx\" rel=\"nofollow\">GF-FO-36 Supplier follow-up V01<\/a><\/td>\n<\/tr>\n<tr style=\"height: 24px;\">\n<td style=\"height: 24px; width: 747px;\" colspan=\"2\"><img decoding=\"async\" style=\"width: 16px; height: 16px;\" src=\"https:\/\/uninavarra.edu.co\/wp-content\/uploads\/2018\/06\/xlsx.gif\" alt=\"\" \/>\u00a0<a href=\"https:\/\/uninavarra.edu.co\/wp-content\/uploads\/2019\/03\/GF-FO-37-Evaluaci\u00f3n-proveedor-de-Servicio-V01.xlsx\">GF-FO-37 Service provider evaluation V01<\/a><\/td>\n<\/tr>\n<tr style=\"height: 24px;\">\n<td style=\"width: 747px; height: 24px;\" colspan=\"2\"><img decoding=\"async\" style=\"width: 16px; height: 16px;\" src=\"https:\/\/uninavarra.edu.co\/wp-content\/uploads\/2018\/06\/xlsx.gif\" alt=\"\" \/>\u00a0<a href=\"https:\/\/uninavarra.edu.co\/wp-content\/uploads\/2019\/04\/GF-FO-38-Evaluaci\u00f3n-Inicial-proveedores-de-Servicios.xlsx\">GF-FO-38 Initial evaluation of service providers<\/a><\/td>\n<\/tr>\n<tr class=\"categoria\" style=\"height: 28px;\">\n<td style=\"width: 747px; height: 28px;\" colspan=\"2\" align=\"center\" bgcolor=\"#990000\"><span style=\"font-size: 20px; color: #ffffff;\"><strong>Management Indicator <\/strong>( 0 )<\/span><\/td>\n<\/tr>\n<tr class=\"datos\" style=\"height: 21px;\">\n<td style=\"width: 747px; height: 21px;\" colspan=\"2\"><\/td>\n<\/tr>\n<\/tbody>\n<\/table>\n\n\t\t<\/div>\n\t<\/div>\n\n\t\t<\/div> \n\t<\/div><\/div><\/div><\/div>\n<\/div>","protected":false},"excerpt":{"rendered":"Procesos de Calidad Gesti\u00f3n Administrativa Caracterizaci\u00f3n Procedimientos Instructivo Planes Indicador de Gesti\u00f3n Registrar PQRS Caracterizaci\u00f3n ( 1 ) GF-CP-01 Caracterizaci\u00f3n gesti\u00f3n administrativa V04 Gu\u00edas\u00a0( 1 ) \u00a0GF-DA-01 Pautas international house [...]","protected":false},"author":3,"featured_media":0,"parent":1039,"menu_order":0,"comment_status":"closed","ping_status":"closed","template":"","meta":{"footnotes":""},"categories":[1],"tags":[],"class_list":["post-1285","page","type-page","status-publish","hentry","category-uncategorized"],"yoast_head":"<!-- This site is optimized with the Yoast SEO plugin v27.4 - https:\/\/yoast.com\/product\/yoast-seo-wordpress\/ -->\n<title>Gesti\u00f3n Administrativa - Uninavarra<\/title>\n<meta name=\"robots\" content=\"index, follow, max-snippet:-1, max-image-preview:large, max-video-preview:-1\" \/>\n<link rel=\"canonical\" href=\"https:\/\/uninavarra.edu.co\/en\/sistema-gestion-calidad-2\/gestionadministrativa\/\" \/>\n<meta property=\"og:locale\" content=\"en_US\" \/>\n<meta property=\"og:type\" content=\"article\" \/>\n<meta property=\"og:title\" content=\"Gesti\u00f3n Administrativa - Uninavarra\" \/>\n<meta property=\"og:url\" content=\"https:\/\/uninavarra.edu.co\/en\/sistema-gestion-calidad-2\/gestionadministrativa\/\" \/>\n<meta property=\"og:site_name\" content=\"Uninavarra\" \/>\n<meta property=\"article:publisher\" content=\"https:\/\/www.facebook.com\/UninavarraEduca\" \/>\n<meta property=\"article:modified_time\" content=\"2024-07-28T12:25:48+00:00\" \/>\n<meta property=\"og:image\" content=\"https:\/\/uninavarra.edu.co\/wp-content\/uploads\/2018\/06\/pdf.gif\" \/>\n<meta name=\"twitter:card\" content=\"summary_large_image\" \/>\n<meta name=\"twitter:site\" content=\"@uninavarraeduca\" \/>\n<meta name=\"twitter:label1\" content=\"Est. reading time\" \/>\n\t<meta name=\"twitter:data1\" content=\"1 minute\" \/>\n<script type=\"application\/ld+json\" class=\"yoast-schema-graph\">{\"@context\":\"https:\\\/\\\/schema.org\",\"@graph\":[{\"@type\":\"WebPage\",\"@id\":\"https:\\\/\\\/uninavarra.edu.co\\\/sistema-gestion-calidad-2\\\/gestionadministrativa\\\/\",\"url\":\"https:\\\/\\\/uninavarra.edu.co\\\/sistema-gestion-calidad-2\\\/gestionadministrativa\\\/\",\"name\":\"Gesti\u00f3n Administrativa - Uninavarra\",\"isPartOf\":{\"@id\":\"https:\\\/\\\/uninavarra.edu.co\\\/#website\"},\"primaryImageOfPage\":{\"@id\":\"https:\\\/\\\/uninavarra.edu.co\\\/sistema-gestion-calidad-2\\\/gestionadministrativa\\\/#primaryimage\"},\"image\":{\"@id\":\"https:\\\/\\\/uninavarra.edu.co\\\/sistema-gestion-calidad-2\\\/gestionadministrativa\\\/#primaryimage\"},\"thumbnailUrl\":\"https:\\\/\\\/uninavarra.edu.co\\\/wp-content\\\/uploads\\\/2018\\\/06\\\/pdf.gif\",\"datePublished\":\"2016-03-07T16:59:09+00:00\",\"dateModified\":\"2024-07-28T12:25:48+00:00\",\"breadcrumb\":{\"@id\":\"https:\\\/\\\/uninavarra.edu.co\\\/sistema-gestion-calidad-2\\\/gestionadministrativa\\\/#breadcrumb\"},\"inLanguage\":\"en-US\",\"potentialAction\":[{\"@type\":\"ReadAction\",\"target\":[\"https:\\\/\\\/uninavarra.edu.co\\\/sistema-gestion-calidad-2\\\/gestionadministrativa\\\/\"]}]},{\"@type\":\"ImageObject\",\"inLanguage\":\"en-US\",\"@id\":\"https:\\\/\\\/uninavarra.edu.co\\\/sistema-gestion-calidad-2\\\/gestionadministrativa\\\/#primaryimage\",\"url\":\"https:\\\/\\\/uninavarra.edu.co\\\/wp-content\\\/uploads\\\/2018\\\/06\\\/pdf.gif\",\"contentUrl\":\"https:\\\/\\\/uninavarra.edu.co\\\/wp-content\\\/uploads\\\/2018\\\/06\\\/pdf.gif\"},{\"@type\":\"BreadcrumbList\",\"@id\":\"https:\\\/\\\/uninavarra.edu.co\\\/sistema-gestion-calidad-2\\\/gestionadministrativa\\\/#breadcrumb\",\"itemListElement\":[{\"@type\":\"ListItem\",\"position\":1,\"name\":\"Home\",\"item\":\"https:\\\/\\\/uninavarra.edu.co\\\/\"},{\"@type\":\"ListItem\",\"position\":2,\"name\":\"Sistemas de Gesti\u00f3n\",\"item\":\"https:\\\/\\\/uninavarra.edu.co\\\/sistema-gestion-calidad-2\\\/\"},{\"@type\":\"ListItem\",\"position\":3,\"name\":\"Gesti\u00f3n Administrativa\"}]},{\"@type\":\"WebSite\",\"@id\":\"https:\\\/\\\/uninavarra.edu.co\\\/#website\",\"url\":\"https:\\\/\\\/uninavarra.edu.co\\\/\",\"name\":\"UNINAVARRA\",\"description\":\"Haz realidad tu deseo de aprender\",\"publisher\":{\"@id\":\"https:\\\/\\\/uninavarra.edu.co\\\/#organization\"},\"potentialAction\":[{\"@type\":\"SearchAction\",\"target\":{\"@type\":\"EntryPoint\",\"urlTemplate\":\"https:\\\/\\\/uninavarra.edu.co\\\/?s={search_term_string}\"},\"query-input\":{\"@type\":\"PropertyValueSpecification\",\"valueRequired\":true,\"valueName\":\"search_term_string\"}}],\"inLanguage\":\"en-US\"},{\"@type\":\"Organization\",\"@id\":\"https:\\\/\\\/uninavarra.edu.co\\\/#organization\",\"name\":\"Fundaci\u00f3n Universitaria Navarra - UNINAVARRA\",\"url\":\"https:\\\/\\\/uninavarra.edu.co\\\/\",\"logo\":{\"@type\":\"ImageObject\",\"inLanguage\":\"en-US\",\"@id\":\"https:\\\/\\\/uninavarra.edu.co\\\/#\\\/schema\\\/logo\\\/image\\\/\",\"url\":\"https:\\\/\\\/uninavarra.edu.co\\\/wp-content\\\/uploads\\\/2024\\\/06\\\/Escudo-uninavarra-Solo.png\",\"contentUrl\":\"https:\\\/\\\/uninavarra.edu.co\\\/wp-content\\\/uploads\\\/2024\\\/06\\\/Escudo-uninavarra-Solo.png\",\"width\":1500,\"height\":1401,\"caption\":\"Fundaci\u00f3n Universitaria Navarra - UNINAVARRA\"},\"image\":{\"@id\":\"https:\\\/\\\/uninavarra.edu.co\\\/#\\\/schema\\\/logo\\\/image\\\/\"},\"sameAs\":[\"https:\\\/\\\/www.facebook.com\\\/UninavarraEduca\",\"https:\\\/\\\/x.com\\\/uninavarraeduca\",\"https:\\\/\\\/www.instagram.com\\\/uninavarra\\\/?hl=es\",\"https:\\\/\\\/www.linkedin.com\\\/in\\\/fundacin-universitaria-navarra-uninavarra-b41225222\\\/\"]}]}<\/script>\n<!-- \/ Yoast SEO plugin. -->","yoast_head_json":{"title":"Gesti\u00f3n Administrativa - Uninavarra","robots":{"index":"index","follow":"follow","max-snippet":"max-snippet:-1","max-image-preview":"max-image-preview:large","max-video-preview":"max-video-preview:-1"},"canonical":"https:\/\/uninavarra.edu.co\/en\/sistema-gestion-calidad-2\/gestionadministrativa\/","og_locale":"en_US","og_type":"article","og_title":"Gesti\u00f3n Administrativa - Uninavarra","og_url":"https:\/\/uninavarra.edu.co\/en\/sistema-gestion-calidad-2\/gestionadministrativa\/","og_site_name":"Uninavarra","article_publisher":"https:\/\/www.facebook.com\/UninavarraEduca","article_modified_time":"2024-07-28T12:25:48+00:00","og_image":[{"url":"https:\/\/uninavarra.edu.co\/wp-content\/uploads\/2018\/06\/pdf.gif","type":"","width":"","height":""}],"twitter_card":"summary_large_image","twitter_site":"@uninavarraeduca","twitter_misc":{"Est. reading time":"1 minute"},"schema":{"@context":"https:\/\/schema.org","@graph":[{"@type":"WebPage","@id":"https:\/\/uninavarra.edu.co\/sistema-gestion-calidad-2\/gestionadministrativa\/","url":"https:\/\/uninavarra.edu.co\/sistema-gestion-calidad-2\/gestionadministrativa\/","name":"Gesti\u00f3n Administrativa - Uninavarra","isPartOf":{"@id":"https:\/\/uninavarra.edu.co\/#website"},"primaryImageOfPage":{"@id":"https:\/\/uninavarra.edu.co\/sistema-gestion-calidad-2\/gestionadministrativa\/#primaryimage"},"image":{"@id":"https:\/\/uninavarra.edu.co\/sistema-gestion-calidad-2\/gestionadministrativa\/#primaryimage"},"thumbnailUrl":"https:\/\/uninavarra.edu.co\/wp-content\/uploads\/2018\/06\/pdf.gif","datePublished":"2016-03-07T16:59:09+00:00","dateModified":"2024-07-28T12:25:48+00:00","breadcrumb":{"@id":"https:\/\/uninavarra.edu.co\/sistema-gestion-calidad-2\/gestionadministrativa\/#breadcrumb"},"inLanguage":"en-US","potentialAction":[{"@type":"ReadAction","target":["https:\/\/uninavarra.edu.co\/sistema-gestion-calidad-2\/gestionadministrativa\/"]}]},{"@type":"ImageObject","inLanguage":"en-US","@id":"https:\/\/uninavarra.edu.co\/sistema-gestion-calidad-2\/gestionadministrativa\/#primaryimage","url":"https:\/\/uninavarra.edu.co\/wp-content\/uploads\/2018\/06\/pdf.gif","contentUrl":"https:\/\/uninavarra.edu.co\/wp-content\/uploads\/2018\/06\/pdf.gif"},{"@type":"BreadcrumbList","@id":"https:\/\/uninavarra.edu.co\/sistema-gestion-calidad-2\/gestionadministrativa\/#breadcrumb","itemListElement":[{"@type":"ListItem","position":1,"name":"Home","item":"https:\/\/uninavarra.edu.co\/"},{"@type":"ListItem","position":2,"name":"Sistemas de Gesti\u00f3n","item":"https:\/\/uninavarra.edu.co\/sistema-gestion-calidad-2\/"},{"@type":"ListItem","position":3,"name":"Gesti\u00f3n Administrativa"}]},{"@type":"WebSite","@id":"https:\/\/uninavarra.edu.co\/#website","url":"https:\/\/uninavarra.edu.co\/","name":"UNINAVARRA","description":"Make your desire to learn a reality","publisher":{"@id":"https:\/\/uninavarra.edu.co\/#organization"},"potentialAction":[{"@type":"SearchAction","target":{"@type":"EntryPoint","urlTemplate":"https:\/\/uninavarra.edu.co\/?s={search_term_string}"},"query-input":{"@type":"PropertyValueSpecification","valueRequired":true,"valueName":"search_term_string"}}],"inLanguage":"en-US"},{"@type":"Organization","@id":"https:\/\/uninavarra.edu.co\/#organization","name":"Navarre University Foundation - UNINAVARRA","url":"https:\/\/uninavarra.edu.co\/","logo":{"@type":"ImageObject","inLanguage":"en-US","@id":"https:\/\/uninavarra.edu.co\/#\/schema\/logo\/image\/","url":"https:\/\/uninavarra.edu.co\/wp-content\/uploads\/2024\/06\/Escudo-uninavarra-Solo.png","contentUrl":"https:\/\/uninavarra.edu.co\/wp-content\/uploads\/2024\/06\/Escudo-uninavarra-Solo.png","width":1500,"height":1401,"caption":"Fundaci\u00f3n Universitaria Navarra - UNINAVARRA"},"image":{"@id":"https:\/\/uninavarra.edu.co\/#\/schema\/logo\/image\/"},"sameAs":["https:\/\/www.facebook.com\/UninavarraEduca","https:\/\/x.com\/uninavarraeduca","https:\/\/www.instagram.com\/uninavarra\/?hl=es","https:\/\/www.linkedin.com\/in\/fundacin-universitaria-navarra-uninavarra-b41225222\/"]}]}},"_links":{"self":[{"href":"https:\/\/uninavarra.edu.co\/en\/wp-json\/wp\/v2\/pages\/1285","targetHints":{"allow":["GET"]}}],"collection":[{"href":"https:\/\/uninavarra.edu.co\/en\/wp-json\/wp\/v2\/pages"}],"about":[{"href":"https:\/\/uninavarra.edu.co\/en\/wp-json\/wp\/v2\/types\/page"}],"author":[{"embeddable":true,"href":"https:\/\/uninavarra.edu.co\/en\/wp-json\/wp\/v2\/users\/3"}],"replies":[{"embeddable":true,"href":"https:\/\/uninavarra.edu.co\/en\/wp-json\/wp\/v2\/comments?post=1285"}],"version-history":[{"count":0,"href":"https:\/\/uninavarra.edu.co\/en\/wp-json\/wp\/v2\/pages\/1285\/revisions"}],"up":[{"embeddable":true,"href":"https:\/\/uninavarra.edu.co\/en\/wp-json\/wp\/v2\/pages\/1039"}],"wp:attachment":[{"href":"https:\/\/uninavarra.edu.co\/en\/wp-json\/wp\/v2\/media?parent=1285"}],"wp:term":[{"taxonomy":"category","embeddable":true,"href":"https:\/\/uninavarra.edu.co\/en\/wp-json\/wp\/v2\/categories?post=1285"},{"taxonomy":"post_tag","embeddable":true,"href":"https:\/\/uninavarra.edu.co\/en\/wp-json\/wp\/v2\/tags?post=1285"}],"curies":[{"name":"wp","href":"https:\/\/api.w.org\/{rel}","templated":true}]}}