{"id":12483,"date":"2018-10-18T17:07:45","date_gmt":"2018-10-18T22:07:45","guid":{"rendered":"https:\/\/uninavarra.edu.co\/?page_id=12483"},"modified":"2021-08-09T11:47:16","modified_gmt":"2021-08-09T16:47:16","slug":"laboratorios","status":"publish","type":"page","link":"https:\/\/uninavarra.edu.co\/en\/sistema-gestion-calidad-2\/laboratorios\/","title":{"rendered":"LABORATORIES"},"content":{"rendered":"<div class=\"wpb-content-wrapper\"><div class=\"wpb-container\"><div class=\"container\"><div class=\"vc_row wpb_row vc_row-fluid row\"><div class=\"col-sm-4  vc_\">\n\t\t<div class=\"wpb_wrapper\">\n\t\t\t<div class=\"vc_btn3-container vc_btn3-inline vc_do_btn\" ><a class=\"vc_general vc_btn3 vc_btn3-size-md vc_btn3-shape-rounded vc_btn3-style-modern vc_btn3-color-danger\" href=\"https:\/\/uninavarra.edu.co\/uninavarra\/sistema-de-gestion-de-calidad\/#1527280798949-72e63b51-b26c\" title=\"\">Quality Processes<\/a><\/div>\n\t<div class=\"wpb_text_column wpb_content_element\" >\n\t\t<div class=\"wpb_wrapper\">\n\t\t\t<p><span style=\"font-size: 20px;\"><span style=\"font-size: 20px;\"><span style=\"font-size: 20px;\"><b>Laboratories<\/b><\/span><\/span><\/span><\/p>\n<ul>\n<li>Characterization<\/li>\n<li>Procedures<\/li>\n<li>Plans<\/li>\n<li>Instructions<\/li>\n<li>Management Indicator<\/li>\n<\/ul>\n\n\t\t<\/div>\n\t<\/div>\n<div class=\"vc_empty_space\"   style=\"height: 32px\"><span class=\"vc_empty_space_inner\"><\/span><\/div><div class=\"vc_btn3-container vc_btn3-inline vc_do_btn\" ><a class=\"vc_general vc_btn3 vc_btn3-size-md vc_btn3-shape-rounded vc_btn3-style-modern vc_btn3-color-danger\" href=\"https:\/\/uninavarra.edu.co\/pqr\/\" title=\"\">Register PQRS<\/a><\/div>\n\t\t<\/div> \n\t<\/div><div class=\"col-sm-8  vc_\">\n\t\t<div class=\"wpb_wrapper\">\n\t\t\t\n\t<div class=\"wpb_text_column wpb_content_element\" >\n\t\t<div class=\"wpb_wrapper\">\n\t\t\t<h2><span style=\"font-size: 20px;\"><span style=\"font-size: 20px;\">Laboratories<\/span><\/span><\/h2>\n<p>&nbsp;<\/p>\n<table class=\"lista\" style=\"width: 757.309px;\" align=\"center\">\n<tbody>\n<tr class=\"categoria\" style=\"height: 28px;\">\n<td style=\"width: 674px; height: 28px;\" colspan=\"2\" align=\"center\" bgcolor=\"#990000\"><span style=\"color: #ffffff; font-size: 20px;\"><strong>Characterization <\/strong>( 1 )<\/span><\/td>\n<\/tr>\n<tr class=\"datos\" style=\"height: 21px;\">\n<td style=\"width: 674px; height: 21px;\" colspan=\"2\"><img decoding=\"async\" style=\"width: 16px; height: 16px;\" src=\"https:\/\/uninavarra.edu.co\/wp-content\/uploads\/2018\/06\/pdf.gif\" alt=\"\" \/>\u00a0GT-CP-01 Laboratory Characterization<\/td>\n<\/tr>\n<tr class=\"categoria\" style=\"height: 28px;\">\n<td style=\"width: 674px; height: 28px;\" colspan=\"2\" align=\"center\" bgcolor=\"#990000\"><span style=\"color: #ffffff; font-size: 20px;\"><strong>Procedures <\/strong>( 1 )<\/span><\/td>\n<\/tr>\n<tr class=\"datos\" style=\"height: 21px;\">\n<td style=\"width: 750px; height: 21px;\" colspan=\"2\"><img decoding=\"async\" style=\"width: 16px; height: 16px;\" src=\"https:\/\/uninavarra.edu.co\/wp-content\/uploads\/2018\/06\/pdf.gif\" alt=\"\" \/>\u00a0DO-PR-01 Procedure for formalizing agreements V03<\/td>\n<\/tr>\n<tr class=\"categoria\" style=\"height: 28px;\">\n<td style=\"width: 674px; height: 28px;\" colspan=\"2\" align=\"center\" bgcolor=\"#990000\"><span style=\"font-size: 20px; color: #ffffff;\"><strong>Formats <\/strong>( 10 )<\/span><\/td>\n<\/tr>\n<tr class=\"datos\" style=\"height: 21px;\">\n<td style=\"width: 750px; height: 21px;\" colspan=\"2\"><img decoding=\"async\" class=\"alignnone wp-image-10036\" src=\"https:\/\/uninavarra.edu.co\/wp-content\/uploads\/2018\/06\/docx.gif\" alt=\"\" width=\"17\" height=\"17\" \/>\u00a0<a href=\"https:\/\/uninavarra.edu.co\/wp-content\/uploads\/2018\/11\/LB-FO-01-Listado-de-practicas-y-fechas.docx\" rel=\"nofollow\">LB-FO-01 List of internships and dates<\/a><\/td>\n<\/tr>\n<tr class=\"datos\" style=\"height: 21px;\">\n<td style=\"width: 750px; height: 21px;\" colspan=\"2\"><img decoding=\"async\" class=\"alignnone wp-image-10036\" src=\"https:\/\/uninavarra.edu.co\/wp-content\/uploads\/2018\/06\/docx.gif\" alt=\"\" width=\"17\" height=\"17\" \/>\u00a0<a href=\"https:\/\/uninavarra.edu.co\/wp-content\/uploads\/2018\/11\/LB-FO-02-Formato-de-prestamo-de-equipos.docx\" rel=\"nofollow\">LB-FO-02 Equipment Loan Form<\/a><\/td>\n<\/tr>\n<tr class=\"datos\" style=\"height: 21px;\">\n<td style=\"width: 750px; height: 21px;\" colspan=\"2\"><img decoding=\"async\" style=\"width: 16px; height: 16px;\" src=\"https:\/\/uninavarra.edu.co\/wp-content\/uploads\/2018\/06\/xlsx.gif\" alt=\"\" \/>\u00a0<a href=\"https:\/\/uninavarra.edu.co\/wp-content\/uploads\/2018\/11\/LB-FO-03-TARJETA-KARDEX-V02.xlsx\" rel=\"nofollow\">LB-FO-03 Kardex card V02<\/a><\/td>\n<\/tr>\n<tr class=\"datos\" style=\"height: 21px;\">\n<td style=\"height: 21px;\" colspan=\"2\"><img decoding=\"async\" class=\"alignnone wp-image-10036\" src=\"https:\/\/uninavarra.edu.co\/wp-content\/uploads\/2018\/06\/docx.gif\" alt=\"\" width=\"17\" height=\"17\" \/>\u00a0<a href=\"https:\/\/uninavarra.edu.co\/wp-content\/uploads\/2018\/11\/LB-FO-04-Formato-Solicitud-de-Reactivos_V3.docx\" rel=\"nofollow\">LB-FO-04 Reagent Requisition Form_V3<\/a><\/td>\n<\/tr>\n<tr>\n<td colspan=\"2\"><img decoding=\"async\" class=\"alignnone wp-image-10036\" src=\"https:\/\/uninavarra.edu.co\/wp-content\/uploads\/2018\/06\/docx.gif\" alt=\"\" width=\"17\" height=\"17\" \/>\u00a0<a href=\"https:\/\/uninavarra.edu.co\/wp-content\/uploads\/2018\/11\/LB-FO-05-Formato-guia-de-laboratorio-V3.docx\" rel=\"nofollow\">LB-FO-05 Laboratory Guide Format V3<\/a><\/td>\n<\/tr>\n<tr>\n<td colspan=\"2\"><img decoding=\"async\" style=\"width: 16px; height: 16px;\" src=\"https:\/\/uninavarra.edu.co\/wp-content\/uploads\/2018\/06\/xlsx.gif\" alt=\"\" \/>\u00a0<a href=\"https:\/\/uninavarra.edu.co\/wp-content\/uploads\/2018\/11\/LB-FO-06-Solicitud-Prestamo-de-Lab-para-estudiantes-practica-libre.xlsx\" rel=\"nofollow\">LB-FO-06 Lab loan application for free practice students<\/a><\/td>\n<\/tr>\n<tr>\n<td colspan=\"2\"><img decoding=\"async\" style=\"width: 16px; height: 16px;\" src=\"https:\/\/uninavarra.edu.co\/wp-content\/uploads\/2018\/06\/xlsx.gif\" alt=\"\" \/>\u00a0<a href=\"https:\/\/uninavarra.edu.co\/wp-content\/uploads\/2018\/11\/LB-FO-07-solicitud-prestamo-de-Lab-Docentes-practica-libre.xlsx\" rel=\"nofollow\">LB-FO-07 request for loan of teaching laboratories free practice<\/a><\/td>\n<\/tr>\n<tr>\n<td colspan=\"2\"><img decoding=\"async\" style=\"width: 16px; height: 16px;\" src=\"https:\/\/uninavarra.edu.co\/wp-content\/uploads\/2018\/06\/xlsx.gif\" alt=\"\" \/>\u00a0<a href=\"https:\/\/uninavarra.edu.co\/wp-content\/uploads\/2018\/11\/LB-FO-08-CRONOGRAMA-DE-MANTENIMIENTO-PREVENTIVO.xlsx\" rel=\"nofollow\">LB-FO-08 Preventive Maintenance Schedule<\/a><\/td>\n<\/tr>\n<tr>\n<td colspan=\"2\"><img decoding=\"async\" style=\"width: 16px; height: 16px;\" src=\"https:\/\/uninavarra.edu.co\/wp-content\/uploads\/2018\/06\/xlsx.gif\" alt=\"\" \/>\u00a0<a href=\"https:\/\/uninavarra.edu.co\/wp-content\/uploads\/2018\/11\/LB-FO-09-Formato-de-informe-de-servicio-de-mantenimiento.xlsx\" rel=\"nofollow\">LB-FO-09 Maintenance Service Report Format<\/a><\/td>\n<\/tr>\n<tr>\n<td style=\"width: 750px;\" colspan=\"2\"><img decoding=\"async\" style=\"width: 16px; height: 16px;\" src=\"https:\/\/uninavarra.edu.co\/wp-content\/uploads\/2018\/06\/xlsx.gif\" alt=\"\" \/>\u00a0<a href=\"https:\/\/uninavarra.edu.co\/wp-content\/uploads\/2018\/11\/LB-FO-10-Cronograma-de-actividades-practicas-del-laboratorio.xlsx\" rel=\"nofollow\">LB-FO-10 Schedule of activities - laboratory practices<\/a><\/td>\n<\/tr>\n<tr class=\"categoria\" style=\"height: 28px;\">\n<td style=\"width: 674px; height: 28px;\" colspan=\"2\" align=\"center\" bgcolor=\"#990000\"><span style=\"font-size: 20px; color: #ffffff;\"><strong>Instructions <\/strong>( 1 )<\/span><\/td>\n<\/tr>\n<tr class=\"datos\" style=\"height: 21px;\">\n<td style=\"width: 750px; height: 21px;\" colspan=\"2\"><img decoding=\"async\" style=\"width: 16px; height: 16px;\" src=\"https:\/\/uninavarra.edu.co\/wp-content\/uploads\/2018\/06\/pdf.gif\" alt=\"\" \/>\u00a0GT-IT-01-instructive<\/td>\n<\/tr>\n<tr class=\"categoria\" style=\"height: 28px;\">\n<td style=\"width: 674px; height: 28px;\" colspan=\"2\" align=\"center\" bgcolor=\"#990000\"><span style=\"font-size: 20px; color: #ffffff;\"><strong>Supporting Documents\u00a0<\/strong>( 7 )<\/span><\/td>\n<\/tr>\n<tr class=\"datos\" style=\"height: 21px;\">\n<td style=\"height: 21px;\" colspan=\"2\"><img decoding=\"async\" style=\"width: 16px; height: 16px;\" src=\"https:\/\/uninavarra.edu.co\/wp-content\/uploads\/2018\/06\/pdf.gif\" alt=\"\" \/>\u00a0<a href=\"https:\/\/uninavarra.edu.co\/wp-content\/uploads\/2018\/11\/LB-DA-01-NORMAS-DE-BIOSEGURIDAD-LAB-ANATOMIA.pdf\">LB-DA-01 Biosafety standards lab anatomy<\/a><\/td>\n<\/tr>\n<tr>\n<td colspan=\"2\"><img decoding=\"async\" style=\"width: 16px; height: 16px;\" src=\"https:\/\/uninavarra.edu.co\/wp-content\/uploads\/2018\/06\/pdf.gif\" alt=\"\" \/>\u00a0<a href=\"https:\/\/uninavarra.edu.co\/wp-content\/uploads\/2018\/11\/LB-DA-02-NORMAS-DE-BIOSEGURIDAD-PARA-EL-LABORATORIO-DE-MICROBIOLOGIA.pdf\">LB-DA-02 Biosafety Standards for the Microbiology Laboratory<\/a><\/td>\n<\/tr>\n<tr>\n<td colspan=\"2\"><img decoding=\"async\" style=\"width: 16px; height: 16px;\" src=\"https:\/\/uninavarra.edu.co\/wp-content\/uploads\/2018\/06\/pdf.gif\" alt=\"\" \/>\u00a0<a href=\"https:\/\/uninavarra.edu.co\/wp-content\/uploads\/2018\/11\/LB-DA-03-NORMAS-DE-BIOSEGURIDAD-LAB-MICROSCOPIA.pdf\">LB-DA-03 Biosafety standards lab microscopy<\/a><\/td>\n<\/tr>\n<tr>\n<td colspan=\"2\"><img decoding=\"async\" style=\"width: 16px; height: 16px;\" src=\"https:\/\/uninavarra.edu.co\/wp-content\/uploads\/2018\/06\/pdf.gif\" alt=\"\" \/>\u00a0<a href=\"https:\/\/uninavarra.edu.co\/wp-content\/uploads\/2018\/11\/LB-DA-05-NORMAS-DE-BIOSEGURIDAD-PARA-EL-LABORATORIO-DE-SIMULACION.pdf\">LB-DA-05 Biosafety standards for the simulation lab<\/a><\/td>\n<\/tr>\n<tr>\n<td style=\"width: 750px;\" colspan=\"2\"><img decoding=\"async\" style=\"width: 16px; height: 16px;\" src=\"https:\/\/uninavarra.edu.co\/wp-content\/uploads\/2018\/06\/pdf.gif\" alt=\"\" \/>\u00a0<a href=\"https:\/\/uninavarra.edu.co\/wp-content\/uploads\/2018\/11\/LB-DA-06-NORMAS-DE-BIOSEGURIDAD-PARA-EL-LABORATORIO-DE-MULTIDISCIPLINARIO.pdf\">LB-DA-06 Biosafety standards for the multidisciplinary laboratory<\/a><\/td>\n<\/tr>\n<tr>\n<td style=\"width: 750px;\" colspan=\"2\"><img decoding=\"async\" style=\"width: 16px; height: 16px;\" src=\"https:\/\/uninavarra.edu.co\/wp-content\/uploads\/2018\/06\/pdf.gif\" alt=\"\" \/>\u00a0<a href=\"https:\/\/uninavarra.edu.co\/wp-content\/uploads\/2020\/03\/CIRCULAR-DE-LABORATORIOS.pdf\">Laboratory Circular C1<\/a><\/td>\n<\/tr>\n<tr class=\"categoria\" style=\"height: 28px;\">\n<td style=\"width: 674px; height: 28px;\" colspan=\"2\" align=\"center\" bgcolor=\"#990000\"><span style=\"color: #ffffff; font-size: 20px;\"><span style=\"color: #ffffff;\"><span style=\"font-size: 20px;\"><b>Regulations<\/b>( 9 )<\/span><\/span><\/span><\/td>\n<\/tr>\n<tr class=\"datos\" style=\"height: 21px;\">\n<td style=\"height: 21px;\" colspan=\"2\"><img decoding=\"async\" style=\"width: 16px; height: 16px;\" src=\"https:\/\/uninavarra.edu.co\/wp-content\/uploads\/2018\/06\/docx.gif\" alt=\"\" \/>\u00a0<a href=\"https:\/\/uninavarra.edu.co\/wp-content\/uploads\/2020\/03\/DESCRIPCION-DE-FUNCIONES-Y-PERFIL-DE-CARGO-TECNICO-Y-AUXILIARES-DEL-LABORATORIO-DE-ANFITEATRO-HUMANO-UNINAVARRA.docx\">Description of functions and job profile of technicians and assistants of the human amphitheater laboratory Uninavarra<\/a><\/td>\n<\/tr>\n<tr>\n<td colspan=\"2\"><img decoding=\"async\" style=\"width: 16px; height: 16px;\" src=\"https:\/\/uninavarra.edu.co\/wp-content\/uploads\/2018\/06\/docx.gif\" alt=\"\" \/>\u00a0<a href=\"https:\/\/uninavarra.edu.co\/wp-content\/uploads\/2020\/03\/NORMAS-PARA-EL-MANEJO-Y-PROCEDIMIENTOS-CON-CAD\u00c1VERES-O-PIEZAS-ANAT\u00d3MICAS-UNINAVARRA.docx\">Standards for handling and procedures with cadavers or anatomical pieces Uninavarra<\/a><\/td>\n<\/tr>\n<tr>\n<td colspan=\"2\"><img decoding=\"async\" style=\"width: 16px; height: 16px;\" src=\"https:\/\/uninavarra.edu.co\/wp-content\/uploads\/2018\/06\/docx.gif\" alt=\"\" \/>\u00a0<a href=\"https:\/\/uninavarra.edu.co\/wp-content\/uploads\/2020\/03\/ST-PR-08-Limpieza-y-Desinfecci\u00f3n.docx\">ST-PR-08 Cleaning and Disinfection<\/a><\/td>\n<\/tr>\n<tr>\n<td colspan=\"2\"><img decoding=\"async\" style=\"width: 16px; height: 16px;\" src=\"https:\/\/uninavarra.edu.co\/wp-content\/uploads\/2018\/06\/pdf.gif\" alt=\"\" \/>\u00a0<a href=\"https:\/\/uninavarra.edu.co\/wp-content\/uploads\/2020\/03\/ST-PR-08-NORMATIVIDAD-GENERAL-LABORATORIOS.pdf\">ST-PR-08 General laboratory standards<\/a><\/td>\n<\/tr>\n<tr>\n<td colspan=\"2\"><img decoding=\"async\" style=\"width: 16px; height: 16px;\" src=\"https:\/\/uninavarra.edu.co\/wp-content\/uploads\/2018\/06\/pdf.gif\" alt=\"\" \/>\u00a0<a href=\"https:\/\/uninavarra.edu.co\/wp-content\/uploads\/2020\/03\/ST-MA-05-MANUAL-DE-BIOSEGURIDAD-LAB.-MULTI-DISCIPLINARIO.pdf\">ST-MA-05 Biosafety manual multi-disciplinary lab.<\/a><\/td>\n<\/tr>\n<tr>\n<td colspan=\"2\"><img decoding=\"async\" style=\"width: 16px; height: 16px;\" src=\"https:\/\/uninavarra.edu.co\/wp-content\/uploads\/2018\/06\/pdf.gif\" alt=\"\" \/>\u00a0<a href=\"https:\/\/uninavarra.edu.co\/wp-content\/uploads\/2020\/03\/ST-MA-06-MANUAL-DE-BIOSEGURIDAD-LABORATORIO-DE-ANATOMIA.pdf\">ST-MA-06 Biosafety manual for the anatomy laboratory<\/a><\/td>\n<\/tr>\n<tr>\n<td colspan=\"2\"><img decoding=\"async\" style=\"width: 16px; height: 16px;\" src=\"https:\/\/uninavarra.edu.co\/wp-content\/uploads\/2018\/06\/pdf.gif\" alt=\"\" \/>\u00a0<a href=\"https:\/\/uninavarra.edu.co\/wp-content\/uploads\/2020\/03\/ST-MA-08-MANUAL-DE-BIOSEGURIDAD-LAB.-DE-MICROBIOLOGIA.pdf\">ST-MA-08 Biosafety manual for the microbiology lab.<\/a><\/td>\n<\/tr>\n<tr>\n<td colspan=\"2\"><img decoding=\"async\" style=\"width: 16px; height: 16px;\" src=\"https:\/\/uninavarra.edu.co\/wp-content\/uploads\/2018\/06\/pdf.gif\" alt=\"\" \/>\u00a0<a href=\"https:\/\/uninavarra.edu.co\/wp-content\/uploads\/2020\/03\/ST-MA-09-MANUAL-DE-BIOSEGURIDAD-ANFITEATRO.pdf\">ST-MA-09 Amphitheater biosafety manual<\/a><\/td>\n<\/tr>\n<tr>\n<td colspan=\"2\"><img decoding=\"async\" style=\"width: 16px; height: 16px;\" src=\"https:\/\/uninavarra.edu.co\/wp-content\/uploads\/2018\/06\/pdf.gif\" alt=\"\" \/>\u00a0<a href=\"https:\/\/uninavarra.edu.co\/wp-content\/uploads\/2020\/03\/ST-MA-10-MANUAL-DE-BIOSEGURIDAD-LAB.-FISIOLOG\u00cdA.pdf\">ST-MA-10 Biosafety Manual Physiology Lab.<\/a><\/td>\n<\/tr>\n<\/tbody>\n<\/table>\n\n\t\t<\/div>\n\t<\/div>\n\n\t\t<\/div> \n\t<\/div><\/div><\/div><\/div>\n<\/div>","protected":false},"excerpt":{"rendered":"Procesos de Calidad Laboratorios Caracterizaci\u00f3n Procedimientos Planes Instructivo Indicador de Gesti\u00f3n Registrar PQRS Laboratorios &nbsp; Caracterizaci\u00f3n ( 1 ) \u00a0GT-CP-01 Caracterizaci\u00f3n Laboratorios Procedimientos ( 1 ) \u00a0DO-PR-01 Procedimiento de formalizaci\u00f3n [...]","protected":false},"author":3,"featured_media":0,"parent":1039,"menu_order":0,"comment_status":"closed","ping_status":"closed","template":"","meta":{"footnotes":""},"categories":[1],"tags":[],"class_list":["post-12483","page","type-page","status-publish","hentry","category-uncategorized"],"yoast_head":"<!-- This site is optimized with the Yoast SEO plugin v27.2 - https:\/\/yoast.com\/product\/yoast-seo-wordpress\/ -->\n<title>LABORATORIOS - Uninavarra<\/title>\n<meta name=\"robots\" content=\"index, follow, max-snippet:-1, max-image-preview:large, max-video-preview:-1\" \/>\n<link rel=\"canonical\" href=\"https:\/\/uninavarra.edu.co\/en\/sistema-gestion-calidad-2\/laboratorios\/\" \/>\n<meta property=\"og:locale\" content=\"en_US\" \/>\n<meta property=\"og:type\" content=\"article\" \/>\n<meta property=\"og:title\" content=\"LABORATORIOS - Uninavarra\" \/>\n<meta property=\"og:url\" content=\"https:\/\/uninavarra.edu.co\/en\/sistema-gestion-calidad-2\/laboratorios\/\" \/>\n<meta property=\"og:site_name\" content=\"Uninavarra\" \/>\n<meta property=\"article:publisher\" content=\"https:\/\/www.facebook.com\/UninavarraEduca\" \/>\n<meta property=\"article:modified_time\" content=\"2021-08-09T16:47:16+00:00\" \/>\n<meta property=\"og:image\" content=\"https:\/\/uninavarra.edu.co\/wp-content\/uploads\/2018\/06\/pdf.gif\" \/>\n<meta name=\"twitter:card\" content=\"summary_large_image\" \/>\n<meta name=\"twitter:site\" content=\"@uninavarraeduca\" \/>\n<meta name=\"twitter:label1\" content=\"Est. reading time\" \/>\n\t<meta name=\"twitter:data1\" content=\"1 minute\" \/>\n<script type=\"application\/ld+json\" class=\"yoast-schema-graph\">{\"@context\":\"https:\/\/schema.org\",\"@graph\":[{\"@type\":\"WebPage\",\"@id\":\"https:\/\/uninavarra.edu.co\/en\/sistema-gestion-calidad-2\/laboratorios\/\",\"url\":\"https:\/\/uninavarra.edu.co\/en\/sistema-gestion-calidad-2\/laboratorios\/\",\"name\":\"LABORATORIOS - Uninavarra\",\"isPartOf\":{\"@id\":\"https:\/\/uninavarra.edu.co\/#website\"},\"primaryImageOfPage\":{\"@id\":\"https:\/\/uninavarra.edu.co\/en\/sistema-gestion-calidad-2\/laboratorios\/#primaryimage\"},\"image\":{\"@id\":\"https:\/\/uninavarra.edu.co\/en\/sistema-gestion-calidad-2\/laboratorios\/#primaryimage\"},\"thumbnailUrl\":\"https:\/\/uninavarra.edu.co\/wp-content\/uploads\/2018\/06\/pdf.gif\",\"datePublished\":\"2018-10-18T22:07:45+00:00\",\"dateModified\":\"2021-08-09T16:47:16+00:00\",\"breadcrumb\":{\"@id\":\"https:\/\/uninavarra.edu.co\/en\/sistema-gestion-calidad-2\/laboratorios\/#breadcrumb\"},\"inLanguage\":\"en-US\",\"potentialAction\":[{\"@type\":\"ReadAction\",\"target\":[\"https:\/\/uninavarra.edu.co\/en\/sistema-gestion-calidad-2\/laboratorios\/\"]}]},{\"@type\":\"ImageObject\",\"inLanguage\":\"en-US\",\"@id\":\"https:\/\/uninavarra.edu.co\/en\/sistema-gestion-calidad-2\/laboratorios\/#primaryimage\",\"url\":\"https:\/\/uninavarra.edu.co\/wp-content\/uploads\/2018\/06\/pdf.gif\",\"contentUrl\":\"https:\/\/uninavarra.edu.co\/wp-content\/uploads\/2018\/06\/pdf.gif\"},{\"@type\":\"BreadcrumbList\",\"@id\":\"https:\/\/uninavarra.edu.co\/en\/sistema-gestion-calidad-2\/laboratorios\/#breadcrumb\",\"itemListElement\":[{\"@type\":\"ListItem\",\"position\":1,\"name\":\"Home\",\"item\":\"https:\/\/uninavarra.edu.co\/\"},{\"@type\":\"ListItem\",\"position\":2,\"name\":\"Sistemas de Gesti\u00f3n\",\"item\":\"https:\/\/uninavarra.edu.co\/sistema-gestion-calidad-2\/\"},{\"@type\":\"ListItem\",\"position\":3,\"name\":\"LABORATORIOS\"}]},{\"@type\":\"WebSite\",\"@id\":\"https:\/\/uninavarra.edu.co\/#website\",\"url\":\"https:\/\/uninavarra.edu.co\/\",\"name\":\"UNINAVARRA\",\"description\":\"Haz realidad tu deseo de aprender\",\"publisher\":{\"@id\":\"https:\/\/uninavarra.edu.co\/#organization\"},\"potentialAction\":[{\"@type\":\"SearchAction\",\"target\":{\"@type\":\"EntryPoint\",\"urlTemplate\":\"https:\/\/uninavarra.edu.co\/?s={search_term_string}\"},\"query-input\":{\"@type\":\"PropertyValueSpecification\",\"valueRequired\":true,\"valueName\":\"search_term_string\"}}],\"inLanguage\":\"en-US\"},{\"@type\":\"Organization\",\"@id\":\"https:\/\/uninavarra.edu.co\/#organization\",\"name\":\"Fundaci\u00f3n Universitaria Navarra - UNINAVARRA\",\"url\":\"https:\/\/uninavarra.edu.co\/\",\"logo\":{\"@type\":\"ImageObject\",\"inLanguage\":\"en-US\",\"@id\":\"https:\/\/uninavarra.edu.co\/#\/schema\/logo\/image\/\",\"url\":\"https:\/\/uninavarra.edu.co\/wp-content\/uploads\/2024\/06\/Escudo-uninavarra-Solo.png\",\"contentUrl\":\"https:\/\/uninavarra.edu.co\/wp-content\/uploads\/2024\/06\/Escudo-uninavarra-Solo.png\",\"width\":1500,\"height\":1401,\"caption\":\"Fundaci\u00f3n Universitaria Navarra - UNINAVARRA\"},\"image\":{\"@id\":\"https:\/\/uninavarra.edu.co\/#\/schema\/logo\/image\/\"},\"sameAs\":[\"https:\/\/www.facebook.com\/UninavarraEduca\",\"https:\/\/x.com\/uninavarraeduca\",\"https:\/\/www.instagram.com\/uninavarra\/?hl=es\",\"https:\/\/www.linkedin.com\/in\/fundacin-universitaria-navarra-uninavarra-b41225222\/\"]}]}<\/script>\n<!-- \/ Yoast SEO plugin. -->","yoast_head_json":{"title":"LABORATORIOS - Uninavarra","robots":{"index":"index","follow":"follow","max-snippet":"max-snippet:-1","max-image-preview":"max-image-preview:large","max-video-preview":"max-video-preview:-1"},"canonical":"https:\/\/uninavarra.edu.co\/en\/sistema-gestion-calidad-2\/laboratorios\/","og_locale":"en_US","og_type":"article","og_title":"LABORATORIOS - Uninavarra","og_url":"https:\/\/uninavarra.edu.co\/en\/sistema-gestion-calidad-2\/laboratorios\/","og_site_name":"Uninavarra","article_publisher":"https:\/\/www.facebook.com\/UninavarraEduca","article_modified_time":"2021-08-09T16:47:16+00:00","og_image":[{"url":"https:\/\/uninavarra.edu.co\/wp-content\/uploads\/2018\/06\/pdf.gif","type":"","width":"","height":""}],"twitter_card":"summary_large_image","twitter_site":"@uninavarraeduca","twitter_misc":{"Est. reading time":"1 minute"},"schema":{"@context":"https:\/\/schema.org","@graph":[{"@type":"WebPage","@id":"https:\/\/uninavarra.edu.co\/en\/sistema-gestion-calidad-2\/laboratorios\/","url":"https:\/\/uninavarra.edu.co\/en\/sistema-gestion-calidad-2\/laboratorios\/","name":"LABORATORIOS - Uninavarra","isPartOf":{"@id":"https:\/\/uninavarra.edu.co\/#website"},"primaryImageOfPage":{"@id":"https:\/\/uninavarra.edu.co\/en\/sistema-gestion-calidad-2\/laboratorios\/#primaryimage"},"image":{"@id":"https:\/\/uninavarra.edu.co\/en\/sistema-gestion-calidad-2\/laboratorios\/#primaryimage"},"thumbnailUrl":"https:\/\/uninavarra.edu.co\/wp-content\/uploads\/2018\/06\/pdf.gif","datePublished":"2018-10-18T22:07:45+00:00","dateModified":"2021-08-09T16:47:16+00:00","breadcrumb":{"@id":"https:\/\/uninavarra.edu.co\/en\/sistema-gestion-calidad-2\/laboratorios\/#breadcrumb"},"inLanguage":"en-US","potentialAction":[{"@type":"ReadAction","target":["https:\/\/uninavarra.edu.co\/en\/sistema-gestion-calidad-2\/laboratorios\/"]}]},{"@type":"ImageObject","inLanguage":"en-US","@id":"https:\/\/uninavarra.edu.co\/en\/sistema-gestion-calidad-2\/laboratorios\/#primaryimage","url":"https:\/\/uninavarra.edu.co\/wp-content\/uploads\/2018\/06\/pdf.gif","contentUrl":"https:\/\/uninavarra.edu.co\/wp-content\/uploads\/2018\/06\/pdf.gif"},{"@type":"BreadcrumbList","@id":"https:\/\/uninavarra.edu.co\/en\/sistema-gestion-calidad-2\/laboratorios\/#breadcrumb","itemListElement":[{"@type":"ListItem","position":1,"name":"Home","item":"https:\/\/uninavarra.edu.co\/"},{"@type":"ListItem","position":2,"name":"Sistemas de Gesti\u00f3n","item":"https:\/\/uninavarra.edu.co\/sistema-gestion-calidad-2\/"},{"@type":"ListItem","position":3,"name":"LABORATORIOS"}]},{"@type":"WebSite","@id":"https:\/\/uninavarra.edu.co\/#website","url":"https:\/\/uninavarra.edu.co\/","name":"UNINAVARRA","description":"Make your desire to learn a reality","publisher":{"@id":"https:\/\/uninavarra.edu.co\/#organization"},"potentialAction":[{"@type":"SearchAction","target":{"@type":"EntryPoint","urlTemplate":"https:\/\/uninavarra.edu.co\/?s={search_term_string}"},"query-input":{"@type":"PropertyValueSpecification","valueRequired":true,"valueName":"search_term_string"}}],"inLanguage":"en-US"},{"@type":"Organization","@id":"https:\/\/uninavarra.edu.co\/#organization","name":"Navarre University Foundation - UNINAVARRA","url":"https:\/\/uninavarra.edu.co\/","logo":{"@type":"ImageObject","inLanguage":"en-US","@id":"https:\/\/uninavarra.edu.co\/#\/schema\/logo\/image\/","url":"https:\/\/uninavarra.edu.co\/wp-content\/uploads\/2024\/06\/Escudo-uninavarra-Solo.png","contentUrl":"https:\/\/uninavarra.edu.co\/wp-content\/uploads\/2024\/06\/Escudo-uninavarra-Solo.png","width":1500,"height":1401,"caption":"Fundaci\u00f3n Universitaria Navarra - UNINAVARRA"},"image":{"@id":"https:\/\/uninavarra.edu.co\/#\/schema\/logo\/image\/"},"sameAs":["https:\/\/www.facebook.com\/UninavarraEduca","https:\/\/x.com\/uninavarraeduca","https:\/\/www.instagram.com\/uninavarra\/?hl=es","https:\/\/www.linkedin.com\/in\/fundacin-universitaria-navarra-uninavarra-b41225222\/"]}]}},"_links":{"self":[{"href":"https:\/\/uninavarra.edu.co\/en\/wp-json\/wp\/v2\/pages\/12483","targetHints":{"allow":["GET"]}}],"collection":[{"href":"https:\/\/uninavarra.edu.co\/en\/wp-json\/wp\/v2\/pages"}],"about":[{"href":"https:\/\/uninavarra.edu.co\/en\/wp-json\/wp\/v2\/types\/page"}],"author":[{"embeddable":true,"href":"https:\/\/uninavarra.edu.co\/en\/wp-json\/wp\/v2\/users\/3"}],"replies":[{"embeddable":true,"href":"https:\/\/uninavarra.edu.co\/en\/wp-json\/wp\/v2\/comments?post=12483"}],"version-history":[{"count":0,"href":"https:\/\/uninavarra.edu.co\/en\/wp-json\/wp\/v2\/pages\/12483\/revisions"}],"up":[{"embeddable":true,"href":"https:\/\/uninavarra.edu.co\/en\/wp-json\/wp\/v2\/pages\/1039"}],"wp:attachment":[{"href":"https:\/\/uninavarra.edu.co\/en\/wp-json\/wp\/v2\/media?parent=12483"}],"wp:term":[{"taxonomy":"category","embeddable":true,"href":"https:\/\/uninavarra.edu.co\/en\/wp-json\/wp\/v2\/categories?post=12483"},{"taxonomy":"post_tag","embeddable":true,"href":"https:\/\/uninavarra.edu.co\/en\/wp-json\/wp\/v2\/tags?post=12483"}],"curies":[{"name":"wp","href":"https:\/\/api.w.org\/{rel}","templated":true}]}}