{"id":10956,"date":"2018-07-31T17:14:11","date_gmt":"2018-07-31T22:14:11","guid":{"rendered":"https:\/\/uninavarra.edu.co\/?page_id=10956"},"modified":"2026-01-26T11:42:52","modified_gmt":"2026-01-26T16:42:52","slug":"mi-biblioteca-es-tu-biblioteca","status":"publish","type":"page","link":"https:\/\/uninavarra.edu.co\/en\/mi-biblioteca-es-tu-biblioteca\/","title":{"rendered":"My Library is your Library"},"content":{"rendered":"<div class=\"wpb-content-wrapper\"><div data-vc-full-width=\"true\" data-vc-full-width-init=\"false\" data-vc-stretch-content=\"true\" class=\"wpb-container \"><div class=\"container\"><div class=\"vc_row wpb_row vc_row-fluid row \"><div class=\"col-sm-8  vc_\">\n\t\t<div class=\"wpb_wrapper  vc_custom_1573056476503\">\n\t\t\t<div class=\"vc_empty_space\"   style=\"height: 32px\"><span class=\"vc_empty_space_inner\"><\/span><\/div>\n\t<div class=\"wpb_text_column wpb_content_element\" >\n\t\t<div class=\"wpb_wrapper\">\n\t\t\t<p><span class=\"a_GcMg font-feature-liga-off font-feature-clig-off font-feature-calt-off text-decoration-none text-strikethrough-none\">El eje \u201cMi Biblioteca es tu Biblioteca\u201d, busca fomentar el inter\u00e9s por el estudio y contribuir al desarrollo y mejoramiento integral de ni\u00f1os, ni\u00f1as y j\u00f3venes, fortaleciendo sus habilidades cognitivas, acad\u00e9micas y personales.<\/span><\/p>\n\n\t\t<\/div>\n\t<\/div>\n\n\t\t<\/div> \n\t<\/div><div class=\"col-sm-4  vc_\">\n\t\t<div class=\"wpb_wrapper \">\n\t\t\t<div class=\"vc_empty_space\"   style=\"height: 32px\"><span class=\"vc_empty_space_inner\"><\/span><\/div>\n\t<div class=\"wpb_text_column wpb_content_element\" >\n\t\t<div class=\"wpb_wrapper\">\n\t\t\t<div  id=\"jtg-96750\" class=\"modula modula-gallery modula-columns\" data-config=\"{&quot;tabletHeight&quot;:800,&quot;mobileHeight&quot;:800,&quot;desktopHeight&quot;:800,&quot;enableTwitter&quot;:false,&quot;enableWhatsapp&quot;:false,&quot;enableFacebook&quot;:false,&quot;enablePinterest&quot;:false,&quot;enableLinkedin&quot;:false,&quot;enableEmail&quot;:false,&quot;randomFactor&quot;:0.5,&quot;type&quot;:&quot;grid&quot;,&quot;columns&quot;:12,&quot;gutter&quot;:10,&quot;mobileGutter&quot;:10,&quot;tabletGutter&quot;:10,&quot;desktopGutter&quot;:10,&quot;enableResponsive&quot;:true,&quot;tabletColumns&quot;:2,&quot;mobileColumns&quot;:2,&quot;lazyLoad&quot;:0,&quot;lightboxOpts&quot;:{&quot;animated&quot;:true,&quot;Thumbs&quot;:{&quot;type&quot;:&quot;modern&quot;,&quot;showOnStart&quot;:false},&quot;Toolbar&quot;:{&quot;display&quot;:{&quot;right&quot;:[&quot;close&quot;]},&quot;enabled&quot;:true},&quot;Carousel&quot;:{&quot;Panzoom&quot;:{&quot;touch&quot;:true},&quot;infinite&quot;:false},&quot;keyboard&quot;:{&quot;Escape&quot;:&quot;close&quot;,&quot;Delete&quot;:&quot;close&quot;,&quot;Backspace&quot;:&quot;close&quot;,&quot;PageUp&quot;:false,&quot;PageDown&quot;:false,&quot;ArrowUp&quot;:false,&quot;ArrowDown&quot;:false,&quot;ArrowRight&quot;:false,&quot;ArrowLeft&quot;:false},&quot;touch&quot;:false,&quot;backdropClick&quot;:false,&quot;l10n&quot;:{&quot;CLOSE&quot;:&quot;Close&quot;,&quot;NEXT&quot;:&quot;Next&quot;,&quot;PREV&quot;:&quot;Previous&quot;,&quot;Error&quot;:&quot;The requested content cannot be loaded. Please try again later.&quot;,&quot;PLAY_START&quot;:&quot;Start slideshow&quot;,&quot;PLAY_STOP&quot;:&quot;Pause slideshow&quot;,&quot;FULL_SCREEN&quot;:&quot;Full screen&quot;,&quot;THUMBS&quot;:&quot;Thumbnails&quot;,&quot;DOWNLOAD&quot;:&quot;Download&quot;,&quot;SHARE&quot;:&quot;Share&quot;,&quot;ZOOM&quot;:&quot;Zoom&quot;,&quot;EMAIL&quot;:&quot;Here is the link to the image : %%image_link%% and this is the link to the gallery : %%gallery_link%%&quot;,&quot;MODAL&quot;:&quot;You can close this modal content with the ESC key&quot;,&quot;ERROR&quot;:&quot;Something Went Wrong, Please Try Again Later&quot;,&quot;IMAGE_ERROR&quot;:&quot;Image Not Found&quot;,&quot;ELEMENT_NOT_FOUND&quot;:&quot;HTML Element Not Found&quot;,&quot;AJAX_NOT_FOUND&quot;:&quot;Error Loading AJAX : Not Found&quot;,&quot;AJAX_FORBIDDEN&quot;:&quot;Error Loading AJAX : Forbidden&quot;,&quot;IFRAME_ERROR&quot;:&quot;Error Loading Page&quot;,&quot;TOGGLE_ZOOM&quot;:&quot;Toggle zoom level&quot;,&quot;TOGGLE_THUMBS&quot;:&quot;Toggle thumbnails&quot;,&quot;TOGGLE_SLIDESHOW&quot;:&quot;Toggle slideshow&quot;,&quot;TOGGLE_FULLSCREEN&quot;:&quot;Toggle full-screen mode&quot;},&quot;Images&quot;:{&quot;Panzoom&quot;:{&quot;maxScale&quot;:2}},&quot;mainClass&quot;:&quot;modula-fancybox-container modula-lightbox-jtg-96750&quot;,&quot;Html&quot;:{&quot;videoAutoplay&quot;:0,&quot;videoTpl&quot;:&quot;&lt;video class=\\&quot;fancybox__html5video\\&quot; controls muted playsinline controlsList controlsList=\\&quot;nodownload\\&quot; poster=\\&quot;{{poster}}\\&quot; src=\\&quot;{{src}}\\&quot; type=\\&quot;{{format}}\\&quot; &gt;  Sorry, your browser doesn&#039;t support embedded videos, &lt;a href=\\&quot;{{src}}\\&quot;&gt; download &lt;\\\/a&gt; and watch with your favorite video player! &lt;\\\/video&gt;&quot;}},&quot;inView&quot;:false,&quot;email_subject&quot;:&quot;Check out this awesome image !!&quot;,&quot;email_message&quot;:&quot;Here is the link to the image : %%image_link%% and this is the link to the gallery : %%gallery_link%%&quot;,&quot;grid_type&quot;:&quot;2&quot;,&quot;rowHeight&quot;:250,&quot;lastRow&quot;:&quot;justify&quot;,&quot;lightbox&quot;:&quot;fancybox&quot;}\">\n\n\t<div class=\"modula-grid-sizer\"> <\/div>\n\t<div  class=\"modula-items grid-gallery\">\n\t\t<div class=\"modula-item effect-pufrobo\" >\n\t<div class=\"modula-item-overlay\"><\/div>\n\n\t<div class=\"modula-item-content\">\n\n\t\t<a data-image-id=\"96748\" role=\"button\" data-elementor-open-lightbox=\"no\" tabindex=\"0\" rel=\"jtg-96750\" data-caption=\"\" aria-label=\"Open image in lightbox\" class=\"tile-inner modula-item-link\"><\/a><img fetchpriority=\"high\" decoding=\"async\" class=\"pic wp-image-96748\"  data-valign=\"middle\" data-halign=\"center\" alt=\"\" data-full=\"https:\/\/uninavarra.edu.co\/wp-content\/uploads\/2026\/01\/Mi-biblioteca-es-tu-biblioteca-1.jpg\" title=\"Mi biblioteca es tu biblioteca -1\" crop=\"\" width=\"1071\" height=\"1428\" src=\"https:\/\/uninavarra.edu.co\/wp-content\/uploads\/2026\/01\/Mi-biblioteca-es-tu-biblioteca-1-rotated.jpg\" data-src=\"https:\/\/uninavarra.edu.co\/wp-content\/uploads\/2026\/01\/Mi-biblioteca-es-tu-biblioteca-1-rotated.jpg\" data-caption=\"\" srcset=\"https:\/\/uninavarra.edu.co\/wp-content\/uploads\/2026\/01\/Mi-biblioteca-es-tu-biblioteca-1-rotated.jpg 1071w, https:\/\/uninavarra.edu.co\/wp-content\/uploads\/2026\/01\/Mi-biblioteca-es-tu-biblioteca-1-225x300.jpg 225w, https:\/\/uninavarra.edu.co\/wp-content\/uploads\/2026\/01\/Mi-biblioteca-es-tu-biblioteca-1-768x1024.jpg 768w, https:\/\/uninavarra.edu.co\/wp-content\/uploads\/2026\/01\/Mi-biblioteca-es-tu-biblioteca-1-113x150.jpg 113w, https:\/\/uninavarra.edu.co\/wp-content\/uploads\/2026\/01\/Mi-biblioteca-es-tu-biblioteca-1-9x12.jpg 9w\" sizes=\"(max-width: 1071px) 100vw, 1071px\" \/>\n\t\t<div class=\"figc no-description\">\n\t\t\t<div class=\"figc-inner\">\n\t\t\t\t\t\t\t\t\t\t\t\t\t\t\t<\/div>\n\t\t<\/div>\n\n\t<\/div>\n\n<\/div><div class=\"modula-item effect-pufrobo\" >\n\t<div class=\"modula-item-overlay\"><\/div>\n\n\t<div class=\"modula-item-content\">\n\n\t\t<a data-image-id=\"96749\" role=\"button\" data-elementor-open-lightbox=\"no\" tabindex=\"0\" rel=\"jtg-96750\" data-caption=\"\" aria-label=\"Open image in lightbox\" class=\"tile-inner modula-item-link\"><\/a><img decoding=\"async\" class=\"pic wp-image-96749\"  data-valign=\"middle\" data-halign=\"center\" alt=\"\" data-full=\"https:\/\/uninavarra.edu.co\/wp-content\/uploads\/2026\/01\/Mi-biblioteca-es-tu-biblioteca-2.jpg\" title=\"Mi biblioteca es tu biblioteca -2\" crop=\"\" width=\"756\" height=\"1008\" src=\"https:\/\/uninavarra.edu.co\/wp-content\/uploads\/2026\/01\/Mi-biblioteca-es-tu-biblioteca-2-rotated.jpg\" data-src=\"https:\/\/uninavarra.edu.co\/wp-content\/uploads\/2026\/01\/Mi-biblioteca-es-tu-biblioteca-2-rotated.jpg\" data-caption=\"\" srcset=\"https:\/\/uninavarra.edu.co\/wp-content\/uploads\/2026\/01\/Mi-biblioteca-es-tu-biblioteca-2-rotated.jpg 756w, https:\/\/uninavarra.edu.co\/wp-content\/uploads\/2026\/01\/Mi-biblioteca-es-tu-biblioteca-2-225x300.jpg 225w, https:\/\/uninavarra.edu.co\/wp-content\/uploads\/2026\/01\/Mi-biblioteca-es-tu-biblioteca-2-113x150.jpg 113w, https:\/\/uninavarra.edu.co\/wp-content\/uploads\/2026\/01\/Mi-biblioteca-es-tu-biblioteca-2-9x12.jpg 9w\" sizes=\"(max-width: 756px) 100vw, 756px\" \/>\n\t\t<div class=\"figc no-description\">\n\t\t\t<div class=\"figc-inner\">\n\t\t\t\t\t\t\t\t\t\t\t\t\t\t\t<\/div>\n\t\t<\/div>\n\n\t<\/div>\n\n<\/div><div class=\"modula-item effect-pufrobo\" >\n\t<div class=\"modula-item-overlay\"><\/div>\n\n\t<div class=\"modula-item-content\">\n\n\t\t<a data-image-id=\"96746\" role=\"button\" data-elementor-open-lightbox=\"no\" tabindex=\"0\" rel=\"jtg-96750\" data-caption=\"\" aria-label=\"Open image in lightbox\" class=\"tile-inner modula-item-link\"><\/a><img decoding=\"async\" class=\"pic wp-image-96746\"  data-valign=\"middle\" data-halign=\"center\" alt=\"\" data-full=\"https:\/\/uninavarra.edu.co\/wp-content\/uploads\/2026\/01\/Mi-biblioteca-es-tu-biblioteca-3.jpeg\" title=\"Mi biblioteca es tu biblioteca -3\" crop=\"\" width=\"240\" height=\"320\" src=\"https:\/\/uninavarra.edu.co\/wp-content\/uploads\/2026\/01\/Mi-biblioteca-es-tu-biblioteca-3.jpeg\" data-src=\"https:\/\/uninavarra.edu.co\/wp-content\/uploads\/2026\/01\/Mi-biblioteca-es-tu-biblioteca-3.jpeg\" data-caption=\"\" srcset=\"https:\/\/uninavarra.edu.co\/wp-content\/uploads\/2026\/01\/Mi-biblioteca-es-tu-biblioteca-3.jpeg 240w, https:\/\/uninavarra.edu.co\/wp-content\/uploads\/2026\/01\/Mi-biblioteca-es-tu-biblioteca-3-225x300.jpeg 225w, https:\/\/uninavarra.edu.co\/wp-content\/uploads\/2026\/01\/Mi-biblioteca-es-tu-biblioteca-3-113x150.jpeg 113w, https:\/\/uninavarra.edu.co\/wp-content\/uploads\/2026\/01\/Mi-biblioteca-es-tu-biblioteca-3-9x12.jpeg 9w\" sizes=\"(max-width: 240px) 100vw, 240px\" \/>\n\t\t<div class=\"figc no-description\">\n\t\t\t<div class=\"figc-inner\">\n\t\t\t\t\t\t\t\t\t\t\t\t\t\t\t<\/div>\n\t\t<\/div>\n\n\t<\/div>\n\n<\/div><div class=\"modula-item effect-pufrobo\" >\n\t<div class=\"modula-item-overlay\"><\/div>\n\n\t<div class=\"modula-item-content\">\n\n\t\t<a data-image-id=\"96747\" role=\"button\" data-elementor-open-lightbox=\"no\" tabindex=\"0\" rel=\"jtg-96750\" data-caption=\"\" aria-label=\"Open image in lightbox\" class=\"tile-inner modula-item-link\"><\/a><img loading=\"lazy\" decoding=\"async\" class=\"pic wp-image-96747\"  data-valign=\"middle\" data-halign=\"center\" alt=\"\" data-full=\"https:\/\/uninavarra.edu.co\/wp-content\/uploads\/2026\/01\/Mi-biblioteca-es-tu-biblioteca-4.jpeg\" title=\"Mi biblioteca es tu biblioteca -4\" crop=\"\" width=\"240\" height=\"320\" src=\"https:\/\/uninavarra.edu.co\/wp-content\/uploads\/2026\/01\/Mi-biblioteca-es-tu-biblioteca-4.jpeg\" data-src=\"https:\/\/uninavarra.edu.co\/wp-content\/uploads\/2026\/01\/Mi-biblioteca-es-tu-biblioteca-4.jpeg\" data-caption=\"\" srcset=\"https:\/\/uninavarra.edu.co\/wp-content\/uploads\/2026\/01\/Mi-biblioteca-es-tu-biblioteca-4.jpeg 240w, https:\/\/uninavarra.edu.co\/wp-content\/uploads\/2026\/01\/Mi-biblioteca-es-tu-biblioteca-4-225x300.jpeg 225w, https:\/\/uninavarra.edu.co\/wp-content\/uploads\/2026\/01\/Mi-biblioteca-es-tu-biblioteca-4-113x150.jpeg 113w, https:\/\/uninavarra.edu.co\/wp-content\/uploads\/2026\/01\/Mi-biblioteca-es-tu-biblioteca-4-9x12.jpeg 9w\" sizes=\"(max-width: 240px) 100vw, 240px\" \/>\n\t\t<div class=\"figc no-description\">\n\t\t\t<div class=\"figc-inner\">\n\t\t\t\t\t\t\t\t\t\t\t\t\t\t\t<\/div>\n\t\t<\/div>\n\n\t<\/div>\n\n<\/div>\t\t\n\t<\/div>\n\n\t\n\t\n\t<script type=\"application\/ld+json\">\n\t{\n\t\t\"@context\": \"http:\/\/schema.org\",\n\t\t\"@type\"   : \"ImageGallery\",\n\t\t\"id\"      : \"https:\/\/uninavarra.edu.co\/en\/mi-biblioteca-es-tu-biblioteca\/\",\n\t\t\"url\"     : \"https:\/\/uninavarra.edu.co\/en\/mi-biblioteca-es-tu-biblioteca\/\"\n\t}\n\n\t<\/script>\n\n\t\n<\/div>\n\n\n\t\t<\/div>\n\t<\/div>\n\n\t\t<\/div> \n\t<\/div><\/div><\/div><\/div><div class=\"vc_row-full-width\"><\/div><div class=\"wpb-container \"><div class=\"container\"><div class=\"vc_row wpb_row vc_row-fluid row \"><div class=\"col-sm-12  vc_\">\n\t\t<div class=\"wpb_wrapper \">\n\t\t\t\n\t<div class=\"wpb_text_column wpb_content_element\" >\n\t\t<div class=\"wpb_wrapper\">\n\t\t\t\n\n\t\t<\/div>\n\t<\/div>\n\n\t\t<\/div> \n\t<\/div><\/div><\/div><\/div><div class=\"wpb-container \"><div class=\"container\"><div class=\"vc_row wpb_row vc_row-fluid row \"><div class=\"col-sm-12  vc_\">\n\t\t<div class=\"wpb_wrapper \">\n\t\t\t\n\t<div class=\"wpb_raw_code wpb_raw_html wpb_content_element\" >\n\t\t<div class=\"wpb_wrapper\">\n\t\t\t<div style=\"width: 100%; height: 80vh; display: flex; justify-content: center; align-items: center;\">\n    <iframe \n        src=\"https:\/\/lookerstudio.google.com\/embed\/reporting\/3104fb56-91d9-4f67-a77e-492b20de8867\/page\/6rT6E\"\n        frameborder=\"0\" \n        style=\"width: 100%; height: 100%; border: none;\" \n        allowfullscreen>\n    <\/iframe>\n<\/div>\n\n\t\t<\/div>\n\t<\/div>\n\n\t<div class=\"wpb_raw_code wpb_raw_html wpb_content_element\" >\n\t\t<div class=\"wpb_wrapper\">\n\t\t\t<marquee>MI BIBLIOTECA ES TU BIBLIOTECA<\/marquee>\n\t\t<\/div>\n\t<\/div>\n\n\t<div class=\"wpb_text_column wpb_content_element\" >\n\t\t<div class=\"wpb_wrapper\">\n\t\t\t<p style=\"text-align: justify;\"><span style=\"font-size: 20px;\">El eje &#8220;Mi Biblioteca es tu Biblioteca\u201d, respaldado por la Facultad de Humanidades y Ciencias Sociales, ofrece apoyo acad\u00e9mico integral a estudiantes con dificultades en comprensi\u00f3n lectora, l\u00f3gica matem\u00e1tica e ingl\u00e9s. A trav\u00e9s de estrategias de lectura cr\u00edtica, pensamiento l\u00f3gico y metodolog\u00edas din\u00e1micas para el aprendizaje del ingl\u00e9s, busca fortalecer estas \u00e1reas clave y mejorar el rendimiento escolar.<\/span><\/p>\n\n\t\t<\/div>\n\t<\/div>\n\n\t\t<\/div> \n\t<\/div><\/div><\/div><\/div><div class=\"wpb-container \"><div class=\"container\"><div class=\"vc_row wpb_row vc_row-fluid row \"><div class=\"col-sm-12  vc_\">\n\t\t<div class=\"wpb_wrapper \">\n\t\t\t\n\t<div class=\"wpb_raw_code wpb_raw_html wpb_content_element\" >\n\t\t<div class=\"wpb_wrapper\">\n\t\t\t<link rel=\"preconnect\" href=\"https:\/\/fonts.gstatic.com\">\n<link href=\"https:\/\/fonts.googleapis.com\/css2?family=Raleway:ital,wght@0,400;0,700;1,400&display=swap\" rel=\"stylesheet\">\n<link href=\"https:\/\/fonts.googleapis.com\/css2?family=Lato:wght@400;700&display=swap\" rel=\"stylesheet\">\n<link href=\"https:\/\/fonts.googleapis.com\/icon?family=Material+Icons\" rel=\"stylesheet\">\n\n<style>\n\/* Arregla el tama\u00f1o de la letra del slider cina ya que esta en 'rem' *\/ html {font-size: 100%} .navbar-mega .navbar-nav > li .dropdown-menu li a {font-size: 14px !important;}\n\n\/* CAMBIO COLOR DE LA LETRA Y ESTILO *\/\n#wpo-mainbody, #wpo-mainbody h2, #wpo-mainbody h3, #wpo-mainbody h4, #wpo-mainbody p, #wpo-mainbody a, #wpo-mainbody strong, #wpo-mainbody em, #wpo-mainbody th, #wpo-mainbody tr, #wpo-mainbody td, #wpo-mainbody ol, #wpo-mainbody ul, #wpo-mainbody li, #wpo-mainbody :after {\n    font-family: 'Raleway', sans-serif\n}\n\n#wpo-mainbody p {\n    font-size: 18px;\n    line-height: 30px;\n}\n\n#wpo-mainbody li {\n    font-size: 18px;\n    line-height: 30px;\n}\n\n#wpo-mainbody a {\n    text-decoration: none;\n    \/*color: #555;*\/\n}\n\n#wpo-mainbody a:hover {\n    transition: 0.4s;\n    \/*color: rgb(239, 184, 16);*\/\n}\n\n#wpo-mainbody strong {\n    line-height: 30px\n}\n\n\/* Estilo Aplicado en Listas de Semilleros de los Grupos de Investigaci\u00f3n *\/\n#wpo-mainbody .lista_semilleros ul {\n    padding-inline-start: 35px;\n}\n\n#wpo-mainbody .lista_semilleros li {\n\tline-height: 20px\n}\n\n#wpo-mainbody .lista_semilleros ul li {\n\tfont-size: 15px;\n\tmargin-left: 20px;\n\tmargin-bottom: 15px\n}\n\n#wpo-mainbody .lista_semilleros li:last-child ul li {\n\tmargin-bottom: 0\n}\n\n#wpo-mainbody .lista_semilleros ul li:before {\n    position: absolute;\n    background: none;\n}\n<\/style>\n\t\t<\/div>\n\t<\/div>\n\n\t\t<\/div> \n\t<\/div><\/div><\/div><\/div>\n<\/div>","protected":false},"excerpt":{"rendered":"El eje \u201cMi Biblioteca es tu Biblioteca\u201d, busca fomentar el inter\u00e9s por el estudio y contribuir al desarrollo y mejoramiento integral de ni\u00f1os, ni\u00f1as y j\u00f3venes, fortaleciendo sus habilidades cognitivas, [...]","protected":false},"author":3,"featured_media":96745,"parent":0,"menu_order":0,"comment_status":"closed","ping_status":"closed","template":"","meta":{"footnotes":""},"categories":[1],"tags":[],"class_list":["post-10956","page","type-page","status-publish","has-post-thumbnail","hentry","category-uncategorized"],"yoast_head":"<!-- This site is optimized with the Yoast SEO plugin v27.4 - https:\/\/yoast.com\/product\/yoast-seo-wordpress\/ -->\n<title>Mi Biblioteca es tu Biblioteca - Uninavarra<\/title>\n<meta name=\"robots\" content=\"index, follow, max-snippet:-1, max-image-preview:large, max-video-preview:-1\" \/>\n<link rel=\"canonical\" href=\"https:\/\/uninavarra.edu.co\/en\/mi-biblioteca-es-tu-biblioteca\/\" \/>\n<meta property=\"og:locale\" content=\"en_US\" \/>\n<meta property=\"og:type\" content=\"article\" \/>\n<meta property=\"og:title\" content=\"Mi Biblioteca es tu Biblioteca - Uninavarra\" \/>\n<meta property=\"og:url\" content=\"https:\/\/uninavarra.edu.co\/en\/mi-biblioteca-es-tu-biblioteca\/\" \/>\n<meta property=\"og:site_name\" content=\"Uninavarra\" \/>\n<meta property=\"article:publisher\" content=\"https:\/\/www.facebook.com\/UninavarraEduca\" \/>\n<meta property=\"article:modified_time\" content=\"2026-01-26T16:42:52+00:00\" \/>\n<meta property=\"og:image\" content=\"https:\/\/uninavarra.edu.co\/wp-content\/uploads\/2026\/01\/banner-proyeccion-social-mi-biblioteca-es-tu-biblioteca.jpg\" \/>\n\t<meta property=\"og:image:width\" content=\"2000\" \/>\n\t<meta property=\"og:image:height\" content=\"454\" \/>\n\t<meta property=\"og:image:type\" content=\"image\/jpeg\" \/>\n<meta name=\"twitter:card\" content=\"summary_large_image\" \/>\n<meta name=\"twitter:site\" content=\"@uninavarraeduca\" \/>\n<meta name=\"twitter:label1\" content=\"Est. reading time\" \/>\n\t<meta name=\"twitter:data1\" content=\"1 minute\" \/>\n<script type=\"application\/ld+json\" class=\"yoast-schema-graph\">{\"@context\":\"https:\\\/\\\/schema.org\",\"@graph\":[{\"@type\":\"WebPage\",\"@id\":\"https:\\\/\\\/uninavarra.edu.co\\\/mi-biblioteca-es-tu-biblioteca\\\/\",\"url\":\"https:\\\/\\\/uninavarra.edu.co\\\/mi-biblioteca-es-tu-biblioteca\\\/\",\"name\":\"Mi Biblioteca es tu Biblioteca - Uninavarra\",\"isPartOf\":{\"@id\":\"https:\\\/\\\/uninavarra.edu.co\\\/#website\"},\"primaryImageOfPage\":{\"@id\":\"https:\\\/\\\/uninavarra.edu.co\\\/mi-biblioteca-es-tu-biblioteca\\\/#primaryimage\"},\"image\":{\"@id\":\"https:\\\/\\\/uninavarra.edu.co\\\/mi-biblioteca-es-tu-biblioteca\\\/#primaryimage\"},\"thumbnailUrl\":\"https:\\\/\\\/uninavarra.edu.co\\\/wp-content\\\/uploads\\\/2026\\\/01\\\/banner-proyeccion-social-mi-biblioteca-es-tu-biblioteca.jpg\",\"datePublished\":\"2018-07-31T22:14:11+00:00\",\"dateModified\":\"2026-01-26T16:42:52+00:00\",\"breadcrumb\":{\"@id\":\"https:\\\/\\\/uninavarra.edu.co\\\/mi-biblioteca-es-tu-biblioteca\\\/#breadcrumb\"},\"inLanguage\":\"en-US\",\"potentialAction\":[{\"@type\":\"ReadAction\",\"target\":[\"https:\\\/\\\/uninavarra.edu.co\\\/mi-biblioteca-es-tu-biblioteca\\\/\"]}]},{\"@type\":\"ImageObject\",\"inLanguage\":\"en-US\",\"@id\":\"https:\\\/\\\/uninavarra.edu.co\\\/mi-biblioteca-es-tu-biblioteca\\\/#primaryimage\",\"url\":\"https:\\\/\\\/uninavarra.edu.co\\\/wp-content\\\/uploads\\\/2026\\\/01\\\/banner-proyeccion-social-mi-biblioteca-es-tu-biblioteca.jpg\",\"contentUrl\":\"https:\\\/\\\/uninavarra.edu.co\\\/wp-content\\\/uploads\\\/2026\\\/01\\\/banner-proyeccion-social-mi-biblioteca-es-tu-biblioteca.jpg\",\"width\":2000,\"height\":454},{\"@type\":\"BreadcrumbList\",\"@id\":\"https:\\\/\\\/uninavarra.edu.co\\\/mi-biblioteca-es-tu-biblioteca\\\/#breadcrumb\",\"itemListElement\":[{\"@type\":\"ListItem\",\"position\":1,\"name\":\"Home\",\"item\":\"https:\\\/\\\/uninavarra.edu.co\\\/\"},{\"@type\":\"ListItem\",\"position\":2,\"name\":\"Mi Biblioteca es tu Biblioteca\"}]},{\"@type\":\"WebSite\",\"@id\":\"https:\\\/\\\/uninavarra.edu.co\\\/#website\",\"url\":\"https:\\\/\\\/uninavarra.edu.co\\\/\",\"name\":\"UNINAVARRA\",\"description\":\"Haz realidad tu deseo de aprender\",\"publisher\":{\"@id\":\"https:\\\/\\\/uninavarra.edu.co\\\/#organization\"},\"potentialAction\":[{\"@type\":\"SearchAction\",\"target\":{\"@type\":\"EntryPoint\",\"urlTemplate\":\"https:\\\/\\\/uninavarra.edu.co\\\/?s={search_term_string}\"},\"query-input\":{\"@type\":\"PropertyValueSpecification\",\"valueRequired\":true,\"valueName\":\"search_term_string\"}}],\"inLanguage\":\"en-US\"},{\"@type\":\"Organization\",\"@id\":\"https:\\\/\\\/uninavarra.edu.co\\\/#organization\",\"name\":\"Fundaci\u00f3n Universitaria Navarra - UNINAVARRA\",\"url\":\"https:\\\/\\\/uninavarra.edu.co\\\/\",\"logo\":{\"@type\":\"ImageObject\",\"inLanguage\":\"en-US\",\"@id\":\"https:\\\/\\\/uninavarra.edu.co\\\/#\\\/schema\\\/logo\\\/image\\\/\",\"url\":\"https:\\\/\\\/uninavarra.edu.co\\\/wp-content\\\/uploads\\\/2024\\\/06\\\/Escudo-uninavarra-Solo.png\",\"contentUrl\":\"https:\\\/\\\/uninavarra.edu.co\\\/wp-content\\\/uploads\\\/2024\\\/06\\\/Escudo-uninavarra-Solo.png\",\"width\":1500,\"height\":1401,\"caption\":\"Fundaci\u00f3n Universitaria Navarra - UNINAVARRA\"},\"image\":{\"@id\":\"https:\\\/\\\/uninavarra.edu.co\\\/#\\\/schema\\\/logo\\\/image\\\/\"},\"sameAs\":[\"https:\\\/\\\/www.facebook.com\\\/UninavarraEduca\",\"https:\\\/\\\/x.com\\\/uninavarraeduca\",\"https:\\\/\\\/www.instagram.com\\\/uninavarra\\\/?hl=es\",\"https:\\\/\\\/www.linkedin.com\\\/in\\\/fundacin-universitaria-navarra-uninavarra-b41225222\\\/\"]}]}<\/script>\n<!-- \/ Yoast SEO plugin. -->","yoast_head_json":{"title":"Mi Biblioteca es tu Biblioteca - Uninavarra","robots":{"index":"index","follow":"follow","max-snippet":"max-snippet:-1","max-image-preview":"max-image-preview:large","max-video-preview":"max-video-preview:-1"},"canonical":"https:\/\/uninavarra.edu.co\/en\/mi-biblioteca-es-tu-biblioteca\/","og_locale":"en_US","og_type":"article","og_title":"Mi Biblioteca es tu Biblioteca - Uninavarra","og_url":"https:\/\/uninavarra.edu.co\/en\/mi-biblioteca-es-tu-biblioteca\/","og_site_name":"Uninavarra","article_publisher":"https:\/\/www.facebook.com\/UninavarraEduca","article_modified_time":"2026-01-26T16:42:52+00:00","og_image":[{"width":2000,"height":454,"url":"https:\/\/uninavarra.edu.co\/wp-content\/uploads\/2026\/01\/banner-proyeccion-social-mi-biblioteca-es-tu-biblioteca.jpg","type":"image\/jpeg"}],"twitter_card":"summary_large_image","twitter_site":"@uninavarraeduca","twitter_misc":{"Est. reading time":"1 minute"},"schema":{"@context":"https:\/\/schema.org","@graph":[{"@type":"WebPage","@id":"https:\/\/uninavarra.edu.co\/mi-biblioteca-es-tu-biblioteca\/","url":"https:\/\/uninavarra.edu.co\/mi-biblioteca-es-tu-biblioteca\/","name":"Mi Biblioteca es tu Biblioteca - Uninavarra","isPartOf":{"@id":"https:\/\/uninavarra.edu.co\/#website"},"primaryImageOfPage":{"@id":"https:\/\/uninavarra.edu.co\/mi-biblioteca-es-tu-biblioteca\/#primaryimage"},"image":{"@id":"https:\/\/uninavarra.edu.co\/mi-biblioteca-es-tu-biblioteca\/#primaryimage"},"thumbnailUrl":"https:\/\/uninavarra.edu.co\/wp-content\/uploads\/2026\/01\/banner-proyeccion-social-mi-biblioteca-es-tu-biblioteca.jpg","datePublished":"2018-07-31T22:14:11+00:00","dateModified":"2026-01-26T16:42:52+00:00","breadcrumb":{"@id":"https:\/\/uninavarra.edu.co\/mi-biblioteca-es-tu-biblioteca\/#breadcrumb"},"inLanguage":"en-US","potentialAction":[{"@type":"ReadAction","target":["https:\/\/uninavarra.edu.co\/mi-biblioteca-es-tu-biblioteca\/"]}]},{"@type":"ImageObject","inLanguage":"en-US","@id":"https:\/\/uninavarra.edu.co\/mi-biblioteca-es-tu-biblioteca\/#primaryimage","url":"https:\/\/uninavarra.edu.co\/wp-content\/uploads\/2026\/01\/banner-proyeccion-social-mi-biblioteca-es-tu-biblioteca.jpg","contentUrl":"https:\/\/uninavarra.edu.co\/wp-content\/uploads\/2026\/01\/banner-proyeccion-social-mi-biblioteca-es-tu-biblioteca.jpg","width":2000,"height":454},{"@type":"BreadcrumbList","@id":"https:\/\/uninavarra.edu.co\/mi-biblioteca-es-tu-biblioteca\/#breadcrumb","itemListElement":[{"@type":"ListItem","position":1,"name":"Home","item":"https:\/\/uninavarra.edu.co\/"},{"@type":"ListItem","position":2,"name":"Mi Biblioteca es tu Biblioteca"}]},{"@type":"WebSite","@id":"https:\/\/uninavarra.edu.co\/#website","url":"https:\/\/uninavarra.edu.co\/","name":"UNINAVARRA","description":"Make your desire to learn a reality","publisher":{"@id":"https:\/\/uninavarra.edu.co\/#organization"},"potentialAction":[{"@type":"SearchAction","target":{"@type":"EntryPoint","urlTemplate":"https:\/\/uninavarra.edu.co\/?s={search_term_string}"},"query-input":{"@type":"PropertyValueSpecification","valueRequired":true,"valueName":"search_term_string"}}],"inLanguage":"en-US"},{"@type":"Organization","@id":"https:\/\/uninavarra.edu.co\/#organization","name":"Navarre University Foundation - UNINAVARRA","url":"https:\/\/uninavarra.edu.co\/","logo":{"@type":"ImageObject","inLanguage":"en-US","@id":"https:\/\/uninavarra.edu.co\/#\/schema\/logo\/image\/","url":"https:\/\/uninavarra.edu.co\/wp-content\/uploads\/2024\/06\/Escudo-uninavarra-Solo.png","contentUrl":"https:\/\/uninavarra.edu.co\/wp-content\/uploads\/2024\/06\/Escudo-uninavarra-Solo.png","width":1500,"height":1401,"caption":"Fundaci\u00f3n Universitaria Navarra - UNINAVARRA"},"image":{"@id":"https:\/\/uninavarra.edu.co\/#\/schema\/logo\/image\/"},"sameAs":["https:\/\/www.facebook.com\/UninavarraEduca","https:\/\/x.com\/uninavarraeduca","https:\/\/www.instagram.com\/uninavarra\/?hl=es","https:\/\/www.linkedin.com\/in\/fundacin-universitaria-navarra-uninavarra-b41225222\/"]}]}},"_links":{"self":[{"href":"https:\/\/uninavarra.edu.co\/en\/wp-json\/wp\/v2\/pages\/10956","targetHints":{"allow":["GET"]}}],"collection":[{"href":"https:\/\/uninavarra.edu.co\/en\/wp-json\/wp\/v2\/pages"}],"about":[{"href":"https:\/\/uninavarra.edu.co\/en\/wp-json\/wp\/v2\/types\/page"}],"author":[{"embeddable":true,"href":"https:\/\/uninavarra.edu.co\/en\/wp-json\/wp\/v2\/users\/3"}],"replies":[{"embeddable":true,"href":"https:\/\/uninavarra.edu.co\/en\/wp-json\/wp\/v2\/comments?post=10956"}],"version-history":[{"count":0,"href":"https:\/\/uninavarra.edu.co\/en\/wp-json\/wp\/v2\/pages\/10956\/revisions"}],"wp:featuredmedia":[{"embeddable":true,"href":"https:\/\/uninavarra.edu.co\/en\/wp-json\/wp\/v2\/media\/96745"}],"wp:attachment":[{"href":"https:\/\/uninavarra.edu.co\/en\/wp-json\/wp\/v2\/media?parent=10956"}],"wp:term":[{"taxonomy":"category","embeddable":true,"href":"https:\/\/uninavarra.edu.co\/en\/wp-json\/wp\/v2\/categories?post=10956"},{"taxonomy":"post_tag","embeddable":true,"href":"https:\/\/uninavarra.edu.co\/en\/wp-json\/wp\/v2\/tags?post=10956"}],"curies":[{"name":"wp","href":"https:\/\/api.w.org\/{rel}","templated":true}]}}